{"id":9935,"date":"2020-10-09T15:07:24","date_gmt":"2020-10-09T15:07:24","guid":{"rendered":"https:\/\/villaggiocentrovacanzedeangelis.com\/pacchetti\/"},"modified":"2025-11-11T15:26:10","modified_gmt":"2025-11-11T15:26:10","slug":"pacchetti","status":"publish","type":"page","link":"https:\/\/villaggiocentrovacanzedeangelis.com\/fr\/pacchetti\/","title":{"rendered":"Pacchetti"},"content":{"rendered":"<div class=\"wpb-content-wrapper\">[vc_row][vc_column width=\u00a0\u00bb1\/4&Prime;][\/vc_column][vc_column width=\u00a0\u00bb1\/2&Prime;][vc_custom_heading text=\u00a0\u00bb\u00ab\u00a0Sogna, Scopri, Rilassati\u00ab\u00a0<br \/>\nLa Tua Vacanza Ideale al Centro Vacanze!\u00a0\u00bb font_container=\u00a0\u00bbtag:h3|text_align:center\u00a0\u00bb google_fonts=\u00a0\u00bbfont_family:Kdam%20Thmor%3Aregular|font_style:400%20regular%3A400%3Anormal\u00a0\u00bb][\/vc_column][vc_column width=\u00a0\u00bb1\/4&Prime;][\/vc_column][\/vc_row][vc_row][vc_column width=\u00a0\u00bb1\/2&Prime;][vc_custom_heading text=\u00a0\u00bb\ud83c\udf1f Offerta Speciale per Famiglie al Villaggio Centro Vacanze De Angelis \ud83c\udf1f\u00a0\u00bb font_container=\u00a0\u00bbtag:h4|text_align:center\u00a0\u00bb google_fonts=\u00a0\u00bbfont_family:Kdam%20Thmor%3Aregular|font_style:400%20regular%3A400%3Anormal\u00a0\u00bb][vc_column_text]\n<p style=\"text-align: left;\">Scegliere i pacchetti promozionali del De Angelis Resort<\/p>\n<p style=\"text-align: left;\">offre numerosi vantaggi che rendono la vostra esperienza di vacanza non solo memorabile,<\/p>\n<p style=\"text-align: left;\">ma anche conveniente e senza stress.<\/p>\n[\/vc_column_text][\/vc_column][vc_column width=\u00a0\u00bb1\/2&Prime;][vc_raw_html]JTNDJTIxLS0lMjAlMEElMjAlMjAlMjAlMjBXdUJvb2slMjBKYXZhc2NyaXB0JTIwTGlicmFyeSUwQSUyMCUyMCUyMCUyMEV2ZW50dWFsbHklMkMlMjBwdXQlMjBpdCUyMGluc2lkZSUwQSUyMCUyMCUyMCUyMHlvdXIlMjAlM0NoZWFkJTJGJTNFJTIwdGFnJTBBLS0lM0UlMEElM0NzY3JpcHQlMjBzcmMlM0QlMjJodHRwcyUzQSUyRiUyRnd1Ym9vay5uZXQlMkZqcyUyRndibGliLmpneiUyMiUzRSUzQyUyRnNjcmlwdCUzRSUwQSUzQyUyMS0tJTIwJTBBJTIwJTIwJTIwJTIwJTIwcHV0JTIwdGhlJTIwZm9sbG93aW5nJTIwZGl2JTIwd2hlcmUlMjBXdUJvb2slMjAlMEElMjAlMjAlMjAlMjAlMjBzaG91bGQlMjBiZSUyMGRlc2lnbmVkLiUyME1ha2UlMjBzdXJlJTIwdG8lMEElMjAlMjAlMjAlMjAlMjBwcmVzZXJ2ZSUyMHRoZSUyMGRpdiUyMGNvbnRlbnRzJTIwJTI4YmFja2xpbmslMjklMEEtLSUzRSUwQSUzQ2RpdiUyMGlkJTNEJTIyX3dib3JkcGtnc18lMjIlM0UlMEElMjAlMjAlM0NhJTIwaHJlZiUzRCUyMmh0dHBzJTNBJTJGJTJGd3Vib29rLm5ldCUyRnBhZ2UlMkZXb29Eb28tQm9va2luZy1FbmdpbmUtMzUuaHRtbCUyMiUyMHN0eWxlJTNEJTIyZGlzcGxheSUzQSUyMGJsb2NrJTNCJTIwbWFyZ2luLXRvcCUzQSUyMDVweCUzQiUyMHRleHQtZGVjb3JhdGlvbiUzQW5vbmUlM0Jib3JkZXIlM0Fub25lJTIyJTIwdGFyZ2V0JTNEJTIyX2JsYW5rJTIyJTNFJTBBJTIwJTIwJTIwJTIwJTNDaW1nJTIwc3JjJTNEJTIyaHR0cHMlM0ElMkYlMkZ3dWJvb2submV0JTJGaW1ncyUyRmRlZmF1bHQlMkZib29raW5nX2J5X3d1LmdpZiUyMiUyMGFsdCUzRCUyMmJvb2tpbmclMjBlbmdpbmUlMjBmb3IlMjBob3RlbCUyMHdlYnNpdGVzJTIwYnklMjB3dWJvb2slMjIlMjB0aXRsZSUzRCUyMkhvdGVsJTIwYW5kJTIwdG91cmlzbSUyMHNvbHV0aW9ucyUyMiUyMHN0eWxlJTNEJTIyYm9yZGVyJTNBbm9uZSUzQnRleHQtZGVjb3JhdGlvbiUzQW5vbmUlMjIlMjAlMkYlM0UlMEElMjAlMjAlM0MlMkZhJTNFJTBBJTNDJTJGZGl2JTNFJTBBJTNDJTIxLS0lMjAlMEElMjAlMjAlMjAlMjAlMjBJbml0aWFsaXplJTIwdGhlJTIwV3VCb29rJTIwT2JqZWN0LiUwQSUyMCUyMCUyMCUyMCUyMENvbGxlY3QlMjBwYXJhbXMlMjBzZXR0aW5ncy4lMEElMjAlMjAlMjAlMjAlMjBDYWxsJTIwV3VCb29rLmRlc2lnbl9wd2lkZ2V0JTI4JTI5LiUwQSUwQSUyMCUyMCUyMCUyMCUyME5vdGljZSUyMFd1Qm9vayUyME9iamVjdCUyMHByb3ZpZGVzJTIwYSUwQSUyMCUyMCUyMCUyMCUyMGxvdCUyMG9mJTIwaW50ZXJlc3RpbmclMjBmZWF0dXJlcy4lMEEtLSUzRSUwQSUzQ3NjcmlwdCUzRSUwQSUyMCUyMHZhciUyMFd1Qm9vayUzRCUyMG5ldyUyMF9XdUJvb2slMjgxNTQyOTA2NDgzJTI5JTNCJTBBJTIwJTIwdmFyJTIwd2JwYXJhbXMlM0QlMjAlN0IlMEElMjAlMjAlMjAlMjAlMjAlMjAlMjd0aGVtZSUyNyUzQSUyMCUyNyUyNyUyQyUwQSUyMCUyMCUyMCUyMCUyMCUyMCUyN2RlY2ltYWxzJTI3JTNBJTIwMSUwQSUyMCUyMCU3RCUzQiUwQSUyMCUyMFd1Qm9vay5kZXNpZ25fcHdpZGdldCUyOCUyMl93Ym9yZHBrZ3NfJTIyJTJDJTIwd2JwYXJhbXMlMjklM0IlMEElM0MlMkZzY3JpcHQlM0UlMEElM0MlMjEtLSUyMCUwQSUyMCUyMCUyMCUyMHRoYXQlMjdzJTIwYWxsJTIwJTNBJTI5JTBBJTIwJTIwJTIwJTIwVGhhbmslMjB5b3UlMjBmb3IlMjB1c2luZyUyMFd1Qm9vayUyMSUwQS0tJTNFJTBB[\/vc_raw_html][\/vc_column][\/vc_row][vc_row][vc_column width=\u00a0\u00bb1\/2&Prime;][vc_single_image image=\u00a0\u00bb6584&Prime; img_size=\u00a0\u00bb800&#215;500&Prime; alignment=\u00a0\u00bbcenter\u00a0\u00bb onclick=\u00a0\u00bbcustom_link\u00a0\u00bb title=\u00a0\u00bbColazione Gustosa\u00a0\u00bb link=\u00a0\u00bbhttps:\/\/villaggiocentrovacanzedeangelis.com\/colazione-gustosa\u00a0\u00bb][\/vc_column][vc_column width=\u00a0\u00bb1\/2&Prime;][\/vc_column][\/vc_row][vc_row][vc_column width=\u00a0\u00bb1\/2&Prime;][vc_custom_heading text=\u00a0\u00bbKids &amp; Family\u00a0\u00bb css=\u00a0\u00bb\u00a0\u00bb][vc_raw_html css=\u00a0\u00bb\u00a0\u00bb]JTNDJTIxRE9DVFlQRSUyMGh0bWwlM0UlMEElM0NodG1sJTIwbGFuZyUzRCUyMml0JTIyJTNFJTBBJTNDaGVhZCUzRSUwQSUyMCUyMCUzQ21ldGElMjBjaGFyc2V0JTNEJTIyVVRGLTglMjIlM0UlMEElMjAlMjAlM0N0aXRsZSUzRUtpZCUyMCUyNiUyMEZhbWlseSUzQyUyRnRpdGxlJTNFJTBBJTNDJTJGaGVhZCUzRSUwQSUzQ2JvZHklM0UlMEElMEElMjAlMjAlM0NmaWd1cmUlM0UlMEElMjAlMjAlMjAlMjAlM0MlMjEtLSUyMEluc2VyaXNjaSUyMGwlMjdVUkwlMjBlZmZldHRpdm8lMjBkb3ZlJTIwdnVvaSUyMGNoZSUyMGwlMjd1dGVudGUlMjB2ZW5nYSUyMHJlaW5kaXJpenphdG8lMjAtLSUzRSUwQSUyMCUyMCUyMCUyMCUzQ2ElMjBocmVmJTNEJTIyaHR0cHMlM0ElMkYlMkZ2aWxsYWdnaW9jZW50cm92YWNhbnplZGVhbmdlbGlzLmNvbSUyRmtpZHMtZmFtaWx5JTJGJTIyJTNFJTBBJTIwJTIwJTIwJTIwJTIwJTIwJTNDJTIxLS0lMjBTb3N0aXR1aXNjaSUyMGlsJTIwc3JjJTIwY29uJTIwaWwlMjBwZXJjb3JzbyUyMG8lMjBsJUUyJTgwJTk5VVJMJTIwcmVhbGUlMjBkZWxsYSUyMHR1YSUyMGltbWFnaW5lJTIwLS0lM0UlMEElMjAlMjAlMjAlMjAlMjAlMjAlM0NpbWclMjBzcmMlM0QlMjJodHRwcyUzQSUyRiUyRnZpbGxhZ2dpb2NlbnRyb3ZhY2FuemVkZWFuZ2VsaXMuY29tJTJGd3AtY29udGVudCUyRnVwbG9hZHMlMkYyMDIwJTJGMTAlMkZLaWRzRmFtaWx5MTkyMHgxMjgwLTIuanBnJTIyJTIwYWx0JTNEJTIyUGFjY2hldHRpJTIwa2lkcyUyMGUlMjBGYW1pbHklMjIlMjAlMkYlM0UlMEElMjAlMjAlMjAlMjAlM0MlMkZhJTNFJTBBJTIwJTIwJTIwJTIwJTNDZmlnY2FwdGlvbiUzRSUwQSUyMCUyMCUyMCUyMCUyMCUyMCUwQSUyMCUyMCUyMCUyMCUzQyUyRmZpZ2NhcHRpb24lM0UlMEElMjAlMjAlM0MlMkZmaWd1cmUlM0UlMEElMEElM0MlMkZib2R5JTNFJTBBJTNDJTJGaHRtbCUzRQ==[\/vc_raw_html][\/vc_column][vc_column width=\u00a0\u00bb1\/2&Prime;][vc_single_image image=\u00a0\u00bb3472&Prime; img_size=\u00a0\u00bb800&#215;500&Prime; alignment=\u00a0\u00bbcenter\u00a0\u00bb onclick=\u00a0\u00bbcustom_link\u00a0\u00bb img_link_target=\u00a0\u00bb_blank\u00a0\u00bb title=\u00a0\u00bbOpening\u00a0\u00bb link=\u00a0\u00bbhttps:\/\/wubook.net\/wbkd\/wbk\/rpkgs?lcode=1542906483&amp;pid=15100&Prime;][\/vc_column][\/vc_row][vc_row][vc_column][vc_single_image image=\u00a0\u00bb3504&Prime; img_size=\u00a0\u00bb1920&#215;600&Prime; alignment=\u00a0\u00bbcenter\u00a0\u00bb title=\u00a0\u00bbMaggio al Centro\u00a0\u00bb][\/vc_column][\/vc_row][vc_row][vc_column width=\u00a0\u00bb1\/2&Prime;][vc_single_image image=\u00a0\u00bb3741&Prime; img_size=\u00a0\u00bb800&#215;500&Prime; alignment=\u00a0\u00bbcenter\u00a0\u00bb title=\u00a0\u00bbConero Escape\u00a0\u00bb][\/vc_column][vc_column width=\u00a0\u00bb1\/2&Prime;][vc_single_image image=\u00a0\u00bb3694&Prime; img_size=\u00a0\u00bb800&#215;500&Prime; alignment=\u00a0\u00bbcenter\u00a0\u00bb title=\u00a0\u00bbGormet Experience\u00a0\u00bb][\/vc_column][\/vc_row][vc_row][vc_column][vc_single_image image=\u00a0\u00bb3744&Prime; img_size=\u00a0\u00bb1920&#215;600&Prime; alignment=\u00a0\u00bbcenter\u00a0\u00bb title=\u00a0\u00bbDiving Experience\u00a0\u00bb][\/vc_column][\/vc_row][vc_row][vc_column width=\u00a0\u00bb1\/2&Prime;][vc_single_image image=\u00a0\u00bb3876&Prime; img_size=\u00a0\u00bb800&#215;500&Prime; alignment=\u00a0\u00bbcenter\u00a0\u00bb title=\u00a0\u00bbEscursioni Indimenticabili\u00a0\u00bb][\/vc_column][vc_column width=\u00a0\u00bb1\/2&Prime;][vc_single_image image=\u00a0\u00bb3763&Prime; img_size=\u00a0\u00bb800&#215;500&Prime; alignment=\u00a0\u00bbcenter\u00a0\u00bb onclick=\u00a0\u00bbcustom_link\u00a0\u00bb title=\u00a0\u00bbAperitivo Gustoso\u00a0\u00bb link=\u00a0\u00bbhttps:\/\/villaggiocentrovacanzedeangelis.com\/aperitivo-gustoso\/\u00a0\u00bb][\/vc_column][\/vc_row][vc_row][vc_column][vc_single_image image=\u00a0\u00bb3875&Prime; img_size=\u00a0\u00bb1920&#215;600&Prime; alignment=\u00a0\u00bbcenter\u00a0\u00bb title=\u00a0\u00bbViaggi delle Fede\u00a0\u00bb][\/vc_column][\/vc_row][vc_row][vc_column width=\u00a0\u00bb1\/2&Prime;][\/vc_column][vc_column width=\u00a0\u00bb1\/2&Prime;][\/vc_column][\/vc_row][vc_row][vc_column][vc_column_text]Siamo lieti di annunciare una promozione esclusiva per le famiglie che scelgono di trascorrere le loro vacanze presso il nostro villaggio. Per rendere il vostro soggiorno ancora pi\u00f9 speciale, abbiamo creato pacchetti promozionali su misura per le esigenze di ogni famiglia. Tuttavia, \u00e8 importante notare alcune condizioni specifiche per l&rsquo;acquisto di questi pacchetti:<\/p>\n<ol>\n<li><strong>Validit\u00e0 per l&rsquo;Intero Nucleo Familiare<\/strong>: La nostra offerta promozionale \u00e8 stata pensata per arricchire l&rsquo;esperienza di vacanza di tutta la famiglia. Pertanto, \u00e8 essenziale che il pacchetto promozionale venga acquistato da tutti i membri del nucleo familiare che parteciperanno al soggiorno. Ci\u00f2 significa che ogni membro della famiglia, dai pi\u00f9 piccoli ai pi\u00f9 grandi, deve essere incluso nell&rsquo;acquisto del pacchetto per poter usufruire delle offerte speciali.<\/li>\n<li><strong>Durata del Soggiorno<\/strong>: Per garantire una vacanza pienamente immersiva e per permettere alla vostra famiglia di godere appieno di tutte le esperienze e le attivit\u00e0 offerte, il pacchetto promozionale deve essere acquistato per l&rsquo;intera durata del vostro soggiorno. Questo approccio ci permette di offrirvi un servizio completo e senza interruzioni, assicurando che ogni giorno trascorso con noi sia ricco di attivit\u00e0, divertimento e relax.<\/li>\n<\/ol>\n<p>\ud83d\udc68\u200d\ud83d\udc69\u200d\ud83d\udc67\u200d\ud83d\udc66 <strong>Un&rsquo;Esperienza Familiare Unica<\/strong>: Crediamo fermamente nell&rsquo;importanza di trascorrere tempo di qualit\u00e0 insieme e le nostre offerte promozionali sono state create per rafforzare questo aspetto. Che si tratti di attivit\u00e0 sportive, di momenti di relax o di avventure esplorative, il nostro pacchetto promozionale \u00e8 pensato per offrire qualcosa di speciale per ogni membro della famiglia.<\/p>\n<p>\ud83d\udcc5 <strong>Prenotate Ora<\/strong>: Questa \u00e8 un&rsquo;opportunit\u00e0 unica per creare ricordi indimenticabili con i vostri cari. Vi invitiamo a contattarci per maggiori informazioni e per prenotare il vostro soggiorno promozionale in famiglia. Siamo qui per aiutarvi a pianificare la vacanza perfetta![\/vc_column_text][\/vc_column][\/vc_row][vc_row][vc_column][vc_custom_heading text=\u00a0\u00bbVi aspettiamo al Villaggio Centro Vacanze De Angelis per un&rsquo;esperienza di vacanza che la vostra famiglia ricorder\u00e0 per sempre!\u00a0\u00bb font_container=\u00a0\u00bbtag:h4|text_align:left\u00a0\u00bb google_fonts=\u00a0\u00bbfont_family:Kdam%20Thmor%3Aregular|font_style:400%20regular%3A400%3Anormal\u00a0\u00bb][\/vc_column][\/vc_row]\n<\/div>","protected":false},"excerpt":{"rendered":"<p>[vc_row][vc_column width=\u00a0\u00bb1\/4&Prime;][\/vc_column][vc_column width=\u00a0\u00bb1\/2&Prime;][vc_custom_heading text=\u00a0\u00bb\u00ab\u00a0Sogna, Scopri, Rilassati\u00ab\u00a0 La Tua Vacanza Ideale al Centro Vacanze!\u00a0\u00bb font_container=\u00a0\u00bbtag:h3|text_align:center\u00a0\u00bb google_fonts=\u00a0\u00bbfont_family:Kdam%20Thmor%3Aregular|font_style:400%20regular%3A400%3Anormal\u00a0\u00bb][\/vc_column][vc_column width=\u00a0\u00bb1\/4&Prime;][\/vc_column][\/vc_row][vc_row][vc_column width=\u00a0\u00bb1\/2&Prime;][vc_custom_heading text=\u00a0\u00bb\ud83c\udf1f Offerta Speciale [&hellip;]<\/p>\n","protected":false},"author":1,"featured_media":0,"parent":0,"menu_order":0,"comment_status":"closed","ping_status":"closed","template":"","meta":{"footnotes":""},"class_list":["post-9935","page","type-page","status-publish","hentry"],"yoast_head":"<!-- This site is optimized with the Yoast SEO Premium plugin v27.3 (Yoast SEO v27.3) - https:\/\/yoast.com\/product\/yoast-seo-premium-wordpress\/ -->\n<title>Pacchetti - Centro Vacanze De Angelis<\/title>\n<meta name=\"robots\" content=\"index, follow, max-snippet:-1, max-image-preview:large, max-video-preview:-1\" \/>\n<link rel=\"canonical\" href=\"https:\/\/villaggiocentrovacanzedeangelis.com\/fr\/pacchetti\/\" \/>\n<meta property=\"og:locale\" content=\"fr_FR\" \/>\n<meta property=\"og:type\" content=\"article\" \/>\n<meta property=\"og:title\" content=\"Pacchetti\" \/>\n<meta property=\"og:description\" content=\"[vc_row][vc_column width=\u00a0\u00bb1\/4&Prime;][\/vc_column][vc_column width=\u00a0\u00bb1\/2&Prime;][vc_custom_heading text=\u00a0\u00bb\u00ab\u00a0Sogna, Scopri, Rilassati\u00ab\u00a0 La Tua Vacanza Ideale al Centro Vacanze!\u00a0\u00bb font_container=\u00a0\u00bbtag:h3|text_align:center\u00a0\u00bb google_fonts=\u00a0\u00bbfont_family:Kdam%20Thmor%3Aregular|font_style:400%20regular%3A400%3Anormal\u00a0\u00bb][\/vc_column][vc_column width=\u00a0\u00bb1\/4&Prime;][\/vc_column][\/vc_row][vc_row][vc_column width=\u00a0\u00bb1\/2&Prime;][vc_custom_heading text=\u00a0\u00bb\ud83c\udf1f Offerta Speciale [&hellip;]\" \/>\n<meta property=\"og:url\" content=\"https:\/\/villaggiocentrovacanzedeangelis.com\/fr\/pacchetti\/\" \/>\n<meta property=\"og:site_name\" content=\"Centro Vacanze De Angelis\" \/>\n<meta property=\"article:publisher\" content=\"https:\/\/www.facebook.com\/centrovacanzedeangelis.com\" \/>\n<meta property=\"article:modified_time\" content=\"2025-11-11T15:26:10+00:00\" \/>\n<meta name=\"twitter:card\" content=\"summary_large_image\" \/>\n<meta name=\"twitter:site\" content=\"@deangelisresort\" \/>\n<meta name=\"twitter:label1\" content=\"Dur\u00e9e de lecture estim\u00e9e\" \/>\n\t<meta name=\"twitter:data1\" content=\"5 minutes\" \/>\n<script type=\"application\/ld+json\" class=\"yoast-schema-graph\">{\"@context\":\"https:\\\/\\\/schema.org\",\"@graph\":[{\"@type\":\"WebPage\",\"@id\":\"https:\\\/\\\/villaggiocentrovacanzedeangelis.com\\\/fr\\\/pacchetti\\\/\",\"url\":\"https:\\\/\\\/villaggiocentrovacanzedeangelis.com\\\/fr\\\/pacchetti\\\/\",\"name\":\"Pacchetti - Centro Vacanze De Angelis\",\"isPartOf\":{\"@id\":\"https:\\\/\\\/villaggiocentrovacanzedeangelis.com\\\/#website\"},\"datePublished\":\"2020-10-09T15:07:24+00:00\",\"dateModified\":\"2025-11-11T15:26:10+00:00\",\"breadcrumb\":{\"@id\":\"https:\\\/\\\/villaggiocentrovacanzedeangelis.com\\\/fr\\\/pacchetti\\\/#breadcrumb\"},\"inLanguage\":\"fr-FR\",\"potentialAction\":[{\"@type\":\"ReadAction\",\"target\":[\"https:\\\/\\\/villaggiocentrovacanzedeangelis.com\\\/fr\\\/pacchetti\\\/\"]}]},{\"@type\":\"BreadcrumbList\",\"@id\":\"https:\\\/\\\/villaggiocentrovacanzedeangelis.com\\\/fr\\\/pacchetti\\\/#breadcrumb\",\"itemListElement\":[{\"@type\":\"ListItem\",\"position\":1,\"name\":\"Home\",\"item\":\"https:\\\/\\\/villaggiocentrovacanzedeangelis.com\\\/fr\\\/\"},{\"@type\":\"ListItem\",\"position\":2,\"name\":\"Pacchetti\"}]},{\"@type\":\"WebSite\",\"@id\":\"https:\\\/\\\/villaggiocentrovacanzedeangelis.com\\\/#website\",\"url\":\"https:\\\/\\\/villaggiocentrovacanzedeangelis.com\\\/\",\"name\":\"Centro Vacanze De Angelis\",\"description\":\"Riviera del Conero\",\"publisher\":{\"@id\":\"https:\\\/\\\/villaggiocentrovacanzedeangelis.com\\\/#organization\"},\"potentialAction\":[{\"@type\":\"SearchAction\",\"target\":{\"@type\":\"EntryPoint\",\"urlTemplate\":\"https:\\\/\\\/villaggiocentrovacanzedeangelis.com\\\/?s={search_term_string}\"},\"query-input\":{\"@type\":\"PropertyValueSpecification\",\"valueRequired\":true,\"valueName\":\"search_term_string\"}}],\"inLanguage\":\"fr-FR\"},{\"@type\":\"Organization\",\"@id\":\"https:\\\/\\\/villaggiocentrovacanzedeangelis.com\\\/#organization\",\"name\":\"Centro Vacanze De Angelis\",\"url\":\"https:\\\/\\\/villaggiocentrovacanzedeangelis.com\\\/\",\"logo\":{\"@type\":\"ImageObject\",\"inLanguage\":\"fr-FR\",\"@id\":\"https:\\\/\\\/villaggiocentrovacanzedeangelis.com\\\/#\\\/schema\\\/logo\\\/image\\\/\",\"url\":\"https:\\\/\\\/villaggiocentrovacanzedeangelis.com\\\/wp-content\\\/uploads\\\/2020\\\/10\\\/cropped-Logo-HDV-100-png-copy.png\",\"contentUrl\":\"https:\\\/\\\/villaggiocentrovacanzedeangelis.com\\\/wp-content\\\/uploads\\\/2020\\\/10\\\/cropped-Logo-HDV-100-png-copy.png\",\"width\":512,\"height\":512,\"caption\":\"Centro Vacanze De Angelis\"},\"image\":{\"@id\":\"https:\\\/\\\/villaggiocentrovacanzedeangelis.com\\\/#\\\/schema\\\/logo\\\/image\\\/\"},\"sameAs\":[\"https:\\\/\\\/www.facebook.com\\\/centrovacanzedeangelis.com\",\"https:\\\/\\\/x.com\\\/deangelisresort\",\"https:\\\/\\\/instagram.com\\\/deangelisresort\"]}]}<\/script>\n<!-- \/ Yoast SEO Premium plugin. -->","yoast_head_json":{"title":"Pacchetti - Centro Vacanze De Angelis","robots":{"index":"index","follow":"follow","max-snippet":"max-snippet:-1","max-image-preview":"max-image-preview:large","max-video-preview":"max-video-preview:-1"},"canonical":"https:\/\/villaggiocentrovacanzedeangelis.com\/fr\/pacchetti\/","og_locale":"fr_FR","og_type":"article","og_title":"Pacchetti","og_description":"[vc_row][vc_column width=\u00a0\u00bb1\/4&Prime;][\/vc_column][vc_column width=\u00a0\u00bb1\/2&Prime;][vc_custom_heading text=\u00a0\u00bb\u00ab\u00a0Sogna, Scopri, Rilassati\u00ab\u00a0 La Tua Vacanza Ideale al Centro Vacanze!\u00a0\u00bb font_container=\u00a0\u00bbtag:h3|text_align:center\u00a0\u00bb google_fonts=\u00a0\u00bbfont_family:Kdam%20Thmor%3Aregular|font_style:400%20regular%3A400%3Anormal\u00a0\u00bb][\/vc_column][vc_column width=\u00a0\u00bb1\/4&Prime;][\/vc_column][\/vc_row][vc_row][vc_column width=\u00a0\u00bb1\/2&Prime;][vc_custom_heading text=\u00a0\u00bb\ud83c\udf1f Offerta Speciale [&hellip;]","og_url":"https:\/\/villaggiocentrovacanzedeangelis.com\/fr\/pacchetti\/","og_site_name":"Centro Vacanze De Angelis","article_publisher":"https:\/\/www.facebook.com\/centrovacanzedeangelis.com","article_modified_time":"2025-11-11T15:26:10+00:00","twitter_card":"summary_large_image","twitter_site":"@deangelisresort","twitter_misc":{"Dur\u00e9e de lecture estim\u00e9e":"5 minutes"},"schema":{"@context":"https:\/\/schema.org","@graph":[{"@type":"WebPage","@id":"https:\/\/villaggiocentrovacanzedeangelis.com\/fr\/pacchetti\/","url":"https:\/\/villaggiocentrovacanzedeangelis.com\/fr\/pacchetti\/","name":"Pacchetti - Centro Vacanze De Angelis","isPartOf":{"@id":"https:\/\/villaggiocentrovacanzedeangelis.com\/#website"},"datePublished":"2020-10-09T15:07:24+00:00","dateModified":"2025-11-11T15:26:10+00:00","breadcrumb":{"@id":"https:\/\/villaggiocentrovacanzedeangelis.com\/fr\/pacchetti\/#breadcrumb"},"inLanguage":"fr-FR","potentialAction":[{"@type":"ReadAction","target":["https:\/\/villaggiocentrovacanzedeangelis.com\/fr\/pacchetti\/"]}]},{"@type":"BreadcrumbList","@id":"https:\/\/villaggiocentrovacanzedeangelis.com\/fr\/pacchetti\/#breadcrumb","itemListElement":[{"@type":"ListItem","position":1,"name":"Home","item":"https:\/\/villaggiocentrovacanzedeangelis.com\/fr\/"},{"@type":"ListItem","position":2,"name":"Pacchetti"}]},{"@type":"WebSite","@id":"https:\/\/villaggiocentrovacanzedeangelis.com\/#website","url":"https:\/\/villaggiocentrovacanzedeangelis.com\/","name":"Centro Vacanze De Angelis","description":"Riviera del Conero","publisher":{"@id":"https:\/\/villaggiocentrovacanzedeangelis.com\/#organization"},"potentialAction":[{"@type":"SearchAction","target":{"@type":"EntryPoint","urlTemplate":"https:\/\/villaggiocentrovacanzedeangelis.com\/?s={search_term_string}"},"query-input":{"@type":"PropertyValueSpecification","valueRequired":true,"valueName":"search_term_string"}}],"inLanguage":"fr-FR"},{"@type":"Organization","@id":"https:\/\/villaggiocentrovacanzedeangelis.com\/#organization","name":"Centro Vacanze De Angelis","url":"https:\/\/villaggiocentrovacanzedeangelis.com\/","logo":{"@type":"ImageObject","inLanguage":"fr-FR","@id":"https:\/\/villaggiocentrovacanzedeangelis.com\/#\/schema\/logo\/image\/","url":"https:\/\/villaggiocentrovacanzedeangelis.com\/wp-content\/uploads\/2020\/10\/cropped-Logo-HDV-100-png-copy.png","contentUrl":"https:\/\/villaggiocentrovacanzedeangelis.com\/wp-content\/uploads\/2020\/10\/cropped-Logo-HDV-100-png-copy.png","width":512,"height":512,"caption":"Centro Vacanze De Angelis"},"image":{"@id":"https:\/\/villaggiocentrovacanzedeangelis.com\/#\/schema\/logo\/image\/"},"sameAs":["https:\/\/www.facebook.com\/centrovacanzedeangelis.com","https:\/\/x.com\/deangelisresort","https:\/\/instagram.com\/deangelisresort"]}]}},"_links":{"self":[{"href":"https:\/\/villaggiocentrovacanzedeangelis.com\/fr\/wp-json\/wp\/v2\/pages\/9935","targetHints":{"allow":["GET"]}}],"collection":[{"href":"https:\/\/villaggiocentrovacanzedeangelis.com\/fr\/wp-json\/wp\/v2\/pages"}],"about":[{"href":"https:\/\/villaggiocentrovacanzedeangelis.com\/fr\/wp-json\/wp\/v2\/types\/page"}],"author":[{"embeddable":true,"href":"https:\/\/villaggiocentrovacanzedeangelis.com\/fr\/wp-json\/wp\/v2\/users\/1"}],"replies":[{"embeddable":true,"href":"https:\/\/villaggiocentrovacanzedeangelis.com\/fr\/wp-json\/wp\/v2\/comments?post=9935"}],"version-history":[{"count":3,"href":"https:\/\/villaggiocentrovacanzedeangelis.com\/fr\/wp-json\/wp\/v2\/pages\/9935\/revisions"}],"predecessor-version":[{"id":13389,"href":"https:\/\/villaggiocentrovacanzedeangelis.com\/fr\/wp-json\/wp\/v2\/pages\/9935\/revisions\/13389"}],"wp:attachment":[{"href":"https:\/\/villaggiocentrovacanzedeangelis.com\/fr\/wp-json\/wp\/v2\/media?parent=9935"}],"curies":[{"name":"wp","href":"https:\/\/api.w.org\/{rel}","templated":true}]}}