{"id":6344,"date":"2020-10-16T09:37:51","date_gmt":"2020-10-16T09:37:51","guid":{"rendered":"https:\/\/villaggiocentrovacanzedeangelis.com\/havana-cafe\/"},"modified":"2023-12-04T14:51:19","modified_gmt":"2023-12-04T14:51:19","slug":"havana-cafe","status":"publish","type":"page","link":"https:\/\/villaggiocentrovacanzedeangelis.com\/fr\/havana-cafe\/","title":{"rendered":"Havana Caf\u00e8"},"content":{"rendered":"<div class=\"wpb-content-wrapper\">[vc_row][vc_column][vc_custom_heading text=\u00a0\u00bbLe Beach Club commence Qui!\u00a0\u00bb][\/vc_column][\/vc_row][vc_row full_width=\u00a0\u00bbstretch_row_content\u00a0\u00bb][vc_column width=\u00a0\u00bb1\/4&Prime;][vc_single_image image=\u00a0\u00bb7965&Prime; img_size=\u00a0\u00bbfull\u00a0\u00bb alignment=\u00a0\u00bbcenter\u00a0\u00bb title=\u00a0\u00bbPrima di Pranzo\u00a0\u00bb][\/vc_column][vc_column width=\u00a0\u00bb1\/4&Prime;][vc_single_image image=\u00a0\u00bb9482&Prime; img_size=\u00a0\u00bbfull\u00a0\u00bb alignment=\u00a0\u00bbcenter\u00a0\u00bb title=\u00a0\u00bbPrima di Pranzo\u00a0\u00bb][\/vc_column][vc_column width=\u00a0\u00bb1\/4&Prime;][vc_single_image image=\u00a0\u00bb9478&Prime; img_size=\u00a0\u00bbfull\u00a0\u00bb alignment=\u00a0\u00bbcenter\u00a0\u00bb title=\u00a0\u00bbPrima di Pranzo\u00a0\u00bb][\/vc_column][vc_column width=\u00a0\u00bb1\/4&Prime;][vc_single_image image=\u00a0\u00bb9490&Prime; img_size=\u00a0\u00bbfull\u00a0\u00bb alignment=\u00a0\u00bbcenter\u00a0\u00bb title=\u00a0\u00bbPrima di Pranzo\u00a0\u00bb][\/vc_column][\/vc_row][vc_row][vc_column width=\u00a0\u00bb1\/3&Prime;][vc_column_text]Colazione al Centro Vacanze Beach Club<\/p>\n<p>Commencez la journ\u00e9e avec une exp\u00e9rience culinaire indispensable au Centro Vacanze Beach Club. La nostra colazione, servita dans une atmosph\u00e8re rilassante avec vue sur mozzafiato sulla spiaggia, propose une vari\u00e9t\u00e9 de d\u00e9licieux plats gastronomiques par soddisfare ogni palato. Nos baristas professionnels pr\u00e9parent une s\u00e9lection de caf\u00e9s, cappuccinos cr\u00e9meux et aromates, parfaits pour accompagner un assortiment de p\u00e2tes fra\u00eeches, croissants burrosi et fruits de sc\u00e8ne. Pour les amateurs de salades, offrez un large \u00e9ventail d&rsquo;options pour que vous puissiez cuisiner votre commande, former localement et am\u00e9liorer la qualit\u00e9. Le collage Beach Club est juste un peu pass\u00e9, c&rsquo;est un sentiment qui est risveglia i sensi.[\/vc_column_text][\/vc_column][vc_column width=\u00a0\u00bb1\/3&Prime;][vc_column_text]Ap\u00e9ritifs au Centro Vacanze Beach Club<\/p>\n<p>L&rsquo;ap\u00e9ritif au Centro Vacanze Beach Club est un rituel sans perte. Alors qu&rsquo;il commence \u00e0 calare, le bar nostro se transforme en une oasis vibrante avec des innovations et des classiques de cocktails Potrai gustare. Nos baristas savent utiliser des ingr\u00e9dients de haute qualit\u00e9 pour cr\u00e9er un m\u00e9lange unique de sorprendon et de gourmandise. Accompagnez votre boisson d&rsquo;une s\u00e9lection de stuzzichini gourmet, de marinade d&rsquo;olives, de bruschette croccanti et d&rsquo;une s\u00e9lection de formaggi et de salumi. Dans cette atmosph\u00e8re \u00e9l\u00e9gante et informelle, les ap\u00e9ritifs du Beach Club sont parfaits pour socialiser, boire et boire dans la marina.[\/vc_column_text][\/vc_column][vc_column width=\u00a0\u00bb1\/3&Prime;][vc_column_text]Ap\u00e9ritif au Centro Vacanze Beach Club<\/p>\n<p>L&rsquo;ap\u00e9ritif au Beach Club est une exp\u00e9rience culinaire qui allie l&rsquo;\u00e9l\u00e9gance de l&rsquo;ap\u00e9ritif \u00e0 la base d&rsquo;une cena. J&rsquo;ai deux baristas professionnels qui accompagnent notamment les cocktails, tandis que le chef Delizia est tr\u00e8s sensible \u00e0 une grande vari\u00e9t\u00e9 de poivrons avec autant de go\u00fbts. Immagina une tavola imbandita avec des antipasti cr\u00e9atifs, des insalates fra\u00eeches, des piatti di mare, des petites portions de p\u00e2tes et des risottis. Ce tableau est con\u00e7u pour un condiviso, incoraggiando la convivialit\u00e9 et la port\u00e9e du nouveau sapori. L&rsquo;ap\u00e9ritif au Beach Club est id\u00e9al pour une exp\u00e9rience gastronomique d\u00e9tendue et informelle, avec une magnifique corniche de tramonto sur la plage et loin du soleil.[\/vc_column_text][\/vc_column][\/vc_row][vc_row full_width=\u00a0\u00bbstretch_row_content\u00a0\u00bb][vc_column][vc_media_grid grid_id=\u00a0\u00bbvc_gid:1701701393277-50913156-8be8-9&Prime; include=\u00a0\u00bb7581,7609,7613,7621,7625,7629&Prime;][\/vc_column][\/vc_row]\n<\/div>","protected":false},"excerpt":{"rendered":"<p>[vc_row][vc_column][vc_custom_heading text=\u00a0\u00bbLe Beach Club commence Qui!\u00a0\u00bb][\/vc_column][\/vc_row][vc_row full_width=\u00a0\u00bbstretch_row_content\u00a0\u00bb][vc_column width=\u00a0\u00bb1\/4&Prime;][vc_single_image image=\u00a0\u00bb7965&Prime; img_size=\u00a0\u00bbfull\u00a0\u00bb alignment=\u00a0\u00bbcenter\u00a0\u00bb title=\u00a0\u00bbPrima di Pranzo\u00a0\u00bb][\/vc_column][vc_column width=\u00a0\u00bb1\/4&Prime;][vc_single_image image=\u00a0\u00bb9482&Prime; img_size=\u00a0\u00bbfull\u00a0\u00bb alignment=\u00a0\u00bbcenter\u00a0\u00bb title=\u00a0\u00bbPrima di [&hellip;]<\/p>\n","protected":false},"author":1,"featured_media":0,"parent":0,"menu_order":0,"comment_status":"closed","ping_status":"closed","template":"","meta":{"footnotes":""},"class_list":["post-6344","page","type-page","status-publish","hentry"],"yoast_head":"<!-- This site is optimized with the Yoast SEO Premium plugin v27.3 (Yoast SEO v27.3) - https:\/\/yoast.com\/product\/yoast-seo-premium-wordpress\/ -->\n<title>Havana Caf\u00e8 - Centro Vacanze De Angelis<\/title>\n<meta name=\"robots\" content=\"index, follow, max-snippet:-1, max-image-preview:large, max-video-preview:-1\" \/>\n<link rel=\"canonical\" href=\"https:\/\/villaggiocentrovacanzedeangelis.com\/havana-cafe\/\" \/>\n<meta property=\"og:locale\" content=\"fr_FR\" \/>\n<meta property=\"og:type\" content=\"article\" \/>\n<meta property=\"og:title\" content=\"Havana Caf\u00e8\" \/>\n<meta property=\"og:description\" content=\"[vc_row][vc_column][vc_custom_heading text=\u00a0\u00bbLe Beach Club commence Qui!\u00a0\u00bb][\/vc_column][\/vc_row][vc_row full_width=\u00a0\u00bbstretch_row_content\u00a0\u00bb][vc_column width=\u00a0\u00bb1\/4&Prime;][vc_single_image image=\u00a0\u00bb7965&Prime; img_size=\u00a0\u00bbfull\u00a0\u00bb alignment=\u00a0\u00bbcenter\u00a0\u00bb title=\u00a0\u00bbPrima di Pranzo\u00a0\u00bb][\/vc_column][vc_column width=\u00a0\u00bb1\/4&Prime;][vc_single_image image=\u00a0\u00bb9482&Prime; img_size=\u00a0\u00bbfull\u00a0\u00bb alignment=\u00a0\u00bbcenter\u00a0\u00bb title=\u00a0\u00bbPrima di [&hellip;]\" \/>\n<meta property=\"og:url\" content=\"https:\/\/villaggiocentrovacanzedeangelis.com\/havana-cafe\/\" \/>\n<meta property=\"og:site_name\" content=\"Centro Vacanze De Angelis\" \/>\n<meta property=\"article:publisher\" content=\"https:\/\/www.facebook.com\/centrovacanzedeangelis.com\" \/>\n<meta property=\"article:modified_time\" content=\"2023-12-04T14:51:19+00:00\" \/>\n<meta name=\"twitter:card\" content=\"summary_large_image\" \/>\n<meta name=\"twitter:site\" content=\"@deangelisresort\" \/>\n<meta name=\"twitter:label1\" content=\"Dur\u00e9e de lecture estim\u00e9e\" \/>\n\t<meta name=\"twitter:data1\" content=\"3 minutes\" \/>\n<script type=\"application\/ld+json\" class=\"yoast-schema-graph\">{\"@context\":\"https:\\\/\\\/schema.org\",\"@graph\":[{\"@type\":\"WebPage\",\"@id\":\"https:\\\/\\\/villaggiocentrovacanzedeangelis.com\\\/havana-cafe\\\/\",\"url\":\"https:\\\/\\\/villaggiocentrovacanzedeangelis.com\\\/havana-cafe\\\/\",\"name\":\"Havana Caf\u00e8 - Centro Vacanze De Angelis\",\"isPartOf\":{\"@id\":\"https:\\\/\\\/villaggiocentrovacanzedeangelis.com\\\/#website\"},\"datePublished\":\"2020-10-16T09:37:51+00:00\",\"dateModified\":\"2023-12-04T14:51:19+00:00\",\"breadcrumb\":{\"@id\":\"https:\\\/\\\/villaggiocentrovacanzedeangelis.com\\\/havana-cafe\\\/#breadcrumb\"},\"inLanguage\":\"fr-FR\",\"potentialAction\":[{\"@type\":\"ReadAction\",\"target\":[\"https:\\\/\\\/villaggiocentrovacanzedeangelis.com\\\/havana-cafe\\\/\"]}]},{\"@type\":\"BreadcrumbList\",\"@id\":\"https:\\\/\\\/villaggiocentrovacanzedeangelis.com\\\/havana-cafe\\\/#breadcrumb\",\"itemListElement\":[{\"@type\":\"ListItem\",\"position\":1,\"name\":\"Home\",\"item\":\"https:\\\/\\\/villaggiocentrovacanzedeangelis.com\\\/fr\\\/\"},{\"@type\":\"ListItem\",\"position\":2,\"name\":\"Havana Caf\u00e8\"}]},{\"@type\":\"WebSite\",\"@id\":\"https:\\\/\\\/villaggiocentrovacanzedeangelis.com\\\/#website\",\"url\":\"https:\\\/\\\/villaggiocentrovacanzedeangelis.com\\\/\",\"name\":\"Centro Vacanze De Angelis\",\"description\":\"Riviera del Conero\",\"publisher\":{\"@id\":\"https:\\\/\\\/villaggiocentrovacanzedeangelis.com\\\/#organization\"},\"potentialAction\":[{\"@type\":\"SearchAction\",\"target\":{\"@type\":\"EntryPoint\",\"urlTemplate\":\"https:\\\/\\\/villaggiocentrovacanzedeangelis.com\\\/?s={search_term_string}\"},\"query-input\":{\"@type\":\"PropertyValueSpecification\",\"valueRequired\":true,\"valueName\":\"search_term_string\"}}],\"inLanguage\":\"fr-FR\"},{\"@type\":\"Organization\",\"@id\":\"https:\\\/\\\/villaggiocentrovacanzedeangelis.com\\\/#organization\",\"name\":\"Centro Vacanze De Angelis\",\"url\":\"https:\\\/\\\/villaggiocentrovacanzedeangelis.com\\\/\",\"logo\":{\"@type\":\"ImageObject\",\"inLanguage\":\"fr-FR\",\"@id\":\"https:\\\/\\\/villaggiocentrovacanzedeangelis.com\\\/#\\\/schema\\\/logo\\\/image\\\/\",\"url\":\"https:\\\/\\\/villaggiocentrovacanzedeangelis.com\\\/wp-content\\\/uploads\\\/2020\\\/10\\\/cropped-Logo-HDV-100-png-copy.png\",\"contentUrl\":\"https:\\\/\\\/villaggiocentrovacanzedeangelis.com\\\/wp-content\\\/uploads\\\/2020\\\/10\\\/cropped-Logo-HDV-100-png-copy.png\",\"width\":512,\"height\":512,\"caption\":\"Centro Vacanze De Angelis\"},\"image\":{\"@id\":\"https:\\\/\\\/villaggiocentrovacanzedeangelis.com\\\/#\\\/schema\\\/logo\\\/image\\\/\"},\"sameAs\":[\"https:\\\/\\\/www.facebook.com\\\/centrovacanzedeangelis.com\",\"https:\\\/\\\/x.com\\\/deangelisresort\",\"https:\\\/\\\/instagram.com\\\/deangelisresort\"]}]}<\/script>\n<!-- \/ Yoast SEO Premium plugin. -->","yoast_head_json":{"title":"Havana Caf\u00e8 - Centro Vacanze De Angelis","robots":{"index":"index","follow":"follow","max-snippet":"max-snippet:-1","max-image-preview":"max-image-preview:large","max-video-preview":"max-video-preview:-1"},"canonical":"https:\/\/villaggiocentrovacanzedeangelis.com\/havana-cafe\/","og_locale":"fr_FR","og_type":"article","og_title":"Havana Caf\u00e8","og_description":"[vc_row][vc_column][vc_custom_heading text=\u00a0\u00bbLe Beach Club commence Qui!\u00a0\u00bb][\/vc_column][\/vc_row][vc_row full_width=\u00a0\u00bbstretch_row_content\u00a0\u00bb][vc_column width=\u00a0\u00bb1\/4&Prime;][vc_single_image image=\u00a0\u00bb7965&Prime; img_size=\u00a0\u00bbfull\u00a0\u00bb alignment=\u00a0\u00bbcenter\u00a0\u00bb title=\u00a0\u00bbPrima di Pranzo\u00a0\u00bb][\/vc_column][vc_column width=\u00a0\u00bb1\/4&Prime;][vc_single_image image=\u00a0\u00bb9482&Prime; img_size=\u00a0\u00bbfull\u00a0\u00bb alignment=\u00a0\u00bbcenter\u00a0\u00bb title=\u00a0\u00bbPrima di [&hellip;]","og_url":"https:\/\/villaggiocentrovacanzedeangelis.com\/havana-cafe\/","og_site_name":"Centro Vacanze De Angelis","article_publisher":"https:\/\/www.facebook.com\/centrovacanzedeangelis.com","article_modified_time":"2023-12-04T14:51:19+00:00","twitter_card":"summary_large_image","twitter_site":"@deangelisresort","twitter_misc":{"Dur\u00e9e de lecture estim\u00e9e":"3 minutes"},"schema":{"@context":"https:\/\/schema.org","@graph":[{"@type":"WebPage","@id":"https:\/\/villaggiocentrovacanzedeangelis.com\/havana-cafe\/","url":"https:\/\/villaggiocentrovacanzedeangelis.com\/havana-cafe\/","name":"Havana Caf\u00e8 - Centro Vacanze De Angelis","isPartOf":{"@id":"https:\/\/villaggiocentrovacanzedeangelis.com\/#website"},"datePublished":"2020-10-16T09:37:51+00:00","dateModified":"2023-12-04T14:51:19+00:00","breadcrumb":{"@id":"https:\/\/villaggiocentrovacanzedeangelis.com\/havana-cafe\/#breadcrumb"},"inLanguage":"fr-FR","potentialAction":[{"@type":"ReadAction","target":["https:\/\/villaggiocentrovacanzedeangelis.com\/havana-cafe\/"]}]},{"@type":"BreadcrumbList","@id":"https:\/\/villaggiocentrovacanzedeangelis.com\/havana-cafe\/#breadcrumb","itemListElement":[{"@type":"ListItem","position":1,"name":"Home","item":"https:\/\/villaggiocentrovacanzedeangelis.com\/fr\/"},{"@type":"ListItem","position":2,"name":"Havana Caf\u00e8"}]},{"@type":"WebSite","@id":"https:\/\/villaggiocentrovacanzedeangelis.com\/#website","url":"https:\/\/villaggiocentrovacanzedeangelis.com\/","name":"Centro Vacanze De Angelis","description":"Riviera del Conero","publisher":{"@id":"https:\/\/villaggiocentrovacanzedeangelis.com\/#organization"},"potentialAction":[{"@type":"SearchAction","target":{"@type":"EntryPoint","urlTemplate":"https:\/\/villaggiocentrovacanzedeangelis.com\/?s={search_term_string}"},"query-input":{"@type":"PropertyValueSpecification","valueRequired":true,"valueName":"search_term_string"}}],"inLanguage":"fr-FR"},{"@type":"Organization","@id":"https:\/\/villaggiocentrovacanzedeangelis.com\/#organization","name":"Centro Vacanze De Angelis","url":"https:\/\/villaggiocentrovacanzedeangelis.com\/","logo":{"@type":"ImageObject","inLanguage":"fr-FR","@id":"https:\/\/villaggiocentrovacanzedeangelis.com\/#\/schema\/logo\/image\/","url":"https:\/\/villaggiocentrovacanzedeangelis.com\/wp-content\/uploads\/2020\/10\/cropped-Logo-HDV-100-png-copy.png","contentUrl":"https:\/\/villaggiocentrovacanzedeangelis.com\/wp-content\/uploads\/2020\/10\/cropped-Logo-HDV-100-png-copy.png","width":512,"height":512,"caption":"Centro Vacanze De Angelis"},"image":{"@id":"https:\/\/villaggiocentrovacanzedeangelis.com\/#\/schema\/logo\/image\/"},"sameAs":["https:\/\/www.facebook.com\/centrovacanzedeangelis.com","https:\/\/x.com\/deangelisresort","https:\/\/instagram.com\/deangelisresort"]}]}},"_links":{"self":[{"href":"https:\/\/villaggiocentrovacanzedeangelis.com\/fr\/wp-json\/wp\/v2\/pages\/6344","targetHints":{"allow":["GET"]}}],"collection":[{"href":"https:\/\/villaggiocentrovacanzedeangelis.com\/fr\/wp-json\/wp\/v2\/pages"}],"about":[{"href":"https:\/\/villaggiocentrovacanzedeangelis.com\/fr\/wp-json\/wp\/v2\/types\/page"}],"author":[{"embeddable":true,"href":"https:\/\/villaggiocentrovacanzedeangelis.com\/fr\/wp-json\/wp\/v2\/users\/1"}],"replies":[{"embeddable":true,"href":"https:\/\/villaggiocentrovacanzedeangelis.com\/fr\/wp-json\/wp\/v2\/comments?post=6344"}],"version-history":[{"count":4,"href":"https:\/\/villaggiocentrovacanzedeangelis.com\/fr\/wp-json\/wp\/v2\/pages\/6344\/revisions"}],"predecessor-version":[{"id":9522,"href":"https:\/\/villaggiocentrovacanzedeangelis.com\/fr\/wp-json\/wp\/v2\/pages\/6344\/revisions\/9522"}],"wp:attachment":[{"href":"https:\/\/villaggiocentrovacanzedeangelis.com\/fr\/wp-json\/wp\/v2\/media?parent=6344"}],"curies":[{"name":"wp","href":"https:\/\/api.w.org\/{rel}","templated":true}]}}