{"id":6168,"date":"2021-06-11T05:26:47","date_gmt":"2021-06-11T05:26:47","guid":{"rendered":"https:\/\/villaggiocentrovacanzedeangelis.com\/le-spiaggie-del-conero\/"},"modified":"2022-03-22T12:50:39","modified_gmt":"2022-03-22T12:50:39","slug":"le-spiaggie-del-conero","status":"publish","type":"page","link":"https:\/\/villaggiocentrovacanzedeangelis.com\/fr\/le-spiaggie-del-conero\/","title":{"rendered":"Le Spiaggie del Conero"},"content":{"rendered":"<div class=\"wpb-content-wrapper\">[vc_row][vc_column width=\u00a0\u00bb1\/2&Prime;][vc_column_text]\n<p class=\"p3\"><b>Spiaggia delle due Sorelle<span class=\"Apple-converted-space\">\u00a0<\/span><\/b><\/p>\n<p class=\"p3\">Symbole de la Riviera du Conero, ainsi nomm\u00e9e pour les deux rochers jumeaux qui \u00e9mergent de la mer, c&rsquo;est la premi\u00e8re plage blanche du versant sud du mont Conero. N&rsquo;\u00e9tant accessible que par la mer, cette partie de la c\u00f4te est encore sauvage et non contamin\u00e9e : aucun type de service n&rsquo;y est pr\u00e9sent. Type de plage : gravier, galets et rochers. Vous ne pouvez vous y rendre que par la mer, des ferries quotidiens partent du port de Numana<\/p>\n[\/vc_column_text][\/vc_column][vc_column width=\u00a0\u00bb1\/2&Prime;][vc_single_image image=\u00a0\u00bb4398&Prime; img_size=\u00a0\u00bbfull\u00a0\u00bb][\/vc_column][\/vc_row][vc_row][vc_column width=\u00a0\u00bb1\/2&Prime;][vc_single_image image=\u00a0\u00bb4403&Prime; img_size=\u00a0\u00bbfull\u00a0\u00bb][\/vc_column][vc_column width=\u00a0\u00bb1\/2&Prime;][vc_column_text]\n<p class=\"p3\"><b>Spiaggia dei Sassi Neri<\/b><\/p>\n<p class=\"p3\">Longue et large plage, libre et sauvage, c&rsquo;est la destination de nombreux naturalistes. Type de plage : galets. Vous pouvez vous y rendre \u00e0 pied depuis le Parco della Repubblica de Sirolo ou en bus depuis la mairie de Sirolo. Hors saison, il est accessible en voiture.<\/p>\n[\/vc_column_text][\/vc_column][\/vc_row][vc_row][vc_column width=\u00a0\u00bb1\/2&Prime;][vc_column_text]\n<p class=\"p3\"><b>Spiaggia Urbani<\/b><\/p>\n<p class=\"p3\">Une plage en forme de demi-lune, situ\u00e9e entre une grotte et une haute falaise prot\u00e9g\u00e9e par une barri\u00e8re rocheuse semi-circulaire. L&rsquo;odeur des pins, la vaste plage \u00e9quip\u00e9e d&rsquo;\u00e9tablissements baln\u00e9aires, les eaux propres, font de cette baie un coin unique, plusieurs fois r\u00e9compens\u00e9 par le Pavillon Bleu Type de plage : gravier et cailloux. Vous pouvez vous y rendre \u00e0 pied, en voiture et en bus, une route de 1 km descend jusqu&rsquo;\u00e0 la plage depuis le centre de Sirolo.<\/p>\n[\/vc_column_text][\/vc_column][vc_column width=\u00a0\u00bb1\/2&Prime;][vc_single_image image=\u00a0\u00bb4404&Prime; img_size=\u00a0\u00bbfull\u00a0\u00bb][\/vc_column][\/vc_row][vc_row][vc_column width=\u00a0\u00bb1\/2&Prime;][vc_single_image image=\u00a0\u00bb4405&Prime; img_size=\u00a0\u00bbfull\u00a0\u00bb][\/vc_column][vc_column width=\u00a0\u00bb1\/2&Prime;][vc_column_text]\n<p class=\"p3\"><b>Spiaggia di Numana Alta<\/b><\/p>\n<p class=\"p3\">Belle plage avec des rang\u00e9es de parasols color\u00e9s. Les \u00e9tablissements baln\u00e9aires bien \u00e9quip\u00e9s, les fonds marins peu profonds prot\u00e9g\u00e9s par trois falaises font de cette portion de c\u00f4te au nord du port l&rsquo;une des plus appr\u00e9ci\u00e9es des touristes. Type de plage : renella. Vous pouvez vous y rendre en bus depuis la plage de Numana, 15 minutes.<\/p>\n[\/vc_column_text][\/vc_column][\/vc_row][vc_row][vc_column width=\u00a0\u00bb1\/2&Prime;][vc_column_text]\n<p class=\"p3\"><b>Spiaggia di Numana bassa e Marcelli <\/b><\/p>\n<p class=\"p3\">Plage dor\u00e9e, vaste et ensoleill\u00e9e ; \u00e9tablissements baln\u00e9aires, installations sportives, restaurants et bars font de cette zone un lieu id\u00e9al pour les jeunes et les familles. Du port de Numana, \u00e9quip\u00e9 pour tous types de bateaux jusqu&rsquo;\u00e0 Marcelli, il est possible de se garer le long du front de mer. Vous pouvez vous y rendre en voiture, au sud de Numana.<\/p>\n[\/vc_column_text][\/vc_column][vc_column width=\u00a0\u00bb1\/2&Prime;][vc_single_image image=\u00a0\u00bb4406&Prime; img_size=\u00a0\u00bbfull\u00a0\u00bb][\/vc_column][\/vc_row][vc_row][vc_column width=\u00a0\u00bb1\/2&Prime;][vc_single_image image=\u00a0\u00bb4407&Prime; img_size=\u00a0\u00bbfull\u00a0\u00bb][\/vc_column][vc_column width=\u00a0\u00bb1\/2&Prime;][vc_column_text]\n<p class=\"p3\"><b>Spiaggia di San Michele <\/b><\/p>\n<p class=\"p3\">S\u00e9par\u00e9 de la plage de Sassi Neri par un tron\u00e7on de c\u00f4te rocheuse. Vue spectaculaire sur la mer d&rsquo;un bleu profond et la c\u00f4te rocheuse, la plage est parfois libre, parfois \u00e9quip\u00e9e d&rsquo;\u00e9tablissements baln\u00e9aires. Vous pouvez vous y rendre \u00e0 pied ou en bus.<\/p>\n[\/vc_column_text][\/vc_column][\/vc_row][vc_row][vc_column width=\u00a0\u00bb1\/2&Prime;][vc_column_text]\n<p class=\"p3\"><b>Baia di Portonovo <\/b><\/p>\n<p class=\"p3\">La baie de Portonovo est aussi appel\u00e9e la baie verte pour sa particularit\u00e9 d&rsquo;\u00eatre compl\u00e8tement immerg\u00e9e dans la nature du parc Conero et \u00e0 l&rsquo;\u00e9cart des routes les plus fr\u00e9quent\u00e9es. Vous vous retrouverez dans une v\u00e9ritable oasis de vert et de bleu, entre eaux cristallines et vues \u00e0 couper le souffle.<\/p>\n[\/vc_column_text][\/vc_column][vc_column width=\u00a0\u00bb1\/2&Prime;][vc_single_image image=\u00a0\u00bb4408&Prime; img_size=\u00a0\u00bbfull\u00a0\u00bb][\/vc_column][\/vc_row]\n<\/div>","protected":false},"excerpt":{"rendered":"<p>[vc_row][vc_column width=\u00a0\u00bb1\/2&Prime;][vc_column_text] Spiaggia delle due Sorelle\u00a0 Symbole de la Riviera du Conero, ainsi nomm\u00e9e pour les deux rochers jumeaux qui [&hellip;]<\/p>\n","protected":false},"author":1,"featured_media":0,"parent":0,"menu_order":0,"comment_status":"closed","ping_status":"closed","template":"","meta":{"footnotes":""},"class_list":["post-6168","page","type-page","status-publish","hentry"],"yoast_head":"<!-- This site is optimized with the Yoast SEO Premium plugin v27.3 (Yoast SEO v27.3) - https:\/\/yoast.com\/product\/yoast-seo-premium-wordpress\/ -->\n<title>Le Spiaggie del Conero - Centro Vacanze De Angelis<\/title>\n<meta name=\"robots\" content=\"index, follow, max-snippet:-1, max-image-preview:large, max-video-preview:-1\" \/>\n<link rel=\"canonical\" href=\"https:\/\/villaggiocentrovacanzedeangelis.com\/le-spiaggie-del-conero\/\" \/>\n<meta property=\"og:locale\" content=\"fr_FR\" \/>\n<meta property=\"og:type\" content=\"article\" \/>\n<meta property=\"og:title\" content=\"Le Spiaggie del Conero\" \/>\n<meta property=\"og:description\" content=\"[vc_row][vc_column width=\u00a0\u00bb1\/2&Prime;][vc_column_text] Spiaggia delle due Sorelle\u00a0 Symbole de la Riviera du Conero, ainsi nomm\u00e9e pour les deux rochers jumeaux qui [&hellip;]\" \/>\n<meta property=\"og:url\" content=\"https:\/\/villaggiocentrovacanzedeangelis.com\/le-spiaggie-del-conero\/\" \/>\n<meta property=\"og:site_name\" content=\"Centro Vacanze De Angelis\" \/>\n<meta property=\"article:publisher\" content=\"https:\/\/www.facebook.com\/centrovacanzedeangelis.com\" \/>\n<meta property=\"article:modified_time\" content=\"2022-03-22T12:50:39+00:00\" \/>\n<meta name=\"twitter:card\" content=\"summary_large_image\" \/>\n<meta name=\"twitter:site\" content=\"@deangelisresort\" \/>\n<meta name=\"twitter:label1\" content=\"Dur\u00e9e de lecture estim\u00e9e\" \/>\n\t<meta name=\"twitter:data1\" content=\"3 minutes\" \/>\n<script type=\"application\/ld+json\" class=\"yoast-schema-graph\">{\"@context\":\"https:\\\/\\\/schema.org\",\"@graph\":[{\"@type\":\"WebPage\",\"@id\":\"https:\\\/\\\/villaggiocentrovacanzedeangelis.com\\\/le-spiaggie-del-conero\\\/\",\"url\":\"https:\\\/\\\/villaggiocentrovacanzedeangelis.com\\\/le-spiaggie-del-conero\\\/\",\"name\":\"Le Spiaggie del Conero - Centro Vacanze De Angelis\",\"isPartOf\":{\"@id\":\"https:\\\/\\\/villaggiocentrovacanzedeangelis.com\\\/#website\"},\"datePublished\":\"2021-06-11T05:26:47+00:00\",\"dateModified\":\"2022-03-22T12:50:39+00:00\",\"breadcrumb\":{\"@id\":\"https:\\\/\\\/villaggiocentrovacanzedeangelis.com\\\/le-spiaggie-del-conero\\\/#breadcrumb\"},\"inLanguage\":\"fr-FR\",\"potentialAction\":[{\"@type\":\"ReadAction\",\"target\":[\"https:\\\/\\\/villaggiocentrovacanzedeangelis.com\\\/le-spiaggie-del-conero\\\/\"]}]},{\"@type\":\"BreadcrumbList\",\"@id\":\"https:\\\/\\\/villaggiocentrovacanzedeangelis.com\\\/le-spiaggie-del-conero\\\/#breadcrumb\",\"itemListElement\":[{\"@type\":\"ListItem\",\"position\":1,\"name\":\"Home\",\"item\":\"https:\\\/\\\/villaggiocentrovacanzedeangelis.com\\\/fr\\\/\"},{\"@type\":\"ListItem\",\"position\":2,\"name\":\"Le Spiaggie del Conero\"}]},{\"@type\":\"WebSite\",\"@id\":\"https:\\\/\\\/villaggiocentrovacanzedeangelis.com\\\/#website\",\"url\":\"https:\\\/\\\/villaggiocentrovacanzedeangelis.com\\\/\",\"name\":\"Centro Vacanze De Angelis\",\"description\":\"Riviera del Conero\",\"publisher\":{\"@id\":\"https:\\\/\\\/villaggiocentrovacanzedeangelis.com\\\/#organization\"},\"potentialAction\":[{\"@type\":\"SearchAction\",\"target\":{\"@type\":\"EntryPoint\",\"urlTemplate\":\"https:\\\/\\\/villaggiocentrovacanzedeangelis.com\\\/?s={search_term_string}\"},\"query-input\":{\"@type\":\"PropertyValueSpecification\",\"valueRequired\":true,\"valueName\":\"search_term_string\"}}],\"inLanguage\":\"fr-FR\"},{\"@type\":\"Organization\",\"@id\":\"https:\\\/\\\/villaggiocentrovacanzedeangelis.com\\\/#organization\",\"name\":\"Centro Vacanze De Angelis\",\"url\":\"https:\\\/\\\/villaggiocentrovacanzedeangelis.com\\\/\",\"logo\":{\"@type\":\"ImageObject\",\"inLanguage\":\"fr-FR\",\"@id\":\"https:\\\/\\\/villaggiocentrovacanzedeangelis.com\\\/#\\\/schema\\\/logo\\\/image\\\/\",\"url\":\"https:\\\/\\\/villaggiocentrovacanzedeangelis.com\\\/wp-content\\\/uploads\\\/2020\\\/10\\\/cropped-Logo-HDV-100-png-copy.png\",\"contentUrl\":\"https:\\\/\\\/villaggiocentrovacanzedeangelis.com\\\/wp-content\\\/uploads\\\/2020\\\/10\\\/cropped-Logo-HDV-100-png-copy.png\",\"width\":512,\"height\":512,\"caption\":\"Centro Vacanze De Angelis\"},\"image\":{\"@id\":\"https:\\\/\\\/villaggiocentrovacanzedeangelis.com\\\/#\\\/schema\\\/logo\\\/image\\\/\"},\"sameAs\":[\"https:\\\/\\\/www.facebook.com\\\/centrovacanzedeangelis.com\",\"https:\\\/\\\/x.com\\\/deangelisresort\",\"https:\\\/\\\/instagram.com\\\/deangelisresort\"]}]}<\/script>\n<!-- \/ Yoast SEO Premium plugin. -->","yoast_head_json":{"title":"Le Spiaggie del Conero - Centro Vacanze De Angelis","robots":{"index":"index","follow":"follow","max-snippet":"max-snippet:-1","max-image-preview":"max-image-preview:large","max-video-preview":"max-video-preview:-1"},"canonical":"https:\/\/villaggiocentrovacanzedeangelis.com\/le-spiaggie-del-conero\/","og_locale":"fr_FR","og_type":"article","og_title":"Le Spiaggie del Conero","og_description":"[vc_row][vc_column width=\u00a0\u00bb1\/2&Prime;][vc_column_text] Spiaggia delle due Sorelle\u00a0 Symbole de la Riviera du Conero, ainsi nomm\u00e9e pour les deux rochers jumeaux qui [&hellip;]","og_url":"https:\/\/villaggiocentrovacanzedeangelis.com\/le-spiaggie-del-conero\/","og_site_name":"Centro Vacanze De Angelis","article_publisher":"https:\/\/www.facebook.com\/centrovacanzedeangelis.com","article_modified_time":"2022-03-22T12:50:39+00:00","twitter_card":"summary_large_image","twitter_site":"@deangelisresort","twitter_misc":{"Dur\u00e9e de lecture estim\u00e9e":"3 minutes"},"schema":{"@context":"https:\/\/schema.org","@graph":[{"@type":"WebPage","@id":"https:\/\/villaggiocentrovacanzedeangelis.com\/le-spiaggie-del-conero\/","url":"https:\/\/villaggiocentrovacanzedeangelis.com\/le-spiaggie-del-conero\/","name":"Le Spiaggie del Conero - Centro Vacanze De Angelis","isPartOf":{"@id":"https:\/\/villaggiocentrovacanzedeangelis.com\/#website"},"datePublished":"2021-06-11T05:26:47+00:00","dateModified":"2022-03-22T12:50:39+00:00","breadcrumb":{"@id":"https:\/\/villaggiocentrovacanzedeangelis.com\/le-spiaggie-del-conero\/#breadcrumb"},"inLanguage":"fr-FR","potentialAction":[{"@type":"ReadAction","target":["https:\/\/villaggiocentrovacanzedeangelis.com\/le-spiaggie-del-conero\/"]}]},{"@type":"BreadcrumbList","@id":"https:\/\/villaggiocentrovacanzedeangelis.com\/le-spiaggie-del-conero\/#breadcrumb","itemListElement":[{"@type":"ListItem","position":1,"name":"Home","item":"https:\/\/villaggiocentrovacanzedeangelis.com\/fr\/"},{"@type":"ListItem","position":2,"name":"Le Spiaggie del Conero"}]},{"@type":"WebSite","@id":"https:\/\/villaggiocentrovacanzedeangelis.com\/#website","url":"https:\/\/villaggiocentrovacanzedeangelis.com\/","name":"Centro Vacanze De Angelis","description":"Riviera del Conero","publisher":{"@id":"https:\/\/villaggiocentrovacanzedeangelis.com\/#organization"},"potentialAction":[{"@type":"SearchAction","target":{"@type":"EntryPoint","urlTemplate":"https:\/\/villaggiocentrovacanzedeangelis.com\/?s={search_term_string}"},"query-input":{"@type":"PropertyValueSpecification","valueRequired":true,"valueName":"search_term_string"}}],"inLanguage":"fr-FR"},{"@type":"Organization","@id":"https:\/\/villaggiocentrovacanzedeangelis.com\/#organization","name":"Centro Vacanze De Angelis","url":"https:\/\/villaggiocentrovacanzedeangelis.com\/","logo":{"@type":"ImageObject","inLanguage":"fr-FR","@id":"https:\/\/villaggiocentrovacanzedeangelis.com\/#\/schema\/logo\/image\/","url":"https:\/\/villaggiocentrovacanzedeangelis.com\/wp-content\/uploads\/2020\/10\/cropped-Logo-HDV-100-png-copy.png","contentUrl":"https:\/\/villaggiocentrovacanzedeangelis.com\/wp-content\/uploads\/2020\/10\/cropped-Logo-HDV-100-png-copy.png","width":512,"height":512,"caption":"Centro Vacanze De Angelis"},"image":{"@id":"https:\/\/villaggiocentrovacanzedeangelis.com\/#\/schema\/logo\/image\/"},"sameAs":["https:\/\/www.facebook.com\/centrovacanzedeangelis.com","https:\/\/x.com\/deangelisresort","https:\/\/instagram.com\/deangelisresort"]}]}},"_links":{"self":[{"href":"https:\/\/villaggiocentrovacanzedeangelis.com\/fr\/wp-json\/wp\/v2\/pages\/6168","targetHints":{"allow":["GET"]}}],"collection":[{"href":"https:\/\/villaggiocentrovacanzedeangelis.com\/fr\/wp-json\/wp\/v2\/pages"}],"about":[{"href":"https:\/\/villaggiocentrovacanzedeangelis.com\/fr\/wp-json\/wp\/v2\/types\/page"}],"author":[{"embeddable":true,"href":"https:\/\/villaggiocentrovacanzedeangelis.com\/fr\/wp-json\/wp\/v2\/users\/1"}],"replies":[{"embeddable":true,"href":"https:\/\/villaggiocentrovacanzedeangelis.com\/fr\/wp-json\/wp\/v2\/comments?post=6168"}],"version-history":[{"count":2,"href":"https:\/\/villaggiocentrovacanzedeangelis.com\/fr\/wp-json\/wp\/v2\/pages\/6168\/revisions"}],"predecessor-version":[{"id":6175,"href":"https:\/\/villaggiocentrovacanzedeangelis.com\/fr\/wp-json\/wp\/v2\/pages\/6168\/revisions\/6175"}],"wp:attachment":[{"href":"https:\/\/villaggiocentrovacanzedeangelis.com\/fr\/wp-json\/wp\/v2\/media?parent=6168"}],"curies":[{"name":"wp","href":"https:\/\/api.w.org\/{rel}","templated":true}]}}