{"id":6121,"date":"2020-10-13T16:24:32","date_gmt":"2020-10-13T16:24:32","guid":{"rendered":"https:\/\/villaggiocentrovacanzedeangelis.com\/ristoranti-bar\/"},"modified":"2025-01-10T14:23:50","modified_gmt":"2025-01-10T14:23:50","slug":"ristoranti-bar","status":"publish","type":"page","link":"https:\/\/villaggiocentrovacanzedeangelis.com\/fr\/ristoranti-bar\/","title":{"rendered":"Ristoranti &#038; Bar"},"content":{"rendered":"<div class=\"wpb-content-wrapper\">[vc_row][vc_column][vc_separator color=\u00a0\u00bbturquoise\u00a0\u00bb][\/vc_column][\/vc_row][vc_row full_width=\u00a0\u00bbstretch_row_content\u00a0\u00bb][vc_column width=\u00a0\u00bb1\/4&Prime;][vc_single_image image=\u00a0\u00bb7568&Prime; img_size=\u00a0\u00bbfull\u00a0\u00bb alignment=\u00a0\u00bbcenter\u00a0\u00bb title=\u00a0\u00bbColazione Buffet\u00a0\u00bb][vc_column_text css=\u00a0\u00bb\u00a0\u00bb]\ud83c\udf7d\ufe0f Petit d\u00e9jeuner de luxe au complexe h\u00f4telier 5 \u00e9toiles \ud83c\udf05<\/p>\n<p>Bienvenue au petit-d\u00e9jeuner dans notre complexe h\u00f4telier 4 \u00e9toiles. Chaque matin, nous vous accueillons avec une s\u00e9lection de gourmandises con\u00e7ues pour satisfaire tous les go\u00fbts et vous faire d\u00e9marrer la journ\u00e9e de la meilleure fa\u00e7on possible. Laissez-vous chouchouter par notre service exclusif et nos saveurs raffin\u00e9es.<\/p>\n<p>\ud83e\udd50 P\u00e2tisserie et Boulangerie<\/p>\n<p>Croissants chauds au beurre, nature, aux fruits rouges, \u00e0 la cr\u00e8me et au chocolat<br \/>\nMuffins maison au citron, aux baies et au chocolat<br \/>\nPain fra\u00eechement cuit : baguette, pain complet, pain aux c\u00e9r\u00e9ales et pain sans gluten<br \/>\nS\u00e9lection de biscuits italiens et g\u00e2teaux traditionnels (tarte aux fruits, g\u00e2teau au chocolat, beignet)<\/p>\n<p>\ud83c\udf73 Le coin des \u0153ufs<\/p>\n<p>Oeufs cuits (brouill\u00e9s)<\/p>\n<p>\ud83e\udd57 S\u00e9lection sal\u00e9e<\/p>\n<p>Charcuterie de qualit\u00e9 : salami, mortadelle, jambon cuit<br \/>\nFromages : Edamer<\/p>\n<p>\ud83c\udf47 Fruits et yaourt<\/p>\n<p>Fruits frais de saison<br \/>\nYaourt nature, aux fruits et grec avec diverses garnitures (granola, noix, miel, baies)<\/p>\n<p>\ud83e\udd5e Cr\u00eapes, gaufres et pain perdu<\/p>\n<p>Cr\u00eapes moelleuses au sirop d&rsquo;\u00e9rable, \u00e0 la confiture ou au Nutella<br \/>\nGaufres fra\u00eechement pr\u00e9par\u00e9es avec des baies et de la cr\u00e8me fouett\u00e9e<br \/>\nPain perdu au sucre glace et \u00e0 la cannelle<\/p>\n<p>\ud83c\udf30 C\u00e9r\u00e9ales et graines<\/p>\n<p>Muesli croquant, corn flakes, riz souffl\u00e9<br \/>\nFlocons d&rsquo;avoine avec options de lait d&rsquo;amande, de soja ou de coco<br \/>\nGraines de chia, de lin, de citrouille et de tournesol<\/p>\n<p>\ud83c\udf75 Boissons<\/p>\n<p>Expresso, cappuccino, caf\u00e9 am\u00e9ricain, caf\u00e9 macchiato<br \/>\nS\u00e9lection de th\u00e9s et infusions<br \/>\nJus de fruits (orange, pamplemousse, pomme, ananas)<\/p>\n<p>\ud83e\udd42 Des bulles pour une touche sp\u00e9ciale<\/p>\n<p>Du Prosecco pour trinquer \u00e0 la journ\u00e9e<\/p>\n<p>Le petit-d\u00e9jeuner est servi tous les matins de 7h30 \u00e0 10h30. Pour toutes demandes particuli\u00e8res, notre personnel se fera un plaisir de satisfaire vos besoins.[\/vc_column_text][\/vc_column][vc_column width=\u00a0\u00bb1\/4&Prime;][vc_single_image image=\u00a0\u00bb7564&Prime; img_size=\u00a0\u00bbfull\u00a0\u00bb alignment=\u00a0\u00bbcenter\u00a0\u00bb title=\u00a0\u00bbBistro Beach\u00a0\u00bb][vc_column_text css=\u00a0\u00bb\u00a0\u00bb]Notre restaurant en bord de mer, situ\u00e9 \u00e0 l&rsquo;int\u00e9rieur du centre de vacances Beach Club sur la splendide Riviera del Conero, vous attend pour le d\u00e9jeuner au Beach Club. Ici, les chefs c\u00e9l\u00e8brent la cuisine typique de la r\u00e9gion des Marches et la cuisine italienne la plus authentique en vacances, en offrant tous les plats des menus de saison frais du jour qui vous feront vivre une v\u00e9ritable exp\u00e9rience gastronomique, \u00e0 d\u00e9guster tout en admirant la majest\u00e9 du Conero.<\/p>\n<p>Dans notre restaurant libre-service, vous pourrez embarquer pour un voyage sensoriel \u00e0 travers des plats pr\u00e9par\u00e9s avec soin, con\u00e7us pour satisfaire tous les palais. Commencez par nos salades de fruits de mer, un triomphe de saveurs marines, ou par nos salades compos\u00e9es, id\u00e9ales pour ceux qui recherchent la l\u00e9g\u00e8ret\u00e9 sans sacrifier le go\u00fbt. La salade Venere, enrichie d&rsquo;ingr\u00e9dients s\u00e9lectionn\u00e9s, et la salade de poulpe fra\u00eeche et d\u00e9licate, seront des choix qui sauront conqu\u00e9rir vos sens.<\/p>\n<p>Pour savourer des classiques traditionnels, laissez-vous tenter par la caprese aux tomates juteuses et \u00e0 la mozzarella fra\u00eeche, ou encore le prosciutto et melon, une combinaison parfaite de sucr\u00e9 et de sal\u00e9. Les amateurs de p\u00e2tes ne pourront pas r\u00e9sister aux spaghettis aux palourdes, riches en saveurs de fruits de mer, tandis que ceux qui pr\u00e9f\u00e8rent le croquant appr\u00e9cieront notre poisson frit.<\/p>\n<p>Pour accompagner ces plats, notre Havana Bar vous propose des cocktails artisanaux et des boissons s\u00e9lectionn\u00e9es, parfaites pour rehausser les saveurs de votre pause d\u00e9jeuner. Terminez l&rsquo;exp\u00e9rience avec des desserts maison, pr\u00e9par\u00e9s quotidiennement, ou avec une s\u00e9lection de fruits frais pour une finale l\u00e9g\u00e8re et rafra\u00eechissante.<\/p>\n<p>Notre village touristique avec restaurant est le lieu id\u00e9al pour un repas d\u00e9licieux, rapide et confortable, con\u00e7u pour enrichir vos vacances de moments de plaisir \u00e0 table. Ne manquez pas nos soir\u00e9es culinaires \u00e0 th\u00e8me, o\u00f9 vous pourrez d\u00e9couvrir de nouvelles saveurs et vous laisser surprendre par des propositions en constante \u00e9volution. Venez nous rendre visite : nous vous attendons pour vous faire vivre une exp\u00e9rience culinaire inoubliable ![\/vc_column_text][\/vc_column][vc_column width=\u00a0\u00bb1\/4&Prime;][vc_single_image image=\u00a0\u00bb7536&Prime; img_size=\u00a0\u00bbfull\u00a0\u00bb alignment=\u00a0\u00bbcenter\u00a0\u00bb title=\u00a0\u00bbCena Buffet\u00a0\u00bb][vc_column_text css=\u00a0\u00bb\u00a0\u00bb]Le d\u00eener buffet du Centro Vacanze Resort se distingue par la vari\u00e9t\u00e9 et la qualit\u00e9 de la nourriture qu&rsquo;il propose \u00e0 ses clients, un v\u00e9ritable voyage gastronomique pour d\u00e9couvrir les saveurs et les tendances les plus int\u00e9ressantes de la cuisine italienne et locale.<\/p>\n<p>Chaque soir, vous aurez le choix entre des entr\u00e9es, des entr\u00e9es et des plats toujours diff\u00e9rents, avec lesquels nos chefs de rang se feront un plaisir de vous recommander les meilleurs vins typiques locaux.<\/p>\n<p>Au Centro Vacanze Resort, vous trouverez un \u00e9quilibre parfait entre exp\u00e9rimentation, innovation et tradition.<\/p>\n<p>&nbsp;<\/p>\n<p>Service de demi-pension comprenant petit-d\u00e9jeuner buffet et d\u00eener buffet<\/p>\n<p>Au programme du d\u00eener :<\/p>\n<p>Buffet d&rsquo;entr\u00e9es<br \/>\nBuffet de l\u00e9gumes<br \/>\npremiers plats<br \/>\ndeuxi\u00e8mes plats<br \/>\nsucr\u00e9 ou fruit\u00e9[\/vc_column_text][\/vc_column][vc_column width=\u00a0\u00bb1\/4&Prime;][vc_single_image image=\u00a0\u00bb11147&Prime; img_size=\u00a0\u00bbfull\u00a0\u00bb alignment=\u00a0\u00bbcenter\u00a0\u00bb css=\u00a0\u00bb\u00a0\u00bb title=\u00a0\u00bbBistrot\u00a0\u00bb][vc_column_text css=\u00a0\u00bb\u00a0\u00bb]Le Centro Vacanze Resort est \u00e9galement un restaurant gastronomique Roof Bistrot au bord de la piscine, dans un cadre enchanteur, avec des lumi\u00e8res douces et de la musique o\u00f9 vous pourrez profiter de la qualit\u00e9 et de la vari\u00e9t\u00e9 de la nourriture.<\/p>\n<p>C&rsquo;est pourquoi nous avons s\u00e9lectionn\u00e9 uniquement les meilleurs Chefs italiens et internationaux et uniquement les meilleures mati\u00e8res premi\u00e8res pour nos restaurants, afin de garantir une v\u00e9ritable exp\u00e9rience sensorielle \u00e0 chaque bouch\u00e9e.<\/p>\n<p>Au Centro Vacanze Resort, vous trouverez un \u00e9quilibre parfait entre exp\u00e9rimentation, innovation et tradition.<\/p>\n<p>Un m\u00e9lange de go\u00fbts et de saveurs, l&rsquo;\u00e9quilibre parfait entre tradition et innovation.[\/vc_column_text][\/vc_column][\/vc_row][vc_row][vc_column][vc_custom_heading text=\u00a0\u00bb\ud83c\udf1f\ud83c\udf79Bienvenue au Holiday Caf\u00e9 &#8211; Une oasis d&rsquo;\u00e9l\u00e9gance et de go\u00fbt au c\u0153ur du De Angelis Resort \ud83c\udf78\ud83c\udf1f\u00a0\u00bb google_fonts=\u00a0\u00bbfont_family:Dr%20Sugiyama%3Aregular|font_style:400%20regular%3A400%3Anormal\u00a0\u00bb css=\u00a0\u00bb\u00a0\u00bb][\/vc_column][\/vc_row][vc_row][vc_column width=\u00a0\u00bb2\/3&Prime;][vc_single_image image=\u00a0\u00bb7941&Prime; img_size=\u00a0\u00bbfull\u00a0\u00bb][\/vc_column][vc_column width=\u00a0\u00bb1\/3&Prime;][vc_column_text css=\u00a0\u00bb\u00a0\u00bb]\u2615 Une matin\u00e9e lumineuse<\/p>\n<p>Votre journ\u00e9e commence de la mani\u00e8re la plus raffin\u00e9e au Holiday Caf\u00e9. D\u00e8s le matin, nous vous accueillons avec une s\u00e9lection exclusive de caf\u00e9s aromatiques, de th\u00e9s fins et de d\u00e9lices p\u00e2tissiers, servis dans une ambiance calme et raffin\u00e9e.<\/p>\n<p>Laissez-vous tenter par les saveurs et les ar\u00f4mes qui \u00e9veillent les sens, pr\u00e9parant votre esprit pour la journ\u00e9e.[\/vc_column_text][\/vc_column][\/vc_row][vc_row][vc_column width=\u00a0\u00bb1\/3&Prime;][vc_column_text css=\u00a0\u00bb\u00a0\u00bb]\ud83c\udf1e Un apr\u00e8s-midi de pure d\u00e9tente<\/p>\n<p>Alors que le soleil brille, le Holiday Caf\u00e9 se transforme en un lieu de d\u00e9tente. Ici, vous pourrez profiter d&rsquo;un moment de d\u00e9tente en sirotant des cocktails artisanaux, des limonades fra\u00eeches et une s\u00e9lection soign\u00e9e de boissons non alcoolis\u00e9es.<\/p>\n<p>Notre carte de snacks et de petites gourmandises est con\u00e7ue pour accompagner au mieux votre moment de d\u00e9tente au soleil.[\/vc_column_text][\/vc_column][vc_column width=\u00a0\u00bb2\/3&Prime;][vc_single_image image=\u00a0\u00bb8190&Prime; img_size=\u00a0\u00bbfull\u00a0\u00bb][\/vc_column][\/vc_row][vc_row][vc_column width=\u00a0\u00bb2\/3&Prime;][vc_single_image image=\u00a0\u00bb8186&Prime; img_size=\u00a0\u00bbfull\u00a0\u00bb][\/vc_column][vc_column width=\u00a0\u00bb1\/3&Prime;][vc_column_text css=\u00a0\u00bb\u00a0\u00bb]\ud83c\udf07 Ap\u00e9ros au coucher du soleil<\/p>\n<p>Au coucher du soleil, le Holiday Caf\u00e9 devient le cadre id\u00e9al pour un ap\u00e9ritif \u00e9l\u00e9gant. Nos barmans experts vous enchanteront avec des cocktails innovants et des cr\u00e9ations uniques, tandis que la lumi\u00e8re du coucher de soleil filtre \u00e0 travers les fen\u00eatres, cr\u00e9ant une atmosph\u00e8re magique et relaxante.<\/p>\n<p>Un lieu o\u00f9 le go\u00fbt et la beaut\u00e9 se rencontrent, promettant des moments inoubliables.[\/vc_column_text][\/vc_column][\/vc_row][vc_row][vc_column width=\u00a0\u00bb1\/3&Prime;][vc_column_text css=\u00a0\u00bb\u00a0\u00bb]\ud83c\udf1c Nuits \u00e9toil\u00e9es<\/p>\n<p>\u00c0 la nuit tomb\u00e9e, le Holiday Caf\u00e9 s\u2019illumine d\u2019un charme tout particulier. Venez d\u00e9couvrir notre s\u00e9lection exclusive de vins, spiritueux premium et cocktails signatures dans un cadre \u00e9l\u00e9gant et chaleureux.<\/p>\n<p>La musique, le service impeccable et l\u2019ambiance intime font de chaque soir\u00e9e un \u00e9v\u00e9nement m\u00e9morable.[\/vc_column_text][\/vc_column][vc_column width=\u00a0\u00bb2\/3&Prime;][vc_single_image image=\u00a0\u00bb8195&Prime; img_size=\u00a0\u00bbfull\u00a0\u00bb][\/vc_column][\/vc_row][vc_row][vc_column width=\u00a0\u00bb2\/3&Prime;][vc_single_image image=\u00a0\u00bb8162&Prime; img_size=\u00a0\u00bbfull\u00a0\u00bb][\/vc_column][vc_column width=\u00a0\u00bb1\/3&Prime;][vc_column_text css=\u00a0\u00bb\u00a0\u00bb]\ud83c\udf89 Des \u00e9v\u00e9nements sur mesure<\/p>\n<p>Le Holiday Caf\u00e9 est \u00e9galement le cadre id\u00e9al pour c\u00e9l\u00e9brer des occasions sp\u00e9ciales.<\/p>\n<p>Nous offrons un service personnalis\u00e9 pour les \u00e9v\u00e9nements et les f\u00eates, garantissant une exp\u00e9rience sur mesure qui refl\u00e8te votre style et vos besoins.<\/p>\n<div id=\"gtx-trans\" style=\"position: absolute; left: -58px; top: 0.5px;\">\n<div class=\"gtx-trans-icon\"><\/div>\n<\/div>\n[\/vc_column_text][\/vc_column][\/vc_row][vc_row][vc_column width=\u00a0\u00bb1\/3&Prime;][vc_column_text css=\u00a0\u00bb\u00a0\u00bb]\u2728 D\u00e9couvrez le Holiday Caf\u00e9<\/p>\n<p>Nous vous attendons tous les jours de 8h00 \u00e0 24h00 pour vivre des moments inoubliables.<\/p>\n<p>Qu&rsquo;il s&rsquo;agisse d&rsquo;un d\u00e9but de journ\u00e9e \u00e9nergique, d&rsquo;un apr\u00e8s-midi relaxant ou d&rsquo;une soir\u00e9e \u00e9l\u00e9gante,<\/p>\n<p>Le Holiday Caf\u00e9 est votre retraite de luxe au sein du De Angelis Resort.[\/vc_column_text][\/vc_column][vc_column width=\u00a0\u00bb2\/3&Prime;][vc_single_image image=\u00a0\u00bb8200&Prime; img_size=\u00a0\u00bbfull\u00a0\u00bb][\/vc_column][\/vc_row][vc_row][vc_column][vc_column_text css=\u00a0\u00bb\u00a0\u00bb]Au Holiday Caf\u00e9, situ\u00e9 dans le cadre enchanteur du De Angelis Resort, nous vous invitons \u00e0 vous plonger dans une exp\u00e9rience sensorielle unique, o\u00f9 l&rsquo;\u00e9l\u00e9gance se m\u00eale au plaisir. Ouvert de 8h \u00e0 minuit, notre bar 4 \u00e9toiles est la destination id\u00e9ale pour les amateurs de bien vivre.[\/vc_column_text][\/vc_column][\/vc_row]\n<\/div>","protected":false},"excerpt":{"rendered":"<p>[vc_row][vc_column][vc_separator color=\u00a0\u00bbturquoise\u00a0\u00bb][\/vc_column][\/vc_row][vc_row full_width=\u00a0\u00bbstretch_row_content\u00a0\u00bb][vc_column width=\u00a0\u00bb1\/4&Prime;][vc_single_image image=\u00a0\u00bb7568&Prime; img_size=\u00a0\u00bbfull\u00a0\u00bb alignment=\u00a0\u00bbcenter\u00a0\u00bb title=\u00a0\u00bbColazione Buffet\u00a0\u00bb][vc_column_text css=\u00a0\u00bb\u00a0\u00bb]\ud83c\udf7d\ufe0f Petit d\u00e9jeuner de luxe au complexe h\u00f4telier 5 \u00e9toiles \ud83c\udf05 [&hellip;]<\/p>\n","protected":false},"author":1,"featured_media":0,"parent":0,"menu_order":0,"comment_status":"closed","ping_status":"closed","template":"","meta":{"footnotes":""},"class_list":["post-6121","page","type-page","status-publish","hentry"],"yoast_head":"<!-- This site is optimized with the Yoast SEO Premium plugin v27.3 (Yoast SEO v27.3) - https:\/\/yoast.com\/product\/yoast-seo-premium-wordpress\/ -->\n<title>Ristoranti &amp; Bar - Centro Vacanze De Angelis<\/title>\n<meta name=\"description\" content=\"Scopri i ristoranti e i bar del Villaggio Centro Vacanze De Angelis: un\u2019esperienza culinaria unica con menu freschi e piatti tipici, cocktail artigianali e ambienti accoglienti, perfetti per goderti al meglio la tua vacanza sulla Riviera del Conero.\" \/>\n<meta name=\"robots\" content=\"index, follow, max-snippet:-1, max-image-preview:large, max-video-preview:-1\" \/>\n<link rel=\"canonical\" href=\"https:\/\/villaggiocentrovacanzedeangelis.com\/fr\/ristoranti-bar\/\" \/>\n<meta property=\"og:locale\" content=\"fr_FR\" \/>\n<meta property=\"og:type\" content=\"article\" \/>\n<meta property=\"og:title\" content=\"Ristoranti &amp; Bar\" \/>\n<meta property=\"og:description\" content=\"Scopri i ristoranti e i bar del Villaggio Centro Vacanze De Angelis: un\u2019esperienza culinaria unica con menu freschi e piatti tipici, cocktail artigianali e ambienti accoglienti, perfetti per goderti al meglio la tua vacanza sulla Riviera del Conero.\" \/>\n<meta property=\"og:url\" content=\"https:\/\/villaggiocentrovacanzedeangelis.com\/fr\/ristoranti-bar\/\" \/>\n<meta property=\"og:site_name\" content=\"Centro Vacanze De Angelis\" \/>\n<meta property=\"article:publisher\" content=\"https:\/\/www.facebook.com\/centrovacanzedeangelis.com\" \/>\n<meta property=\"article:modified_time\" content=\"2025-01-10T14:23:50+00:00\" \/>\n<meta name=\"twitter:card\" content=\"summary_large_image\" \/>\n<meta name=\"twitter:site\" content=\"@deangelisresort\" \/>\n<meta name=\"twitter:label1\" content=\"Dur\u00e9e de lecture estim\u00e9e\" \/>\n\t<meta name=\"twitter:data1\" content=\"9 minutes\" \/>\n<script type=\"application\/ld+json\" class=\"yoast-schema-graph\">{\"@context\":\"https:\\\/\\\/schema.org\",\"@graph\":[{\"@type\":\"WebPage\",\"@id\":\"https:\\\/\\\/villaggiocentrovacanzedeangelis.com\\\/fr\\\/ristoranti-bar\\\/\",\"url\":\"https:\\\/\\\/villaggiocentrovacanzedeangelis.com\\\/fr\\\/ristoranti-bar\\\/\",\"name\":\"Ristoranti & Bar - Centro Vacanze De Angelis\",\"isPartOf\":{\"@id\":\"https:\\\/\\\/villaggiocentrovacanzedeangelis.com\\\/#website\"},\"datePublished\":\"2020-10-13T16:24:32+00:00\",\"dateModified\":\"2025-01-10T14:23:50+00:00\",\"description\":\"Scopri i ristoranti e i bar del Villaggio Centro Vacanze De Angelis: un\u2019esperienza culinaria unica con menu freschi e piatti tipici, cocktail artigianali e ambienti accoglienti, perfetti per goderti al meglio la tua vacanza sulla Riviera del Conero.\",\"breadcrumb\":{\"@id\":\"https:\\\/\\\/villaggiocentrovacanzedeangelis.com\\\/fr\\\/ristoranti-bar\\\/#breadcrumb\"},\"inLanguage\":\"fr-FR\",\"potentialAction\":[{\"@type\":\"ReadAction\",\"target\":[\"https:\\\/\\\/villaggiocentrovacanzedeangelis.com\\\/fr\\\/ristoranti-bar\\\/\"]}]},{\"@type\":\"BreadcrumbList\",\"@id\":\"https:\\\/\\\/villaggiocentrovacanzedeangelis.com\\\/fr\\\/ristoranti-bar\\\/#breadcrumb\",\"itemListElement\":[{\"@type\":\"ListItem\",\"position\":1,\"name\":\"Home\",\"item\":\"https:\\\/\\\/villaggiocentrovacanzedeangelis.com\\\/fr\\\/\"},{\"@type\":\"ListItem\",\"position\":2,\"name\":\"Ristoranti &#038; Bar\"}]},{\"@type\":\"WebSite\",\"@id\":\"https:\\\/\\\/villaggiocentrovacanzedeangelis.com\\\/#website\",\"url\":\"https:\\\/\\\/villaggiocentrovacanzedeangelis.com\\\/\",\"name\":\"Centro Vacanze De Angelis\",\"description\":\"Riviera del Conero\",\"publisher\":{\"@id\":\"https:\\\/\\\/villaggiocentrovacanzedeangelis.com\\\/#organization\"},\"potentialAction\":[{\"@type\":\"SearchAction\",\"target\":{\"@type\":\"EntryPoint\",\"urlTemplate\":\"https:\\\/\\\/villaggiocentrovacanzedeangelis.com\\\/?s={search_term_string}\"},\"query-input\":{\"@type\":\"PropertyValueSpecification\",\"valueRequired\":true,\"valueName\":\"search_term_string\"}}],\"inLanguage\":\"fr-FR\"},{\"@type\":\"Organization\",\"@id\":\"https:\\\/\\\/villaggiocentrovacanzedeangelis.com\\\/#organization\",\"name\":\"Centro Vacanze De Angelis\",\"url\":\"https:\\\/\\\/villaggiocentrovacanzedeangelis.com\\\/\",\"logo\":{\"@type\":\"ImageObject\",\"inLanguage\":\"fr-FR\",\"@id\":\"https:\\\/\\\/villaggiocentrovacanzedeangelis.com\\\/#\\\/schema\\\/logo\\\/image\\\/\",\"url\":\"https:\\\/\\\/villaggiocentrovacanzedeangelis.com\\\/wp-content\\\/uploads\\\/2020\\\/10\\\/cropped-Logo-HDV-100-png-copy.png\",\"contentUrl\":\"https:\\\/\\\/villaggiocentrovacanzedeangelis.com\\\/wp-content\\\/uploads\\\/2020\\\/10\\\/cropped-Logo-HDV-100-png-copy.png\",\"width\":512,\"height\":512,\"caption\":\"Centro Vacanze De Angelis\"},\"image\":{\"@id\":\"https:\\\/\\\/villaggiocentrovacanzedeangelis.com\\\/#\\\/schema\\\/logo\\\/image\\\/\"},\"sameAs\":[\"https:\\\/\\\/www.facebook.com\\\/centrovacanzedeangelis.com\",\"https:\\\/\\\/x.com\\\/deangelisresort\",\"https:\\\/\\\/instagram.com\\\/deangelisresort\"]}]}<\/script>\n<!-- \/ Yoast SEO Premium plugin. -->","yoast_head_json":{"title":"Ristoranti & Bar - Centro Vacanze De Angelis","description":"Scopri i ristoranti e i bar del Villaggio Centro Vacanze De Angelis: un\u2019esperienza culinaria unica con menu freschi e piatti tipici, cocktail artigianali e ambienti accoglienti, perfetti per goderti al meglio la tua vacanza sulla Riviera del Conero.","robots":{"index":"index","follow":"follow","max-snippet":"max-snippet:-1","max-image-preview":"max-image-preview:large","max-video-preview":"max-video-preview:-1"},"canonical":"https:\/\/villaggiocentrovacanzedeangelis.com\/fr\/ristoranti-bar\/","og_locale":"fr_FR","og_type":"article","og_title":"Ristoranti & Bar","og_description":"Scopri i ristoranti e i bar del Villaggio Centro Vacanze De Angelis: un\u2019esperienza culinaria unica con menu freschi e piatti tipici, cocktail artigianali e ambienti accoglienti, perfetti per goderti al meglio la tua vacanza sulla Riviera del Conero.","og_url":"https:\/\/villaggiocentrovacanzedeangelis.com\/fr\/ristoranti-bar\/","og_site_name":"Centro Vacanze De Angelis","article_publisher":"https:\/\/www.facebook.com\/centrovacanzedeangelis.com","article_modified_time":"2025-01-10T14:23:50+00:00","twitter_card":"summary_large_image","twitter_site":"@deangelisresort","twitter_misc":{"Dur\u00e9e de lecture estim\u00e9e":"9 minutes"},"schema":{"@context":"https:\/\/schema.org","@graph":[{"@type":"WebPage","@id":"https:\/\/villaggiocentrovacanzedeangelis.com\/fr\/ristoranti-bar\/","url":"https:\/\/villaggiocentrovacanzedeangelis.com\/fr\/ristoranti-bar\/","name":"Ristoranti & Bar - Centro Vacanze De Angelis","isPartOf":{"@id":"https:\/\/villaggiocentrovacanzedeangelis.com\/#website"},"datePublished":"2020-10-13T16:24:32+00:00","dateModified":"2025-01-10T14:23:50+00:00","description":"Scopri i ristoranti e i bar del Villaggio Centro Vacanze De Angelis: un\u2019esperienza culinaria unica con menu freschi e piatti tipici, cocktail artigianali e ambienti accoglienti, perfetti per goderti al meglio la tua vacanza sulla Riviera del Conero.","breadcrumb":{"@id":"https:\/\/villaggiocentrovacanzedeangelis.com\/fr\/ristoranti-bar\/#breadcrumb"},"inLanguage":"fr-FR","potentialAction":[{"@type":"ReadAction","target":["https:\/\/villaggiocentrovacanzedeangelis.com\/fr\/ristoranti-bar\/"]}]},{"@type":"BreadcrumbList","@id":"https:\/\/villaggiocentrovacanzedeangelis.com\/fr\/ristoranti-bar\/#breadcrumb","itemListElement":[{"@type":"ListItem","position":1,"name":"Home","item":"https:\/\/villaggiocentrovacanzedeangelis.com\/fr\/"},{"@type":"ListItem","position":2,"name":"Ristoranti &#038; Bar"}]},{"@type":"WebSite","@id":"https:\/\/villaggiocentrovacanzedeangelis.com\/#website","url":"https:\/\/villaggiocentrovacanzedeangelis.com\/","name":"Centro Vacanze De Angelis","description":"Riviera del Conero","publisher":{"@id":"https:\/\/villaggiocentrovacanzedeangelis.com\/#organization"},"potentialAction":[{"@type":"SearchAction","target":{"@type":"EntryPoint","urlTemplate":"https:\/\/villaggiocentrovacanzedeangelis.com\/?s={search_term_string}"},"query-input":{"@type":"PropertyValueSpecification","valueRequired":true,"valueName":"search_term_string"}}],"inLanguage":"fr-FR"},{"@type":"Organization","@id":"https:\/\/villaggiocentrovacanzedeangelis.com\/#organization","name":"Centro Vacanze De Angelis","url":"https:\/\/villaggiocentrovacanzedeangelis.com\/","logo":{"@type":"ImageObject","inLanguage":"fr-FR","@id":"https:\/\/villaggiocentrovacanzedeangelis.com\/#\/schema\/logo\/image\/","url":"https:\/\/villaggiocentrovacanzedeangelis.com\/wp-content\/uploads\/2020\/10\/cropped-Logo-HDV-100-png-copy.png","contentUrl":"https:\/\/villaggiocentrovacanzedeangelis.com\/wp-content\/uploads\/2020\/10\/cropped-Logo-HDV-100-png-copy.png","width":512,"height":512,"caption":"Centro Vacanze De Angelis"},"image":{"@id":"https:\/\/villaggiocentrovacanzedeangelis.com\/#\/schema\/logo\/image\/"},"sameAs":["https:\/\/www.facebook.com\/centrovacanzedeangelis.com","https:\/\/x.com\/deangelisresort","https:\/\/instagram.com\/deangelisresort"]}]}},"_links":{"self":[{"href":"https:\/\/villaggiocentrovacanzedeangelis.com\/fr\/wp-json\/wp\/v2\/pages\/6121","targetHints":{"allow":["GET"]}}],"collection":[{"href":"https:\/\/villaggiocentrovacanzedeangelis.com\/fr\/wp-json\/wp\/v2\/pages"}],"about":[{"href":"https:\/\/villaggiocentrovacanzedeangelis.com\/fr\/wp-json\/wp\/v2\/types\/page"}],"author":[{"embeddable":true,"href":"https:\/\/villaggiocentrovacanzedeangelis.com\/fr\/wp-json\/wp\/v2\/users\/1"}],"replies":[{"embeddable":true,"href":"https:\/\/villaggiocentrovacanzedeangelis.com\/fr\/wp-json\/wp\/v2\/comments?post=6121"}],"version-history":[{"count":4,"href":"https:\/\/villaggiocentrovacanzedeangelis.com\/fr\/wp-json\/wp\/v2\/pages\/6121\/revisions"}],"predecessor-version":[{"id":11899,"href":"https:\/\/villaggiocentrovacanzedeangelis.com\/fr\/wp-json\/wp\/v2\/pages\/6121\/revisions\/11899"}],"wp:attachment":[{"href":"https:\/\/villaggiocentrovacanzedeangelis.com\/fr\/wp-json\/wp\/v2\/media?parent=6121"}],"curies":[{"name":"wp","href":"https:\/\/api.w.org\/{rel}","templated":true}]}}