{"id":6090,"date":"2020-10-14T13:55:10","date_gmt":"2020-10-14T13:55:10","guid":{"rendered":"https:\/\/villaggiocentrovacanzedeangelis.com\/cappellina\/"},"modified":"2025-01-10T14:17:03","modified_gmt":"2025-01-10T14:17:03","slug":"petite-chapelle","status":"publish","type":"page","link":"https:\/\/villaggiocentrovacanzedeangelis.com\/fr\/petite-chapelle\/","title":{"rendered":"petite chapelle"},"content":{"rendered":"<div class=\"wpb-content-wrapper\">[vc_row][vc_column][vc_column_text css=\u00a0\u00bb\u00a0\u00bb]Cach\u00e9e comme un tr\u00e9sor parmi la v\u00e9g\u00e9tation luxuriante du De Angelis Resort, se trouve une petite chapelle enchanteresse, un lieu de paix et de spiritualit\u00e9 \u00e0 d\u00e9couvrir. Consacr\u00e9e et impr\u00e9gn\u00e9e d\u2019une tranquillit\u00e9 c\u00e9leste, cette chapelle n\u2019est pas seulement un b\u00e2timent, mais un sanctuaire pour l\u2019\u00e2me, o\u00f9 la foi et la beaut\u00e9 se rencontrent en parfaite harmonie.<\/p>\n<p>Un refuge spirituel entour\u00e9 de nature<\/p>\n<p>La chapelle, avec son architecture simple mais \u00e9l\u00e9gante, se dresse discr\u00e8tement, presque comme si elle voulait se fondre dans la nature environnante. Ses murs de pierre, riches d&rsquo;histoire, se fondent dans la verdure des jardins, cr\u00e9ant un contraste visuel \u00e9poustouflant. La structure, bien que de taille modeste, d\u00e9gage une aura de solennit\u00e9 et de gr\u00e2ce qui invite \u00e0 la r\u00e9flexion et \u00e0 la m\u00e9ditation.<\/p>\n<p>Un int\u00e9rieur qui enchante et inspire<\/p>\n<p>En entrant, vous vous retrouverez envelopp\u00e9 dans une atmosph\u00e8re de sacralit\u00e9 sereine. La lumi\u00e8re filtre d\u00e9licatement \u00e0 travers les petites fen\u00eatres, jouant sur les surfaces et cr\u00e9ant un jeu d&rsquo;ombre et de lumi\u00e8re qui semble danser sur les pierres anciennes. L&rsquo;ameublement, simple mais raffin\u00e9, contribue \u00e0 cr\u00e9er un environnement o\u00f9 le temps semble s&rsquo;arr\u00eater, laissant place \u00e0 la contemplation et \u00e0 la pri\u00e8re.<\/p>\n<p>Une communaut\u00e9 de foi et de partage<\/p>\n<p>Chaque dimanche, la chapelle s&rsquo;anime avec la c\u00e9l\u00e9bration de la Sainte Messe, devenant un point de rencontre pour les h\u00f4tes du complexe et la communaut\u00e9 locale. En ces moments-l\u00e0, ses murs se remplissent de voix et de chants, de pri\u00e8res et de communaut\u00e9, unissant des personnes d\u2019horizons diff\u00e9rents dans un m\u00eame esprit de d\u00e9votion et de partage.<\/p>\n<p>Un lieu de paix pour tous<\/p>\n<p>Que vous soyez un pratiquant fid\u00e8le ou simplement \u00e0 la recherche d&rsquo;un moment de tranquillit\u00e9, la chapelle de notre resort est un lieu accueillant ouvert \u00e0 tous. Ici, vous pouvez trouver un moment de silence loin de l&rsquo;agitation quotidienne, une occasion de r\u00e9fl\u00e9chir, de m\u00e9diter ou simplement d&rsquo;admirer la beaut\u00e9 et le calme de cet espace sacr\u00e9.<\/p>\n<p>Notre chapelle est plus qu\u2019un lieu de culte ; C&rsquo;est un refuge spirituel o\u00f9 la nature, l&rsquo;architecture et la foi s&rsquo;entrem\u00ealent dans une danse \u00e9ternelle, offrant \u00e0 chaque visiteur une exp\u00e9rience unique et inoubliable, un petit voyage int\u00e9rieur dans le c\u0153ur battant de notre station.[\/vc_column_text][\/vc_column][\/vc_row][vc_row][vc_column width=\u00a0\u00bb1\/3&Prime;][vc_single_image image=\u00a0\u00bb8010&Prime; img_size=\u00a0\u00bbfull\u00a0\u00bb][\/vc_column][vc_column width=\u00a0\u00bb1\/3&Prime;][vc_single_image image=\u00a0\u00bb8014&Prime; img_size=\u00a0\u00bbfull\u00a0\u00bb][\/vc_column][vc_column width=\u00a0\u00bb1\/3&Prime;][vc_single_image image=\u00a0\u00bb8006&Prime; img_size=\u00a0\u00bbfull\u00a0\u00bb][\/vc_column][\/vc_row][vc_row][vc_column][vc_column_text css=\u00a0\u00bb\u00a0\u00bb]La Chapelle du Village a \u00e9t\u00e9 \u00e9rig\u00e9e au d\u00e9but des ann\u00e9es 2000 en hommage au Sanctuaire de la Sainte Maison de Lorette, qui est l&rsquo;un des lieux de p\u00e8lerinage marial les plus importants au monde. De nombreux p\u00e8lerins visitent chaque ann\u00e9e le sanctuaire pour rendre hommage \u00e0 la Vierge et prier dans la Sainte Maison.<\/p>\n<p>La Chapelle c\u00e9l\u00e8bre la Sainte Messe tous les dimanches de l&rsquo;\u00e9t\u00e9 \u00e0 19h20.[\/vc_column_text][\/vc_column][\/vc_row]\n<\/div>","protected":false},"excerpt":{"rendered":"<p>[vc_row][vc_column][vc_column_text css=\u00a0\u00bb\u00a0\u00bb]Cach\u00e9e comme un tr\u00e9sor parmi la v\u00e9g\u00e9tation luxuriante du De Angelis Resort, se trouve une petite chapelle enchanteresse, un [&hellip;]<\/p>\n","protected":false},"author":1,"featured_media":0,"parent":0,"menu_order":0,"comment_status":"closed","ping_status":"closed","template":"","meta":{"footnotes":""},"class_list":["post-6090","page","type-page","status-publish","hentry"],"yoast_head":"<!-- This site is optimized with the Yoast SEO Premium plugin v27.3 (Yoast SEO v27.3) - https:\/\/yoast.com\/product\/yoast-seo-premium-wordpress\/ -->\n<title>petite chapelle - Centro Vacanze De Angelis<\/title>\n<meta name=\"robots\" content=\"index, follow, max-snippet:-1, max-image-preview:large, max-video-preview:-1\" \/>\n<link rel=\"canonical\" href=\"https:\/\/villaggiocentrovacanzedeangelis.com\/fr\/petite-chapelle\/\" \/>\n<meta property=\"og:locale\" content=\"fr_FR\" \/>\n<meta property=\"og:type\" content=\"article\" \/>\n<meta property=\"og:title\" content=\"petite chapelle\" \/>\n<meta property=\"og:description\" content=\"[vc_row][vc_column][vc_column_text css=\u00a0\u00bb\u00a0\u00bb]Cach\u00e9e comme un tr\u00e9sor parmi la v\u00e9g\u00e9tation luxuriante du De Angelis Resort, se trouve une petite chapelle enchanteresse, un [&hellip;]\" \/>\n<meta property=\"og:url\" content=\"https:\/\/villaggiocentrovacanzedeangelis.com\/fr\/petite-chapelle\/\" \/>\n<meta property=\"og:site_name\" content=\"Centro Vacanze De Angelis\" \/>\n<meta property=\"article:publisher\" content=\"https:\/\/www.facebook.com\/centrovacanzedeangelis.com\" \/>\n<meta property=\"article:modified_time\" content=\"2025-01-10T14:17:03+00:00\" \/>\n<meta name=\"twitter:card\" content=\"summary_large_image\" \/>\n<meta name=\"twitter:site\" content=\"@deangelisresort\" \/>\n<meta name=\"twitter:label1\" content=\"Dur\u00e9e de lecture estim\u00e9e\" \/>\n\t<meta name=\"twitter:data1\" content=\"3 minutes\" \/>\n<script type=\"application\/ld+json\" class=\"yoast-schema-graph\">{\"@context\":\"https:\\\/\\\/schema.org\",\"@graph\":[{\"@type\":\"WebPage\",\"@id\":\"https:\\\/\\\/villaggiocentrovacanzedeangelis.com\\\/fr\\\/petite-chapelle\\\/\",\"url\":\"https:\\\/\\\/villaggiocentrovacanzedeangelis.com\\\/fr\\\/petite-chapelle\\\/\",\"name\":\"petite chapelle - Centro Vacanze De Angelis\",\"isPartOf\":{\"@id\":\"https:\\\/\\\/villaggiocentrovacanzedeangelis.com\\\/#website\"},\"datePublished\":\"2020-10-14T13:55:10+00:00\",\"dateModified\":\"2025-01-10T14:17:03+00:00\",\"breadcrumb\":{\"@id\":\"https:\\\/\\\/villaggiocentrovacanzedeangelis.com\\\/fr\\\/petite-chapelle\\\/#breadcrumb\"},\"inLanguage\":\"fr-FR\",\"potentialAction\":[{\"@type\":\"ReadAction\",\"target\":[\"https:\\\/\\\/villaggiocentrovacanzedeangelis.com\\\/fr\\\/petite-chapelle\\\/\"]}]},{\"@type\":\"BreadcrumbList\",\"@id\":\"https:\\\/\\\/villaggiocentrovacanzedeangelis.com\\\/fr\\\/petite-chapelle\\\/#breadcrumb\",\"itemListElement\":[{\"@type\":\"ListItem\",\"position\":1,\"name\":\"Home\",\"item\":\"https:\\\/\\\/villaggiocentrovacanzedeangelis.com\\\/fr\\\/\"},{\"@type\":\"ListItem\",\"position\":2,\"name\":\"petite chapelle\"}]},{\"@type\":\"WebSite\",\"@id\":\"https:\\\/\\\/villaggiocentrovacanzedeangelis.com\\\/#website\",\"url\":\"https:\\\/\\\/villaggiocentrovacanzedeangelis.com\\\/\",\"name\":\"Centro Vacanze De Angelis\",\"description\":\"Riviera del Conero\",\"publisher\":{\"@id\":\"https:\\\/\\\/villaggiocentrovacanzedeangelis.com\\\/#organization\"},\"potentialAction\":[{\"@type\":\"SearchAction\",\"target\":{\"@type\":\"EntryPoint\",\"urlTemplate\":\"https:\\\/\\\/villaggiocentrovacanzedeangelis.com\\\/?s={search_term_string}\"},\"query-input\":{\"@type\":\"PropertyValueSpecification\",\"valueRequired\":true,\"valueName\":\"search_term_string\"}}],\"inLanguage\":\"fr-FR\"},{\"@type\":\"Organization\",\"@id\":\"https:\\\/\\\/villaggiocentrovacanzedeangelis.com\\\/#organization\",\"name\":\"Centro Vacanze De Angelis\",\"url\":\"https:\\\/\\\/villaggiocentrovacanzedeangelis.com\\\/\",\"logo\":{\"@type\":\"ImageObject\",\"inLanguage\":\"fr-FR\",\"@id\":\"https:\\\/\\\/villaggiocentrovacanzedeangelis.com\\\/#\\\/schema\\\/logo\\\/image\\\/\",\"url\":\"https:\\\/\\\/villaggiocentrovacanzedeangelis.com\\\/wp-content\\\/uploads\\\/2020\\\/10\\\/cropped-Logo-HDV-100-png-copy.png\",\"contentUrl\":\"https:\\\/\\\/villaggiocentrovacanzedeangelis.com\\\/wp-content\\\/uploads\\\/2020\\\/10\\\/cropped-Logo-HDV-100-png-copy.png\",\"width\":512,\"height\":512,\"caption\":\"Centro Vacanze De Angelis\"},\"image\":{\"@id\":\"https:\\\/\\\/villaggiocentrovacanzedeangelis.com\\\/#\\\/schema\\\/logo\\\/image\\\/\"},\"sameAs\":[\"https:\\\/\\\/www.facebook.com\\\/centrovacanzedeangelis.com\",\"https:\\\/\\\/x.com\\\/deangelisresort\",\"https:\\\/\\\/instagram.com\\\/deangelisresort\"]}]}<\/script>\n<!-- \/ Yoast SEO Premium plugin. -->","yoast_head_json":{"title":"petite chapelle - Centro Vacanze De Angelis","robots":{"index":"index","follow":"follow","max-snippet":"max-snippet:-1","max-image-preview":"max-image-preview:large","max-video-preview":"max-video-preview:-1"},"canonical":"https:\/\/villaggiocentrovacanzedeangelis.com\/fr\/petite-chapelle\/","og_locale":"fr_FR","og_type":"article","og_title":"petite chapelle","og_description":"[vc_row][vc_column][vc_column_text css=\u00a0\u00bb\u00a0\u00bb]Cach\u00e9e comme un tr\u00e9sor parmi la v\u00e9g\u00e9tation luxuriante du De Angelis Resort, se trouve une petite chapelle enchanteresse, un [&hellip;]","og_url":"https:\/\/villaggiocentrovacanzedeangelis.com\/fr\/petite-chapelle\/","og_site_name":"Centro Vacanze De Angelis","article_publisher":"https:\/\/www.facebook.com\/centrovacanzedeangelis.com","article_modified_time":"2025-01-10T14:17:03+00:00","twitter_card":"summary_large_image","twitter_site":"@deangelisresort","twitter_misc":{"Dur\u00e9e de lecture estim\u00e9e":"3 minutes"},"schema":{"@context":"https:\/\/schema.org","@graph":[{"@type":"WebPage","@id":"https:\/\/villaggiocentrovacanzedeangelis.com\/fr\/petite-chapelle\/","url":"https:\/\/villaggiocentrovacanzedeangelis.com\/fr\/petite-chapelle\/","name":"petite chapelle - Centro Vacanze De Angelis","isPartOf":{"@id":"https:\/\/villaggiocentrovacanzedeangelis.com\/#website"},"datePublished":"2020-10-14T13:55:10+00:00","dateModified":"2025-01-10T14:17:03+00:00","breadcrumb":{"@id":"https:\/\/villaggiocentrovacanzedeangelis.com\/fr\/petite-chapelle\/#breadcrumb"},"inLanguage":"fr-FR","potentialAction":[{"@type":"ReadAction","target":["https:\/\/villaggiocentrovacanzedeangelis.com\/fr\/petite-chapelle\/"]}]},{"@type":"BreadcrumbList","@id":"https:\/\/villaggiocentrovacanzedeangelis.com\/fr\/petite-chapelle\/#breadcrumb","itemListElement":[{"@type":"ListItem","position":1,"name":"Home","item":"https:\/\/villaggiocentrovacanzedeangelis.com\/fr\/"},{"@type":"ListItem","position":2,"name":"petite chapelle"}]},{"@type":"WebSite","@id":"https:\/\/villaggiocentrovacanzedeangelis.com\/#website","url":"https:\/\/villaggiocentrovacanzedeangelis.com\/","name":"Centro Vacanze De Angelis","description":"Riviera del Conero","publisher":{"@id":"https:\/\/villaggiocentrovacanzedeangelis.com\/#organization"},"potentialAction":[{"@type":"SearchAction","target":{"@type":"EntryPoint","urlTemplate":"https:\/\/villaggiocentrovacanzedeangelis.com\/?s={search_term_string}"},"query-input":{"@type":"PropertyValueSpecification","valueRequired":true,"valueName":"search_term_string"}}],"inLanguage":"fr-FR"},{"@type":"Organization","@id":"https:\/\/villaggiocentrovacanzedeangelis.com\/#organization","name":"Centro Vacanze De Angelis","url":"https:\/\/villaggiocentrovacanzedeangelis.com\/","logo":{"@type":"ImageObject","inLanguage":"fr-FR","@id":"https:\/\/villaggiocentrovacanzedeangelis.com\/#\/schema\/logo\/image\/","url":"https:\/\/villaggiocentrovacanzedeangelis.com\/wp-content\/uploads\/2020\/10\/cropped-Logo-HDV-100-png-copy.png","contentUrl":"https:\/\/villaggiocentrovacanzedeangelis.com\/wp-content\/uploads\/2020\/10\/cropped-Logo-HDV-100-png-copy.png","width":512,"height":512,"caption":"Centro Vacanze De Angelis"},"image":{"@id":"https:\/\/villaggiocentrovacanzedeangelis.com\/#\/schema\/logo\/image\/"},"sameAs":["https:\/\/www.facebook.com\/centrovacanzedeangelis.com","https:\/\/x.com\/deangelisresort","https:\/\/instagram.com\/deangelisresort"]}]}},"_links":{"self":[{"href":"https:\/\/villaggiocentrovacanzedeangelis.com\/fr\/wp-json\/wp\/v2\/pages\/6090","targetHints":{"allow":["GET"]}}],"collection":[{"href":"https:\/\/villaggiocentrovacanzedeangelis.com\/fr\/wp-json\/wp\/v2\/pages"}],"about":[{"href":"https:\/\/villaggiocentrovacanzedeangelis.com\/fr\/wp-json\/wp\/v2\/types\/page"}],"author":[{"embeddable":true,"href":"https:\/\/villaggiocentrovacanzedeangelis.com\/fr\/wp-json\/wp\/v2\/users\/1"}],"replies":[{"embeddable":true,"href":"https:\/\/villaggiocentrovacanzedeangelis.com\/fr\/wp-json\/wp\/v2\/comments?post=6090"}],"version-history":[{"count":4,"href":"https:\/\/villaggiocentrovacanzedeangelis.com\/fr\/wp-json\/wp\/v2\/pages\/6090\/revisions"}],"predecessor-version":[{"id":11897,"href":"https:\/\/villaggiocentrovacanzedeangelis.com\/fr\/wp-json\/wp\/v2\/pages\/6090\/revisions\/11897"}],"wp:attachment":[{"href":"https:\/\/villaggiocentrovacanzedeangelis.com\/fr\/wp-json\/wp\/v2\/media?parent=6090"}],"curies":[{"name":"wp","href":"https:\/\/api.w.org\/{rel}","templated":true}]}}