{"id":6034,"date":"2014-09-14T09:20:42","date_gmt":"2014-09-14T09:20:42","guid":{"rendered":"https:\/\/villaggiocentrovacanzedeangelis.com\/sistemazioni\/"},"modified":"2023-11-27T18:40:12","modified_gmt":"2023-11-27T18:40:12","slug":"hebergement","status":"publish","type":"page","link":"https:\/\/villaggiocentrovacanzedeangelis.com\/fr\/hebergement\/","title":{"rendered":"H\u00e9bergement"},"content":{"rendered":"<div class=\"wpb-content-wrapper\">[vc_row][vc_column][vc_column_text]\n<h2>H\u00e9bergement<\/h2>\n<p>Les logements \u00e9l\u00e9gants du De Angelis Resort offrent une grande vari\u00e9t\u00e9 de solutions exclusives et extr\u00eamement confortables pour vos vacances dans la r\u00e9gion des Marches. Des terrasses luxueuses et spacieuses, des jardins m\u00e9diterran\u00e9ens luxuriants, de splendides piscines et un acc\u00e8s \u00e0 la mer vous attendent. Vous pouvez s\u00e9lectionner le type d&rsquo;h\u00e9bergement en choisissant les caract\u00e9ristiques qui correspondent le mieux \u00e0 vos go\u00fbts et au type de s\u00e9jour que vous pr\u00e9f\u00e9rez.<\/p>\n<p>Chaque solution est sp\u00e9cialement con\u00e7ue pour rendre inoubliables vos vacances dans notre belle station baln\u00e9aire des Marches.<\/p>\n<p>En plus des logements, vous pourrez vous d\u00e9tendre dans les villas et profiter de v\u00e9ritables paradis d&rsquo;intimit\u00e9, de paix et de beaut\u00e9. Con\u00e7ues pour nos clients les plus exigeants, nos villas offrent des services suppl\u00e9mentaires tels que le ckin prioritaire, la premi\u00e8re rang\u00e9e garantie avec la disponibilit\u00e9 la plus absolue et dans la discr\u00e9tion la plus totale.<\/p>\n<p>Intimit\u00e9, libert\u00e9, \u00e9l\u00e9gance et attention exclusive rendront ce s\u00e9jour unique dans les moindres d\u00e9tails. Quel que soit votre choix, pr\u00e9parez-vous \u00e0 vivre un r\u00eave.[\/vc_column_text][\/vc_column][\/vc_row][vc_row][vc_column width=\u00a0\u00bb1\/2&Prime;][vc_single_image image=\u00a0\u00bb3611&Prime; img_size=\u00a0\u00bb800&#215;500&Prime; alignment=\u00a0\u00bbcenter\u00a0\u00bb onclick=\u00a0\u00bbcustom_link\u00a0\u00bb title=\u00a0\u00bbVilla Trilocale Deluxe\u00a0\u00bb link=\u00a0\u00bbhttps:\/\/villaggiocentrovacanzedeangelis.com\/rooms\/villa-trilocale-deluxe\/\u00a0\u00bb][vc_single_image image=\u00a0\u00bb3635&Prime; img_size=\u00a0\u00bb800&#215;500&Prime; alignment=\u00a0\u00bbcenter\u00a0\u00bb onclick=\u00a0\u00bbcustom_link\u00a0\u00bb title=\u00a0\u00bbAppartamento Trilocale Terrace\u00a0\u00bb link=\u00a0\u00bbhttps:\/\/villaggiocentrovacanzedeangelis.com\/rooms\/appartamento-trilocale-terrace\/\u00a0\u00bb][vc_single_image image=\u00a0\u00bb3727&Prime; img_size=\u00a0\u00bb800&#215;500&Prime; alignment=\u00a0\u00bbcenter\u00a0\u00bb onclick=\u00a0\u00bbcustom_link\u00a0\u00bb title=\u00a0\u00bbAppartamento Trilocale Garden\u00a0\u00bb link=\u00a0\u00bbhttps:\/\/villaggiocentrovacanzedeangelis.com\/rooms\/appartamento-trilocale-garden\/\u00a0\u00bb][vc_single_image image=\u00a0\u00bb3522&Prime; img_size=\u00a0\u00bb800&#215;500&Prime; alignment=\u00a0\u00bbcenter\u00a0\u00bb onclick=\u00a0\u00bbcustom_link\u00a0\u00bb title=\u00a0\u00bbVillino Trilocale in Legno\u00a0\u00bb link=\u00a0\u00bbhttps:\/\/villaggiocentrovacanzedeangelis.com\/rooms\/villino-trilocale-legno\/\u00a0\u00bb][\/vc_column][vc_column width=\u00a0\u00bb1\/2&Prime;][vc_single_image image=\u00a0\u00bb3629&Prime; img_size=\u00a0\u00bb800&#215;500&Prime; alignment=\u00a0\u00bbcenter\u00a0\u00bb onclick=\u00a0\u00bbcustom_link\u00a0\u00bb title=\u00a0\u00bbVilla Bilocale Deluxe\u00a0\u00bb link=\u00a0\u00bbhttps:\/\/villaggiocentrovacanzedeangelis.com\/rooms\/villa-bilocale-deluxe\/\u00a0\u00bb][vc_single_image image=\u00a0\u00bb3800&Prime; img_size=\u00a0\u00bb800&#215;500&Prime; alignment=\u00a0\u00bbcenter\u00a0\u00bb onclick=\u00a0\u00bbcustom_link\u00a0\u00bb title=\u00a0\u00bbAppartamento Bilocale Terrace\u00a0\u00bb link=\u00a0\u00bbhttps:\/\/villaggiocentrovacanzedeangelis.com\/rooms\/appartamento-bilocale-terrace\/\u00a0\u00bb][vc_single_image image=\u00a0\u00bb3482&Prime; img_size=\u00a0\u00bb800&#215;500&Prime; alignment=\u00a0\u00bbcenter\u00a0\u00bb onclick=\u00a0\u00bbcustom_link\u00a0\u00bb title=\u00a0\u00bbAppartamento Bilocale Garden\u00a0\u00bb link=\u00a0\u00bbhttps:\/\/villaggiocentrovacanzedeangelis.com\/rooms\/appartamento-bilocale-garden\/\u00a0\u00bb][vc_single_image image=\u00a0\u00bb3642&Prime; img_size=\u00a0\u00bb800&#215;500&Prime; alignment=\u00a0\u00bbcenter\u00a0\u00bb onclick=\u00a0\u00bbcustom_link\u00a0\u00bb title=\u00a0\u00bbMonolocale\u00a0\u00bb link=\u00a0\u00bbhttps:\/\/villaggiocentrovacanzedeangelis.com\/rooms\/monolocale\/\u00a0\u00bb][\/vc_column][\/vc_row][vc_row][vc_column][vc_images_carousel images=\u00a0\u00bb3737,3739,3740,3741,3742,3747,3909,3908&Prime; onclick=\u00a0\u00bblink_no\u00a0\u00bb][\/vc_column][\/vc_row][vc_row][vc_column width=\u00a0\u00bb1\/2&Prime;][vc_single_image image=\u00a0\u00bb3470&Prime; img_size=\u00a0\u00bb1920&#215;1080&Prime; alignment=\u00a0\u00bbcenter\u00a0\u00bb][\/vc_column][vc_column width=\u00a0\u00bb1\/2&Prime;][vc_column_text]\n<h2 class=\"hotels-italic\">Une \u00e9tendue<br \/>\nde Ghiaino non contamin\u00e9<\/h2>\n<div class=\"row block-text\">\n<div class=\"col-md-8 col-sm-12\">\n<p>Notre plage pr\u00e8s de Numana est une merveille de la nature, pure po\u00e9sie des \u00e9l\u00e9ments. Un tron\u00e7on de rivage de gravier fin d\u00e9coup\u00e9 dans l&rsquo;un des coins les plus \u00e9vocateurs de la Riviera du Conero, entre Portonovo et Porto Recanati, \u00e0 une courte distance du mont Conero, \u00e0 l&rsquo;abri du monde.<\/p>\n<p>Jamais expos\u00e9e aux vents violents et jamais \u00e9touff\u00e9e par la chaleur, la plage du Centro Vacanze Resort est embrass\u00e9e par un microclimat doux et presque subm\u00e9diterran\u00e9en qui maintient l&rsquo;eau cristalline par rapport au reste de la r\u00e9gion.<\/p>\n<\/div>\n<\/div>\n[\/vc_column_text][\/vc_column][\/vc_row][vc_row][vc_column width=\u00a0\u00bb1\/2&Prime;][vc_custom_heading text=\u00a0\u00bbEsperienze\u00a0\u00bb font_container=\u00a0\u00bbtag:h2|text_align:left|color:%230dc4d8&Prime;][\/vc_column][vc_column width=\u00a0\u00bb1\/2&Prime;][vc_posts_slider type=\u00a0\u00bbflexslider_slide\u00a0\u00bb count=\u00a0\u00bb4&Prime; interval=\u00a0\u00bb3&Prime; slides_content=\u00a0\u00bbteaser\u00a0\u00bb slides_title=\u00a0\u00bb1&Prime; thumb_size=\u00a0\u00bbfull\u00a0\u00bb orderby=\u00a0\u00bbtitle\u00a0\u00bb posttypes=\u00a0\u00bbpost\u00a0\u00bb categories=\u00a0\u00bbEsperienze\u00a0\u00bb][\/vc_column][\/vc_row][vc_row full_width=\u00a0\u00bbstretch_row\u00a0\u00bb css=\u00a0\u00bb.vc_custom_1603700397723{background-color: #e0e0e0 !important;}\u00a0\u00bb][vc_column width=\u00a0\u00bb1\/3&Prime;][vc_column_text]\n<div class=\"col-md-3 col-md-offset-1 col-sm-3 col-sm-offset-1\">\n<h5 class=\"first-el\" style=\"text-align: left;\"><strong>Organizza<\/strong><\/h5>\n<p class=\"second-el text-right\" style=\"text-align: left;\">la tua vacanza ideale<\/p>\n<p class=\"third-el text-right\" style=\"text-align: left;\">CON I NOSTRI HOLIDAY ADVISOR!<\/p>\n<\/div>\n[\/vc_column_text][\/vc_column][vc_column width=\u00a0\u00bb1\/3&Prime;][vc_column_text]\n<div class=\"col-md-3 col-md-offset-1 col-sm-3 col-sm-offset-1\">\n<p class=\"third-el-mod\"><strong>CHIAMACI!<\/strong><\/p>\n<p class=\"fourth-el\">+39 0735 587070<\/p>\n<p class=\"fifth-el\">Tutti i giorni dalle 09:00 alle 18:00<\/p>\n<\/div>\n[\/vc_column_text][\/vc_column][vc_column width=\u00a0\u00bb1\/3&Prime;][vc_btn title=\u00a0\u00bbContattaci\u00a0\u00bb color=\u00a0\u00bborange\u00a0\u00bb][vc_single_image image=\u00a0\u00bb3942&Prime; alignment=\u00a0\u00bbcenter\u00a0\u00bb][\/vc_column][\/vc_row][vc_row][vc_column width=\u00a0\u00bb1\/2&Prime;][vc_column_text]\n<h3>R\u00e9servez maintenant et b\u00e9n\u00e9ficiez de notre meilleur tarif<\/h3>\n<p class=\"resp-hide\">Planifiez vos vacances parfaites avec nos conseillers en vacances R\u00e9servez maintenant pour notre meilleur tarif R\u00e9servez maintenant et obtenez la meilleure s\u00e9lection de chambres et de tarifs.<\/p>\n[\/vc_column_text][vc_row_inner][vc_column_inner][vc_raw_html]JTNDcCUyMGNsYXNzJTNEJTIyaW5mby1jb250YWN0JTIyJTNFVGVsZWZvbm8lMjAlM0NhJTIwaHJlZiUzRCUyMnRlbCUzQSUyQjM5JTIwMDczNTU4NzA3MCUyMiUzRSUwQSUyQjM5JTIwMDczNTU4NzA3MCUyMCUzQyUyRmElM0UlM0MlMkZwJTNFJTBBJTNDcCUyMGNsYXNzJTNEJTIyaW5mby1jb250YWN0JTIyJTNFJTBBRW1haWwlMjAlM0NhJTIwaHJlZiUzRCUyMm1haWx0byUzQWluZm8lNDB2aWxsYWdnaW9jZW50cm92YWNhbnplZGVhbmdlbGlzLml0JTIyJTNFJTBBaW5mbyU0MHZpbGxhZ2dpb2NlbnRyb3ZhY2FuemVkZWFuZ2VsaXMuaXQlM0MlMkZhJTNFJTNDJTJGcCUzRQ==[\/vc_raw_html][\/vc_column_inner][\/vc_row_inner][\/vc_column][vc_column width=\u00a0\u00bb1\/2&Prime;][\/vc_column][\/vc_row]\n<\/div>","protected":false},"excerpt":{"rendered":"<p>[vc_row][vc_column][vc_column_text] H\u00e9bergement Les logements \u00e9l\u00e9gants du De Angelis Resort offrent une grande vari\u00e9t\u00e9 de solutions exclusives et extr\u00eamement confortables pour [&hellip;]<\/p>\n","protected":false},"author":1,"featured_media":0,"parent":0,"menu_order":0,"comment_status":"closed","ping_status":"closed","template":"","meta":{"footnotes":""},"class_list":["post-6034","page","type-page","status-publish","hentry"],"yoast_head":"<!-- This site is optimized with the Yoast SEO Premium plugin v27.4 (Yoast SEO v27.4) - https:\/\/yoast.com\/product\/yoast-seo-premium-wordpress\/ -->\n<title>H\u00e9bergement - Centro Vacanze De Angelis<\/title>\n<meta name=\"robots\" content=\"index, follow, max-snippet:-1, max-image-preview:large, max-video-preview:-1\" \/>\n<link rel=\"canonical\" href=\"https:\/\/villaggiocentrovacanzedeangelis.com\/sistemazioni\/\" \/>\n<meta property=\"og:locale\" content=\"fr_FR\" \/>\n<meta property=\"og:type\" content=\"article\" \/>\n<meta property=\"og:title\" content=\"H\u00e9bergement\" \/>\n<meta property=\"og:description\" content=\"[vc_row][vc_column][vc_column_text] H\u00e9bergement Les logements \u00e9l\u00e9gants du De Angelis Resort offrent une grande vari\u00e9t\u00e9 de solutions exclusives et extr\u00eamement confortables pour [&hellip;]\" \/>\n<meta property=\"og:url\" content=\"https:\/\/villaggiocentrovacanzedeangelis.com\/sistemazioni\/\" \/>\n<meta property=\"og:site_name\" content=\"Centro Vacanze De Angelis\" \/>\n<meta property=\"article:publisher\" content=\"https:\/\/www.facebook.com\/centrovacanzedeangelis.com\" \/>\n<meta property=\"article:modified_time\" content=\"2023-11-27T18:40:12+00:00\" \/>\n<meta name=\"twitter:card\" content=\"summary_large_image\" \/>\n<meta name=\"twitter:site\" content=\"@deangelisresort\" \/>\n<meta name=\"twitter:label1\" content=\"Dur\u00e9e de lecture estim\u00e9e\" \/>\n\t<meta name=\"twitter:data1\" content=\"4 minutes\" \/>\n<script type=\"application\/ld+json\" class=\"yoast-schema-graph\">{\"@context\":\"https:\\\/\\\/schema.org\",\"@graph\":[{\"@type\":\"WebPage\",\"@id\":\"https:\\\/\\\/villaggiocentrovacanzedeangelis.com\\\/sistemazioni\\\/\",\"url\":\"https:\\\/\\\/villaggiocentrovacanzedeangelis.com\\\/sistemazioni\\\/\",\"name\":\"H\u00e9bergement - Centro Vacanze De Angelis\",\"isPartOf\":{\"@id\":\"https:\\\/\\\/villaggiocentrovacanzedeangelis.com\\\/#website\"},\"datePublished\":\"2014-09-14T09:20:42+00:00\",\"dateModified\":\"2023-11-27T18:40:12+00:00\",\"breadcrumb\":{\"@id\":\"https:\\\/\\\/villaggiocentrovacanzedeangelis.com\\\/sistemazioni\\\/#breadcrumb\"},\"inLanguage\":\"fr-FR\",\"potentialAction\":[{\"@type\":\"ReadAction\",\"target\":[\"https:\\\/\\\/villaggiocentrovacanzedeangelis.com\\\/sistemazioni\\\/\"]}]},{\"@type\":\"BreadcrumbList\",\"@id\":\"https:\\\/\\\/villaggiocentrovacanzedeangelis.com\\\/sistemazioni\\\/#breadcrumb\",\"itemListElement\":[{\"@type\":\"ListItem\",\"position\":1,\"name\":\"Home\",\"item\":\"https:\\\/\\\/villaggiocentrovacanzedeangelis.com\\\/fr\\\/\"},{\"@type\":\"ListItem\",\"position\":2,\"name\":\"H\u00e9bergement\"}]},{\"@type\":\"WebSite\",\"@id\":\"https:\\\/\\\/villaggiocentrovacanzedeangelis.com\\\/#website\",\"url\":\"https:\\\/\\\/villaggiocentrovacanzedeangelis.com\\\/\",\"name\":\"Centro Vacanze De Angelis\",\"description\":\"Riviera del Conero\",\"publisher\":{\"@id\":\"https:\\\/\\\/villaggiocentrovacanzedeangelis.com\\\/#organization\"},\"potentialAction\":[{\"@type\":\"SearchAction\",\"target\":{\"@type\":\"EntryPoint\",\"urlTemplate\":\"https:\\\/\\\/villaggiocentrovacanzedeangelis.com\\\/?s={search_term_string}\"},\"query-input\":{\"@type\":\"PropertyValueSpecification\",\"valueRequired\":true,\"valueName\":\"search_term_string\"}}],\"inLanguage\":\"fr-FR\"},{\"@type\":\"Organization\",\"@id\":\"https:\\\/\\\/villaggiocentrovacanzedeangelis.com\\\/#organization\",\"name\":\"Centro Vacanze De Angelis\",\"url\":\"https:\\\/\\\/villaggiocentrovacanzedeangelis.com\\\/\",\"logo\":{\"@type\":\"ImageObject\",\"inLanguage\":\"fr-FR\",\"@id\":\"https:\\\/\\\/villaggiocentrovacanzedeangelis.com\\\/#\\\/schema\\\/logo\\\/image\\\/\",\"url\":\"https:\\\/\\\/villaggiocentrovacanzedeangelis.com\\\/wp-content\\\/uploads\\\/2020\\\/10\\\/cropped-Logo-HDV-100-png-copy.png\",\"contentUrl\":\"https:\\\/\\\/villaggiocentrovacanzedeangelis.com\\\/wp-content\\\/uploads\\\/2020\\\/10\\\/cropped-Logo-HDV-100-png-copy.png\",\"width\":512,\"height\":512,\"caption\":\"Centro Vacanze De Angelis\"},\"image\":{\"@id\":\"https:\\\/\\\/villaggiocentrovacanzedeangelis.com\\\/#\\\/schema\\\/logo\\\/image\\\/\"},\"sameAs\":[\"https:\\\/\\\/www.facebook.com\\\/centrovacanzedeangelis.com\",\"https:\\\/\\\/x.com\\\/deangelisresort\",\"https:\\\/\\\/instagram.com\\\/deangelisresort\"]}]}<\/script>\n<!-- \/ Yoast SEO Premium plugin. -->","yoast_head_json":{"title":"H\u00e9bergement - Centro Vacanze De Angelis","robots":{"index":"index","follow":"follow","max-snippet":"max-snippet:-1","max-image-preview":"max-image-preview:large","max-video-preview":"max-video-preview:-1"},"canonical":"https:\/\/villaggiocentrovacanzedeangelis.com\/sistemazioni\/","og_locale":"fr_FR","og_type":"article","og_title":"H\u00e9bergement","og_description":"[vc_row][vc_column][vc_column_text] H\u00e9bergement Les logements \u00e9l\u00e9gants du De Angelis Resort offrent une grande vari\u00e9t\u00e9 de solutions exclusives et extr\u00eamement confortables pour [&hellip;]","og_url":"https:\/\/villaggiocentrovacanzedeangelis.com\/sistemazioni\/","og_site_name":"Centro Vacanze De Angelis","article_publisher":"https:\/\/www.facebook.com\/centrovacanzedeangelis.com","article_modified_time":"2023-11-27T18:40:12+00:00","twitter_card":"summary_large_image","twitter_site":"@deangelisresort","twitter_misc":{"Dur\u00e9e de lecture estim\u00e9e":"4 minutes"},"schema":{"@context":"https:\/\/schema.org","@graph":[{"@type":"WebPage","@id":"https:\/\/villaggiocentrovacanzedeangelis.com\/sistemazioni\/","url":"https:\/\/villaggiocentrovacanzedeangelis.com\/sistemazioni\/","name":"H\u00e9bergement - Centro Vacanze De Angelis","isPartOf":{"@id":"https:\/\/villaggiocentrovacanzedeangelis.com\/#website"},"datePublished":"2014-09-14T09:20:42+00:00","dateModified":"2023-11-27T18:40:12+00:00","breadcrumb":{"@id":"https:\/\/villaggiocentrovacanzedeangelis.com\/sistemazioni\/#breadcrumb"},"inLanguage":"fr-FR","potentialAction":[{"@type":"ReadAction","target":["https:\/\/villaggiocentrovacanzedeangelis.com\/sistemazioni\/"]}]},{"@type":"BreadcrumbList","@id":"https:\/\/villaggiocentrovacanzedeangelis.com\/sistemazioni\/#breadcrumb","itemListElement":[{"@type":"ListItem","position":1,"name":"Home","item":"https:\/\/villaggiocentrovacanzedeangelis.com\/fr\/"},{"@type":"ListItem","position":2,"name":"H\u00e9bergement"}]},{"@type":"WebSite","@id":"https:\/\/villaggiocentrovacanzedeangelis.com\/#website","url":"https:\/\/villaggiocentrovacanzedeangelis.com\/","name":"Centro Vacanze De Angelis","description":"Riviera del Conero","publisher":{"@id":"https:\/\/villaggiocentrovacanzedeangelis.com\/#organization"},"potentialAction":[{"@type":"SearchAction","target":{"@type":"EntryPoint","urlTemplate":"https:\/\/villaggiocentrovacanzedeangelis.com\/?s={search_term_string}"},"query-input":{"@type":"PropertyValueSpecification","valueRequired":true,"valueName":"search_term_string"}}],"inLanguage":"fr-FR"},{"@type":"Organization","@id":"https:\/\/villaggiocentrovacanzedeangelis.com\/#organization","name":"Centro Vacanze De Angelis","url":"https:\/\/villaggiocentrovacanzedeangelis.com\/","logo":{"@type":"ImageObject","inLanguage":"fr-FR","@id":"https:\/\/villaggiocentrovacanzedeangelis.com\/#\/schema\/logo\/image\/","url":"https:\/\/villaggiocentrovacanzedeangelis.com\/wp-content\/uploads\/2020\/10\/cropped-Logo-HDV-100-png-copy.png","contentUrl":"https:\/\/villaggiocentrovacanzedeangelis.com\/wp-content\/uploads\/2020\/10\/cropped-Logo-HDV-100-png-copy.png","width":512,"height":512,"caption":"Centro Vacanze De Angelis"},"image":{"@id":"https:\/\/villaggiocentrovacanzedeangelis.com\/#\/schema\/logo\/image\/"},"sameAs":["https:\/\/www.facebook.com\/centrovacanzedeangelis.com","https:\/\/x.com\/deangelisresort","https:\/\/instagram.com\/deangelisresort"]}]}},"_links":{"self":[{"href":"https:\/\/villaggiocentrovacanzedeangelis.com\/fr\/wp-json\/wp\/v2\/pages\/6034","targetHints":{"allow":["GET"]}}],"collection":[{"href":"https:\/\/villaggiocentrovacanzedeangelis.com\/fr\/wp-json\/wp\/v2\/pages"}],"about":[{"href":"https:\/\/villaggiocentrovacanzedeangelis.com\/fr\/wp-json\/wp\/v2\/types\/page"}],"author":[{"embeddable":true,"href":"https:\/\/villaggiocentrovacanzedeangelis.com\/fr\/wp-json\/wp\/v2\/users\/1"}],"replies":[{"embeddable":true,"href":"https:\/\/villaggiocentrovacanzedeangelis.com\/fr\/wp-json\/wp\/v2\/comments?post=6034"}],"version-history":[{"count":3,"href":"https:\/\/villaggiocentrovacanzedeangelis.com\/fr\/wp-json\/wp\/v2\/pages\/6034\/revisions"}],"predecessor-version":[{"id":6060,"href":"https:\/\/villaggiocentrovacanzedeangelis.com\/fr\/wp-json\/wp\/v2\/pages\/6034\/revisions\/6060"}],"wp:attachment":[{"href":"https:\/\/villaggiocentrovacanzedeangelis.com\/fr\/wp-json\/wp\/v2\/media?parent=6034"}],"curies":[{"name":"wp","href":"https:\/\/api.w.org\/{rel}","templated":true}]}}