{"id":10246,"date":"2024-01-04T15:44:40","date_gmt":"2024-01-04T15:44:40","guid":{"rendered":"https:\/\/villaggiocentrovacanzedeangelis.com\/newsletter\/"},"modified":"2024-01-04T16:23:38","modified_gmt":"2024-01-04T16:23:38","slug":"newsletter","status":"publish","type":"page","link":"https:\/\/villaggiocentrovacanzedeangelis.com\/fr\/newsletter\/","title":{"rendered":"Newsletter"},"content":{"rendered":"<div class=\"wpb-content-wrapper\">[vc_row][vc_column][vc_custom_heading text=\u00a0\u00bbRestez connect\u00e9 avec Mondo De Angelis Resort\u00a0!\u00a0\u00bb google_fonts=\u00a0\u00bbfont_family:Fondamento%3Aregular%2Citalic|font_style:400%20regular%3A400%3Anormal\u00a0\u00bb][\/vc_column][\/vc_row][vc_row][vc_column][vc_column_text]Inscrivez-vous \u00e0 notre newsletter exclusive et plongez dans le monde enchanteur du De Angelis Resort ! Recevez des mises \u00e0 jour r\u00e9guli\u00e8res et laissez-vous inspirer pour vos prochaines vacances de r\u00eave. Vous d\u00e9couvrirez en avant-premi\u00e8re nos offres sp\u00e9ciales, nos promotions incontournables et nos forfaits exclusifs, con\u00e7us sp\u00e9cialement pour vous.<\/p>\n<p>Pourquoi s&rsquo;inscrire ?<\/p>\n<p>Offres exclusives : Seuls les abonn\u00e9s \u00e0 la newsletter ont acc\u00e8s aux r\u00e9ductions et offres sp\u00e9ciales, pour des \u00e9conomies garanties sur vos vacances.<br \/>\n\u00c9v\u00e9nements et divertissements\u00a0: restez inform\u00e9 de nos programmes de divertissement, des \u00e9v\u00e9nements sp\u00e9ciaux et des activit\u00e9s uniques qui rendent chaque s\u00e9jour au De Angelis Resort inoubliable.<br \/>\nNouvelles et mises \u00e0 jour\u00a0: soyez le premier inform\u00e9 des derni\u00e8res nouvelles, des services am\u00e9lior\u00e9s aux nouvelles attractions qui enrichiront votre exp\u00e9rience dans notre complexe.<\/p>\n<p>Laissez-vous captiver par la beaut\u00e9 et l&rsquo;excellence du De Angelis Resort, o\u00f9 chaque s\u00e9jour se transforme en une aventure inoubliable. Vos prochaines vacances de r\u00eave sont \u00e0 port\u00e9e de clic ![\/vc_column_text][\/vc_column][\/vc_row][vc_row][vc_column][vc_column_text]<div class=\"frm_forms  with_frm_style frm_style_stile-di-formidable\" id=\"frm_form_19_container\" >\n<form enctype=\"multipart\/form-data\" method=\"post\" class=\"frm-show-form  frm_pro_form \" id=\"form_contact-form44b7d37d816\" >\n<div class=\"frm_form_fields \">\n<fieldset>\n<legend class=\"frm_screen_reader\">NewsLetterFR<\/legend>\r\n\r\n<div class=\"frm_fields_container\">\n<input type=\"hidden\" name=\"frm_action\" value=\"create\" \/>\n<input type=\"hidden\" name=\"form_id\" value=\"19\" \/>\n<input type=\"hidden\" name=\"frm_hide_fields_19\" id=\"frm_hide_fields_19\" value=\"\" \/>\n<input type=\"hidden\" name=\"form_key\" value=\"contact-form44b7d37d816\" \/>\n<input type=\"hidden\" name=\"item_meta[0]\" value=\"\" \/>\n<input type=\"hidden\" id=\"frm_submit_entry_19\" name=\"frm_submit_entry_19\" value=\"592ca72ef4\" \/><input type=\"hidden\" name=\"_wp_http_referer\" value=\"\/fr\/wp-json\/wp\/v2\/pages\/10246\" \/><div id=\"frm_field_380_container\" class=\"frm_form_field form-field  frm_required_field form-group frm_top_container frm6 frm_first\">\r\n    <label for=\"field_qh4icy8441d04c9c6\" id=\"field_qh4icy8441d04c9c6_label\" class=\"frm_primary_label col-form-label form-label\">Pr\u00e9nom\r\n        <span class=\"frm_required\">*<\/span>\r\n    <\/label>\r\n    <input  type=\"text\" id=\"field_qh4icy8441d04c9c6\" name=\"item_meta[380]\" value=\"\"  data-reqmsg=\"Questo campo non pu\u00f2 essere vuoto.\" aria-required=\"true\" data-invmsg=\"Name non \u00e8 valido\" class=\"form-control\" aria-invalid=\"false\"   aria-describedby=\"frm_desc_field_qh4icy8441d04c9c6\" \/>\r\n    <div class=\"frm_description form-text\" id=\"frm_desc_field_qh4icy8441d04c9c6\">First<\/div>\r\n    \r\n<\/div>\n<div id=\"frm_field_381_container\" class=\"frm_form_field form-field  frm_required_field form-group frm_hidden_container frm6\">\r\n    <label for=\"field_ocfup17607579ef36\" id=\"field_ocfup17607579ef36_label\" class=\"frm_primary_label col-form-label form-label\">Nom\r\n        <span class=\"frm_required\">*<\/span>\r\n    <\/label>\r\n    <input  type=\"text\" id=\"field_ocfup17607579ef36\" name=\"item_meta[381]\" value=\"\"  data-reqmsg=\"Questo campo non pu\u00f2 essere vuoto.\" aria-required=\"true\" data-invmsg=\"Last non \u00e8 valido\" class=\"form-control\" aria-invalid=\"false\"   aria-describedby=\"frm_desc_field_ocfup17607579ef36\" \/>\r\n    <div class=\"frm_description form-text\" id=\"frm_desc_field_ocfup17607579ef36\">Last<\/div>\r\n    \r\n<\/div>\n<div id=\"frm_field_382_container\" class=\"frm_form_field form-field  frm_required_field form-group frm_top_container frm6 frm_first\">\r\n    <label for=\"field_uqm9u3d91491d2e6\" id=\"field_uqm9u3d91491d2e6_label\" class=\"frm_primary_label col-form-label form-label\">T\u00e9l\u00e9phone\r\n        <span class=\"frm_required\">*<\/span>\r\n    <\/label>\r\n    <input type=\"tel\" id=\"field_uqm9u3d91491d2e6\" name=\"item_meta[382]\" value=\"\"  placeholder=\"Telefono\" data-reqmsg=\"Questo campo non pu\u00f2 essere vuoto.\" aria-required=\"true\" data-invmsg=\"Phone non \u00e8 valido\" class=\"form-control\" aria-invalid=\"false\" pattern=\"((\\+\\d{1,3}(-|.| )?\\(?\\d\\)?(-| |.)?\\d{1,5})|(\\(?\\d{2,6}\\)?))(-|.| )?(\\d{3,4})(-|.| )?(\\d{4})(( x| ext)\\d{1,5}){0,1}$\"  \/>\r\n    \r\n    \r\n<\/div>\n<div id=\"frm_field_383_container\" class=\"frm_form_field form-field  frm_required_field form-group frm_top_container frm6\">\r\n    <label for=\"field_29yf4d55b1bc023c6\" id=\"field_29yf4d55b1bc023c6_label\" class=\"frm_primary_label col-form-label form-label\">Email\r\n        <span class=\"frm_required\">*<\/span>\r\n    <\/label>\r\n    <input type=\"email\" id=\"field_29yf4d55b1bc023c6\" name=\"item_meta[383]\" value=\"\"  data-reqmsg=\"Questo campo non pu\u00f2 essere vuoto.\" aria-required=\"true\" data-invmsg=\"Please enter a valid email address\" class=\"form-control\" aria-invalid=\"false\"  \/>\r\n    \r\n    \r\n<\/div>\n<div id=\"frm_field_384_container\" class=\"frm_form_field form-field  form-group frm_top_container\">\r\n    <label for=\"field_mhodvdd44e2dcff6\" id=\"field_mhodvdd44e2dcff6_label\" class=\"frm_primary_label col-form-label form-label\">Note\r\n        <span class=\"frm_required\"><\/span>\r\n    <\/label>\r\n    <input  type=\"text\" id=\"field_mhodvdd44e2dcff6\" name=\"item_meta[384]\" value=\"\"  data-invmsg=\"Testo non \u00e8 valido\" class=\"form-control\" aria-invalid=\"false\"   \/>\r\n    \r\n    \r\n<\/div>\n<div id=\"frm_field_385_container\" class=\"frm_form_field form-field  frm_required_field form-group frm_top_container vertical_radio\">\r\n    <div  id=\"field_hfbsh4ee92b592f6_label\" class=\"frm_primary_label col-form-label form-label\">En envoyant la demande, je d\u00e9clare avoir lu les informations de confidentialit\u00e9 et consentir au traitement des donn\u00e9es pour la fourniture du service demand\u00e9 (demande de contact). Les consentements facultatifs sont r\u00e9pertori\u00e9s ci-dessous\u00a0:\r\n        <span class=\"frm_required\">*<\/span>\r\n    <\/div>\r\n    <div class=\"frm_opt_container\" aria-labelledby=\"field_hfbsh4ee92b592f6_label\" role=\"group\">\t\t<div class=\"frm_checkbox checkbox\" id=\"frm_checkbox_385-0\">\t\t\t<label  for=\"field_hfbsh4ee92b592f6-0\">\n\t\t\t<input type=\"checkbox\" name=\"item_meta[385][]\" id=\"field_hfbsh4ee92b592f6-0\" value=\"J&#039;accepte le traitement des donn\u00e9es r\u00e9sultant des informations de confidentialit\u00e9 \u00e0 des fins d&#039;envoi de mat\u00e9riel promotionnel\"  data-reqmsg=\"Questo campo non pu\u00f2 essere vuoto.\" data-invmsg=\"En envoyant la demande, je d\u00e9clare avoir lu les informations de confidentialit\u00e9 et consentir au traitement des donn\u00e9es pour la fourniture du service demand\u00e9 (demande de contact). Les consentements facultatifs sont r\u00e9pertori\u00e9s ci-dessous\u00a0: est non valide\"   aria-required=\"true\"  \/> J'accepte le traitement des donn\u00e9es r\u00e9sultant des informations de confidentialit\u00e9 \u00e0 des fins d'envoi de mat\u00e9riel promotionnel<\/label><\/div>\n\t\t<div class=\"frm_checkbox checkbox\" id=\"frm_checkbox_385-1\">\t\t\t<label  for=\"field_hfbsh4ee92b592f6-1\">\n\t\t\t<input type=\"checkbox\" name=\"item_meta[385][]\" id=\"field_hfbsh4ee92b592f6-1\" value=\"J&#039;accepte le traitement des donn\u00e9es r\u00e9sultant des informations de confidentialit\u00e9 \u00e0 des fins de participation \u00e0 des \u00e9tudes de march\u00e9 ou \u00e0 des enqu\u00eates\u00a0:\"  data-reqmsg=\"Questo campo non pu\u00f2 essere vuoto.\" data-invmsg=\"En envoyant la demande, je d\u00e9clare avoir lu les informations de confidentialit\u00e9 et consentir au traitement des donn\u00e9es pour la fourniture du service demand\u00e9 (demande de contact). Les consentements facultatifs sont r\u00e9pertori\u00e9s ci-dessous\u00a0: est non valide\"   \/> J'accepte le traitement des donn\u00e9es r\u00e9sultant des informations de confidentialit\u00e9 \u00e0 des fins de participation \u00e0 des \u00e9tudes de march\u00e9 ou \u00e0 des enqu\u00eates\u00a0:<\/label><\/div>\n\t\t<div class=\"frm_checkbox checkbox\" id=\"frm_checkbox_385-2\">\t\t\t<label  for=\"field_hfbsh4ee92b592f6-2\">\n\t\t\t<input type=\"checkbox\" name=\"item_meta[385][]\" id=\"field_hfbsh4ee92b592f6-2\" value=\"J&#039;accepte le traitement des donn\u00e9es r\u00e9sultant des informations confidentielles \u00e0 des fins de communication \u00e0 des tiers :\"  data-reqmsg=\"Questo campo non pu\u00f2 essere vuoto.\" data-invmsg=\"En envoyant la demande, je d\u00e9clare avoir lu les informations de confidentialit\u00e9 et consentir au traitement des donn\u00e9es pour la fourniture du service demand\u00e9 (demande de contact). Les consentements facultatifs sont r\u00e9pertori\u00e9s ci-dessous\u00a0: est non valide\"   \/> J'accepte le traitement des donn\u00e9es r\u00e9sultant des informations confidentielles \u00e0 des fins de communication \u00e0 des tiers :<\/label><\/div>\n<\/div>\r\n    \r\n    \r\n<\/div>\n\t<input type=\"hidden\" name=\"item_key\" value=\"\" \/>\n\t\t\t<div id=\"frm_field_427_container\">\n\t\t\t<label for=\"field_xhshp\" >\n\t\t\t\tSi vous \u00eates un humain, ne remplissez pas ce champ.\t\t\t<\/label>\n\t\t\t<input  id=\"field_xhshp\" type=\"text\" class=\"frm_form_field form-field frm_verify\" name=\"item_meta[427]\" value=\"\"  \/>\n\t\t<\/div>\n\t\t<input name=\"frm_state\" type=\"hidden\" value=\"l3\/fNYe2DmvM2LnCLgjzBDdhd7bKO7YgMocvoicJVDYnwX0ii6lTG+bGguxMLbJL\" \/><div class=\"form-group frm_submit\">\r\n\r\n<button class=\"frm_button_submit btn btn-secondary frm_final_submit\" type=\"submit\"   formnovalidate=\"formnovalidate\">Invia<\/button>\r\n\r\n<\/div><\/div>\n<\/fieldset>\n<\/div>\n\n<p style=\"display: none !important;\" class=\"akismet-fields-container\" data-prefix=\"ak_\"><label>&#916;<textarea name=\"ak_hp_textarea\" cols=\"45\" rows=\"8\" maxlength=\"100\"><\/textarea><\/label><input type=\"hidden\" id=\"ak_js_1\" name=\"ak_js\" value=\"55\"\/><script>document.getElementById( \"ak_js_1\" ).setAttribute( \"value\", ( new Date() ).getTime() );<\/script><\/p><\/form>\n<\/div>\n[\/vc_column_text][\/vc_column][\/vc_row]\n<\/div>","protected":false},"excerpt":{"rendered":"<p>[vc_row][vc_column][vc_custom_heading text=\u00a0\u00bbRestez connect\u00e9 avec Mondo De Angelis Resort\u00a0!\u00a0\u00bb google_fonts=\u00a0\u00bbfont_family:Fondamento%3Aregular%2Citalic|font_style:400%20regular%3A400%3Anormal\u00a0\u00bb][\/vc_column][\/vc_row][vc_row][vc_column][vc_column_text]Inscrivez-vous \u00e0 notre newsletter exclusive et plongez dans le monde enchanteur du [&hellip;]<\/p>\n","protected":false},"author":1,"featured_media":0,"parent":0,"menu_order":0,"comment_status":"closed","ping_status":"closed","template":"","meta":{"footnotes":""},"class_list":["post-10246","page","type-page","status-publish","hentry"],"yoast_head":"<!-- This site is optimized with the Yoast SEO Premium plugin v27.3 (Yoast SEO v27.3) - https:\/\/yoast.com\/product\/yoast-seo-premium-wordpress\/ -->\n<title>Newsletter - Centro Vacanze De Angelis<\/title>\n<meta name=\"robots\" content=\"index, follow, max-snippet:-1, max-image-preview:large, max-video-preview:-1\" \/>\n<link rel=\"canonical\" href=\"https:\/\/villaggiocentrovacanzedeangelis.com\/fr\/newsletter\/\" \/>\n<meta property=\"og:locale\" content=\"fr_FR\" \/>\n<meta property=\"og:type\" content=\"article\" \/>\n<meta property=\"og:title\" content=\"Newsletter\" \/>\n<meta property=\"og:description\" content=\"[vc_row][vc_column][vc_custom_heading text=\u00a0\u00bbRestez connect\u00e9 avec Mondo De Angelis Resort\u00a0!\u00a0\u00bb google_fonts=\u00a0\u00bbfont_family:Fondamento%3Aregular%2Citalic|font_style:400%20regular%3A400%3Anormal\u00a0\u00bb][\/vc_column][\/vc_row][vc_row][vc_column][vc_column_text]Inscrivez-vous \u00e0 notre newsletter exclusive et plongez dans le monde enchanteur du [&hellip;]\" \/>\n<meta property=\"og:url\" content=\"https:\/\/villaggiocentrovacanzedeangelis.com\/fr\/newsletter\/\" \/>\n<meta property=\"og:site_name\" content=\"Centro Vacanze De Angelis\" \/>\n<meta property=\"article:publisher\" content=\"https:\/\/www.facebook.com\/centrovacanzedeangelis.com\" \/>\n<meta property=\"article:modified_time\" content=\"2024-01-04T16:23:38+00:00\" \/>\n<meta name=\"twitter:card\" content=\"summary_large_image\" \/>\n<meta name=\"twitter:site\" content=\"@deangelisresort\" \/>\n<meta name=\"twitter:label1\" content=\"Dur\u00e9e de lecture estim\u00e9e\" \/>\n\t<meta name=\"twitter:data1\" content=\"1 minute\" \/>\n<script type=\"application\/ld+json\" class=\"yoast-schema-graph\">{\"@context\":\"https:\\\/\\\/schema.org\",\"@graph\":[{\"@type\":\"WebPage\",\"@id\":\"https:\\\/\\\/villaggiocentrovacanzedeangelis.com\\\/fr\\\/newsletter\\\/\",\"url\":\"https:\\\/\\\/villaggiocentrovacanzedeangelis.com\\\/fr\\\/newsletter\\\/\",\"name\":\"Newsletter - Centro Vacanze De Angelis\",\"isPartOf\":{\"@id\":\"https:\\\/\\\/villaggiocentrovacanzedeangelis.com\\\/#website\"},\"datePublished\":\"2024-01-04T15:44:40+00:00\",\"dateModified\":\"2024-01-04T16:23:38+00:00\",\"breadcrumb\":{\"@id\":\"https:\\\/\\\/villaggiocentrovacanzedeangelis.com\\\/fr\\\/newsletter\\\/#breadcrumb\"},\"inLanguage\":\"fr-FR\",\"potentialAction\":[{\"@type\":\"ReadAction\",\"target\":[\"https:\\\/\\\/villaggiocentrovacanzedeangelis.com\\\/fr\\\/newsletter\\\/\"]}]},{\"@type\":\"BreadcrumbList\",\"@id\":\"https:\\\/\\\/villaggiocentrovacanzedeangelis.com\\\/fr\\\/newsletter\\\/#breadcrumb\",\"itemListElement\":[{\"@type\":\"ListItem\",\"position\":1,\"name\":\"Home\",\"item\":\"https:\\\/\\\/villaggiocentrovacanzedeangelis.com\\\/fr\\\/\"},{\"@type\":\"ListItem\",\"position\":2,\"name\":\"Newsletter\"}]},{\"@type\":\"WebSite\",\"@id\":\"https:\\\/\\\/villaggiocentrovacanzedeangelis.com\\\/#website\",\"url\":\"https:\\\/\\\/villaggiocentrovacanzedeangelis.com\\\/\",\"name\":\"Centro Vacanze De Angelis\",\"description\":\"Riviera del Conero\",\"publisher\":{\"@id\":\"https:\\\/\\\/villaggiocentrovacanzedeangelis.com\\\/#organization\"},\"potentialAction\":[{\"@type\":\"SearchAction\",\"target\":{\"@type\":\"EntryPoint\",\"urlTemplate\":\"https:\\\/\\\/villaggiocentrovacanzedeangelis.com\\\/?s={search_term_string}\"},\"query-input\":{\"@type\":\"PropertyValueSpecification\",\"valueRequired\":true,\"valueName\":\"search_term_string\"}}],\"inLanguage\":\"fr-FR\"},{\"@type\":\"Organization\",\"@id\":\"https:\\\/\\\/villaggiocentrovacanzedeangelis.com\\\/#organization\",\"name\":\"Centro Vacanze De Angelis\",\"url\":\"https:\\\/\\\/villaggiocentrovacanzedeangelis.com\\\/\",\"logo\":{\"@type\":\"ImageObject\",\"inLanguage\":\"fr-FR\",\"@id\":\"https:\\\/\\\/villaggiocentrovacanzedeangelis.com\\\/#\\\/schema\\\/logo\\\/image\\\/\",\"url\":\"https:\\\/\\\/villaggiocentrovacanzedeangelis.com\\\/wp-content\\\/uploads\\\/2020\\\/10\\\/cropped-Logo-HDV-100-png-copy.png\",\"contentUrl\":\"https:\\\/\\\/villaggiocentrovacanzedeangelis.com\\\/wp-content\\\/uploads\\\/2020\\\/10\\\/cropped-Logo-HDV-100-png-copy.png\",\"width\":512,\"height\":512,\"caption\":\"Centro Vacanze De Angelis\"},\"image\":{\"@id\":\"https:\\\/\\\/villaggiocentrovacanzedeangelis.com\\\/#\\\/schema\\\/logo\\\/image\\\/\"},\"sameAs\":[\"https:\\\/\\\/www.facebook.com\\\/centrovacanzedeangelis.com\",\"https:\\\/\\\/x.com\\\/deangelisresort\",\"https:\\\/\\\/instagram.com\\\/deangelisresort\"]}]}<\/script>\n<!-- \/ Yoast SEO Premium plugin. -->","yoast_head_json":{"title":"Newsletter - Centro Vacanze De Angelis","robots":{"index":"index","follow":"follow","max-snippet":"max-snippet:-1","max-image-preview":"max-image-preview:large","max-video-preview":"max-video-preview:-1"},"canonical":"https:\/\/villaggiocentrovacanzedeangelis.com\/fr\/newsletter\/","og_locale":"fr_FR","og_type":"article","og_title":"Newsletter","og_description":"[vc_row][vc_column][vc_custom_heading text=\u00a0\u00bbRestez connect\u00e9 avec Mondo De Angelis Resort\u00a0!\u00a0\u00bb google_fonts=\u00a0\u00bbfont_family:Fondamento%3Aregular%2Citalic|font_style:400%20regular%3A400%3Anormal\u00a0\u00bb][\/vc_column][\/vc_row][vc_row][vc_column][vc_column_text]Inscrivez-vous \u00e0 notre newsletter exclusive et plongez dans le monde enchanteur du [&hellip;]","og_url":"https:\/\/villaggiocentrovacanzedeangelis.com\/fr\/newsletter\/","og_site_name":"Centro Vacanze De Angelis","article_publisher":"https:\/\/www.facebook.com\/centrovacanzedeangelis.com","article_modified_time":"2024-01-04T16:23:38+00:00","twitter_card":"summary_large_image","twitter_site":"@deangelisresort","twitter_misc":{"Dur\u00e9e de lecture estim\u00e9e":"1 minute"},"schema":{"@context":"https:\/\/schema.org","@graph":[{"@type":"WebPage","@id":"https:\/\/villaggiocentrovacanzedeangelis.com\/fr\/newsletter\/","url":"https:\/\/villaggiocentrovacanzedeangelis.com\/fr\/newsletter\/","name":"Newsletter - Centro Vacanze De Angelis","isPartOf":{"@id":"https:\/\/villaggiocentrovacanzedeangelis.com\/#website"},"datePublished":"2024-01-04T15:44:40+00:00","dateModified":"2024-01-04T16:23:38+00:00","breadcrumb":{"@id":"https:\/\/villaggiocentrovacanzedeangelis.com\/fr\/newsletter\/#breadcrumb"},"inLanguage":"fr-FR","potentialAction":[{"@type":"ReadAction","target":["https:\/\/villaggiocentrovacanzedeangelis.com\/fr\/newsletter\/"]}]},{"@type":"BreadcrumbList","@id":"https:\/\/villaggiocentrovacanzedeangelis.com\/fr\/newsletter\/#breadcrumb","itemListElement":[{"@type":"ListItem","position":1,"name":"Home","item":"https:\/\/villaggiocentrovacanzedeangelis.com\/fr\/"},{"@type":"ListItem","position":2,"name":"Newsletter"}]},{"@type":"WebSite","@id":"https:\/\/villaggiocentrovacanzedeangelis.com\/#website","url":"https:\/\/villaggiocentrovacanzedeangelis.com\/","name":"Centro Vacanze De Angelis","description":"Riviera del Conero","publisher":{"@id":"https:\/\/villaggiocentrovacanzedeangelis.com\/#organization"},"potentialAction":[{"@type":"SearchAction","target":{"@type":"EntryPoint","urlTemplate":"https:\/\/villaggiocentrovacanzedeangelis.com\/?s={search_term_string}"},"query-input":{"@type":"PropertyValueSpecification","valueRequired":true,"valueName":"search_term_string"}}],"inLanguage":"fr-FR"},{"@type":"Organization","@id":"https:\/\/villaggiocentrovacanzedeangelis.com\/#organization","name":"Centro Vacanze De Angelis","url":"https:\/\/villaggiocentrovacanzedeangelis.com\/","logo":{"@type":"ImageObject","inLanguage":"fr-FR","@id":"https:\/\/villaggiocentrovacanzedeangelis.com\/#\/schema\/logo\/image\/","url":"https:\/\/villaggiocentrovacanzedeangelis.com\/wp-content\/uploads\/2020\/10\/cropped-Logo-HDV-100-png-copy.png","contentUrl":"https:\/\/villaggiocentrovacanzedeangelis.com\/wp-content\/uploads\/2020\/10\/cropped-Logo-HDV-100-png-copy.png","width":512,"height":512,"caption":"Centro Vacanze De Angelis"},"image":{"@id":"https:\/\/villaggiocentrovacanzedeangelis.com\/#\/schema\/logo\/image\/"},"sameAs":["https:\/\/www.facebook.com\/centrovacanzedeangelis.com","https:\/\/x.com\/deangelisresort","https:\/\/instagram.com\/deangelisresort"]}]}},"_links":{"self":[{"href":"https:\/\/villaggiocentrovacanzedeangelis.com\/fr\/wp-json\/wp\/v2\/pages\/10246","targetHints":{"allow":["GET"]}}],"collection":[{"href":"https:\/\/villaggiocentrovacanzedeangelis.com\/fr\/wp-json\/wp\/v2\/pages"}],"about":[{"href":"https:\/\/villaggiocentrovacanzedeangelis.com\/fr\/wp-json\/wp\/v2\/types\/page"}],"author":[{"embeddable":true,"href":"https:\/\/villaggiocentrovacanzedeangelis.com\/fr\/wp-json\/wp\/v2\/users\/1"}],"replies":[{"embeddable":true,"href":"https:\/\/villaggiocentrovacanzedeangelis.com\/fr\/wp-json\/wp\/v2\/comments?post=10246"}],"version-history":[{"count":5,"href":"https:\/\/villaggiocentrovacanzedeangelis.com\/fr\/wp-json\/wp\/v2\/pages\/10246\/revisions"}],"predecessor-version":[{"id":10283,"href":"https:\/\/villaggiocentrovacanzedeangelis.com\/fr\/wp-json\/wp\/v2\/pages\/10246\/revisions\/10283"}],"wp:attachment":[{"href":"https:\/\/villaggiocentrovacanzedeangelis.com\/fr\/wp-json\/wp\/v2\/media?parent=10246"}],"curies":[{"name":"wp","href":"https:\/\/api.w.org\/{rel}","templated":true}]}}