{"id":10213,"date":"2023-04-02T18:08:21","date_gmt":"2023-04-02T18:08:21","guid":{"rendered":"https:\/\/villaggiocentrovacanzedeangelis.com\/cerimonie\/"},"modified":"2023-12-30T08:41:58","modified_gmt":"2023-12-30T08:41:58","slug":"ceremonies","status":"publish","type":"page","link":"https:\/\/villaggiocentrovacanzedeangelis.com\/fr\/ceremonies\/","title":{"rendered":"C\u00e9r\u00e9monies"},"content":{"rendered":"<div class=\"wpb-content-wrapper\">[vc_row][vc_column][vc_custom_heading text=\u00a0\u00bbDe Angelis Resort : l\u2019endroit id\u00e9al pour des c\u00e9r\u00e9monies inoubliables\u00a0\u00bb google_fonts=\u00a0\u00bbfont_family:Italianno%3Aregular|font_style:400%20regular%3A400%3Anormal\u00a0\u00bb][\/vc_column][\/vc_row][vc_row][vc_column][vc_column_text]Situ\u00e9 au c\u0153ur d\u2019un paysage \u00e0 couper le souffle, le De Angelis Resort est le lieu id\u00e9al par excellence pour accueillir des c\u00e9r\u00e9monies de toutes sortes. Avec une combinaison unique d&rsquo;\u00e9l\u00e9gance, de polyvalence et de beaut\u00e9 naturelle, notre complexe est l&rsquo;endroit id\u00e9al pour cr\u00e9er des souvenirs qui dureront toute une vie.<\/p>\n<p>Grandes chambres et espaces polyvalents : Nos grandes chambres repr\u00e9sentent le m\u00e9lange id\u00e9al de luxe et de fonctionnalit\u00e9. Chaque salle est con\u00e7ue pour \u00eatre modulable, permettant une personnalisation compl\u00e8te pour s&rsquo;adapter aux besoins sp\u00e9cifiques de chaque \u00e9v\u00e9nement. Qu&rsquo;il s&rsquo;agisse d&rsquo;un mariage somptueux, d&rsquo;une r\u00e9ception intime ou d&rsquo;une grande c\u00e9l\u00e9bration, nos salles se transforment pour refl\u00e9ter la vision et le style de nos invit\u00e9s.<\/p>\n<p>Jardins enchanteurs et piscines \u00e9vocatrices\u00a0: Nos jardins, avec une attention port\u00e9e aux moindres d\u00e9tails, offrent une toile de fond naturelle \u00e0 couper le souffle pour toute c\u00e9r\u00e9monie. Des sentiers serpentant entre des fleurs color\u00e9es et des fontaines dansantes m\u00e8nent \u00e0 des piscines \u00e9tincelantes, cr\u00e9ant une atmosph\u00e8re de r\u00eave pour des \u00e9v\u00e9nements en plein air sous le ciel \u00e9toil\u00e9.<\/p>\n<p>Salles de r\u00e9union modulables : Pour les \u00e9v\u00e9nements d&rsquo;entreprise et les conf\u00e9rences, nos salles de r\u00e9union offrent une flexibilit\u00e9 maximale. Equip\u00e9es d&rsquo;une technologie de pointe, ces salles peuvent \u00eatre adapt\u00e9es pour des r\u00e9unions de toute taille, garantissant que chaque \u00e9v\u00e9nement soit non seulement \u00e9l\u00e9gant, mais aussi fonctionnel.<\/p>\n<p>Chapelle Romantique : Notre petite chapelle, joyau architectural, est le lieu id\u00e9al pour dire \u00ab Oui \u00bb. Avec son atmosph\u00e8re intimiste et sacr\u00e9e, il offre un environnement serein et romantique, parfait pour les c\u00e9r\u00e9monies religieuses ou les renouvellements de v\u0153ux.<\/p>\n<p>Club de plage exclusif : Pour les amoureux de la plage, notre club de plage est un paradis tropical. Avec sa vue imprenable sur la mer et son sable dor\u00e9, c&rsquo;est l&rsquo;endroit id\u00e9al pour c\u00e9l\u00e9brer des moments privil\u00e9gi\u00e9s au coucher du soleil, avec le bruit des vagues en guise de bande sonore.<\/p>\n<p>Au De Angelis Resort, chaque d\u00e9tail est soign\u00e9 avec passion pour garantir que votre c\u00e9r\u00e9monie n&rsquo;est pas seulement un \u00e9v\u00e9nement, mais une exp\u00e9rience transformationnelle. Nous vous invitons \u00e0 d\u00e9couvrir la magie de notre station et \u00e0 vivre un moment qui d\u00e9passera toutes vos attentes.[\/vc_column_text][\/vc_column][\/vc_row]\n<\/div>","protected":false},"excerpt":{"rendered":"<p>[vc_row][vc_column][vc_custom_heading text=\u00a0\u00bbDe Angelis Resort : l\u2019endroit id\u00e9al pour des c\u00e9r\u00e9monies inoubliables\u00a0\u00bb google_fonts=\u00a0\u00bbfont_family:Italianno%3Aregular|font_style:400%20regular%3A400%3Anormal\u00a0\u00bb][\/vc_column][\/vc_row][vc_row][vc_column][vc_column_text]Situ\u00e9 au c\u0153ur d\u2019un paysage \u00e0 couper le souffle, [&hellip;]<\/p>\n","protected":false},"author":1,"featured_media":0,"parent":0,"menu_order":0,"comment_status":"closed","ping_status":"closed","template":"","meta":{"footnotes":""},"class_list":["post-10213","page","type-page","status-publish","hentry"],"yoast_head":"<!-- This site is optimized with the Yoast SEO Premium plugin v27.3 (Yoast SEO v27.3) - https:\/\/yoast.com\/product\/yoast-seo-premium-wordpress\/ -->\n<title>C\u00e9r\u00e9monies - Centro Vacanze De Angelis<\/title>\n<meta name=\"robots\" content=\"index, follow, max-snippet:-1, max-image-preview:large, max-video-preview:-1\" \/>\n<link rel=\"canonical\" href=\"https:\/\/villaggiocentrovacanzedeangelis.com\/cerimonie\/\" \/>\n<meta property=\"og:locale\" content=\"fr_FR\" \/>\n<meta property=\"og:type\" content=\"article\" \/>\n<meta property=\"og:title\" content=\"C\u00e9r\u00e9monies\" \/>\n<meta property=\"og:description\" content=\"[vc_row][vc_column][vc_custom_heading text=\u00a0\u00bbDe Angelis Resort : l\u2019endroit id\u00e9al pour des c\u00e9r\u00e9monies inoubliables\u00a0\u00bb google_fonts=\u00a0\u00bbfont_family:Italianno%3Aregular|font_style:400%20regular%3A400%3Anormal\u00a0\u00bb][\/vc_column][\/vc_row][vc_row][vc_column][vc_column_text]Situ\u00e9 au c\u0153ur d\u2019un paysage \u00e0 couper le souffle, [&hellip;]\" \/>\n<meta property=\"og:url\" content=\"https:\/\/villaggiocentrovacanzedeangelis.com\/cerimonie\/\" \/>\n<meta property=\"og:site_name\" content=\"Centro Vacanze De Angelis\" \/>\n<meta property=\"article:publisher\" content=\"https:\/\/www.facebook.com\/centrovacanzedeangelis.com\" \/>\n<meta property=\"article:modified_time\" content=\"2023-12-30T08:41:58+00:00\" \/>\n<meta name=\"twitter:card\" content=\"summary_large_image\" \/>\n<meta name=\"twitter:site\" content=\"@deangelisresort\" \/>\n<meta name=\"twitter:label1\" content=\"Dur\u00e9e de lecture estim\u00e9e\" \/>\n\t<meta name=\"twitter:data1\" content=\"2 minutes\" \/>\n<script type=\"application\/ld+json\" class=\"yoast-schema-graph\">{\"@context\":\"https:\\\/\\\/schema.org\",\"@graph\":[{\"@type\":\"WebPage\",\"@id\":\"https:\\\/\\\/villaggiocentrovacanzedeangelis.com\\\/cerimonie\\\/\",\"url\":\"https:\\\/\\\/villaggiocentrovacanzedeangelis.com\\\/cerimonie\\\/\",\"name\":\"C\u00e9r\u00e9monies - Centro Vacanze De Angelis\",\"isPartOf\":{\"@id\":\"https:\\\/\\\/villaggiocentrovacanzedeangelis.com\\\/#website\"},\"datePublished\":\"2023-04-02T18:08:21+00:00\",\"dateModified\":\"2023-12-30T08:41:58+00:00\",\"breadcrumb\":{\"@id\":\"https:\\\/\\\/villaggiocentrovacanzedeangelis.com\\\/cerimonie\\\/#breadcrumb\"},\"inLanguage\":\"fr-FR\",\"potentialAction\":[{\"@type\":\"ReadAction\",\"target\":[\"https:\\\/\\\/villaggiocentrovacanzedeangelis.com\\\/cerimonie\\\/\"]}]},{\"@type\":\"BreadcrumbList\",\"@id\":\"https:\\\/\\\/villaggiocentrovacanzedeangelis.com\\\/cerimonie\\\/#breadcrumb\",\"itemListElement\":[{\"@type\":\"ListItem\",\"position\":1,\"name\":\"Home\",\"item\":\"https:\\\/\\\/villaggiocentrovacanzedeangelis.com\\\/fr\\\/\"},{\"@type\":\"ListItem\",\"position\":2,\"name\":\"C\u00e9r\u00e9monies\"}]},{\"@type\":\"WebSite\",\"@id\":\"https:\\\/\\\/villaggiocentrovacanzedeangelis.com\\\/#website\",\"url\":\"https:\\\/\\\/villaggiocentrovacanzedeangelis.com\\\/\",\"name\":\"Centro Vacanze De Angelis\",\"description\":\"Riviera del Conero\",\"publisher\":{\"@id\":\"https:\\\/\\\/villaggiocentrovacanzedeangelis.com\\\/#organization\"},\"potentialAction\":[{\"@type\":\"SearchAction\",\"target\":{\"@type\":\"EntryPoint\",\"urlTemplate\":\"https:\\\/\\\/villaggiocentrovacanzedeangelis.com\\\/?s={search_term_string}\"},\"query-input\":{\"@type\":\"PropertyValueSpecification\",\"valueRequired\":true,\"valueName\":\"search_term_string\"}}],\"inLanguage\":\"fr-FR\"},{\"@type\":\"Organization\",\"@id\":\"https:\\\/\\\/villaggiocentrovacanzedeangelis.com\\\/#organization\",\"name\":\"Centro Vacanze De Angelis\",\"url\":\"https:\\\/\\\/villaggiocentrovacanzedeangelis.com\\\/\",\"logo\":{\"@type\":\"ImageObject\",\"inLanguage\":\"fr-FR\",\"@id\":\"https:\\\/\\\/villaggiocentrovacanzedeangelis.com\\\/#\\\/schema\\\/logo\\\/image\\\/\",\"url\":\"https:\\\/\\\/villaggiocentrovacanzedeangelis.com\\\/wp-content\\\/uploads\\\/2020\\\/10\\\/cropped-Logo-HDV-100-png-copy.png\",\"contentUrl\":\"https:\\\/\\\/villaggiocentrovacanzedeangelis.com\\\/wp-content\\\/uploads\\\/2020\\\/10\\\/cropped-Logo-HDV-100-png-copy.png\",\"width\":512,\"height\":512,\"caption\":\"Centro Vacanze De Angelis\"},\"image\":{\"@id\":\"https:\\\/\\\/villaggiocentrovacanzedeangelis.com\\\/#\\\/schema\\\/logo\\\/image\\\/\"},\"sameAs\":[\"https:\\\/\\\/www.facebook.com\\\/centrovacanzedeangelis.com\",\"https:\\\/\\\/x.com\\\/deangelisresort\",\"https:\\\/\\\/instagram.com\\\/deangelisresort\"]}]}<\/script>\n<!-- \/ Yoast SEO Premium plugin. -->","yoast_head_json":{"title":"C\u00e9r\u00e9monies - Centro Vacanze De Angelis","robots":{"index":"index","follow":"follow","max-snippet":"max-snippet:-1","max-image-preview":"max-image-preview:large","max-video-preview":"max-video-preview:-1"},"canonical":"https:\/\/villaggiocentrovacanzedeangelis.com\/cerimonie\/","og_locale":"fr_FR","og_type":"article","og_title":"C\u00e9r\u00e9monies","og_description":"[vc_row][vc_column][vc_custom_heading text=\u00a0\u00bbDe Angelis Resort : l\u2019endroit id\u00e9al pour des c\u00e9r\u00e9monies inoubliables\u00a0\u00bb google_fonts=\u00a0\u00bbfont_family:Italianno%3Aregular|font_style:400%20regular%3A400%3Anormal\u00a0\u00bb][\/vc_column][\/vc_row][vc_row][vc_column][vc_column_text]Situ\u00e9 au c\u0153ur d\u2019un paysage \u00e0 couper le souffle, [&hellip;]","og_url":"https:\/\/villaggiocentrovacanzedeangelis.com\/cerimonie\/","og_site_name":"Centro Vacanze De Angelis","article_publisher":"https:\/\/www.facebook.com\/centrovacanzedeangelis.com","article_modified_time":"2023-12-30T08:41:58+00:00","twitter_card":"summary_large_image","twitter_site":"@deangelisresort","twitter_misc":{"Dur\u00e9e de lecture estim\u00e9e":"2 minutes"},"schema":{"@context":"https:\/\/schema.org","@graph":[{"@type":"WebPage","@id":"https:\/\/villaggiocentrovacanzedeangelis.com\/cerimonie\/","url":"https:\/\/villaggiocentrovacanzedeangelis.com\/cerimonie\/","name":"C\u00e9r\u00e9monies - Centro Vacanze De Angelis","isPartOf":{"@id":"https:\/\/villaggiocentrovacanzedeangelis.com\/#website"},"datePublished":"2023-04-02T18:08:21+00:00","dateModified":"2023-12-30T08:41:58+00:00","breadcrumb":{"@id":"https:\/\/villaggiocentrovacanzedeangelis.com\/cerimonie\/#breadcrumb"},"inLanguage":"fr-FR","potentialAction":[{"@type":"ReadAction","target":["https:\/\/villaggiocentrovacanzedeangelis.com\/cerimonie\/"]}]},{"@type":"BreadcrumbList","@id":"https:\/\/villaggiocentrovacanzedeangelis.com\/cerimonie\/#breadcrumb","itemListElement":[{"@type":"ListItem","position":1,"name":"Home","item":"https:\/\/villaggiocentrovacanzedeangelis.com\/fr\/"},{"@type":"ListItem","position":2,"name":"C\u00e9r\u00e9monies"}]},{"@type":"WebSite","@id":"https:\/\/villaggiocentrovacanzedeangelis.com\/#website","url":"https:\/\/villaggiocentrovacanzedeangelis.com\/","name":"Centro Vacanze De Angelis","description":"Riviera del Conero","publisher":{"@id":"https:\/\/villaggiocentrovacanzedeangelis.com\/#organization"},"potentialAction":[{"@type":"SearchAction","target":{"@type":"EntryPoint","urlTemplate":"https:\/\/villaggiocentrovacanzedeangelis.com\/?s={search_term_string}"},"query-input":{"@type":"PropertyValueSpecification","valueRequired":true,"valueName":"search_term_string"}}],"inLanguage":"fr-FR"},{"@type":"Organization","@id":"https:\/\/villaggiocentrovacanzedeangelis.com\/#organization","name":"Centro Vacanze De Angelis","url":"https:\/\/villaggiocentrovacanzedeangelis.com\/","logo":{"@type":"ImageObject","inLanguage":"fr-FR","@id":"https:\/\/villaggiocentrovacanzedeangelis.com\/#\/schema\/logo\/image\/","url":"https:\/\/villaggiocentrovacanzedeangelis.com\/wp-content\/uploads\/2020\/10\/cropped-Logo-HDV-100-png-copy.png","contentUrl":"https:\/\/villaggiocentrovacanzedeangelis.com\/wp-content\/uploads\/2020\/10\/cropped-Logo-HDV-100-png-copy.png","width":512,"height":512,"caption":"Centro Vacanze De Angelis"},"image":{"@id":"https:\/\/villaggiocentrovacanzedeangelis.com\/#\/schema\/logo\/image\/"},"sameAs":["https:\/\/www.facebook.com\/centrovacanzedeangelis.com","https:\/\/x.com\/deangelisresort","https:\/\/instagram.com\/deangelisresort"]}]}},"_links":{"self":[{"href":"https:\/\/villaggiocentrovacanzedeangelis.com\/fr\/wp-json\/wp\/v2\/pages\/10213","targetHints":{"allow":["GET"]}}],"collection":[{"href":"https:\/\/villaggiocentrovacanzedeangelis.com\/fr\/wp-json\/wp\/v2\/pages"}],"about":[{"href":"https:\/\/villaggiocentrovacanzedeangelis.com\/fr\/wp-json\/wp\/v2\/types\/page"}],"author":[{"embeddable":true,"href":"https:\/\/villaggiocentrovacanzedeangelis.com\/fr\/wp-json\/wp\/v2\/users\/1"}],"replies":[{"embeddable":true,"href":"https:\/\/villaggiocentrovacanzedeangelis.com\/fr\/wp-json\/wp\/v2\/comments?post=10213"}],"version-history":[{"count":1,"href":"https:\/\/villaggiocentrovacanzedeangelis.com\/fr\/wp-json\/wp\/v2\/pages\/10213\/revisions"}],"predecessor-version":[{"id":10217,"href":"https:\/\/villaggiocentrovacanzedeangelis.com\/fr\/wp-json\/wp\/v2\/pages\/10213\/revisions\/10217"}],"wp:attachment":[{"href":"https:\/\/villaggiocentrovacanzedeangelis.com\/fr\/wp-json\/wp\/v2\/media?parent=10213"}],"curies":[{"name":"wp","href":"https:\/\/api.w.org\/{rel}","templated":true}]}}