{"id":9934,"date":"2020-10-09T15:07:24","date_gmt":"2020-10-09T15:07:24","guid":{"rendered":"https:\/\/villaggiocentrovacanzedeangelis.com\/pacchetti\/"},"modified":"2023-12-30T08:49:58","modified_gmt":"2023-12-30T08:49:58","slug":"packages","status":"publish","type":"page","link":"https:\/\/villaggiocentrovacanzedeangelis.com\/en\/packages\/","title":{"rendered":"Packages"},"content":{"rendered":"<div class=\"wpb-content-wrapper\">[vc_row][vc_column width=&#8221;1\/4&#8243;][\/vc_column][vc_column width=&#8221;1\/2&#8243;][vc_custom_heading text=&#8221;&#8220;Dream, Discover, Relax&#8220;<br \/>\nYour Ideal Holiday at the Holiday Center!&#8221; font_container=&#8221;tag:h3|text_align:center&#8221; google_fonts=&#8221;font_family:Kdam%20Thmor%3Aregular|font_style:400%20regular%3A400%3Anormal&#8221;][\/vc_column][vc_column width=&#8221;1\/4&#8243;][\/vc_column][\/vc_row][vc_row][vc_column width=&#8221;1\/2&#8243;][vc_custom_heading text=&#8221;\ud83c\udf1f Offerta Speciale per Famiglie al Villaggio Centro Vacanze De Angelis \ud83c\udf1f&#8221; font_container=&#8221;tag:h4|text_align:center&#8221; google_fonts=&#8221;font_family:Kdam%20Thmor%3Aregular|font_style:400%20regular%3A400%3Anormal&#8221;][vc_column_text]\n<p style=\"text-align: left;\">Scegliere i pacchetti promozionali del De Angelis Resort<\/p>\n<p style=\"text-align: left;\">offre numerosi vantaggi che rendono la vostra esperienza di vacanza non solo memorabile,<\/p>\n<p style=\"text-align: left;\">ma anche conveniente e senza stress.<\/p>\n[\/vc_column_text][\/vc_column][vc_column width=&#8221;1\/2&#8243;][vc_raw_html]JTNDJTIxLS0lMjAlMEElMjAlMjAlMjAlMjBXdUJvb2slMjBKYXZhc2NyaXB0JTIwTGlicmFyeSUwQSUyMCUyMCUyMCUyMEV2ZW50dWFsbHklMkMlMjBwdXQlMjBpdCUyMGluc2lkZSUwQSUyMCUyMCUyMCUyMHlvdXIlMjAlM0NoZWFkJTJGJTNFJTIwdGFnJTBBLS0lM0UlMEElM0NzY3JpcHQlMjBzcmMlM0QlMjJodHRwcyUzQSUyRiUyRnd1Ym9vay5uZXQlMkZqcyUyRndibGliLmpneiUyMiUzRSUzQyUyRnNjcmlwdCUzRSUwQSUzQyUyMS0tJTIwJTBBJTIwJTIwJTIwJTIwJTIwcHV0JTIwdGhlJTIwZm9sbG93aW5nJTIwZGl2JTIwd2hlcmUlMjBXdUJvb2slMjAlMEElMjAlMjAlMjAlMjAlMjBzaG91bGQlMjBiZSUyMGRlc2lnbmVkLiUyME1ha2UlMjBzdXJlJTIwdG8lMEElMjAlMjAlMjAlMjAlMjBwcmVzZXJ2ZSUyMHRoZSUyMGRpdiUyMGNvbnRlbnRzJTIwJTI4YmFja2xpbmslMjklMEEtLSUzRSUwQSUzQ2RpdiUyMGlkJTNEJTIyX3dib3JkcGtnc18lMjIlM0UlMEElMjAlMjAlM0NhJTIwaHJlZiUzRCUyMmh0dHBzJTNBJTJGJTJGd3Vib29rLm5ldCUyRnBhZ2UlMkZXb29Eb28tQm9va2luZy1FbmdpbmUtMzUuaHRtbCUyMiUyMHN0eWxlJTNEJTIyZGlzcGxheSUzQSUyMGJsb2NrJTNCJTIwbWFyZ2luLXRvcCUzQSUyMDVweCUzQiUyMHRleHQtZGVjb3JhdGlvbiUzQW5vbmUlM0Jib3JkZXIlM0Fub25lJTIyJTIwdGFyZ2V0JTNEJTIyX2JsYW5rJTIyJTNFJTBBJTIwJTIwJTIwJTIwJTNDaW1nJTIwc3JjJTNEJTIyaHR0cHMlM0ElMkYlMkZ3dWJvb2submV0JTJGaW1ncyUyRmRlZmF1bHQlMkZib29raW5nX2J5X3d1LmdpZiUyMiUyMGFsdCUzRCUyMmJvb2tpbmclMjBlbmdpbmUlMjBmb3IlMjBob3RlbCUyMHdlYnNpdGVzJTIwYnklMjB3dWJvb2slMjIlMjB0aXRsZSUzRCUyMkhvdGVsJTIwYW5kJTIwdG91cmlzbSUyMHNvbHV0aW9ucyUyMiUyMHN0eWxlJTNEJTIyYm9yZGVyJTNBbm9uZSUzQnRleHQtZGVjb3JhdGlvbiUzQW5vbmUlMjIlMjAlMkYlM0UlMEElMjAlMjAlM0MlMkZhJTNFJTBBJTNDJTJGZGl2JTNFJTBBJTNDJTIxLS0lMjAlMEElMjAlMjAlMjAlMjAlMjBJbml0aWFsaXplJTIwdGhlJTIwV3VCb29rJTIwT2JqZWN0LiUwQSUyMCUyMCUyMCUyMCUyMENvbGxlY3QlMjBwYXJhbXMlMjBzZXR0aW5ncy4lMEElMjAlMjAlMjAlMjAlMjBDYWxsJTIwV3VCb29rLmRlc2lnbl9wd2lkZ2V0JTI4JTI5LiUwQSUwQSUyMCUyMCUyMCUyMCUyME5vdGljZSUyMFd1Qm9vayUyME9iamVjdCUyMHByb3ZpZGVzJTIwYSUwQSUyMCUyMCUyMCUyMCUyMGxvdCUyMG9mJTIwaW50ZXJlc3RpbmclMjBmZWF0dXJlcy4lMEEtLSUzRSUwQSUzQ3NjcmlwdCUzRSUwQSUyMCUyMHZhciUyMFd1Qm9vayUzRCUyMG5ldyUyMF9XdUJvb2slMjgxNTQyOTA2NDgzJTI5JTNCJTBBJTIwJTIwdmFyJTIwd2JwYXJhbXMlM0QlMjAlN0IlMEElMjAlMjAlMjAlMjAlMjAlMjAlMjd0aGVtZSUyNyUzQSUyMCUyNyUyNyUyQyUwQSUyMCUyMCUyMCUyMCUyMCUyMCUyN2RlY2ltYWxzJTI3JTNBJTIwMSUwQSUyMCUyMCU3RCUzQiUwQSUyMCUyMFd1Qm9vay5kZXNpZ25fcHdpZGdldCUyOCUyMl93Ym9yZHBrZ3NfJTIyJTJDJTIwd2JwYXJhbXMlMjklM0IlMEElM0MlMkZzY3JpcHQlM0UlMEElM0MlMjEtLSUyMCUwQSUyMCUyMCUyMCUyMHRoYXQlMjdzJTIwYWxsJTIwJTNBJTI5JTBBJTIwJTIwJTIwJTIwVGhhbmslMjB5b3UlMjBmb3IlMjB1c2luZyUyMFd1Qm9vayUyMSUwQS0tJTNFJTBB[\/vc_raw_html][\/vc_column][\/vc_row][vc_row][vc_column width=&#8221;1\/2&#8243;][vc_single_image image=&#8221;6584&#8243; img_size=&#8221;800&#215;500&#8243; alignment=&#8221;center&#8221; onclick=&#8221;custom_link&#8221; title=&#8221;Colazione Gustosa&#8221; link=&#8221;https:\/\/villaggiocentrovacanzedeangelis.com\/colazione-gustosa&#8221;][\/vc_column][vc_column width=&#8221;1\/2&#8243;][vc_single_image image=&#8221;7209&#8243; img_size=&#8221;800&#215;500&#8243; alignment=&#8221;center&#8221; onclick=&#8221;custom_link&#8221; img_link_target=&#8221;_blank&#8221; title=&#8221;Mezza Pensione&#8221; link=&#8221;https:\/\/wubook.net\/wbkd\/wbk\/rpkgs?lcode=1542906483&amp;pid=15100&#8243;][\/vc_column][\/vc_row][vc_row][vc_column width=&#8221;1\/2&#8243;][vc_single_image image=&#8221;3873&#8243; img_size=&#8221;800&#215;500&#8243; alignment=&#8221;center&#8221; title=&#8221;Kids &amp; Family&#8221;][\/vc_column][vc_column width=&#8221;1\/2&#8243;][vc_single_image image=&#8221;3472&#8243; img_size=&#8221;800&#215;500&#8243; alignment=&#8221;center&#8221; onclick=&#8221;custom_link&#8221; img_link_target=&#8221;_blank&#8221; title=&#8221;Opening&#8221; link=&#8221;https:\/\/wubook.net\/wbkd\/wbk\/rpkgs?lcode=1542906483&amp;pid=15100&#8243;][\/vc_column][\/vc_row][vc_row][vc_column][vc_single_image image=&#8221;3504&#8243; img_size=&#8221;1920&#215;600&#8243; alignment=&#8221;center&#8221; title=&#8221;Maggio al Centro&#8221;][\/vc_column][\/vc_row][vc_row][vc_column width=&#8221;1\/2&#8243;][vc_single_image image=&#8221;3741&#8243; img_size=&#8221;800&#215;500&#8243; alignment=&#8221;center&#8221; title=&#8221;Conero Escape&#8221;][\/vc_column][vc_column width=&#8221;1\/2&#8243;][vc_single_image image=&#8221;3694&#8243; img_size=&#8221;800&#215;500&#8243; alignment=&#8221;center&#8221; title=&#8221;Gormet Experience&#8221;][\/vc_column][\/vc_row][vc_row][vc_column][vc_single_image image=&#8221;3744&#8243; img_size=&#8221;1920&#215;600&#8243; alignment=&#8221;center&#8221; title=&#8221;Diving Experience&#8221;][\/vc_column][\/vc_row][vc_row][vc_column width=&#8221;1\/2&#8243;][vc_single_image image=&#8221;3876&#8243; img_size=&#8221;800&#215;500&#8243; alignment=&#8221;center&#8221; title=&#8221;Escursioni Indimenticabili&#8221;][\/vc_column][vc_column width=&#8221;1\/2&#8243;][vc_single_image image=&#8221;3763&#8243; img_size=&#8221;800&#215;500&#8243; alignment=&#8221;center&#8221; onclick=&#8221;custom_link&#8221; title=&#8221;Aperitivo Gustoso&#8221; link=&#8221;https:\/\/villaggiocentrovacanzedeangelis.com\/aperitivo-gustoso\/&#8221;][\/vc_column][\/vc_row][vc_row][vc_column][vc_single_image image=&#8221;3875&#8243; img_size=&#8221;1920&#215;600&#8243; alignment=&#8221;center&#8221; title=&#8221;Viaggi delle Fede&#8221;][\/vc_column][\/vc_row][vc_row][vc_column width=&#8221;1\/2&#8243;][vc_single_image image=&#8221;8149&#8243; img_size=&#8221;800&#215;500&#8243; alignment=&#8221;center&#8221; onclick=&#8221;custom_link&#8221; title=&#8221;Privilege Card +&#8221; link=&#8221;https:\/\/villaggiocentrovacanzedeangelis.com\/privilege-card-plus\/&#8221;][\/vc_column][vc_column width=&#8221;1\/2&#8243;][vc_single_image image=&#8221;4162&#8243; img_size=&#8221;800&#215;500&#8243; alignment=&#8221;center&#8221; title=&#8221;Privilege Card&#8221;][\/vc_column][\/vc_row][vc_row][vc_column][vc_column_text]Siamo lieti di annunciare una promozione esclusiva per le famiglie che scelgono di trascorrere le loro vacanze presso il nostro villaggio. Per rendere il vostro soggiorno ancora pi\u00f9 speciale, abbiamo creato pacchetti promozionali su misura per le esigenze di ogni famiglia. Tuttavia, \u00e8 importante notare alcune condizioni specifiche per l&#8217;acquisto di questi pacchetti:<\/p>\n<ol>\n<li><strong>Validit\u00e0 per l&#8217;Intero Nucleo Familiare<\/strong>: La nostra offerta promozionale \u00e8 stata pensata per arricchire l&#8217;esperienza di vacanza di tutta la famiglia. Pertanto, \u00e8 essenziale che il pacchetto promozionale venga acquistato da tutti i membri del nucleo familiare che parteciperanno al soggiorno. Ci\u00f2 significa che ogni membro della famiglia, dai pi\u00f9 piccoli ai pi\u00f9 grandi, deve essere incluso nell&#8217;acquisto del pacchetto per poter usufruire delle offerte speciali.<\/li>\n<li><strong>Durata del Soggiorno<\/strong>: Per garantire una vacanza pienamente immersiva e per permettere alla vostra famiglia di godere appieno di tutte le esperienze e le attivit\u00e0 offerte, il pacchetto promozionale deve essere acquistato per l&#8217;intera durata del vostro soggiorno. Questo approccio ci permette di offrirvi un servizio completo e senza interruzioni, assicurando che ogni giorno trascorso con noi sia ricco di attivit\u00e0, divertimento e relax.<\/li>\n<\/ol>\n<p>\ud83d\udc68\u200d\ud83d\udc69\u200d\ud83d\udc67\u200d\ud83d\udc66 <strong>Un&#8217;Esperienza Familiare Unica<\/strong>: Crediamo fermamente nell&#8217;importanza di trascorrere tempo di qualit\u00e0 insieme e le nostre offerte promozionali sono state create per rafforzare questo aspetto. Che si tratti di attivit\u00e0 sportive, di momenti di relax o di avventure esplorative, il nostro pacchetto promozionale \u00e8 pensato per offrire qualcosa di speciale per ogni membro della famiglia.<\/p>\n<p>\ud83d\udcc5 <strong>Prenotate Ora<\/strong>: Questa \u00e8 un&#8217;opportunit\u00e0 unica per creare ricordi indimenticabili con i vostri cari. Vi invitiamo a contattarci per maggiori informazioni e per prenotare il vostro soggiorno promozionale in famiglia. Siamo qui per aiutarvi a pianificare la vacanza perfetta![\/vc_column_text][\/vc_column][\/vc_row][vc_row][vc_column][vc_custom_heading text=&#8221;Vi aspettiamo al Villaggio Centro Vacanze De Angelis per un&#8217;esperienza di vacanza che la vostra famiglia ricorder\u00e0 per sempre!&#8221; font_container=&#8221;tag:h4|text_align:left&#8221; google_fonts=&#8221;font_family:Kdam%20Thmor%3Aregular|font_style:400%20regular%3A400%3Anormal&#8221;][\/vc_column][\/vc_row]\n<\/div>","protected":false},"excerpt":{"rendered":"<p>[vc_row][vc_column width=&#8221;1\/4&#8243;][\/vc_column][vc_column width=&#8221;1\/2&#8243;][vc_custom_heading text=&#8221;&#8220;Dream, Discover, Relax&#8220; Your Ideal Holiday at the Holiday Center!&#8221; font_container=&#8221;tag:h3|text_align:center&#8221; google_fonts=&#8221;font_family:Kdam%20Thmor%3Aregular|font_style:400%20regular%3A400%3Anormal&#8221;][\/vc_column][vc_column width=&#8221;1\/4&#8243;][\/vc_column][\/vc_row][vc_row][vc_column width=&#8221;1\/2&#8243;][vc_custom_heading text=&#8221;\ud83c\udf1f Offerta Speciale [&hellip;]<\/p>\n","protected":false},"author":1,"featured_media":0,"parent":0,"menu_order":0,"comment_status":"closed","ping_status":"closed","template":"","meta":{"footnotes":""},"class_list":["post-9934","page","type-page","status-publish","hentry"],"yoast_head":"<!-- This site is optimized with the Yoast SEO Premium plugin v27.4 (Yoast SEO v27.4) - https:\/\/yoast.com\/product\/yoast-seo-premium-wordpress\/ -->\n<title>Packages - Centro Vacanze De Angelis<\/title>\n<meta name=\"robots\" content=\"index, follow, max-snippet:-1, max-image-preview:large, max-video-preview:-1\" \/>\n<link rel=\"canonical\" href=\"https:\/\/villaggiocentrovacanzedeangelis.com\/pacchetti\/\" \/>\n<meta property=\"og:locale\" content=\"en_US\" \/>\n<meta property=\"og:type\" content=\"article\" \/>\n<meta property=\"og:title\" content=\"Packages\" \/>\n<meta property=\"og:description\" content=\"[vc_row][vc_column width=&#8221;1\/4&#8243;][\/vc_column][vc_column width=&#8221;1\/2&#8243;][vc_custom_heading text=&#8221;&#8220;Dream, Discover, Relax&#8220; Your Ideal Holiday at the Holiday Center!&#8221; font_container=&#8221;tag:h3|text_align:center&#8221; google_fonts=&#8221;font_family:Kdam%20Thmor%3Aregular|font_style:400%20regular%3A400%3Anormal&#8221;][\/vc_column][vc_column width=&#8221;1\/4&#8243;][\/vc_column][\/vc_row][vc_row][vc_column width=&#8221;1\/2&#8243;][vc_custom_heading text=&#8221;\ud83c\udf1f Offerta Speciale [&hellip;]\" \/>\n<meta property=\"og:url\" content=\"https:\/\/villaggiocentrovacanzedeangelis.com\/pacchetti\/\" \/>\n<meta property=\"og:site_name\" content=\"Centro Vacanze De Angelis\" \/>\n<meta property=\"article:publisher\" content=\"https:\/\/www.facebook.com\/centrovacanzedeangelis.com\" \/>\n<meta property=\"article:modified_time\" content=\"2023-12-30T08:49:58+00:00\" \/>\n<meta name=\"twitter:card\" content=\"summary_large_image\" \/>\n<meta name=\"twitter:site\" content=\"@deangelisresort\" \/>\n<meta name=\"twitter:label1\" content=\"Est. reading time\" \/>\n\t<meta name=\"twitter:data1\" content=\"5 minutes\" \/>\n<script type=\"application\/ld+json\" class=\"yoast-schema-graph\">{\"@context\":\"https:\\\/\\\/schema.org\",\"@graph\":[{\"@type\":\"WebPage\",\"@id\":\"https:\\\/\\\/villaggiocentrovacanzedeangelis.com\\\/pacchetti\\\/\",\"url\":\"https:\\\/\\\/villaggiocentrovacanzedeangelis.com\\\/pacchetti\\\/\",\"name\":\"Packages - Centro Vacanze De Angelis\",\"isPartOf\":{\"@id\":\"https:\\\/\\\/villaggiocentrovacanzedeangelis.com\\\/#website\"},\"datePublished\":\"2020-10-09T15:07:24+00:00\",\"dateModified\":\"2023-12-30T08:49:58+00:00\",\"breadcrumb\":{\"@id\":\"https:\\\/\\\/villaggiocentrovacanzedeangelis.com\\\/pacchetti\\\/#breadcrumb\"},\"inLanguage\":\"en-US\",\"potentialAction\":[{\"@type\":\"ReadAction\",\"target\":[\"https:\\\/\\\/villaggiocentrovacanzedeangelis.com\\\/pacchetti\\\/\"]}]},{\"@type\":\"BreadcrumbList\",\"@id\":\"https:\\\/\\\/villaggiocentrovacanzedeangelis.com\\\/pacchetti\\\/#breadcrumb\",\"itemListElement\":[{\"@type\":\"ListItem\",\"position\":1,\"name\":\"Home\",\"item\":\"https:\\\/\\\/villaggiocentrovacanzedeangelis.com\\\/\"},{\"@type\":\"ListItem\",\"position\":2,\"name\":\"Packages\"}]},{\"@type\":\"WebSite\",\"@id\":\"https:\\\/\\\/villaggiocentrovacanzedeangelis.com\\\/#website\",\"url\":\"https:\\\/\\\/villaggiocentrovacanzedeangelis.com\\\/\",\"name\":\"Centro Vacanze De Angelis\",\"description\":\"Riviera del Conero\",\"publisher\":{\"@id\":\"https:\\\/\\\/villaggiocentrovacanzedeangelis.com\\\/#organization\"},\"potentialAction\":[{\"@type\":\"SearchAction\",\"target\":{\"@type\":\"EntryPoint\",\"urlTemplate\":\"https:\\\/\\\/villaggiocentrovacanzedeangelis.com\\\/?s={search_term_string}\"},\"query-input\":{\"@type\":\"PropertyValueSpecification\",\"valueRequired\":true,\"valueName\":\"search_term_string\"}}],\"inLanguage\":\"en-US\"},{\"@type\":\"Organization\",\"@id\":\"https:\\\/\\\/villaggiocentrovacanzedeangelis.com\\\/#organization\",\"name\":\"Centro Vacanze De Angelis\",\"url\":\"https:\\\/\\\/villaggiocentrovacanzedeangelis.com\\\/\",\"logo\":{\"@type\":\"ImageObject\",\"inLanguage\":\"en-US\",\"@id\":\"https:\\\/\\\/villaggiocentrovacanzedeangelis.com\\\/#\\\/schema\\\/logo\\\/image\\\/\",\"url\":\"https:\\\/\\\/villaggiocentrovacanzedeangelis.com\\\/wp-content\\\/uploads\\\/2020\\\/10\\\/cropped-Logo-HDV-100-png-copy.png\",\"contentUrl\":\"https:\\\/\\\/villaggiocentrovacanzedeangelis.com\\\/wp-content\\\/uploads\\\/2020\\\/10\\\/cropped-Logo-HDV-100-png-copy.png\",\"width\":512,\"height\":512,\"caption\":\"Centro Vacanze De Angelis\"},\"image\":{\"@id\":\"https:\\\/\\\/villaggiocentrovacanzedeangelis.com\\\/#\\\/schema\\\/logo\\\/image\\\/\"},\"sameAs\":[\"https:\\\/\\\/www.facebook.com\\\/centrovacanzedeangelis.com\",\"https:\\\/\\\/x.com\\\/deangelisresort\",\"https:\\\/\\\/instagram.com\\\/deangelisresort\"]}]}<\/script>\n<!-- \/ Yoast SEO Premium plugin. -->","yoast_head_json":{"title":"Packages - Centro Vacanze De Angelis","robots":{"index":"index","follow":"follow","max-snippet":"max-snippet:-1","max-image-preview":"max-image-preview:large","max-video-preview":"max-video-preview:-1"},"canonical":"https:\/\/villaggiocentrovacanzedeangelis.com\/pacchetti\/","og_locale":"en_US","og_type":"article","og_title":"Packages","og_description":"[vc_row][vc_column width=&#8221;1\/4&#8243;][\/vc_column][vc_column width=&#8221;1\/2&#8243;][vc_custom_heading text=&#8221;&#8220;Dream, Discover, Relax&#8220; Your Ideal Holiday at the Holiday Center!&#8221; font_container=&#8221;tag:h3|text_align:center&#8221; google_fonts=&#8221;font_family:Kdam%20Thmor%3Aregular|font_style:400%20regular%3A400%3Anormal&#8221;][\/vc_column][vc_column width=&#8221;1\/4&#8243;][\/vc_column][\/vc_row][vc_row][vc_column width=&#8221;1\/2&#8243;][vc_custom_heading text=&#8221;\ud83c\udf1f Offerta Speciale [&hellip;]","og_url":"https:\/\/villaggiocentrovacanzedeangelis.com\/pacchetti\/","og_site_name":"Centro Vacanze De Angelis","article_publisher":"https:\/\/www.facebook.com\/centrovacanzedeangelis.com","article_modified_time":"2023-12-30T08:49:58+00:00","twitter_card":"summary_large_image","twitter_site":"@deangelisresort","twitter_misc":{"Est. reading time":"5 minutes"},"schema":{"@context":"https:\/\/schema.org","@graph":[{"@type":"WebPage","@id":"https:\/\/villaggiocentrovacanzedeangelis.com\/pacchetti\/","url":"https:\/\/villaggiocentrovacanzedeangelis.com\/pacchetti\/","name":"Packages - Centro Vacanze De Angelis","isPartOf":{"@id":"https:\/\/villaggiocentrovacanzedeangelis.com\/#website"},"datePublished":"2020-10-09T15:07:24+00:00","dateModified":"2023-12-30T08:49:58+00:00","breadcrumb":{"@id":"https:\/\/villaggiocentrovacanzedeangelis.com\/pacchetti\/#breadcrumb"},"inLanguage":"en-US","potentialAction":[{"@type":"ReadAction","target":["https:\/\/villaggiocentrovacanzedeangelis.com\/pacchetti\/"]}]},{"@type":"BreadcrumbList","@id":"https:\/\/villaggiocentrovacanzedeangelis.com\/pacchetti\/#breadcrumb","itemListElement":[{"@type":"ListItem","position":1,"name":"Home","item":"https:\/\/villaggiocentrovacanzedeangelis.com\/"},{"@type":"ListItem","position":2,"name":"Packages"}]},{"@type":"WebSite","@id":"https:\/\/villaggiocentrovacanzedeangelis.com\/#website","url":"https:\/\/villaggiocentrovacanzedeangelis.com\/","name":"Centro Vacanze De Angelis","description":"Riviera del Conero","publisher":{"@id":"https:\/\/villaggiocentrovacanzedeangelis.com\/#organization"},"potentialAction":[{"@type":"SearchAction","target":{"@type":"EntryPoint","urlTemplate":"https:\/\/villaggiocentrovacanzedeangelis.com\/?s={search_term_string}"},"query-input":{"@type":"PropertyValueSpecification","valueRequired":true,"valueName":"search_term_string"}}],"inLanguage":"en-US"},{"@type":"Organization","@id":"https:\/\/villaggiocentrovacanzedeangelis.com\/#organization","name":"Centro Vacanze De Angelis","url":"https:\/\/villaggiocentrovacanzedeangelis.com\/","logo":{"@type":"ImageObject","inLanguage":"en-US","@id":"https:\/\/villaggiocentrovacanzedeangelis.com\/#\/schema\/logo\/image\/","url":"https:\/\/villaggiocentrovacanzedeangelis.com\/wp-content\/uploads\/2020\/10\/cropped-Logo-HDV-100-png-copy.png","contentUrl":"https:\/\/villaggiocentrovacanzedeangelis.com\/wp-content\/uploads\/2020\/10\/cropped-Logo-HDV-100-png-copy.png","width":512,"height":512,"caption":"Centro Vacanze De Angelis"},"image":{"@id":"https:\/\/villaggiocentrovacanzedeangelis.com\/#\/schema\/logo\/image\/"},"sameAs":["https:\/\/www.facebook.com\/centrovacanzedeangelis.com","https:\/\/x.com\/deangelisresort","https:\/\/instagram.com\/deangelisresort"]}]}},"_links":{"self":[{"href":"https:\/\/villaggiocentrovacanzedeangelis.com\/en\/wp-json\/wp\/v2\/pages\/9934","targetHints":{"allow":["GET"]}}],"collection":[{"href":"https:\/\/villaggiocentrovacanzedeangelis.com\/en\/wp-json\/wp\/v2\/pages"}],"about":[{"href":"https:\/\/villaggiocentrovacanzedeangelis.com\/en\/wp-json\/wp\/v2\/types\/page"}],"author":[{"embeddable":true,"href":"https:\/\/villaggiocentrovacanzedeangelis.com\/en\/wp-json\/wp\/v2\/users\/1"}],"replies":[{"embeddable":true,"href":"https:\/\/villaggiocentrovacanzedeangelis.com\/en\/wp-json\/wp\/v2\/comments?post=9934"}],"version-history":[{"count":1,"href":"https:\/\/villaggiocentrovacanzedeangelis.com\/en\/wp-json\/wp\/v2\/pages\/9934\/revisions"}],"predecessor-version":[{"id":10223,"href":"https:\/\/villaggiocentrovacanzedeangelis.com\/en\/wp-json\/wp\/v2\/pages\/9934\/revisions\/10223"}],"wp:attachment":[{"href":"https:\/\/villaggiocentrovacanzedeangelis.com\/en\/wp-json\/wp\/v2\/media?parent=9934"}],"curies":[{"name":"wp","href":"https:\/\/api.w.org\/{rel}","templated":true}]}}