{"id":9936,"date":"2020-10-09T15:07:24","date_gmt":"2020-10-09T15:07:24","guid":{"rendered":"https:\/\/villaggiocentrovacanzedeangelis.com\/pacchetti\/"},"modified":"2023-12-22T09:06:04","modified_gmt":"2023-12-22T09:06:04","slug":"pakete","status":"publish","type":"page","link":"https:\/\/villaggiocentrovacanzedeangelis.com\/de\/pakete\/","title":{"rendered":"Pakete"},"content":{"rendered":"<div class=\"wpb-content-wrapper\">[vc_row][vc_column width=&#8220;1\/4&#8243;][\/vc_column][vc_column width=&#8220;1\/2&#8243;][vc_custom_heading text=&#8220;\u201eTr\u00e4umen, Entdecken, Entspannen\u201c<br \/>\nIhr idealer Urlaub im Ferienzentrum!&#8220; font_container=&#8220;tag:h3|text_align:center&#8220; google_fonts=&#8220;font_family:Kdam%20Thmor%3Aregular|font_style:400%20regular%3A400%3Anormal&#8220;][\/vc_column][vc_column width=&#8220;1\/4&#8243;][\/vc_column][\/vc_row][vc_row][vc_column width=&#8220;1\/2&#8243;][vc_custom_heading text=&#8220;\ud83c\udf1f Sonderangebot f\u00fcr Familien im De Angelis Holiday Centre Village \ud83c\udf1f&#8220; font_container=&#8220;tag:h4|text_align:center&#8220; google_fonts=&#8220;font_family:Kdam%20Thmor%3Aregular|font_style:400%20regular%3A400%3Anormal&#8220;][vc_column_text]W\u00e4hlen Sie die Aktionspakete des De Angelis Resort<\/p>\n<p>bietet zahlreiche Vorteile, die Ihr Urlaubserlebnis nicht nur unvergesslich machen,<\/p>\n<p>aber auch bequem und stressfrei.[\/vc_column_text][\/vc_column][vc_column width=&#8220;1\/2&#8243;][vc_raw_html]JTNDJTIxLS0lMjAlMEElMjAlMjAlMjAlMjBXdUJvb2slMjBKYXZhc2NyaXB0JTIwTGlicmFyeSUwQSUyMCUyMCUyMCUyMEV2ZW50dWFsbHklMkMlMjBwdXQlMjBpdCUyMGluc2lkZSUwQSUyMCUyMCUyMCUyMHlvdXIlMjAlM0NoZWFkJTJGJTNFJTIwdGFnJTBBLS0lM0UlMEElM0NzY3JpcHQlMjBzcmMlM0QlMjJodHRwcyUzQSUyRiUyRnd1Ym9vay5uZXQlMkZqcyUyRndibGliLmpneiUyMiUzRSUzQyUyRnNjcmlwdCUzRSUwQSUzQyUyMS0tJTIwJTBBJTIwJTIwJTIwJTIwJTIwcHV0JTIwdGhlJTIwZm9sbG93aW5nJTIwZGl2JTIwd2hlcmUlMjBXdUJvb2slMjAlMEElMjAlMjAlMjAlMjAlMjBzaG91bGQlMjBiZSUyMGRlc2lnbmVkLiUyME1ha2UlMjBzdXJlJTIwdG8lMEElMjAlMjAlMjAlMjAlMjBwcmVzZXJ2ZSUyMHRoZSUyMGRpdiUyMGNvbnRlbnRzJTIwJTI4YmFja2xpbmslMjklMEEtLSUzRSUwQSUzQ2RpdiUyMGlkJTNEJTIyX3dib3JkcGtnc18lMjIlM0UlMEElMjAlMjAlM0NhJTIwaHJlZiUzRCUyMmh0dHBzJTNBJTJGJTJGd3Vib29rLm5ldCUyRnBhZ2UlMkZXb29Eb28tQm9va2luZy1FbmdpbmUtMzUuaHRtbCUyMiUyMHN0eWxlJTNEJTIyZGlzcGxheSUzQSUyMGJsb2NrJTNCJTIwbWFyZ2luLXRvcCUzQSUyMDVweCUzQiUyMHRleHQtZGVjb3JhdGlvbiUzQW5vbmUlM0Jib3JkZXIlM0Fub25lJTIyJTIwdGFyZ2V0JTNEJTIyX2JsYW5rJTIyJTNFJTBBJTIwJTIwJTIwJTIwJTNDaW1nJTIwc3JjJTNEJTIyaHR0cHMlM0ElMkYlMkZ3dWJvb2submV0JTJGaW1ncyUyRmRlZmF1bHQlMkZib29raW5nX2J5X3d1LmdpZiUyMiUyMGFsdCUzRCUyMmJvb2tpbmclMjBlbmdpbmUlMjBmb3IlMjBob3RlbCUyMHdlYnNpdGVzJTIwYnklMjB3dWJvb2slMjIlMjB0aXRsZSUzRCUyMkhvdGVsJTIwYW5kJTIwdG91cmlzbSUyMHNvbHV0aW9ucyUyMiUyMHN0eWxlJTNEJTIyYm9yZGVyJTNBbm9uZSUzQnRleHQtZGVjb3JhdGlvbiUzQW5vbmUlMjIlMjAlMkYlM0UlMEElMjAlMjAlM0MlMkZhJTNFJTBBJTNDJTJGZGl2JTNFJTBBJTNDJTIxLS0lMjAlMEElMjAlMjAlMjAlMjAlMjBJbml0aWFsaXplJTIwdGhlJTIwV3VCb29rJTIwT2JqZWN0LiUwQSUyMCUyMCUyMCUyMCUyMENvbGxlY3QlMjBwYXJhbXMlMjBzZXR0aW5ncy4lMEElMjAlMjAlMjAlMjAlMjBDYWxsJTIwV3VCb29rLmRlc2lnbl9wd2lkZ2V0JTI4JTI5LiUwQSUwQSUyMCUyMCUyMCUyMCUyME5vdGljZSUyMFd1Qm9vayUyME9iamVjdCUyMHByb3ZpZGVzJTIwYSUwQSUyMCUyMCUyMCUyMCUyMGxvdCUyMG9mJTIwaW50ZXJlc3RpbmclMjBmZWF0dXJlcy4lMEEtLSUzRSUwQSUzQ3NjcmlwdCUzRSUwQSUyMCUyMHZhciUyMFd1Qm9vayUzRCUyMG5ldyUyMF9XdUJvb2slMjgxNTQyOTA2NDgzJTI5JTNCJTBBJTIwJTIwdmFyJTIwd2JwYXJhbXMlM0QlMjAlN0IlMEElMjAlMjAlMjAlMjAlMjAlMjAlMjd0aGVtZSUyNyUzQSUyMCUyNyUyNyUyQyUwQSUyMCUyMCUyMCUyMCUyMCUyMCUyN2RlY2ltYWxzJTI3JTNBJTIwMSUwQSUyMCUyMCU3RCUzQiUwQSUyMCUyMFd1Qm9vay5kZXNpZ25fcHdpZGdldCUyOCUyMl93Ym9yZHBrZ3NfJTIyJTJDJTIwd2JwYXJhbXMlMjklM0IlMEElM0MlMkZzY3JpcHQlM0UlMEElM0MlMjEtLSUyMCUwQSUyMCUyMCUyMCUyMHRoYXQlMjdzJTIwYWxsJTIwJTNBJTI5JTBBJTIwJTIwJTIwJTIwVGhhbmslMjB5b3UlMjBmb3IlMjB1c2luZyUyMFd1Qm9vayUyMSUwQS0tJTNFJTBB[\/vc_raw_html][\/vc_column][\/vc_row][vc_row][vc_column width=&#8220;1\/2&#8243;][vc_single_image image=&#8220;6584&#8243; img_size=&#8220;800&#215;500&#8243; alignment=&#8220;center&#8220; onclick=&#8220;custom_link&#8220; title=&#8220;Leckeres Fr\u00fchst\u00fcck&#8220; link=&#8220;https:\/\/villaggiocentrovacanzedeangelis.com\/colazione-gustosa&#8220;][\/vc_column][vc_column width=&#8220;1\/2&#8243;][vc_single_image image=&#8220;7209&#8243; img_size=&#8220;800&#215;500&#8243; alignment=&#8220;center&#8220; onclick=&#8220;custom_link&#8220; img_link_target=&#8220;_blank&#8220; title=&#8220;Halbpension&#8220; link=&#8220;https:\/\/wubook.net\/wbkd\/wbk\/rpkgs?lcode=1542906483&amp;pid=15100&#8243;][\/vc_column][\/vc_row][vc_row][vc_column width=&#8220;1\/2&#8243;][vc_single_image image=&#8220;3873&#8243; img_size=&#8220;800&#215;500&#8243; alignment=&#8220;center&#8220; title=&#8220;Kinder &amp; Familie&#8220;][\/vc_column][vc_column width=&#8220;1\/2&#8243;][vc_single_image image=&#8220;3472&#8243; img_size=&#8220;800&#215;500&#8243; alignment=&#8220;center&#8220; onclick=&#8220;custom_link&#8220; img_link_target=&#8220;_blank&#8220; title=&#8220;\u00d6ffnung&#8220; link=&#8220;https:\/\/wubook.net\/wbkd\/wbk\/rpkgs?lcode=1542906483&amp;pid=15100&#8243;][\/vc_column][\/vc_row][vc_row][vc_column][vc_single_image image=&#8220;3504&#8243; img_size=&#8220;1920&#215;600&#8243; alignment=&#8220;center&#8220; title=&#8220;Mai im Zentrum&#8220;][\/vc_column][\/vc_row][vc_row][vc_column width=&#8220;1\/2&#8243;][vc_single_image image=&#8220;3741&#8243; img_size=&#8220;800&#215;500&#8243; alignment=&#8220;center&#8220; title=&#8220;Conero-Flucht&#8220;][\/vc_column][vc_column width=&#8220;1\/2&#8243;][vc_single_image image=&#8220;3694&#8243; img_size=&#8220;800&#215;500&#8243; alignment=&#8220;center&#8220; title=&#8220;Gourmet-Erlebnis&#8220;][\/vc_column][\/vc_row][vc_row][vc_column][vc_single_image image=&#8220;3744&#8243; img_size=&#8220;1920&#215;600&#8243; alignment=&#8220;center&#8220; title=&#8220;Taucherfahrung&#8220;][\/vc_column][\/vc_row][vc_row][vc_column width=&#8220;1\/2&#8243;][vc_single_image image=&#8220;3876&#8243; img_size=&#8220;800&#215;500&#8243; alignment=&#8220;center&#8220; title=&#8220;Unvergessliche Ausfl\u00fcge&#8220;][\/vc_column][vc_column width=&#8220;1\/2&#8243;][vc_single_image image=&#8220;3763&#8243; img_size=&#8220;800&#215;500&#8243; alignment=&#8220;center&#8220; onclick=&#8220;custom_link&#8220; title=&#8220;Leckerer Aperitif&#8220; link=&#8220;https:\/\/villaggiocentrovacanzedeangelis.com\/aperitivo-gustoso\/&#8220;][\/vc_column][\/vc_row][vc_row][vc_column][vc_single_image image=&#8220;3875&#8243; img_size=&#8220;1920&#215;600&#8243; alignment=&#8220;center&#8220; title=&#8220;Glaubensreisen&#8220;][\/vc_column][\/vc_row][vc_row][vc_column width=&#8220;1\/2&#8243;][vc_single_image image=&#8220;8149&#8243; img_size=&#8220;800&#215;500&#8243; alignment=&#8220;center&#8220; onclick=&#8220;custom_link&#8220; title=&#8220;Privilege Card +&#8220; link=&#8220;https:\/\/villaggiocentrovacanzedeangelis.com\/privilege-card-plus\/&#8220;][\/vc_column][vc_column width=&#8220;1\/2&#8243;][vc_single_image image=&#8220;4162&#8243; img_size=&#8220;800&#215;500&#8243; alignment=&#8220;center&#8220; title=&#8220;Privilege Card&#8220;][\/vc_column][\/vc_row][vc_row][vc_column][vc_column_text]Wir freuen uns, eine exklusive Aktion f\u00fcr Familien bekannt zu geben, die ihren Urlaub in unserem Feriendorf verbringen m\u00f6chten. Um Ihren Aufenthalt noch spezieller zu gestalten, haben wir Aktionspakete zusammengestellt, die auf die Bed\u00fcrfnisse jeder Familie zugeschnitten sind. Es ist jedoch wichtig, einige spezifische Bedingungen f\u00fcr den Kauf dieser Pakete zu beachten:<\/p>\n<p>G\u00fcltig f\u00fcr die ganze Familie: Unser Aktionsangebot soll das Urlaubserlebnis der ganzen Familie bereichern. Daher ist es wichtig, dass das Aktionspaket von allen Mitgliedern der Familie erworben wird, die am Aufenthalt teilnehmen. Das bedeutet, dass jedes Familienmitglied, vom J\u00fcngsten bis zum \u00c4ltesten, in den Paketkauf einbezogen werden muss, um die Sonderangebote nutzen zu k\u00f6nnen.<br \/>\nAufenthaltsdauer: Um einen unvergesslichen Urlaub zu gew\u00e4hrleisten und Ihrer Familie den vollen Genuss aller angebotenen Erlebnisse und Aktivit\u00e4ten zu erm\u00f6glichen, muss das Aktionspaket f\u00fcr die gesamte Dauer Ihres Aufenthalts erworben werden. Dieser Ansatz erm\u00f6glicht es uns, Ihnen einen umfassenden und nahtlosen Service zu bieten und sicherzustellen, dass jeder Tag, den Sie bei uns verbringen, voller Aktivit\u00e4ten, Spa\u00df und Entspannung ist.<\/p>\n<p>\ud83d\udc68\u200d\ud83d\udc69\u200d\ud83d\udc67\u200d\ud83d\udc66 Ein einzigartiges Familienerlebnis: Wir glauben fest daran, wie wichtig es ist, eine sch\u00f6ne Zeit miteinander zu verbringen, und unsere Werbeangebote wurden entwickelt, um diesen Aspekt zu verst\u00e4rken. Ob sportliche Aktivit\u00e4ten, Momente der Entspannung oder Entdeckungsabenteuer \u2013 unser Aktionspaket ist darauf ausgelegt, f\u00fcr jedes Familienmitglied etwas Besonderes zu bieten.<\/p>\n<p>\ud83d\udcc5 Buchen Sie jetzt: Dies ist eine einzigartige Gelegenheit, unvergessliche Erinnerungen mit Ihren Lieben zu schaffen. Wir laden Sie ein, uns f\u00fcr weitere Informationen zu kontaktieren und Ihren g\u00fcnstigen Familienaufenthalt zu buchen. Wir sind hier, um Ihnen bei der Planung des perfekten Urlaubs zu helfen![\/vc_column_text][\/vc_column][\/vc_row][vc_row][vc_column][vc_custom_heading text=&#8220;Wir erwarten Sie im De Angelis Holiday Centre Village f\u00fcr ein Urlaubserlebnis, an das sich Ihre Familie f\u00fcr immer erinnern wird!&#8220; font_container=&#8220;tag:h4|text_align:left&#8220; google_fonts=&#8220;font_family:Kdam%20Thmor%3Aregular|font_style:400%20regular%3A400%3Anormal&#8220;][\/vc_column][\/vc_row]\n<\/div>","protected":false},"excerpt":{"rendered":"<p>[vc_row][vc_column width=&#8220;1\/4&#8243;][\/vc_column][vc_column width=&#8220;1\/2&#8243;][vc_custom_heading text=&#8220;\u201eTr\u00e4umen, Entdecken, Entspannen\u201c Ihr idealer Urlaub im Ferienzentrum!&#8220; font_container=&#8220;tag:h3|text_align:center&#8220; google_fonts=&#8220;font_family:Kdam%20Thmor%3Aregular|font_style:400%20regular%3A400%3Anormal&#8220;][\/vc_column][vc_column width=&#8220;1\/4&#8243;][\/vc_column][\/vc_row][vc_row][vc_column width=&#8220;1\/2&#8243;][vc_custom_heading text=&#8220;\ud83c\udf1f Sonderangebot f\u00fcr Familien im [&hellip;]<\/p>\n","protected":false},"author":1,"featured_media":0,"parent":0,"menu_order":0,"comment_status":"closed","ping_status":"closed","template":"","meta":{"footnotes":""},"class_list":["post-9936","page","type-page","status-publish","hentry"],"yoast_head":"<!-- This site is optimized with the Yoast SEO Premium plugin v27.3 (Yoast SEO v27.3) - https:\/\/yoast.com\/product\/yoast-seo-premium-wordpress\/ -->\n<title>Pakete - Centro Vacanze De Angelis<\/title>\n<meta name=\"robots\" content=\"index, follow, max-snippet:-1, max-image-preview:large, max-video-preview:-1\" \/>\n<link rel=\"canonical\" href=\"https:\/\/villaggiocentrovacanzedeangelis.com\/pacchetti\/\" \/>\n<meta property=\"og:locale\" content=\"de_DE\" \/>\n<meta property=\"og:type\" content=\"article\" \/>\n<meta property=\"og:title\" content=\"Pakete\" \/>\n<meta property=\"og:description\" content=\"[vc_row][vc_column width=&#8220;1\/4&#8243;][\/vc_column][vc_column width=&#8220;1\/2&#8243;][vc_custom_heading text=&#8220;\u201eTr\u00e4umen, Entdecken, Entspannen\u201c Ihr idealer Urlaub im Ferienzentrum!&#8220; font_container=&#8220;tag:h3|text_align:center&#8220; google_fonts=&#8220;font_family:Kdam%20Thmor%3Aregular|font_style:400%20regular%3A400%3Anormal&#8220;][\/vc_column][vc_column width=&#8220;1\/4&#8243;][\/vc_column][\/vc_row][vc_row][vc_column width=&#8220;1\/2&#8243;][vc_custom_heading text=&#8220;\ud83c\udf1f Sonderangebot f\u00fcr Familien im [&hellip;]\" \/>\n<meta property=\"og:url\" content=\"https:\/\/villaggiocentrovacanzedeangelis.com\/pacchetti\/\" \/>\n<meta property=\"og:site_name\" content=\"Centro Vacanze De Angelis\" \/>\n<meta property=\"article:publisher\" content=\"https:\/\/www.facebook.com\/centrovacanzedeangelis.com\" \/>\n<meta property=\"article:modified_time\" content=\"2023-12-22T09:06:04+00:00\" \/>\n<meta name=\"twitter:card\" content=\"summary_large_image\" \/>\n<meta name=\"twitter:site\" content=\"@deangelisresort\" \/>\n<meta name=\"twitter:label1\" content=\"Gesch\u00e4tzte Lesezeit\" \/>\n\t<meta name=\"twitter:data1\" content=\"5\u00a0Minuten\" \/>\n<script type=\"application\/ld+json\" class=\"yoast-schema-graph\">{\"@context\":\"https:\\\/\\\/schema.org\",\"@graph\":[{\"@type\":\"WebPage\",\"@id\":\"https:\\\/\\\/villaggiocentrovacanzedeangelis.com\\\/pacchetti\\\/\",\"url\":\"https:\\\/\\\/villaggiocentrovacanzedeangelis.com\\\/pacchetti\\\/\",\"name\":\"Pakete - Centro Vacanze De Angelis\",\"isPartOf\":{\"@id\":\"https:\\\/\\\/villaggiocentrovacanzedeangelis.com\\\/#website\"},\"datePublished\":\"2020-10-09T15:07:24+00:00\",\"dateModified\":\"2023-12-22T09:06:04+00:00\",\"breadcrumb\":{\"@id\":\"https:\\\/\\\/villaggiocentrovacanzedeangelis.com\\\/pacchetti\\\/#breadcrumb\"},\"inLanguage\":\"de\",\"potentialAction\":[{\"@type\":\"ReadAction\",\"target\":[\"https:\\\/\\\/villaggiocentrovacanzedeangelis.com\\\/pacchetti\\\/\"]}]},{\"@type\":\"BreadcrumbList\",\"@id\":\"https:\\\/\\\/villaggiocentrovacanzedeangelis.com\\\/pacchetti\\\/#breadcrumb\",\"itemListElement\":[{\"@type\":\"ListItem\",\"position\":1,\"name\":\"Home\",\"item\":\"https:\\\/\\\/villaggiocentrovacanzedeangelis.com\\\/de\\\/\"},{\"@type\":\"ListItem\",\"position\":2,\"name\":\"Pakete\"}]},{\"@type\":\"WebSite\",\"@id\":\"https:\\\/\\\/villaggiocentrovacanzedeangelis.com\\\/#website\",\"url\":\"https:\\\/\\\/villaggiocentrovacanzedeangelis.com\\\/\",\"name\":\"Centro Vacanze De Angelis\",\"description\":\"Riviera del Conero\",\"publisher\":{\"@id\":\"https:\\\/\\\/villaggiocentrovacanzedeangelis.com\\\/#organization\"},\"potentialAction\":[{\"@type\":\"SearchAction\",\"target\":{\"@type\":\"EntryPoint\",\"urlTemplate\":\"https:\\\/\\\/villaggiocentrovacanzedeangelis.com\\\/?s={search_term_string}\"},\"query-input\":{\"@type\":\"PropertyValueSpecification\",\"valueRequired\":true,\"valueName\":\"search_term_string\"}}],\"inLanguage\":\"de\"},{\"@type\":\"Organization\",\"@id\":\"https:\\\/\\\/villaggiocentrovacanzedeangelis.com\\\/#organization\",\"name\":\"Centro Vacanze De Angelis\",\"url\":\"https:\\\/\\\/villaggiocentrovacanzedeangelis.com\\\/\",\"logo\":{\"@type\":\"ImageObject\",\"inLanguage\":\"de\",\"@id\":\"https:\\\/\\\/villaggiocentrovacanzedeangelis.com\\\/#\\\/schema\\\/logo\\\/image\\\/\",\"url\":\"https:\\\/\\\/villaggiocentrovacanzedeangelis.com\\\/wp-content\\\/uploads\\\/2020\\\/10\\\/cropped-Logo-HDV-100-png-copy.png\",\"contentUrl\":\"https:\\\/\\\/villaggiocentrovacanzedeangelis.com\\\/wp-content\\\/uploads\\\/2020\\\/10\\\/cropped-Logo-HDV-100-png-copy.png\",\"width\":512,\"height\":512,\"caption\":\"Centro Vacanze De Angelis\"},\"image\":{\"@id\":\"https:\\\/\\\/villaggiocentrovacanzedeangelis.com\\\/#\\\/schema\\\/logo\\\/image\\\/\"},\"sameAs\":[\"https:\\\/\\\/www.facebook.com\\\/centrovacanzedeangelis.com\",\"https:\\\/\\\/x.com\\\/deangelisresort\",\"https:\\\/\\\/instagram.com\\\/deangelisresort\"]}]}<\/script>\n<!-- \/ Yoast SEO Premium plugin. -->","yoast_head_json":{"title":"Pakete - Centro Vacanze De Angelis","robots":{"index":"index","follow":"follow","max-snippet":"max-snippet:-1","max-image-preview":"max-image-preview:large","max-video-preview":"max-video-preview:-1"},"canonical":"https:\/\/villaggiocentrovacanzedeangelis.com\/pacchetti\/","og_locale":"de_DE","og_type":"article","og_title":"Pakete","og_description":"[vc_row][vc_column width=&#8220;1\/4&#8243;][\/vc_column][vc_column width=&#8220;1\/2&#8243;][vc_custom_heading text=&#8220;\u201eTr\u00e4umen, Entdecken, Entspannen\u201c Ihr idealer Urlaub im Ferienzentrum!&#8220; font_container=&#8220;tag:h3|text_align:center&#8220; google_fonts=&#8220;font_family:Kdam%20Thmor%3Aregular|font_style:400%20regular%3A400%3Anormal&#8220;][\/vc_column][vc_column width=&#8220;1\/4&#8243;][\/vc_column][\/vc_row][vc_row][vc_column width=&#8220;1\/2&#8243;][vc_custom_heading text=&#8220;\ud83c\udf1f Sonderangebot f\u00fcr Familien im [&hellip;]","og_url":"https:\/\/villaggiocentrovacanzedeangelis.com\/pacchetti\/","og_site_name":"Centro Vacanze De Angelis","article_publisher":"https:\/\/www.facebook.com\/centrovacanzedeangelis.com","article_modified_time":"2023-12-22T09:06:04+00:00","twitter_card":"summary_large_image","twitter_site":"@deangelisresort","twitter_misc":{"Gesch\u00e4tzte Lesezeit":"5\u00a0Minuten"},"schema":{"@context":"https:\/\/schema.org","@graph":[{"@type":"WebPage","@id":"https:\/\/villaggiocentrovacanzedeangelis.com\/pacchetti\/","url":"https:\/\/villaggiocentrovacanzedeangelis.com\/pacchetti\/","name":"Pakete - Centro Vacanze De Angelis","isPartOf":{"@id":"https:\/\/villaggiocentrovacanzedeangelis.com\/#website"},"datePublished":"2020-10-09T15:07:24+00:00","dateModified":"2023-12-22T09:06:04+00:00","breadcrumb":{"@id":"https:\/\/villaggiocentrovacanzedeangelis.com\/pacchetti\/#breadcrumb"},"inLanguage":"de","potentialAction":[{"@type":"ReadAction","target":["https:\/\/villaggiocentrovacanzedeangelis.com\/pacchetti\/"]}]},{"@type":"BreadcrumbList","@id":"https:\/\/villaggiocentrovacanzedeangelis.com\/pacchetti\/#breadcrumb","itemListElement":[{"@type":"ListItem","position":1,"name":"Home","item":"https:\/\/villaggiocentrovacanzedeangelis.com\/de\/"},{"@type":"ListItem","position":2,"name":"Pakete"}]},{"@type":"WebSite","@id":"https:\/\/villaggiocentrovacanzedeangelis.com\/#website","url":"https:\/\/villaggiocentrovacanzedeangelis.com\/","name":"Centro Vacanze De Angelis","description":"Riviera del Conero","publisher":{"@id":"https:\/\/villaggiocentrovacanzedeangelis.com\/#organization"},"potentialAction":[{"@type":"SearchAction","target":{"@type":"EntryPoint","urlTemplate":"https:\/\/villaggiocentrovacanzedeangelis.com\/?s={search_term_string}"},"query-input":{"@type":"PropertyValueSpecification","valueRequired":true,"valueName":"search_term_string"}}],"inLanguage":"de"},{"@type":"Organization","@id":"https:\/\/villaggiocentrovacanzedeangelis.com\/#organization","name":"Centro Vacanze De Angelis","url":"https:\/\/villaggiocentrovacanzedeangelis.com\/","logo":{"@type":"ImageObject","inLanguage":"de","@id":"https:\/\/villaggiocentrovacanzedeangelis.com\/#\/schema\/logo\/image\/","url":"https:\/\/villaggiocentrovacanzedeangelis.com\/wp-content\/uploads\/2020\/10\/cropped-Logo-HDV-100-png-copy.png","contentUrl":"https:\/\/villaggiocentrovacanzedeangelis.com\/wp-content\/uploads\/2020\/10\/cropped-Logo-HDV-100-png-copy.png","width":512,"height":512,"caption":"Centro Vacanze De Angelis"},"image":{"@id":"https:\/\/villaggiocentrovacanzedeangelis.com\/#\/schema\/logo\/image\/"},"sameAs":["https:\/\/www.facebook.com\/centrovacanzedeangelis.com","https:\/\/x.com\/deangelisresort","https:\/\/instagram.com\/deangelisresort"]}]}},"_links":{"self":[{"href":"https:\/\/villaggiocentrovacanzedeangelis.com\/de\/wp-json\/wp\/v2\/pages\/9936","targetHints":{"allow":["GET"]}}],"collection":[{"href":"https:\/\/villaggiocentrovacanzedeangelis.com\/de\/wp-json\/wp\/v2\/pages"}],"about":[{"href":"https:\/\/villaggiocentrovacanzedeangelis.com\/de\/wp-json\/wp\/v2\/types\/page"}],"author":[{"embeddable":true,"href":"https:\/\/villaggiocentrovacanzedeangelis.com\/de\/wp-json\/wp\/v2\/users\/1"}],"replies":[{"embeddable":true,"href":"https:\/\/villaggiocentrovacanzedeangelis.com\/de\/wp-json\/wp\/v2\/comments?post=9936"}],"version-history":[{"count":2,"href":"https:\/\/villaggiocentrovacanzedeangelis.com\/de\/wp-json\/wp\/v2\/pages\/9936\/revisions"}],"predecessor-version":[{"id":10044,"href":"https:\/\/villaggiocentrovacanzedeangelis.com\/de\/wp-json\/wp\/v2\/pages\/9936\/revisions\/10044"}],"wp:attachment":[{"href":"https:\/\/villaggiocentrovacanzedeangelis.com\/de\/wp-json\/wp\/v2\/media?parent=9936"}],"curies":[{"name":"wp","href":"https:\/\/api.w.org\/{rel}","templated":true}]}}