{"id":8489,"date":"2020-10-06T06:19:54","date_gmt":"2020-10-06T06:19:54","guid":{"rendered":"https:\/\/villaggiocentrovacanzedeangelis.com\/privacy-policy\/"},"modified":"2023-11-22T17:28:46","modified_gmt":"2023-11-22T17:28:46","slug":"datenschutzrichtlinie","status":"publish","type":"page","link":"https:\/\/villaggiocentrovacanzedeangelis.com\/de\/datenschutzrichtlinie\/","title":{"rendered":"Datenschutzrichtlinie"},"content":{"rendered":"<div class=\"wpb-content-wrapper\">[vc_row][vc_column][vc_column_text]Auf dieser Seite werden die Datenschutzrichtlinien des Resort 95 Village S.r.l. beschrieben. auf ihren Websites mit Hinweis auf die Verarbeitung personenbezogener Daten der Besucher, die sie besuchen.<\/p>\n<p>Die nachstehenden Informationen erfolgen auch gem\u00e4\u00df Art. 13 der Europ\u00e4ischen Verordnung 679\/2016 f\u00fcr diejenigen, die mit den elektronisch zug\u00e4nglichen Webdiensten von Resort 95 Village S.r.l. interagieren. Die Informationen basieren auch auf der Empfehlung Nr. 2\/2001, die die europ\u00e4ischen Beh\u00f6rden f\u00fcr den Schutz personenbezogener Daten, die in der Gruppe der Garanten gem\u00e4\u00df Artikel 29 der Richtlinie 95\/46\/EG versammelt sind, am 17.05.2001 angenommen haben um die Mindestanforderungen zum Schutz der Erhebung personenbezogener Daten im Internet sowie die Mindestma\u00dfnahmen zu ermitteln, die gegen\u00fcber Personen, die sich mit Webseiten verbinden, umgesetzt werden m\u00fcssen, um die Loyalit\u00e4t und Rechtm\u00e4\u00dfigkeit dieser Verarbeitung zu gew\u00e4hrleisten.<\/p>\n<p>Datencontroller<\/p>\n<p>Der Besuch dieser Website kann zur Verarbeitung von Daten \u00fcber identifizierte oder identifizierbare Personen f\u00fchren. Der \u201eEigent\u00fcmer\u201c der Verarbeitung personenbezogener Daten ist Resort 95 Village S.r.l. mit Sitz in San Benedetto del Tronto (AP) 63074 \u2013 Via Giovanni XXIII, 33.<\/p>\n<p>Datenschutzbeauftragter<\/p>\n<p>Der Datenschutzbeauftragte ist Resort 95 Village S.r.l. mit Sitz in San Benedetto del Tronto in der Via GiovanniXXIII, 33.<\/p>\n<p>Ort der Verarbeitung personenbezogener Daten \u2013 Profiling<\/p>\n<p>Die Website des Resort 95 Village S.r.l Der Besuch ist ohne Angabe personenbezogener Daten m\u00f6glich. Die personenbezogenen Daten, die Resort 95 Village S.r.l. \u00fcber das Internet anvertraut werden, werden in seinem touristischen Hotelkomplex in Numana Via Castelfidardo und in seinem Verwaltungssitz in San Benedetto del Tronto, Ascoli Piceno (Italien), verarbeitet. Die Verarbeitung personenbezogener Daten erfolgt ausschlie\u00dflich durch das speziell f\u00fcr die Verarbeitung zust\u00e4ndige technische Personal und gelegentlich auch durch die f\u00fcr etwaige Wartungsarbeiten verantwortlichen Personen. Besucher, die die Buchungsanfrage- und E-Newsletter-Anmeldeformulare nutzen, m\u00fcssen ihre pers\u00f6nlichen Daten (Vorname, Nachname, Adresse, E-Mail-Adresse, Telefonnummer usw.) angeben und deren Verarbeitung genehmigen. Die \u00fcber die von Resort 95 Village S.r.l. angebotenen Webdienste erfassten personenbezogenen Daten. werden in San Benedetto del Tronto 63074, Ascoli Piceno (Italien) via Giovanni XXIII, 33, am Sitz und in den Strukturen externer Unternehmen aufbewahrt, die f\u00fcr die Erbringung der Dienstleistungen selbst zust\u00e4ndig sind (z. B. Softwareh\u00e4user, Serverfarmen oder Webagenturen). . Die Verarbeitung der Daten erfolgt ausschlie\u00dflich durch das mit der Datenverarbeitung betraute technische Personal oder durch Personen, die f\u00fcr gelegentliche Wartungseingriffe verantwortlich sind. Dar\u00fcber hinaus wird darauf hingewiesen, dass das Unternehmen keine Daten mit automatisierten Entscheidungsprozessen verarbeiten wird, es sei denn, es wird ausdr\u00fccklich um Zustimmung gebeten.<\/p>\n<p>Arten der verarbeiteten Daten<br \/>\nBrowsing-Daten<\/p>\n<p>Die f\u00fcr den Betrieb dieser Website verwendeten Computersysteme und Softwareverfahren erfassen w\u00e4hrend ihres normalen Betriebs einige personenbezogene Daten, deren \u00dcbermittlung bei der Verwendung von Internet-Kommunikationsprotokollen implizit ist. Hierbei handelt es sich um Informationen, die nicht erfasst werden, um identifizierten Interessenten zugeordnet zu werden, die aber aufgrund ihrer Beschaffenheit durch die Verarbeitung und Verkn\u00fcpfung mit Daten im Besitz Dritter eine Identifizierung der Nutzer erm\u00f6glichen k\u00f6nnten. Zu dieser Datenkategorie geh\u00f6ren die IP-Adressen oder Dom\u00e4nennamen der Computer, die von Benutzern verwendet werden, die eine Verbindung zur Website herstellen, die Adressen in URI-Notation (Uniform Resource Identifier) \u200b\u200bder angeforderten Ressourcen, der Zeitpunkt der Anfrage und die verwendete Methode \u00dcbermittlung der Anfrage an den Server, die Gr\u00f6\u00dfe der als Antwort erhaltenen Dateien, der numerische Code, der den Status der vom Server gegebenen Antwort angibt, und andere Parameter, die sich auf das Betriebssystem und die IT-Umgebung des Benutzers beziehen. Diese Daten werden ausschlie\u00dflich dazu verwendet, anonyme statistische Informationen \u00fcber die Nutzung dieser Website zu erhalten und deren korrekte Funktion zu \u00fcberpr\u00fcfen. Sie k\u00f6nnten auch zur Feststellung einer etwaigen Haftung im Falle hypothetischer Computerkriminalit\u00e4t gegen die Website verwendet werden: Abgesehen von diesem Fall werden personenbezogene Daten nicht l\u00e4nger als drei\u00dfig Tage gespeichert.<\/p>\n<p>Kekse<\/p>\n<p>Resort 95 Village S.r.l. erfasst und\/oder erfasst nicht automatisch personenbezogene Daten von Besuchern ihrer Websites. Diese Website verwendet Cookies gem\u00e4\u00df der Bestimmung des Datenschutzbeauftragten vom 4. Juni 2014.<\/p>\n<p>Cookies bestehen aus Codeteilen, die im Browser installiert werden und den Eigent\u00fcmer bei der Bereitstellung des Dienstes basierend auf den beschriebenen Zwecken unterst\u00fctzen. Einige Zwecke der Installation von Cookies erfordern m\u00f6glicherweise auch die Zustimmung des Benutzers.<\/p>\n<p>Technische und aggregierte Statistik-Cookies<\/p>\n<p>F\u00fcr den Betrieb unbedingt erforderliche T\u00e4tigkeiten<\/p>\n<p>Diese Anwendung verwendet<\/p>\n<table>\n<tbody>\n<tr>\n<td width=\"185\"><strong>Nome<\/strong><\/td>\n<td width=\"80\"><strong>Tipo<\/strong><\/td>\n<td width=\"159\"><strong>Durata<\/strong><\/td>\n<td width=\"217\"><strong>Descrizione<\/strong><\/td>\n<\/tr>\n<tr>\n<td width=\"185\">PHPSESSID<\/td>\n<td width=\"80\">Tecnico<\/td>\n<td width=\"159\">Chiusura del broswer<\/td>\n<td width=\"217\">Das PHPSESSID-Cookie ist ein natives PHP-Cookie und erm\u00f6glicht es Websites, Sitzungsstatusdaten zu speichern.<\/td>\n<\/tr>\n<tr>\n<td width=\"185\">_ga<\/td>\n<td width=\"80\">Analitico<\/td>\n<td width=\"159\">2 anni<\/td>\n<td width=\"217\">Tracking-Cookie eines Drittanbieters (Google Analytics), der zur Analyse von Besuchen verwendet wird.<\/td>\n<\/tr>\n<tr>\n<td width=\"185\">_icl_current_language<\/td>\n<td width=\"80\">Tecnico<\/td>\n<td width=\"159\">24 ore<\/td>\n<td width=\"217\">Dieses Cookie wird vom WordPress-Plugin WPML verwendet und dient dazu, sich den Sprachcode der zuletzt besuchten Seite zu merken.<\/td>\n<\/tr>\n<tr>\n<td width=\"185\">_icl_current_admin_language_xxx<\/td>\n<td width=\"80\">Tecnico<\/td>\n<td width=\"159\">24 ore<\/td>\n<td width=\"217\">Dieses Cookie wird vom WordPress-Plugin WPML verwendet und dient dazu, sich den Sprachcode des Admin-Panels zu merken.<\/td>\n<\/tr>\n<tr>\n<td width=\"185\">wordpress_test_cookie<\/td>\n<td width=\"80\">Tecnico<\/td>\n<td width=\"159\">Chiusura del browser<\/td>\n<td width=\"217\">WordPress verwendet dieses Cookie auf der Anmeldeseite, um zu steuern, ob der Browser des Benutzers so eingestellt ist, dass er Cookies akzeptiert oder nicht. Die Nutzung ist auf den Administrationsbereich der Website beschr\u00e4nkt. Cookie-Pfad:\/<\/td>\n<\/tr>\n<tr>\n<td width=\"185\">wp-settings-1<\/td>\n<td width=\"80\">Tecnico<\/td>\n<td width=\"159\">1 anno<\/td>\n<td width=\"217\">Dieses Cookie wird von WordPress verwendet, um die Anzeige der Administrationsoberfl\u00e4che und m\u00f6glicherweise auch der Oberfl\u00e4che der Hauptseite anzupassen. Cookie-Pfad:\/<\/td>\n<\/tr>\n<tr>\n<td width=\"185\">wp-settings-time-1<\/td>\n<td width=\"80\">Tecnico<\/td>\n<td width=\"159\">1 anno<\/td>\n<td width=\"217\">Dies wird von WordPress auch genutzt, um die Darstellung der Administrationsoberfl\u00e4che und ggf. auch der Oberfl\u00e4che der Hauptseite anzupassen. Die Nutzung ist auf den Administrationsbereich der Website beschr\u00e4nkt. Cookie-Pfad:\/<\/td>\n<\/tr>\n<tr>\n<td width=\"185\">wordpress_xxxxx<\/td>\n<td width=\"80\">Tecnico<\/td>\n<td width=\"159\">Quando termina la sessione di navigazione<\/td>\n<td width=\"217\">Dieses Cookie wird von WordPress verwendet, um die Anzeige der Administrationsoberfl\u00e4che und m\u00f6glicherweise auch der Oberfl\u00e4che der Hauptseite anzupassen. Cookie-Pfad:\/wp-content\/plugins<\/td>\n<\/tr>\n<tr>\n<td width=\"185\">wordpress_xxxxx<\/td>\n<td width=\"80\">Tecnico<\/td>\n<td width=\"159\">Quando termina la sessione di navigazione<\/td>\n<td width=\"217\">Dieses Cookie wird von WordPress auch verwendet, um die Anzeige der Administrationsoberfl\u00e4che und m\u00f6glicherweise auch der Oberfl\u00e4che der Hauptseite anzupassen. Cookie-Pfad:\/wp-admin<\/td>\n<\/tr>\n<tr>\n<td width=\"185\">_hjIncludedInSample<\/td>\n<td width=\"80\">Tecnico<\/td>\n<td width=\"159\">1 anno<\/td>\n<td width=\"217\">Dieses Cookie wird gesetzt, um Hotjar dar\u00fcber zu informieren, ob dieser Besucher in dem Beispiel enthalten ist, das zum Generieren von Heatmaps, Funnels, Aufzeichnungen usw. verwendet wird.<\/td>\n<\/tr>\n<tr>\n<td width=\"185\">_gcl_au<\/td>\n<td width=\"80\">Performance<\/td>\n<td width=\"159\">6 mesi<\/td>\n<td width=\"217\">Wird von Google AdSense verwendet, um die Werbeeffizienz auf allen Websites zu testen, die ihre Dienste nutzen<\/td>\n<\/tr>\n<tr>\n<td width=\"185\">_gid<\/td>\n<td width=\"80\">Performance<\/td>\n<td width=\"159\">6 mesi<\/td>\n<td width=\"217\">Dieser Cookie-Name ist mit Google Universal Analytics verkn\u00fcpft. Speichert und aktualisiert einen eindeutigen Wert f\u00fcr jede besuchte Seite.<\/td>\n<\/tr>\n<tr>\n<td width=\"185\">_dc_gtm_UA-XXXXXXXX<\/td>\n<td width=\"80\">Tecnico<\/td>\n<td width=\"159\">Chiusura del broswer<\/td>\n<td width=\"217\">Erstklassige Kekse; Wenn beispielsweise ein Besucher Ihrer Website zus\u00e4tzliche Seiten\/Dateien\/Ressourcen auf der Domain Ihrer Website anfordert, wird dieses Cookie zusammen mit jeder Anfrage gesendet.<\/td>\n<\/tr>\n<tr>\n<td width=\"185\">fr<\/td>\n<td width=\"80\">Advertisment<\/td>\n<td width=\"159\">3 mesi<\/td>\n<td width=\"217\">Facebook verfolgt gesperrte Facebook-Nutzer mit einem Cookie (fr), das zu Werbezwecken verwendet wird und eine verschl\u00fcsselte Facebook-ID und Browser-ID ist<\/td>\n<\/tr>\n<tr>\n<td width=\"185\">NID\/ANID<\/td>\n<td width=\"80\">Tecnico<\/td>\n<td width=\"159\">6 mesi<\/td>\n<td width=\"217\">Das NID-Cookie enth\u00e4lt eine eindeutige ID, die von Google verwendet wird, um Ihre Pr\u00e4ferenzen und andere Informationen zu speichern, wie z. B. Ihre bevorzugte Sprache (z. B. Italienisch), die Anzahl der Suchergebnisse, die f\u00fcr jede Seite angezeigt werden sollen (z. B. 10 oder 20). ) und Ihre Pr\u00e4ferenz f\u00fcr die Aktivierung des SafeSearch-Filters von Google.<\/td>\n<\/tr>\n<tr>\n<td width=\"185\">IDE<\/td>\n<td width=\"80\">Tecnico<\/td>\n<td width=\"159\">24 giorni<\/td>\n<td width=\"217\">Cookie, das f\u00fcr die Anzeige von Werbung im gesamten Web verwendet wird. Einer der wichtigsten Werbecookies von Google<\/td>\n<\/tr>\n<tr>\n<td width=\"185\">1P_JAR<\/td>\n<td width=\"80\">Tecnico<\/td>\n<td width=\"159\">1 mese<\/td>\n<td width=\"217\">Marketing-Cookies: Dies ist eine direkte Folge der Verwendung von Drittanbieterkomponenten. Es wird zur Verfolgung von Besuchern auf Websites verwendet<\/td>\n<\/tr>\n<\/tbody>\n<\/table>\n<p>&nbsp;<\/p>\n<ul>\n<li>Wie kann ich die Installation von Cookies kontrollieren?Zus\u00e4tzlich zu den Angaben in diesem Dokument kann der Benutzer seine Pr\u00e4ferenzen in Bezug auf Cookies direkt in seinem Browser verwalten und beispielsweise verhindern, dass Dritte diese installieren. \u00dcber die Browsereinstellungen ist es auch m\u00f6glich, in der Vergangenheit installierte Cookies zu l\u00f6schen, einschlie\u00dflich des Cookies, in dem m\u00f6glicherweise die Zustimmung zur Installation von Cookies durch diese Website gespeichert wird. Bitte beachten Sie, dass durch die Deaktivierung aller Cookies die Funktion dieser Website beeintr\u00e4chtigt werden kann. Informationen zur Verwaltung von Cookies in seinem Browser findet der Nutzer unter folgenden Adressen: Google Chrome, Mozilla Firefox, Apple Safari und Microsoft Windows Explorer.Bei Diensten Dritter kann der Nutzer sein Widerspruchsrecht gegen das Tracking auch dadurch aus\u00fcben, dass er sich \u00fcber die Datenschutzerkl\u00e4rung des Drittanbieters informiert, \u00fcber den Opt-Out-Link, sofern dies ausdr\u00fccklich vorgesehen ist, oder indem er sich direkt an den Drittanbieter wendet.\n<p>Unbeschadet des Vorstehenden informiert der Eigent\u00fcmer dar\u00fcber, dass der Benutzer Ihre Online-Auswahlm\u00f6glichkeiten (https:\/\/www.youronlinechoices.com\/) nutzen kann. \u00dcber diesen Dienst ist es m\u00f6glich, die Tracking-Einstellungen der meisten Werbetools zu verwalten. Der Eigent\u00fcmer empfiehlt den Benutzern daher, diese Ressource zus\u00e4tzlich zu den in diesem Dokument bereitgestellten Informationen zu verwenden.<\/p>\n<p>Optionale Bereitstellung von Daten<\/p>\n<p>Abgesehen von dem, was f\u00fcr Navigationsdaten angegeben ist, steht es dem Benutzer frei, personenbezogene Daten anzugeben, um die Zusendung von Informationsmaterial oder anderen Arten von Dienstleistungen des Resort 95 Village s.r.l. anzufordern. Die Nichtbereitstellung von Daten kann dazu f\u00fchren, dass der angeforderte Dienst nicht in Anspruch genommen werden kann .<\/p>\n<p>Behandlungsmethoden<\/p>\n<p>Personenbezogene Daten werden mit automatisierten Werkzeugen f\u00fcr den Zeitraum verarbeitet, der unbedingt erforderlich ist, um die Zwecke zu erreichen, f\u00fcr die sie erhoben wurden, und in jedem Fall unter Einhaltung der Grunds\u00e4tze der Notwendigkeit, des Zwecks, der Relevanz und der Nicht\u00fcberschreitung, die gem\u00e4\u00df der Verordnung sanktioniert werden. Spezifische Sicherheitsma\u00dfnahmen werden beachtet, um Datenverlust, unerlaubte oder fehlerhafte Nutzung und unbefugten Zugriff zu verhindern.<\/p>\n<p>Rechte der Interessenten<\/p>\n<p>Abschlie\u00dfend informieren wir Sie dar\u00fcber, dass die Artikel. Die Art. 15-22 der Verordnung gew\u00e4hrt interessierten Parteien die Aus\u00fcbung spezifischer Rechte. Die Verordnung umfasst das Recht, vom Eigent\u00fcmer eine Best\u00e4tigung \u00fcber das Vorhandensein oder Nichtvorhandensein personenbezogener Daten zu erhalten und diese Daten in verst\u00e4ndlicher Form zur Verf\u00fcgung zu stellen; um die Herkunft der Daten sowie die Logik und Zwecke zu kennen, auf denen die Verarbeitung beruht; die L\u00f6schung, Umwandlung in anonymisierte Form oder Sperrung der gesetzeswidrig verarbeiteten Daten sowie die Aktualisierung, Berichtigung oder ggf. Erg\u00e4nzung der Daten zu verlangen; sich aus legitimen Gr\u00fcnden der Verarbeitung selbst zu widersetzen. Die europ\u00e4ische Verordnung erkennt au\u00dferdem das Recht des Betroffenen an, eine Beschwerde bei der Aufsichtsbeh\u00f6rde einzureichen, das Recht, die Einwilligung jederzeit zu widerrufen, und das Recht auf Daten\u00fcbertragbarkeit. Um diese Rechte auszu\u00fcben, k\u00f6nnen Sie sich direkt an unser Unternehmen unter Resort 95 Village s.r.l. wenden. Via Giovanni XXIII, 33 63074 San Benedetto del Tronto (AP). oder an die E-Mail-Adresse: segreteria@deangelisvillage.com<\/p>\n<p>Im Sinne der Europ\u00e4ischen Verordnung 679\/2016:<\/p>\n<p>Der Datenverantwortliche ist Resort 95 Village S.r.l. mit Sitz in San Benedetto del Tronto, Via Giovanni XXIII, 33 in der Person seines gesetzlichen Vertreters pro tempore.<br \/>\nVerantwortlicher f\u00fcr den Schutz personenbezogener Daten ist Resort 95 Village S.r.l. mit Sitz in San Benedetto del Tronto, Via Giovanni XXIII, 33. Erreichbar unter der E-Mail-Adresse:\u00a0segreteria@deangelisvillage.com<\/li>\n<\/ul>\n[\/vc_column_text][\/vc_column][\/vc_row]\n<\/div>","protected":false},"excerpt":{"rendered":"<p>[vc_row][vc_column][vc_column_text]Auf dieser Seite werden die Datenschutzrichtlinien des Resort 95 Village S.r.l. beschrieben. auf ihren Websites mit Hinweis auf die Verarbeitung [&hellip;]<\/p>\n","protected":false},"author":1,"featured_media":0,"parent":0,"menu_order":0,"comment_status":"closed","ping_status":"closed","template":"","meta":{"footnotes":""},"class_list":["post-8489","page","type-page","status-publish","hentry"],"yoast_head":"<!-- This site is optimized with the Yoast SEO Premium plugin v27.3 (Yoast SEO v27.3) - https:\/\/yoast.com\/product\/yoast-seo-premium-wordpress\/ -->\n<title>Datenschutzrichtlinie - Centro Vacanze De Angelis<\/title>\n<meta name=\"robots\" content=\"index, follow, max-snippet:-1, max-image-preview:large, max-video-preview:-1\" \/>\n<link rel=\"canonical\" href=\"https:\/\/villaggiocentrovacanzedeangelis.com\/privacy-policy\/\" \/>\n<meta property=\"og:locale\" content=\"de_DE\" \/>\n<meta property=\"og:type\" content=\"article\" \/>\n<meta property=\"og:title\" content=\"Datenschutzrichtlinie\" \/>\n<meta property=\"og:description\" content=\"[vc_row][vc_column][vc_column_text]Auf dieser Seite werden die Datenschutzrichtlinien des Resort 95 Village S.r.l. beschrieben. auf ihren Websites mit Hinweis auf die Verarbeitung [&hellip;]\" \/>\n<meta property=\"og:url\" content=\"https:\/\/villaggiocentrovacanzedeangelis.com\/privacy-policy\/\" \/>\n<meta property=\"og:site_name\" content=\"Centro Vacanze De Angelis\" \/>\n<meta property=\"article:publisher\" content=\"https:\/\/www.facebook.com\/centrovacanzedeangelis.com\" \/>\n<meta property=\"article:modified_time\" content=\"2023-11-22T17:28:46+00:00\" \/>\n<meta name=\"twitter:card\" content=\"summary_large_image\" \/>\n<meta name=\"twitter:site\" content=\"@deangelisresort\" \/>\n<meta name=\"twitter:label1\" content=\"Gesch\u00e4tzte Lesezeit\" \/>\n\t<meta name=\"twitter:data1\" content=\"9\u00a0Minuten\" \/>\n<script type=\"application\/ld+json\" class=\"yoast-schema-graph\">{\"@context\":\"https:\\\/\\\/schema.org\",\"@graph\":[{\"@type\":\"WebPage\",\"@id\":\"https:\\\/\\\/villaggiocentrovacanzedeangelis.com\\\/privacy-policy\\\/\",\"url\":\"https:\\\/\\\/villaggiocentrovacanzedeangelis.com\\\/privacy-policy\\\/\",\"name\":\"Datenschutzrichtlinie - Centro Vacanze De Angelis\",\"isPartOf\":{\"@id\":\"https:\\\/\\\/villaggiocentrovacanzedeangelis.com\\\/#website\"},\"datePublished\":\"2020-10-06T06:19:54+00:00\",\"dateModified\":\"2023-11-22T17:28:46+00:00\",\"breadcrumb\":{\"@id\":\"https:\\\/\\\/villaggiocentrovacanzedeangelis.com\\\/privacy-policy\\\/#breadcrumb\"},\"inLanguage\":\"de\",\"potentialAction\":[{\"@type\":\"ReadAction\",\"target\":[\"https:\\\/\\\/villaggiocentrovacanzedeangelis.com\\\/privacy-policy\\\/\"]}]},{\"@type\":\"BreadcrumbList\",\"@id\":\"https:\\\/\\\/villaggiocentrovacanzedeangelis.com\\\/privacy-policy\\\/#breadcrumb\",\"itemListElement\":[{\"@type\":\"ListItem\",\"position\":1,\"name\":\"Home\",\"item\":\"https:\\\/\\\/villaggiocentrovacanzedeangelis.com\\\/de\\\/\"},{\"@type\":\"ListItem\",\"position\":2,\"name\":\"Datenschutzrichtlinie\"}]},{\"@type\":\"WebSite\",\"@id\":\"https:\\\/\\\/villaggiocentrovacanzedeangelis.com\\\/#website\",\"url\":\"https:\\\/\\\/villaggiocentrovacanzedeangelis.com\\\/\",\"name\":\"Centro Vacanze De Angelis\",\"description\":\"Riviera del Conero\",\"publisher\":{\"@id\":\"https:\\\/\\\/villaggiocentrovacanzedeangelis.com\\\/#organization\"},\"potentialAction\":[{\"@type\":\"SearchAction\",\"target\":{\"@type\":\"EntryPoint\",\"urlTemplate\":\"https:\\\/\\\/villaggiocentrovacanzedeangelis.com\\\/?s={search_term_string}\"},\"query-input\":{\"@type\":\"PropertyValueSpecification\",\"valueRequired\":true,\"valueName\":\"search_term_string\"}}],\"inLanguage\":\"de\"},{\"@type\":\"Organization\",\"@id\":\"https:\\\/\\\/villaggiocentrovacanzedeangelis.com\\\/#organization\",\"name\":\"Centro Vacanze De Angelis\",\"url\":\"https:\\\/\\\/villaggiocentrovacanzedeangelis.com\\\/\",\"logo\":{\"@type\":\"ImageObject\",\"inLanguage\":\"de\",\"@id\":\"https:\\\/\\\/villaggiocentrovacanzedeangelis.com\\\/#\\\/schema\\\/logo\\\/image\\\/\",\"url\":\"https:\\\/\\\/villaggiocentrovacanzedeangelis.com\\\/wp-content\\\/uploads\\\/2020\\\/10\\\/cropped-Logo-HDV-100-png-copy.png\",\"contentUrl\":\"https:\\\/\\\/villaggiocentrovacanzedeangelis.com\\\/wp-content\\\/uploads\\\/2020\\\/10\\\/cropped-Logo-HDV-100-png-copy.png\",\"width\":512,\"height\":512,\"caption\":\"Centro Vacanze De Angelis\"},\"image\":{\"@id\":\"https:\\\/\\\/villaggiocentrovacanzedeangelis.com\\\/#\\\/schema\\\/logo\\\/image\\\/\"},\"sameAs\":[\"https:\\\/\\\/www.facebook.com\\\/centrovacanzedeangelis.com\",\"https:\\\/\\\/x.com\\\/deangelisresort\",\"https:\\\/\\\/instagram.com\\\/deangelisresort\"]}]}<\/script>\n<!-- \/ Yoast SEO Premium plugin. -->","yoast_head_json":{"title":"Datenschutzrichtlinie - Centro Vacanze De Angelis","robots":{"index":"index","follow":"follow","max-snippet":"max-snippet:-1","max-image-preview":"max-image-preview:large","max-video-preview":"max-video-preview:-1"},"canonical":"https:\/\/villaggiocentrovacanzedeangelis.com\/privacy-policy\/","og_locale":"de_DE","og_type":"article","og_title":"Datenschutzrichtlinie","og_description":"[vc_row][vc_column][vc_column_text]Auf dieser Seite werden die Datenschutzrichtlinien des Resort 95 Village S.r.l. beschrieben. auf ihren Websites mit Hinweis auf die Verarbeitung [&hellip;]","og_url":"https:\/\/villaggiocentrovacanzedeangelis.com\/privacy-policy\/","og_site_name":"Centro Vacanze De Angelis","article_publisher":"https:\/\/www.facebook.com\/centrovacanzedeangelis.com","article_modified_time":"2023-11-22T17:28:46+00:00","twitter_card":"summary_large_image","twitter_site":"@deangelisresort","twitter_misc":{"Gesch\u00e4tzte Lesezeit":"9\u00a0Minuten"},"schema":{"@context":"https:\/\/schema.org","@graph":[{"@type":"WebPage","@id":"https:\/\/villaggiocentrovacanzedeangelis.com\/privacy-policy\/","url":"https:\/\/villaggiocentrovacanzedeangelis.com\/privacy-policy\/","name":"Datenschutzrichtlinie - Centro Vacanze De Angelis","isPartOf":{"@id":"https:\/\/villaggiocentrovacanzedeangelis.com\/#website"},"datePublished":"2020-10-06T06:19:54+00:00","dateModified":"2023-11-22T17:28:46+00:00","breadcrumb":{"@id":"https:\/\/villaggiocentrovacanzedeangelis.com\/privacy-policy\/#breadcrumb"},"inLanguage":"de","potentialAction":[{"@type":"ReadAction","target":["https:\/\/villaggiocentrovacanzedeangelis.com\/privacy-policy\/"]}]},{"@type":"BreadcrumbList","@id":"https:\/\/villaggiocentrovacanzedeangelis.com\/privacy-policy\/#breadcrumb","itemListElement":[{"@type":"ListItem","position":1,"name":"Home","item":"https:\/\/villaggiocentrovacanzedeangelis.com\/de\/"},{"@type":"ListItem","position":2,"name":"Datenschutzrichtlinie"}]},{"@type":"WebSite","@id":"https:\/\/villaggiocentrovacanzedeangelis.com\/#website","url":"https:\/\/villaggiocentrovacanzedeangelis.com\/","name":"Centro Vacanze De Angelis","description":"Riviera del Conero","publisher":{"@id":"https:\/\/villaggiocentrovacanzedeangelis.com\/#organization"},"potentialAction":[{"@type":"SearchAction","target":{"@type":"EntryPoint","urlTemplate":"https:\/\/villaggiocentrovacanzedeangelis.com\/?s={search_term_string}"},"query-input":{"@type":"PropertyValueSpecification","valueRequired":true,"valueName":"search_term_string"}}],"inLanguage":"de"},{"@type":"Organization","@id":"https:\/\/villaggiocentrovacanzedeangelis.com\/#organization","name":"Centro Vacanze De Angelis","url":"https:\/\/villaggiocentrovacanzedeangelis.com\/","logo":{"@type":"ImageObject","inLanguage":"de","@id":"https:\/\/villaggiocentrovacanzedeangelis.com\/#\/schema\/logo\/image\/","url":"https:\/\/villaggiocentrovacanzedeangelis.com\/wp-content\/uploads\/2020\/10\/cropped-Logo-HDV-100-png-copy.png","contentUrl":"https:\/\/villaggiocentrovacanzedeangelis.com\/wp-content\/uploads\/2020\/10\/cropped-Logo-HDV-100-png-copy.png","width":512,"height":512,"caption":"Centro Vacanze De Angelis"},"image":{"@id":"https:\/\/villaggiocentrovacanzedeangelis.com\/#\/schema\/logo\/image\/"},"sameAs":["https:\/\/www.facebook.com\/centrovacanzedeangelis.com","https:\/\/x.com\/deangelisresort","https:\/\/instagram.com\/deangelisresort"]}]}},"_links":{"self":[{"href":"https:\/\/villaggiocentrovacanzedeangelis.com\/de\/wp-json\/wp\/v2\/pages\/8489","targetHints":{"allow":["GET"]}}],"collection":[{"href":"https:\/\/villaggiocentrovacanzedeangelis.com\/de\/wp-json\/wp\/v2\/pages"}],"about":[{"href":"https:\/\/villaggiocentrovacanzedeangelis.com\/de\/wp-json\/wp\/v2\/types\/page"}],"author":[{"embeddable":true,"href":"https:\/\/villaggiocentrovacanzedeangelis.com\/de\/wp-json\/wp\/v2\/users\/1"}],"replies":[{"embeddable":true,"href":"https:\/\/villaggiocentrovacanzedeangelis.com\/de\/wp-json\/wp\/v2\/comments?post=8489"}],"version-history":[{"count":2,"href":"https:\/\/villaggiocentrovacanzedeangelis.com\/de\/wp-json\/wp\/v2\/pages\/8489\/revisions"}],"predecessor-version":[{"id":8493,"href":"https:\/\/villaggiocentrovacanzedeangelis.com\/de\/wp-json\/wp\/v2\/pages\/8489\/revisions\/8493"}],"wp:attachment":[{"href":"https:\/\/villaggiocentrovacanzedeangelis.com\/de\/wp-json\/wp\/v2\/media?parent=8489"}],"curies":[{"name":"wp","href":"https:\/\/api.w.org\/{rel}","templated":true}]}}