{"id":6345,"date":"2020-10-16T09:37:51","date_gmt":"2020-10-16T09:37:51","guid":{"rendered":"https:\/\/villaggiocentrovacanzedeangelis.com\/havana-cafe\/"},"modified":"2023-12-20T07:58:04","modified_gmt":"2023-12-20T07:58:04","slug":"havana-cafe","status":"publish","type":"page","link":"https:\/\/villaggiocentrovacanzedeangelis.com\/de\/havana-cafe\/","title":{"rendered":"Havana Caf\u00e8"},"content":{"rendered":"<div class=\"wpb-content-wrapper\">[vc_row][vc_column][vc_custom_heading text=&#8220;Der Beach Club beginnt hier!&#8220;][\/vc_column][\/vc_row][vc_row full_width=&#8220;stretch_row_content&#8220;][vc_column width=&#8220;1\/4&#8243;][vc_single_image image=&#8220;7965&#8243; img_size=&#8220;full&#8220; alignment=&#8220;center&#8220; title=&#8220;Prima di Pranzo&#8220;][\/vc_column][vc_column width=&#8220;1\/4&#8243;][vc_single_image image=&#8220;9482&#8243; img_size=&#8220;full&#8220; alignment=&#8220;center&#8220; title=&#8220;Prima di Pranzo&#8220;][\/vc_column][vc_column width=&#8220;1\/4&#8243;][vc_single_image image=&#8220;9478&#8243; img_size=&#8220;full&#8220; alignment=&#8220;center&#8220; title=&#8220;Prima di Pranzo&#8220;][\/vc_column][vc_column width=&#8220;1\/4&#8243;][vc_single_image image=&#8220;9490&#8243; img_size=&#8220;full&#8220; alignment=&#8220;center&#8220; title=&#8220;Prima di Pranzo&#8220;][\/vc_column][\/vc_row][vc_row][vc_column width=&#8220;1\/3&#8243;][vc_column_text]Fr\u00fchst\u00fcck im Beach Club De Angelis<\/p>\n<p>Beginnen Sie Ihren Tag mit einem unvergesslichen kulinarischen Erlebnis im Beach Club De Angelis. Unser Fr\u00fchst\u00fcck, serviert in einer entspannten Atmosph\u00e4re mit atemberaubendem Blick auf den Strand, bietet eine Vielzahl an K\u00f6stlichkeiten f\u00fcr jeden Gaumen. Unsere professionellen Baristas bereiten eine Auswahl an k\u00f6stlichen Getr\u00e4nken zu, cremigen Cappuccinos und aromatischen Tees, die perfekt zu \u00a0einem frischen Geb\u00e4ck, Buttercroissants und Obst der Saison passen. F\u00fcr Liebhaber herzhafter Speisen bietet unsere Karte viele Optionen, darunter frisch zubereitete Eier, K\u00e4se aus der Region und hochwertiges Fleisch. Das Fr\u00fchst\u00fcck im Beach Club ist mehr als eine Mahlzeit, es ist ein Erlebnis, welches die Sinne weckt.[\/vc_column_text][\/vc_column][vc_column width=&#8220;1\/3&#8243;][vc_column_text]Aperitifs im Beach Club De Angelis<\/p>\n<p>Der Aperitif im Beach Club De Angelis ist ein Ritual, das Sie sich nicht entgehen lassen sollten. Wenn die Sonne untergeht, verwandelt sich unsere Bar in eine lebendige Oase, in der Sie innovative Cocktails und neu interpretierte Klassiker genie\u00dfen k\u00f6nnen. Unsere erfahrenen Barkeeper mischen gekonnt hochwertige Zutaten, um einzigartige Getr\u00e4nke zu kreieren, die \u00fcberraschen und begeistern. Begleitet wird Ihr Getr\u00e4nk mit einer Auswahl an Gourmet-Vorspeisen wie marinierten Oliven, knusprigen Bruschetta und einer Auswahl an K\u00e4se und Wurstwaren. In dieser eleganten und ungezwungenen Atmosph\u00e4re sind Aperitifs im Beach Club die perfekte Gelegenheit, Kontakte zu kn\u00fcpfen, zu entspannen und die Meeresbrise zu genie\u00dfen.[\/vc_column_text][\/vc_column][vc_column width=&#8220;1\/3&#8243;][vc_column_text]Apericena im Beach Club De Angelis<\/p>\n<p>AperiCena im Beach Club ist ein kulinarisches Erlebnis, das die Eleganz eines Aperitifs mit der Reichhaltigkeit eines Abendessens verbindet. Unsere professionellen Barkeeper begr\u00fc\u00dfen Sie mit einzigartigen Cocktails, w\u00e4hrend der K\u00fcchenchef Ihre Sinne mit einer Auswahl an leichten, aber s\u00e4ttigenden Gerichten verw\u00f6hnt. Stellen Sie sich einen gedeckten Tisch mit kreativen Vorspeisen, frischen Salaten, Fischgerichten und kleinen Portionen Pasta und Risotto vor. Jedes Gericht ist zum Teilen gedacht und f\u00f6rdert die Geselligkeit und die Entdeckung neuer Geschmacksrichtungen. Das Aperitif-Abendessen im Beach Club ist ideal f\u00fcr diejenigen, die ein raffiniertes, aber informelles gastronomisches Erlebnis mit der herrlichen Kulisse des Sonnenuntergangs am Strand als Kulisse suchen.[\/vc_column_text][\/vc_column][\/vc_row][vc_row full_width=&#8220;stretch_row_content&#8220;][vc_column][vc_media_grid grid_id=&#8220;vc_gid:1703058655535-9c0130c07520239364d25f9b8ce0d928-9&#8243; include=&#8220;7581,7609,7613,7621,7625,7629&#8243;][\/vc_column][\/vc_row]\n<\/div>","protected":false},"excerpt":{"rendered":"<p>[vc_row][vc_column][vc_custom_heading text=&#8220;Der Beach Club beginnt hier!&#8220;][\/vc_column][\/vc_row][vc_row full_width=&#8220;stretch_row_content&#8220;][vc_column width=&#8220;1\/4&#8243;][vc_single_image image=&#8220;7965&#8243; img_size=&#8220;full&#8220; alignment=&#8220;center&#8220; title=&#8220;Prima di Pranzo&#8220;][\/vc_column][vc_column width=&#8220;1\/4&#8243;][vc_single_image image=&#8220;9482&#8243; img_size=&#8220;full&#8220; alignment=&#8220;center&#8220; title=&#8220;Prima di [&hellip;]<\/p>\n","protected":false},"author":1,"featured_media":0,"parent":0,"menu_order":0,"comment_status":"closed","ping_status":"closed","template":"","meta":{"footnotes":""},"class_list":["post-6345","page","type-page","status-publish","hentry"],"yoast_head":"<!-- This site is optimized with the Yoast SEO Premium plugin v27.3 (Yoast SEO v27.3) - https:\/\/yoast.com\/product\/yoast-seo-premium-wordpress\/ -->\n<title>Havana Caf\u00e8 - Centro Vacanze De Angelis<\/title>\n<meta name=\"robots\" content=\"index, follow, max-snippet:-1, max-image-preview:large, max-video-preview:-1\" \/>\n<link rel=\"canonical\" href=\"https:\/\/villaggiocentrovacanzedeangelis.com\/havana-cafe\/\" \/>\n<meta property=\"og:locale\" content=\"de_DE\" \/>\n<meta property=\"og:type\" content=\"article\" \/>\n<meta property=\"og:title\" content=\"Havana Caf\u00e8\" \/>\n<meta property=\"og:description\" content=\"[vc_row][vc_column][vc_custom_heading text=&#8220;Der Beach Club beginnt hier!&#8220;][\/vc_column][\/vc_row][vc_row full_width=&#8220;stretch_row_content&#8220;][vc_column width=&#8220;1\/4&#8243;][vc_single_image image=&#8220;7965&#8243; img_size=&#8220;full&#8220; alignment=&#8220;center&#8220; title=&#8220;Prima di Pranzo&#8220;][\/vc_column][vc_column width=&#8220;1\/4&#8243;][vc_single_image image=&#8220;9482&#8243; img_size=&#8220;full&#8220; alignment=&#8220;center&#8220; title=&#8220;Prima di [&hellip;]\" \/>\n<meta property=\"og:url\" content=\"https:\/\/villaggiocentrovacanzedeangelis.com\/havana-cafe\/\" \/>\n<meta property=\"og:site_name\" content=\"Centro Vacanze De Angelis\" \/>\n<meta property=\"article:publisher\" content=\"https:\/\/www.facebook.com\/centrovacanzedeangelis.com\" \/>\n<meta property=\"article:modified_time\" content=\"2023-12-20T07:58:04+00:00\" \/>\n<meta name=\"twitter:card\" content=\"summary_large_image\" \/>\n<meta name=\"twitter:site\" content=\"@deangelisresort\" \/>\n<meta name=\"twitter:label1\" content=\"Gesch\u00e4tzte Lesezeit\" \/>\n\t<meta name=\"twitter:data1\" content=\"3\u00a0Minuten\" \/>\n<script type=\"application\/ld+json\" class=\"yoast-schema-graph\">{\"@context\":\"https:\\\/\\\/schema.org\",\"@graph\":[{\"@type\":\"WebPage\",\"@id\":\"https:\\\/\\\/villaggiocentrovacanzedeangelis.com\\\/havana-cafe\\\/\",\"url\":\"https:\\\/\\\/villaggiocentrovacanzedeangelis.com\\\/havana-cafe\\\/\",\"name\":\"Havana Caf\u00e8 - Centro Vacanze De Angelis\",\"isPartOf\":{\"@id\":\"https:\\\/\\\/villaggiocentrovacanzedeangelis.com\\\/#website\"},\"datePublished\":\"2020-10-16T09:37:51+00:00\",\"dateModified\":\"2023-12-20T07:58:04+00:00\",\"breadcrumb\":{\"@id\":\"https:\\\/\\\/villaggiocentrovacanzedeangelis.com\\\/havana-cafe\\\/#breadcrumb\"},\"inLanguage\":\"de\",\"potentialAction\":[{\"@type\":\"ReadAction\",\"target\":[\"https:\\\/\\\/villaggiocentrovacanzedeangelis.com\\\/havana-cafe\\\/\"]}]},{\"@type\":\"BreadcrumbList\",\"@id\":\"https:\\\/\\\/villaggiocentrovacanzedeangelis.com\\\/havana-cafe\\\/#breadcrumb\",\"itemListElement\":[{\"@type\":\"ListItem\",\"position\":1,\"name\":\"Home\",\"item\":\"https:\\\/\\\/villaggiocentrovacanzedeangelis.com\\\/de\\\/\"},{\"@type\":\"ListItem\",\"position\":2,\"name\":\"Havana Caf\u00e8\"}]},{\"@type\":\"WebSite\",\"@id\":\"https:\\\/\\\/villaggiocentrovacanzedeangelis.com\\\/#website\",\"url\":\"https:\\\/\\\/villaggiocentrovacanzedeangelis.com\\\/\",\"name\":\"Centro Vacanze De Angelis\",\"description\":\"Riviera del Conero\",\"publisher\":{\"@id\":\"https:\\\/\\\/villaggiocentrovacanzedeangelis.com\\\/#organization\"},\"potentialAction\":[{\"@type\":\"SearchAction\",\"target\":{\"@type\":\"EntryPoint\",\"urlTemplate\":\"https:\\\/\\\/villaggiocentrovacanzedeangelis.com\\\/?s={search_term_string}\"},\"query-input\":{\"@type\":\"PropertyValueSpecification\",\"valueRequired\":true,\"valueName\":\"search_term_string\"}}],\"inLanguage\":\"de\"},{\"@type\":\"Organization\",\"@id\":\"https:\\\/\\\/villaggiocentrovacanzedeangelis.com\\\/#organization\",\"name\":\"Centro Vacanze De Angelis\",\"url\":\"https:\\\/\\\/villaggiocentrovacanzedeangelis.com\\\/\",\"logo\":{\"@type\":\"ImageObject\",\"inLanguage\":\"de\",\"@id\":\"https:\\\/\\\/villaggiocentrovacanzedeangelis.com\\\/#\\\/schema\\\/logo\\\/image\\\/\",\"url\":\"https:\\\/\\\/villaggiocentrovacanzedeangelis.com\\\/wp-content\\\/uploads\\\/2020\\\/10\\\/cropped-Logo-HDV-100-png-copy.png\",\"contentUrl\":\"https:\\\/\\\/villaggiocentrovacanzedeangelis.com\\\/wp-content\\\/uploads\\\/2020\\\/10\\\/cropped-Logo-HDV-100-png-copy.png\",\"width\":512,\"height\":512,\"caption\":\"Centro Vacanze De Angelis\"},\"image\":{\"@id\":\"https:\\\/\\\/villaggiocentrovacanzedeangelis.com\\\/#\\\/schema\\\/logo\\\/image\\\/\"},\"sameAs\":[\"https:\\\/\\\/www.facebook.com\\\/centrovacanzedeangelis.com\",\"https:\\\/\\\/x.com\\\/deangelisresort\",\"https:\\\/\\\/instagram.com\\\/deangelisresort\"]}]}<\/script>\n<!-- \/ Yoast SEO Premium plugin. -->","yoast_head_json":{"title":"Havana Caf\u00e8 - Centro Vacanze De Angelis","robots":{"index":"index","follow":"follow","max-snippet":"max-snippet:-1","max-image-preview":"max-image-preview:large","max-video-preview":"max-video-preview:-1"},"canonical":"https:\/\/villaggiocentrovacanzedeangelis.com\/havana-cafe\/","og_locale":"de_DE","og_type":"article","og_title":"Havana Caf\u00e8","og_description":"[vc_row][vc_column][vc_custom_heading text=&#8220;Der Beach Club beginnt hier!&#8220;][\/vc_column][\/vc_row][vc_row full_width=&#8220;stretch_row_content&#8220;][vc_column width=&#8220;1\/4&#8243;][vc_single_image image=&#8220;7965&#8243; img_size=&#8220;full&#8220; alignment=&#8220;center&#8220; title=&#8220;Prima di Pranzo&#8220;][\/vc_column][vc_column width=&#8220;1\/4&#8243;][vc_single_image image=&#8220;9482&#8243; img_size=&#8220;full&#8220; alignment=&#8220;center&#8220; title=&#8220;Prima di [&hellip;]","og_url":"https:\/\/villaggiocentrovacanzedeangelis.com\/havana-cafe\/","og_site_name":"Centro Vacanze De Angelis","article_publisher":"https:\/\/www.facebook.com\/centrovacanzedeangelis.com","article_modified_time":"2023-12-20T07:58:04+00:00","twitter_card":"summary_large_image","twitter_site":"@deangelisresort","twitter_misc":{"Gesch\u00e4tzte Lesezeit":"3\u00a0Minuten"},"schema":{"@context":"https:\/\/schema.org","@graph":[{"@type":"WebPage","@id":"https:\/\/villaggiocentrovacanzedeangelis.com\/havana-cafe\/","url":"https:\/\/villaggiocentrovacanzedeangelis.com\/havana-cafe\/","name":"Havana Caf\u00e8 - Centro Vacanze De Angelis","isPartOf":{"@id":"https:\/\/villaggiocentrovacanzedeangelis.com\/#website"},"datePublished":"2020-10-16T09:37:51+00:00","dateModified":"2023-12-20T07:58:04+00:00","breadcrumb":{"@id":"https:\/\/villaggiocentrovacanzedeangelis.com\/havana-cafe\/#breadcrumb"},"inLanguage":"de","potentialAction":[{"@type":"ReadAction","target":["https:\/\/villaggiocentrovacanzedeangelis.com\/havana-cafe\/"]}]},{"@type":"BreadcrumbList","@id":"https:\/\/villaggiocentrovacanzedeangelis.com\/havana-cafe\/#breadcrumb","itemListElement":[{"@type":"ListItem","position":1,"name":"Home","item":"https:\/\/villaggiocentrovacanzedeangelis.com\/de\/"},{"@type":"ListItem","position":2,"name":"Havana Caf\u00e8"}]},{"@type":"WebSite","@id":"https:\/\/villaggiocentrovacanzedeangelis.com\/#website","url":"https:\/\/villaggiocentrovacanzedeangelis.com\/","name":"Centro Vacanze De Angelis","description":"Riviera del Conero","publisher":{"@id":"https:\/\/villaggiocentrovacanzedeangelis.com\/#organization"},"potentialAction":[{"@type":"SearchAction","target":{"@type":"EntryPoint","urlTemplate":"https:\/\/villaggiocentrovacanzedeangelis.com\/?s={search_term_string}"},"query-input":{"@type":"PropertyValueSpecification","valueRequired":true,"valueName":"search_term_string"}}],"inLanguage":"de"},{"@type":"Organization","@id":"https:\/\/villaggiocentrovacanzedeangelis.com\/#organization","name":"Centro Vacanze De Angelis","url":"https:\/\/villaggiocentrovacanzedeangelis.com\/","logo":{"@type":"ImageObject","inLanguage":"de","@id":"https:\/\/villaggiocentrovacanzedeangelis.com\/#\/schema\/logo\/image\/","url":"https:\/\/villaggiocentrovacanzedeangelis.com\/wp-content\/uploads\/2020\/10\/cropped-Logo-HDV-100-png-copy.png","contentUrl":"https:\/\/villaggiocentrovacanzedeangelis.com\/wp-content\/uploads\/2020\/10\/cropped-Logo-HDV-100-png-copy.png","width":512,"height":512,"caption":"Centro Vacanze De Angelis"},"image":{"@id":"https:\/\/villaggiocentrovacanzedeangelis.com\/#\/schema\/logo\/image\/"},"sameAs":["https:\/\/www.facebook.com\/centrovacanzedeangelis.com","https:\/\/x.com\/deangelisresort","https:\/\/instagram.com\/deangelisresort"]}]}},"_links":{"self":[{"href":"https:\/\/villaggiocentrovacanzedeangelis.com\/de\/wp-json\/wp\/v2\/pages\/6345","targetHints":{"allow":["GET"]}}],"collection":[{"href":"https:\/\/villaggiocentrovacanzedeangelis.com\/de\/wp-json\/wp\/v2\/pages"}],"about":[{"href":"https:\/\/villaggiocentrovacanzedeangelis.com\/de\/wp-json\/wp\/v2\/types\/page"}],"author":[{"embeddable":true,"href":"https:\/\/villaggiocentrovacanzedeangelis.com\/de\/wp-json\/wp\/v2\/users\/1"}],"replies":[{"embeddable":true,"href":"https:\/\/villaggiocentrovacanzedeangelis.com\/de\/wp-json\/wp\/v2\/comments?post=6345"}],"version-history":[{"count":6,"href":"https:\/\/villaggiocentrovacanzedeangelis.com\/de\/wp-json\/wp\/v2\/pages\/6345\/revisions"}],"predecessor-version":[{"id":9841,"href":"https:\/\/villaggiocentrovacanzedeangelis.com\/de\/wp-json\/wp\/v2\/pages\/6345\/revisions\/9841"}],"wp:attachment":[{"href":"https:\/\/villaggiocentrovacanzedeangelis.com\/de\/wp-json\/wp\/v2\/media?parent=6345"}],"curies":[{"name":"wp","href":"https:\/\/api.w.org\/{rel}","templated":true}]}}