{"id":6169,"date":"2021-06-11T05:26:47","date_gmt":"2021-06-11T05:26:47","guid":{"rendered":"https:\/\/villaggiocentrovacanzedeangelis.com\/le-spiaggie-del-conero\/"},"modified":"2023-12-20T08:42:23","modified_gmt":"2023-12-20T08:42:23","slug":"le-spiaggie-del-conero","status":"publish","type":"page","link":"https:\/\/villaggiocentrovacanzedeangelis.com\/de\/le-spiaggie-del-conero\/","title":{"rendered":"Die Str\u00e4nde des Conero"},"content":{"rendered":"<div class=\"wpb-content-wrapper\">[vc_row][vc_column width=&#8220;1\/2&#8243;][vc_column_text]\n<p class=\"p3\"><b>Spiaggia delle due Sorelle<span class=\"Apple-converted-space\"> \/ Strand der zwei Schwestern<\/span><\/b><\/p>\n<p class=\"p3\">Symbol der Conero Riviera, so benannt nach den beiden Zwillingsfelsen, die aus dem Meer herausragen, ist es der erste wei\u00dfe Strand auf der S\u00fcdseite des Monte Conero. Da er nur auf dem Seeweg erreichbar ist, ist dieser K\u00fcstenabschnitt noch wild und unber\u00fchrt: Es gibt keinerlei Dienstleistungen.<\/p>\n<p class=\"p3\">Art des Strandes: Kies und Felsen. Sie k\u00f6nnen ihn nur auf dem Seeweg erreichen, t\u00e4glich verkehrt eine F\u00e4hre vom Hafen von Numana und es gibt verschiedene Bootstouren, die angeboten werden.<\/p>\n[\/vc_column_text][\/vc_column][vc_column width=&#8220;1\/2&#8243;][vc_single_image image=&#8220;4398&#8243; img_size=&#8220;full&#8220;][\/vc_column][\/vc_row][vc_row][vc_column width=&#8220;1\/2&#8243;][vc_single_image image=&#8220;4403&#8243; img_size=&#8220;full&#8220;][\/vc_column][vc_column width=&#8220;1\/2&#8243;][vc_column_text]\n<p class=\"p3\"><b>Spiaggia dei Sassi Neri \/ Strand der schwarzen Steine<\/b><\/p>\n<p class=\"p3\">Der lange und breite Strand, frei und wild, ist das Ziel vieler Naturforscher.<\/p>\n<p class=\"p3\">Art des Strandes: Kies. Sie k\u00f6nnen ihn zu Fu\u00df vom Parco della Repubblica in Sirolo oder mit dem Bus vom Rathaus von Sirolo erreichen. Au\u00dferhalb der Saison ist er mit dem Auto erreichbar.<\/p>\n[\/vc_column_text][\/vc_column][\/vc_row][vc_row][vc_column width=&#8220;1\/2&#8243;][vc_column_text]\n<p class=\"p3\"><b>Spiaggia Urbani \/ Standstrand<\/b><\/p>\n<p class=\"p3\">Ein halbmondf\u00f6rmiger Strand, der zwischen einer H\u00f6hle und einer hohen Klippe liegt, der von einer Felsbarriere gesch\u00fctzt wird. Der Geruch der Pinien, der weitl\u00e4ufige Strand mit Badeanstalten und das saubere Wasser machen diese Bucht zu einer einzigartigen Ecke, die mehrmals mit der Blauen Flagge ausgezeichnet wurde.<\/p>\n<p class=\"p3\">Art des Strandes: Kies und Steine. Sie k\u00f6nnen zu Fu\u00df, mit dem Auto und mit dem Bus dorthin gelangen, eine 1 km lange Stra\u00dfe f\u00fchrt vom Zentrum von Sirolo zum Strand hinunter.<\/p>\n[\/vc_column_text][\/vc_column][vc_column width=&#8220;1\/2&#8243;][vc_single_image image=&#8220;4404&#8243; img_size=&#8220;full&#8220;][\/vc_column][\/vc_row][vc_row][vc_column width=&#8220;1\/2&#8243;][vc_single_image image=&#8220;4405&#8243; img_size=&#8220;full&#8220;][\/vc_column][vc_column width=&#8220;1\/2&#8243;][vc_column_text]\n<p class=\"p3\"><b>Spiaggia di Numana Alta \/ Strand von Numana Nord<\/b><\/p>\n<p class=\"p3\">Sch\u00f6ner Strand mit Reihen bunter Sonnenschirme. Die gut ausgestatteten Badeanstalten, der flache Meeresboden, der von drei Klippen gesch\u00fctzt wird, machen diesen K\u00fcstenabschnitt n\u00f6rdlich des Hafens zu einem der beliebtesten Pl\u00e4tze bei Touristen.<\/p>\n<p class=\"p3\">Art des Strandes: Kies. Sie k\u00f6nnen mit dem Bus von Numana anreisen, 15 Minuten.<\/p>\n[\/vc_column_text][\/vc_column][\/vc_row][vc_row][vc_column width=&#8220;1\/2&#8243;][vc_column_text]\n<p class=\"p3\"><b>Spiaggia di Numana bassa e Marcelli \/ Strand von Numana S\u00fcd und Marcelli<\/b><\/p>\n<p class=\"p3\">Goldener Strand, weitl\u00e4ufig und sonnig; Badeanstalten, Sportanlagen, Restaurants und Bars machen diese Gegend ideal f\u00fcr junge Leute und Familien. Hier finden Sie auch unseren Beach Club Centro Vacanze.<\/p>\n<p class=\"p3\">Art des Strandes: Kies. Es ist m\u00f6glich entlang der K\u00fcste zu parken. Der Strandabschnitt erstreckt sich vom Hafen von Numana Richtung S\u00fcden.<\/p>\n[\/vc_column_text][\/vc_column][vc_column width=&#8220;1\/2&#8243;][vc_single_image image=&#8220;4406&#8243; img_size=&#8220;full&#8220;][\/vc_column][\/vc_row][vc_row][vc_column width=&#8220;1\/2&#8243;][vc_single_image image=&#8220;4407&#8243; img_size=&#8220;full&#8220;][\/vc_column][vc_column width=&#8220;1\/2&#8243;][vc_column_text]\n<p class=\"p3\"><b>Spiaggia di San Michele \/ Strand vom heiligen Michele<\/b><\/p>\n<p class=\"p3\">Durch eine Steilk\u00fcste vom Strand Sassi Neri getrennt. Spektakul\u00e4re Aussicht auf das tiefblaue Meer und die felsige K\u00fcste, der Strand ist zeitweise frei, zeitweise mit Badeanstalten ausgestattet. Sie k\u00f6nnen zu Fu\u00df oder mit dem Bus dorthin gelangen.<\/p>\n[\/vc_column_text][\/vc_column][\/vc_row][vc_row][vc_column width=&#8220;1\/2&#8243;][vc_column_text]\n<p class=\"p3\"><b>Baia di Portonovo \/ Bucht von Portonovo<\/b><\/p>\n<p class=\"p3\">Die Bucht von Portonovo wird auch die Gr\u00fcne Bucht genannt, weil sie vollst\u00e4ndig in die Natur des Conero-Naturschutzparkes eingebettet und abseits der verkehrsreichsten Stra\u00dfen liegt. Sie werden sich in einer echten gr\u00fcnen und blauen Oase zwischen kristallklarem Wasser und atemberaubenden Aussichten wiederfinden.<\/p>\n[\/vc_column_text][\/vc_column][vc_column width=&#8220;1\/2&#8243;][vc_single_image image=&#8220;4408&#8243; img_size=&#8220;full&#8220;][\/vc_column][\/vc_row]\n<\/div>","protected":false},"excerpt":{"rendered":"<p>[vc_row][vc_column width=&#8220;1\/2&#8243;][vc_column_text] Spiaggia delle due Sorelle \/ Strand der zwei Schwestern Symbol der Conero Riviera, so benannt nach den beiden [&hellip;]<\/p>\n","protected":false},"author":1,"featured_media":0,"parent":0,"menu_order":0,"comment_status":"closed","ping_status":"closed","template":"","meta":{"footnotes":""},"class_list":["post-6169","page","type-page","status-publish","hentry"],"yoast_head":"<!-- This site is optimized with the Yoast SEO Premium plugin v27.3 (Yoast SEO v27.3) - https:\/\/yoast.com\/product\/yoast-seo-premium-wordpress\/ -->\n<title>Die Str\u00e4nde des Conero - Centro Vacanze De Angelis<\/title>\n<meta name=\"robots\" content=\"index, follow, max-snippet:-1, max-image-preview:large, max-video-preview:-1\" \/>\n<link rel=\"canonical\" href=\"https:\/\/villaggiocentrovacanzedeangelis.com\/le-spiaggie-del-conero\/\" \/>\n<meta property=\"og:locale\" content=\"de_DE\" \/>\n<meta property=\"og:type\" content=\"article\" \/>\n<meta property=\"og:title\" content=\"Die Str\u00e4nde des Conero\" \/>\n<meta property=\"og:description\" content=\"[vc_row][vc_column width=&#8220;1\/2&#8243;][vc_column_text] Spiaggia delle due Sorelle \/ Strand der zwei Schwestern Symbol der Conero Riviera, so benannt nach den beiden [&hellip;]\" \/>\n<meta property=\"og:url\" content=\"https:\/\/villaggiocentrovacanzedeangelis.com\/le-spiaggie-del-conero\/\" \/>\n<meta property=\"og:site_name\" content=\"Centro Vacanze De Angelis\" \/>\n<meta property=\"article:publisher\" content=\"https:\/\/www.facebook.com\/centrovacanzedeangelis.com\" \/>\n<meta property=\"article:modified_time\" content=\"2023-12-20T08:42:23+00:00\" \/>\n<meta name=\"twitter:card\" content=\"summary_large_image\" \/>\n<meta name=\"twitter:site\" content=\"@deangelisresort\" \/>\n<meta name=\"twitter:label1\" content=\"Gesch\u00e4tzte Lesezeit\" \/>\n\t<meta name=\"twitter:data1\" content=\"3\u00a0Minuten\" \/>\n<script type=\"application\/ld+json\" class=\"yoast-schema-graph\">{\"@context\":\"https:\\\/\\\/schema.org\",\"@graph\":[{\"@type\":\"WebPage\",\"@id\":\"https:\\\/\\\/villaggiocentrovacanzedeangelis.com\\\/le-spiaggie-del-conero\\\/\",\"url\":\"https:\\\/\\\/villaggiocentrovacanzedeangelis.com\\\/le-spiaggie-del-conero\\\/\",\"name\":\"Die Str\u00e4nde des Conero - Centro Vacanze De Angelis\",\"isPartOf\":{\"@id\":\"https:\\\/\\\/villaggiocentrovacanzedeangelis.com\\\/#website\"},\"datePublished\":\"2021-06-11T05:26:47+00:00\",\"dateModified\":\"2023-12-20T08:42:23+00:00\",\"breadcrumb\":{\"@id\":\"https:\\\/\\\/villaggiocentrovacanzedeangelis.com\\\/le-spiaggie-del-conero\\\/#breadcrumb\"},\"inLanguage\":\"de\",\"potentialAction\":[{\"@type\":\"ReadAction\",\"target\":[\"https:\\\/\\\/villaggiocentrovacanzedeangelis.com\\\/le-spiaggie-del-conero\\\/\"]}]},{\"@type\":\"BreadcrumbList\",\"@id\":\"https:\\\/\\\/villaggiocentrovacanzedeangelis.com\\\/le-spiaggie-del-conero\\\/#breadcrumb\",\"itemListElement\":[{\"@type\":\"ListItem\",\"position\":1,\"name\":\"Home\",\"item\":\"https:\\\/\\\/villaggiocentrovacanzedeangelis.com\\\/de\\\/\"},{\"@type\":\"ListItem\",\"position\":2,\"name\":\"Die Str\u00e4nde des Conero\"}]},{\"@type\":\"WebSite\",\"@id\":\"https:\\\/\\\/villaggiocentrovacanzedeangelis.com\\\/#website\",\"url\":\"https:\\\/\\\/villaggiocentrovacanzedeangelis.com\\\/\",\"name\":\"Centro Vacanze De Angelis\",\"description\":\"Riviera del Conero\",\"publisher\":{\"@id\":\"https:\\\/\\\/villaggiocentrovacanzedeangelis.com\\\/#organization\"},\"potentialAction\":[{\"@type\":\"SearchAction\",\"target\":{\"@type\":\"EntryPoint\",\"urlTemplate\":\"https:\\\/\\\/villaggiocentrovacanzedeangelis.com\\\/?s={search_term_string}\"},\"query-input\":{\"@type\":\"PropertyValueSpecification\",\"valueRequired\":true,\"valueName\":\"search_term_string\"}}],\"inLanguage\":\"de\"},{\"@type\":\"Organization\",\"@id\":\"https:\\\/\\\/villaggiocentrovacanzedeangelis.com\\\/#organization\",\"name\":\"Centro Vacanze De Angelis\",\"url\":\"https:\\\/\\\/villaggiocentrovacanzedeangelis.com\\\/\",\"logo\":{\"@type\":\"ImageObject\",\"inLanguage\":\"de\",\"@id\":\"https:\\\/\\\/villaggiocentrovacanzedeangelis.com\\\/#\\\/schema\\\/logo\\\/image\\\/\",\"url\":\"https:\\\/\\\/villaggiocentrovacanzedeangelis.com\\\/wp-content\\\/uploads\\\/2020\\\/10\\\/cropped-Logo-HDV-100-png-copy.png\",\"contentUrl\":\"https:\\\/\\\/villaggiocentrovacanzedeangelis.com\\\/wp-content\\\/uploads\\\/2020\\\/10\\\/cropped-Logo-HDV-100-png-copy.png\",\"width\":512,\"height\":512,\"caption\":\"Centro Vacanze De Angelis\"},\"image\":{\"@id\":\"https:\\\/\\\/villaggiocentrovacanzedeangelis.com\\\/#\\\/schema\\\/logo\\\/image\\\/\"},\"sameAs\":[\"https:\\\/\\\/www.facebook.com\\\/centrovacanzedeangelis.com\",\"https:\\\/\\\/x.com\\\/deangelisresort\",\"https:\\\/\\\/instagram.com\\\/deangelisresort\"]}]}<\/script>\n<!-- \/ Yoast SEO Premium plugin. -->","yoast_head_json":{"title":"Die Str\u00e4nde des Conero - Centro Vacanze De Angelis","robots":{"index":"index","follow":"follow","max-snippet":"max-snippet:-1","max-image-preview":"max-image-preview:large","max-video-preview":"max-video-preview:-1"},"canonical":"https:\/\/villaggiocentrovacanzedeangelis.com\/le-spiaggie-del-conero\/","og_locale":"de_DE","og_type":"article","og_title":"Die Str\u00e4nde des Conero","og_description":"[vc_row][vc_column width=&#8220;1\/2&#8243;][vc_column_text] Spiaggia delle due Sorelle \/ Strand der zwei Schwestern Symbol der Conero Riviera, so benannt nach den beiden [&hellip;]","og_url":"https:\/\/villaggiocentrovacanzedeangelis.com\/le-spiaggie-del-conero\/","og_site_name":"Centro Vacanze De Angelis","article_publisher":"https:\/\/www.facebook.com\/centrovacanzedeangelis.com","article_modified_time":"2023-12-20T08:42:23+00:00","twitter_card":"summary_large_image","twitter_site":"@deangelisresort","twitter_misc":{"Gesch\u00e4tzte Lesezeit":"3\u00a0Minuten"},"schema":{"@context":"https:\/\/schema.org","@graph":[{"@type":"WebPage","@id":"https:\/\/villaggiocentrovacanzedeangelis.com\/le-spiaggie-del-conero\/","url":"https:\/\/villaggiocentrovacanzedeangelis.com\/le-spiaggie-del-conero\/","name":"Die Str\u00e4nde des Conero - Centro Vacanze De Angelis","isPartOf":{"@id":"https:\/\/villaggiocentrovacanzedeangelis.com\/#website"},"datePublished":"2021-06-11T05:26:47+00:00","dateModified":"2023-12-20T08:42:23+00:00","breadcrumb":{"@id":"https:\/\/villaggiocentrovacanzedeangelis.com\/le-spiaggie-del-conero\/#breadcrumb"},"inLanguage":"de","potentialAction":[{"@type":"ReadAction","target":["https:\/\/villaggiocentrovacanzedeangelis.com\/le-spiaggie-del-conero\/"]}]},{"@type":"BreadcrumbList","@id":"https:\/\/villaggiocentrovacanzedeangelis.com\/le-spiaggie-del-conero\/#breadcrumb","itemListElement":[{"@type":"ListItem","position":1,"name":"Home","item":"https:\/\/villaggiocentrovacanzedeangelis.com\/de\/"},{"@type":"ListItem","position":2,"name":"Die Str\u00e4nde des Conero"}]},{"@type":"WebSite","@id":"https:\/\/villaggiocentrovacanzedeangelis.com\/#website","url":"https:\/\/villaggiocentrovacanzedeangelis.com\/","name":"Centro Vacanze De Angelis","description":"Riviera del Conero","publisher":{"@id":"https:\/\/villaggiocentrovacanzedeangelis.com\/#organization"},"potentialAction":[{"@type":"SearchAction","target":{"@type":"EntryPoint","urlTemplate":"https:\/\/villaggiocentrovacanzedeangelis.com\/?s={search_term_string}"},"query-input":{"@type":"PropertyValueSpecification","valueRequired":true,"valueName":"search_term_string"}}],"inLanguage":"de"},{"@type":"Organization","@id":"https:\/\/villaggiocentrovacanzedeangelis.com\/#organization","name":"Centro Vacanze De Angelis","url":"https:\/\/villaggiocentrovacanzedeangelis.com\/","logo":{"@type":"ImageObject","inLanguage":"de","@id":"https:\/\/villaggiocentrovacanzedeangelis.com\/#\/schema\/logo\/image\/","url":"https:\/\/villaggiocentrovacanzedeangelis.com\/wp-content\/uploads\/2020\/10\/cropped-Logo-HDV-100-png-copy.png","contentUrl":"https:\/\/villaggiocentrovacanzedeangelis.com\/wp-content\/uploads\/2020\/10\/cropped-Logo-HDV-100-png-copy.png","width":512,"height":512,"caption":"Centro Vacanze De Angelis"},"image":{"@id":"https:\/\/villaggiocentrovacanzedeangelis.com\/#\/schema\/logo\/image\/"},"sameAs":["https:\/\/www.facebook.com\/centrovacanzedeangelis.com","https:\/\/x.com\/deangelisresort","https:\/\/instagram.com\/deangelisresort"]}]}},"_links":{"self":[{"href":"https:\/\/villaggiocentrovacanzedeangelis.com\/de\/wp-json\/wp\/v2\/pages\/6169","targetHints":{"allow":["GET"]}}],"collection":[{"href":"https:\/\/villaggiocentrovacanzedeangelis.com\/de\/wp-json\/wp\/v2\/pages"}],"about":[{"href":"https:\/\/villaggiocentrovacanzedeangelis.com\/de\/wp-json\/wp\/v2\/types\/page"}],"author":[{"embeddable":true,"href":"https:\/\/villaggiocentrovacanzedeangelis.com\/de\/wp-json\/wp\/v2\/users\/1"}],"replies":[{"embeddable":true,"href":"https:\/\/villaggiocentrovacanzedeangelis.com\/de\/wp-json\/wp\/v2\/comments?post=6169"}],"version-history":[{"count":3,"href":"https:\/\/villaggiocentrovacanzedeangelis.com\/de\/wp-json\/wp\/v2\/pages\/6169\/revisions"}],"predecessor-version":[{"id":9845,"href":"https:\/\/villaggiocentrovacanzedeangelis.com\/de\/wp-json\/wp\/v2\/pages\/6169\/revisions\/9845"}],"wp:attachment":[{"href":"https:\/\/villaggiocentrovacanzedeangelis.com\/de\/wp-json\/wp\/v2\/media?parent=6169"}],"curies":[{"name":"wp","href":"https:\/\/api.w.org\/{rel}","templated":true}]}}