{"id":6122,"date":"2020-10-13T16:24:32","date_gmt":"2020-10-13T16:24:32","guid":{"rendered":"https:\/\/villaggiocentrovacanzedeangelis.com\/ristoranti-bar\/"},"modified":"2023-12-20T07:48:08","modified_gmt":"2023-12-20T07:48:08","slug":"restaurants-und-bars","status":"publish","type":"page","link":"https:\/\/villaggiocentrovacanzedeangelis.com\/de\/restaurants-und-bars\/","title":{"rendered":"Restaurants und Bars"},"content":{"rendered":"<div class=\"wpb-content-wrapper\">[vc_row][vc_column width=&#8220;1\/4&#8243;][\/vc_column][vc_column width=&#8220;1\/2&#8243;][vc_column_text]Das Centro Vacanze Resort zeichnet sich auch durch die Qualit\u00e4t und Vielfalt der Speisen aus, die es seinen G\u00e4sten bietet. Eine echte kulinarische Reise, um die interessantesten Aromen und Trends der italienischen und lokalen K\u00fcche zu entdecken.<\/p>\n<p>Aus diesem Grund haben wir nur die besten italienischen und internationalen K\u00f6che und nur die besten Zutaten f\u00fcr unsere Restaurants ausgew\u00e4hlt, um bei jedem Bissen ein wahres Sinneserlebnis zu garantieren.<\/p>\n<p>Im De Angelis Resort finden Sie eine perfekte Balance zwischen Experimentieren, Innovation und Tradition.<\/p>\n<p>Eine Mischung aus Geschm\u00e4ckern und Aromen, die perfekte Balance zwischen Tradition und Innovation.[\/vc_column_text][\/vc_column][vc_column width=&#8220;1\/4&#8243;][\/vc_column][\/vc_row][vc_row][vc_column width=&#8220;1\/2&#8243;][vc_single_image image=&#8220;3754&#8243; img_size=&#8220;full&#8220; alignment=&#8220;center&#8220; title=&#8220;Cooking Staff&#8220;][vc_column_text]Auf der Suche nach den besten Produkten, die die Erde und sechs Geschmacksrichtungen respektieren, arbeitet unser Coocking-Team daran, kulinarisch wohltuende und unvergessliche Erlebnisse zu schaffen.[\/vc_column_text][\/vc_column][vc_column width=&#8220;1\/2&#8243;][vc_single_image image=&#8220;3756&#8243; img_size=&#8220;full&#8220; alignment=&#8220;center&#8220; title=&#8220;Cooking Academy&#8220;][vc_column_text]Das De Angelis Resort hat an alle Liebhaber von Rezepten und K\u00f6chen gedacht und auch diesen Sommer startet die Cooking Academy wieder von Juni bis Ende August. Der Unterricht wird von den K\u00f6chen unserer Restaurants abgehalten, die Ihnen zur Verf\u00fcgung stehen, um Ihnen Techniken und Methoden der Zubereitung traditioneller italienischer Gerichte sowie die Kenntnis der Inhaltsstoffe und Zutaten beizubringen.[\/vc_column_text][\/vc_column][\/vc_row]\n<\/div>","protected":false},"excerpt":{"rendered":"<p>[vc_row][vc_column width=&#8220;1\/4&#8243;][\/vc_column][vc_column width=&#8220;1\/2&#8243;][vc_column_text]Das Centro Vacanze Resort zeichnet sich auch durch die Qualit\u00e4t und Vielfalt der Speisen aus, die es seinen [&hellip;]<\/p>\n","protected":false},"author":1,"featured_media":0,"parent":0,"menu_order":0,"comment_status":"closed","ping_status":"closed","template":"","meta":{"footnotes":""},"class_list":["post-6122","page","type-page","status-publish","hentry"],"yoast_head":"<!-- This site is optimized with the Yoast SEO Premium plugin v27.4 (Yoast SEO v27.4) - https:\/\/yoast.com\/product\/yoast-seo-premium-wordpress\/ -->\n<title>Restaurants und Bars - Centro Vacanze De Angelis<\/title>\n<meta name=\"robots\" content=\"index, follow, max-snippet:-1, max-image-preview:large, max-video-preview:-1\" \/>\n<link rel=\"canonical\" href=\"https:\/\/villaggiocentrovacanzedeangelis.com\/ristoranti-bar\/\" \/>\n<meta property=\"og:locale\" content=\"de_DE\" \/>\n<meta property=\"og:type\" content=\"article\" \/>\n<meta property=\"og:title\" content=\"Restaurants und Bars\" \/>\n<meta property=\"og:description\" content=\"[vc_row][vc_column width=&#8220;1\/4&#8243;][\/vc_column][vc_column width=&#8220;1\/2&#8243;][vc_column_text]Das Centro Vacanze Resort zeichnet sich auch durch die Qualit\u00e4t und Vielfalt der Speisen aus, die es seinen [&hellip;]\" \/>\n<meta property=\"og:url\" content=\"https:\/\/villaggiocentrovacanzedeangelis.com\/ristoranti-bar\/\" \/>\n<meta property=\"og:site_name\" content=\"Centro Vacanze De Angelis\" \/>\n<meta property=\"article:publisher\" content=\"https:\/\/www.facebook.com\/centrovacanzedeangelis.com\" \/>\n<meta property=\"article:modified_time\" content=\"2023-12-20T07:48:08+00:00\" \/>\n<meta name=\"twitter:card\" content=\"summary_large_image\" \/>\n<meta name=\"twitter:site\" content=\"@deangelisresort\" \/>\n<meta name=\"twitter:label1\" content=\"Gesch\u00e4tzte Lesezeit\" \/>\n\t<meta name=\"twitter:data1\" content=\"1\u00a0Minute\" \/>\n<script type=\"application\/ld+json\" class=\"yoast-schema-graph\">{\"@context\":\"https:\\\/\\\/schema.org\",\"@graph\":[{\"@type\":\"WebPage\",\"@id\":\"https:\\\/\\\/villaggiocentrovacanzedeangelis.com\\\/ristoranti-bar\\\/\",\"url\":\"https:\\\/\\\/villaggiocentrovacanzedeangelis.com\\\/ristoranti-bar\\\/\",\"name\":\"Restaurants und Bars - Centro Vacanze De Angelis\",\"isPartOf\":{\"@id\":\"https:\\\/\\\/villaggiocentrovacanzedeangelis.com\\\/#website\"},\"datePublished\":\"2020-10-13T16:24:32+00:00\",\"dateModified\":\"2023-12-20T07:48:08+00:00\",\"breadcrumb\":{\"@id\":\"https:\\\/\\\/villaggiocentrovacanzedeangelis.com\\\/ristoranti-bar\\\/#breadcrumb\"},\"inLanguage\":\"de\",\"potentialAction\":[{\"@type\":\"ReadAction\",\"target\":[\"https:\\\/\\\/villaggiocentrovacanzedeangelis.com\\\/ristoranti-bar\\\/\"]}]},{\"@type\":\"BreadcrumbList\",\"@id\":\"https:\\\/\\\/villaggiocentrovacanzedeangelis.com\\\/ristoranti-bar\\\/#breadcrumb\",\"itemListElement\":[{\"@type\":\"ListItem\",\"position\":1,\"name\":\"Home\",\"item\":\"https:\\\/\\\/villaggiocentrovacanzedeangelis.com\\\/de\\\/\"},{\"@type\":\"ListItem\",\"position\":2,\"name\":\"Restaurants und Bars\"}]},{\"@type\":\"WebSite\",\"@id\":\"https:\\\/\\\/villaggiocentrovacanzedeangelis.com\\\/#website\",\"url\":\"https:\\\/\\\/villaggiocentrovacanzedeangelis.com\\\/\",\"name\":\"Centro Vacanze De Angelis\",\"description\":\"Riviera del Conero\",\"publisher\":{\"@id\":\"https:\\\/\\\/villaggiocentrovacanzedeangelis.com\\\/#organization\"},\"potentialAction\":[{\"@type\":\"SearchAction\",\"target\":{\"@type\":\"EntryPoint\",\"urlTemplate\":\"https:\\\/\\\/villaggiocentrovacanzedeangelis.com\\\/?s={search_term_string}\"},\"query-input\":{\"@type\":\"PropertyValueSpecification\",\"valueRequired\":true,\"valueName\":\"search_term_string\"}}],\"inLanguage\":\"de\"},{\"@type\":\"Organization\",\"@id\":\"https:\\\/\\\/villaggiocentrovacanzedeangelis.com\\\/#organization\",\"name\":\"Centro Vacanze De Angelis\",\"url\":\"https:\\\/\\\/villaggiocentrovacanzedeangelis.com\\\/\",\"logo\":{\"@type\":\"ImageObject\",\"inLanguage\":\"de\",\"@id\":\"https:\\\/\\\/villaggiocentrovacanzedeangelis.com\\\/#\\\/schema\\\/logo\\\/image\\\/\",\"url\":\"https:\\\/\\\/villaggiocentrovacanzedeangelis.com\\\/wp-content\\\/uploads\\\/2020\\\/10\\\/cropped-Logo-HDV-100-png-copy.png\",\"contentUrl\":\"https:\\\/\\\/villaggiocentrovacanzedeangelis.com\\\/wp-content\\\/uploads\\\/2020\\\/10\\\/cropped-Logo-HDV-100-png-copy.png\",\"width\":512,\"height\":512,\"caption\":\"Centro Vacanze De Angelis\"},\"image\":{\"@id\":\"https:\\\/\\\/villaggiocentrovacanzedeangelis.com\\\/#\\\/schema\\\/logo\\\/image\\\/\"},\"sameAs\":[\"https:\\\/\\\/www.facebook.com\\\/centrovacanzedeangelis.com\",\"https:\\\/\\\/x.com\\\/deangelisresort\",\"https:\\\/\\\/instagram.com\\\/deangelisresort\"]}]}<\/script>\n<!-- \/ Yoast SEO Premium plugin. -->","yoast_head_json":{"title":"Restaurants und Bars - Centro Vacanze De Angelis","robots":{"index":"index","follow":"follow","max-snippet":"max-snippet:-1","max-image-preview":"max-image-preview:large","max-video-preview":"max-video-preview:-1"},"canonical":"https:\/\/villaggiocentrovacanzedeangelis.com\/ristoranti-bar\/","og_locale":"de_DE","og_type":"article","og_title":"Restaurants und Bars","og_description":"[vc_row][vc_column width=&#8220;1\/4&#8243;][\/vc_column][vc_column width=&#8220;1\/2&#8243;][vc_column_text]Das Centro Vacanze Resort zeichnet sich auch durch die Qualit\u00e4t und Vielfalt der Speisen aus, die es seinen [&hellip;]","og_url":"https:\/\/villaggiocentrovacanzedeangelis.com\/ristoranti-bar\/","og_site_name":"Centro Vacanze De Angelis","article_publisher":"https:\/\/www.facebook.com\/centrovacanzedeangelis.com","article_modified_time":"2023-12-20T07:48:08+00:00","twitter_card":"summary_large_image","twitter_site":"@deangelisresort","twitter_misc":{"Gesch\u00e4tzte Lesezeit":"1\u00a0Minute"},"schema":{"@context":"https:\/\/schema.org","@graph":[{"@type":"WebPage","@id":"https:\/\/villaggiocentrovacanzedeangelis.com\/ristoranti-bar\/","url":"https:\/\/villaggiocentrovacanzedeangelis.com\/ristoranti-bar\/","name":"Restaurants und Bars - Centro Vacanze De Angelis","isPartOf":{"@id":"https:\/\/villaggiocentrovacanzedeangelis.com\/#website"},"datePublished":"2020-10-13T16:24:32+00:00","dateModified":"2023-12-20T07:48:08+00:00","breadcrumb":{"@id":"https:\/\/villaggiocentrovacanzedeangelis.com\/ristoranti-bar\/#breadcrumb"},"inLanguage":"de","potentialAction":[{"@type":"ReadAction","target":["https:\/\/villaggiocentrovacanzedeangelis.com\/ristoranti-bar\/"]}]},{"@type":"BreadcrumbList","@id":"https:\/\/villaggiocentrovacanzedeangelis.com\/ristoranti-bar\/#breadcrumb","itemListElement":[{"@type":"ListItem","position":1,"name":"Home","item":"https:\/\/villaggiocentrovacanzedeangelis.com\/de\/"},{"@type":"ListItem","position":2,"name":"Restaurants und Bars"}]},{"@type":"WebSite","@id":"https:\/\/villaggiocentrovacanzedeangelis.com\/#website","url":"https:\/\/villaggiocentrovacanzedeangelis.com\/","name":"Centro Vacanze De Angelis","description":"Riviera del Conero","publisher":{"@id":"https:\/\/villaggiocentrovacanzedeangelis.com\/#organization"},"potentialAction":[{"@type":"SearchAction","target":{"@type":"EntryPoint","urlTemplate":"https:\/\/villaggiocentrovacanzedeangelis.com\/?s={search_term_string}"},"query-input":{"@type":"PropertyValueSpecification","valueRequired":true,"valueName":"search_term_string"}}],"inLanguage":"de"},{"@type":"Organization","@id":"https:\/\/villaggiocentrovacanzedeangelis.com\/#organization","name":"Centro Vacanze De Angelis","url":"https:\/\/villaggiocentrovacanzedeangelis.com\/","logo":{"@type":"ImageObject","inLanguage":"de","@id":"https:\/\/villaggiocentrovacanzedeangelis.com\/#\/schema\/logo\/image\/","url":"https:\/\/villaggiocentrovacanzedeangelis.com\/wp-content\/uploads\/2020\/10\/cropped-Logo-HDV-100-png-copy.png","contentUrl":"https:\/\/villaggiocentrovacanzedeangelis.com\/wp-content\/uploads\/2020\/10\/cropped-Logo-HDV-100-png-copy.png","width":512,"height":512,"caption":"Centro Vacanze De Angelis"},"image":{"@id":"https:\/\/villaggiocentrovacanzedeangelis.com\/#\/schema\/logo\/image\/"},"sameAs":["https:\/\/www.facebook.com\/centrovacanzedeangelis.com","https:\/\/x.com\/deangelisresort","https:\/\/instagram.com\/deangelisresort"]}]}},"_links":{"self":[{"href":"https:\/\/villaggiocentrovacanzedeangelis.com\/de\/wp-json\/wp\/v2\/pages\/6122","targetHints":{"allow":["GET"]}}],"collection":[{"href":"https:\/\/villaggiocentrovacanzedeangelis.com\/de\/wp-json\/wp\/v2\/pages"}],"about":[{"href":"https:\/\/villaggiocentrovacanzedeangelis.com\/de\/wp-json\/wp\/v2\/types\/page"}],"author":[{"embeddable":true,"href":"https:\/\/villaggiocentrovacanzedeangelis.com\/de\/wp-json\/wp\/v2\/users\/1"}],"replies":[{"embeddable":true,"href":"https:\/\/villaggiocentrovacanzedeangelis.com\/de\/wp-json\/wp\/v2\/comments?post=6122"}],"version-history":[{"count":4,"href":"https:\/\/villaggiocentrovacanzedeangelis.com\/de\/wp-json\/wp\/v2\/pages\/6122\/revisions"}],"predecessor-version":[{"id":9838,"href":"https:\/\/villaggiocentrovacanzedeangelis.com\/de\/wp-json\/wp\/v2\/pages\/6122\/revisions\/9838"}],"wp:attachment":[{"href":"https:\/\/villaggiocentrovacanzedeangelis.com\/de\/wp-json\/wp\/v2\/media?parent=6122"}],"curies":[{"name":"wp","href":"https:\/\/api.w.org\/{rel}","templated":true}]}}