{"id":6104,"date":"2020-11-19T15:08:58","date_gmt":"2020-11-19T15:08:58","guid":{"rendered":"https:\/\/villaggiocentrovacanzedeangelis.com\/shopping-2\/"},"modified":"2023-12-22T07:42:18","modified_gmt":"2023-12-22T07:42:18","slug":"einkaufen","status":"publish","type":"page","link":"https:\/\/villaggiocentrovacanzedeangelis.com\/de\/einkaufen\/","title":{"rendered":"Einkaufen"},"content":{"rendered":"<div class=\"wpb-content-wrapper\">[vc_row][vc_column][vc_custom_heading text=&#8220;Willkommen in der Welt der Eleganz und des Stils unseres De Angelis Stores und Twivillage-E-Commerce, wo jedes Kleidungsst\u00fcck ein Statement von Glamour und Raffinesse ist.<\/p>\n<p>La nostra collezione esclusiva \u00e8 stata attentamente selezionata per riflettere un&#8217;eccellenza senza tempo, un connubio perfetto tra alta moda e comfort moderno.&#8220; font_container=&#8220;tag:h2|text_align:center&#8220; google_fonts=&#8220;font_family:Allura%3Aregular|font_style:400%20regular%3A400%3Anormal&#8220;][\/vc_column][\/vc_row][vc_row full_width=&#8220;stretch_row_content&#8220;][vc_column width=&#8220;1\/4&#8243;][vc_column_text]\n<h3>Zeitlose Eleganz<\/h3>\n<p>Unsere Kreationen sind mehr als nur Kleidungsst\u00fccke; Sie sind Ausdruck zeitloser Eleganz. Jedes St\u00fcck ist so gestaltet, dass es verzaubert und verbl\u00fcfft, egal ob es sich um ein raffiniertes Abendkleid oder einen l\u00e4ssig-schicken Look f\u00fcr den Tag handelt. Die Farbpalette reicht von klassischen Neutralt\u00f6nen bis hin zu hellen und kr\u00e4ftigen Farbt\u00f6nen und sorgt so f\u00fcr eine Auswahl, die zu jeder Pers\u00f6nlichkeit und jedem Anlass passt.[\/vc_column_text][\/vc_column][vc_column width=&#8220;1\/4&#8243;][vc_column_text]\n<h3>Handwerkskunst und h\u00f6chste Qualit\u00e4t<\/h3>\n<p>Wir legen gro\u00dfen Wert auf Handwerkskunst und Qualit\u00e4t. Die Stoffe werden sorgf\u00e4ltig ausgew\u00e4hlt, um maximalen Komfort und Haltbarkeit zu gew\u00e4hrleisten. Seide, Kaschmir, Bio-Baumwolle und andere hochwertige Materialien werden fachm\u00e4nnisch verarbeitet, um St\u00fccke zu schaffen, die nicht nur toll aussehen, sondern sich auch unglaublich gut auf der Haut anf\u00fchlen.[\/vc_column_text][\/vc_column][vc_column width=&#8220;1\/4&#8243;][vc_column_text]\n<h3>Innovative und vielseitige Designs<\/h3>\n<p>Unser Sortiment reicht von den neuesten Catwalk-Trends bis hin zu klassischen, zeitlosen St\u00fccken. Sie finden alles von klaren, modernen Linien bis hin zu gewagteren, experimentelleren Designs. Unsere Mode ist vielseitig einsetzbar und eignet sich sowohl f\u00fcr eine Galaveranstaltung als auch f\u00fcr einen informellen Abend mit Freunden.[\/vc_column_text][\/vc_column][vc_column width=&#8220;1\/4&#8243;][vc_column_text]\n<h3>Accessoires, die den Unterschied machen<\/h3>\n<p>Neben Kleidung bieten wir eine Reihe exklusiver Accessoires an, die jeden Look abrunden. Von eleganten Taschen bis hin zu edlem Schmuck, von auff\u00e4lligen Sonnenbrillen bis hin zu k\u00fcnstlerisch gestalteten Schals \u2013 jedes Accessoire ist so gestaltet, dass es Ihrem Stil einen Hauch von Raffinesse verleiht.[\/vc_column_text][\/vc_column][\/vc_row][vc_row full_width=&#8220;stretch_row_content&#8220;][vc_column][vc_media_grid gap=&#8220;0&#8243; grid_id=&#8220;vc_gid:1703230785180-3a28fd37-941c-9&#8243; include=&#8220;7063,4071,8068,8072,8076,7971&#8243;][\/vc_column][\/vc_row][vc_row][vc_column width=&#8220;1\/2&#8243;][vc_column_text]\n<h3>M\u00fcheloses Einkaufserlebnis<\/h3>\n<p>In unserem Emporium ist das Einkaufserlebnis genauso luxuri\u00f6s wie die Produkte, die wir anbieten. Eine einladende Umgebung und ein aufmerksamer Kundenservice helfen Ihnen bei der perfekten Auswahl. In unserem E-Commerce ist das Erlebnis gleicherma\u00dfen fl\u00fcssig und angenehm, mit intuitiver Navigation und detaillierten Produktbeschreibungen f\u00fcr einen sorgenfreien Kauf.[\/vc_column_text][\/vc_column][vc_column width=&#8220;1\/2&#8243;][vc_column_text]\n<h3>Stil, der \u00fcber Trends hinausgeht<\/h3>\n<p>In unserem E-Commerce-Shop folgt Kleidung nicht nur Trends \u2013 sie \u00fcbertrifft sie. Jedes Kleidungsst\u00fcck ist eine Hommage an Individualit\u00e4t und pers\u00f6nlichen Geschmack, eine Einladung, sich durch die universelle Sprache der Mode auszudr\u00fccken.[\/vc_column_text][\/vc_column][\/vc_row][vc_row][vc_column][vc_column_text]Lassen Sie sich von unserer Kollektion verf\u00fchren, in der Stil, Qualit\u00e4t und Innovation zusammenkommen und ein wirklich einzigartiges und glamour\u00f6ses Modeerlebnis schaffen. In unserem Handelshaus und E-Commerce ist jeder Einkauf nicht nur ein Kleid, sondern ein St\u00fcck einer Welt, in der Sch\u00f6nheit und Eleganz an erster Stelle stehen.<\/p>\n<p>Tats\u00e4chlich verf\u00fcgen die Marken \u00fcber eine reiche Handwerkstradition und eine renommierte Meisterschaft in der Herstellung von Keramik, H\u00fcten, Schuhen, Stoffen und Stickereien. Produkte, die die unbezwingbare Sch\u00f6nheit und den Charme der Kultur dieses Landes widerspiegeln und die Sie in unseren Gesch\u00e4ften finden k\u00f6nnen.[\/vc_column_text][\/vc_column][\/vc_row][vc_row][vc_column width=&#8220;1\/3&#8243;][\/vc_column][vc_column width=&#8220;1\/3&#8243;][vc_btn title=&#8220;Betreten Sie den Laden&#8220; color=&#8220;orange&#8220; link=&#8220;url:http%3A%2F%2Fwww.twivillage.com&#8220;][\/vc_column][vc_column width=&#8220;1\/3&#8243;][\/vc_column][\/vc_row]\n<\/div>","protected":false},"excerpt":{"rendered":"<p>[vc_row][vc_column][vc_custom_heading text=&#8220;Willkommen in der Welt der Eleganz und des Stils unseres De Angelis Stores und Twivillage-E-Commerce, wo jedes Kleidungsst\u00fcck ein [&hellip;]<\/p>\n","protected":false},"author":1,"featured_media":0,"parent":0,"menu_order":0,"comment_status":"closed","ping_status":"closed","template":"","meta":{"footnotes":""},"class_list":["post-6104","page","type-page","status-publish","hentry"],"yoast_head":"<!-- This site is optimized with the Yoast SEO Premium plugin v27.3 (Yoast SEO v27.3) - https:\/\/yoast.com\/product\/yoast-seo-premium-wordpress\/ -->\n<title>Einkaufen - Centro Vacanze De Angelis<\/title>\n<meta name=\"robots\" content=\"index, follow, max-snippet:-1, max-image-preview:large, max-video-preview:-1\" \/>\n<link rel=\"canonical\" href=\"https:\/\/villaggiocentrovacanzedeangelis.com\/shopping-2\/\" \/>\n<meta property=\"og:locale\" content=\"de_DE\" \/>\n<meta property=\"og:type\" content=\"article\" \/>\n<meta property=\"og:title\" content=\"Einkaufen\" \/>\n<meta property=\"og:description\" content=\"[vc_row][vc_column][vc_custom_heading text=&#8220;Willkommen in der Welt der Eleganz und des Stils unseres De Angelis Stores und Twivillage-E-Commerce, wo jedes Kleidungsst\u00fcck ein [&hellip;]\" \/>\n<meta property=\"og:url\" content=\"https:\/\/villaggiocentrovacanzedeangelis.com\/shopping-2\/\" \/>\n<meta property=\"og:site_name\" content=\"Centro Vacanze De Angelis\" \/>\n<meta property=\"article:publisher\" content=\"https:\/\/www.facebook.com\/centrovacanzedeangelis.com\" \/>\n<meta property=\"article:modified_time\" content=\"2023-12-22T07:42:18+00:00\" \/>\n<meta name=\"twitter:card\" content=\"summary_large_image\" \/>\n<meta name=\"twitter:site\" content=\"@deangelisresort\" \/>\n<meta name=\"twitter:label1\" content=\"Gesch\u00e4tzte Lesezeit\" \/>\n\t<meta name=\"twitter:data1\" content=\"3\u00a0Minuten\" \/>\n<script type=\"application\/ld+json\" class=\"yoast-schema-graph\">{\"@context\":\"https:\\\/\\\/schema.org\",\"@graph\":[{\"@type\":\"WebPage\",\"@id\":\"https:\\\/\\\/villaggiocentrovacanzedeangelis.com\\\/shopping-2\\\/\",\"url\":\"https:\\\/\\\/villaggiocentrovacanzedeangelis.com\\\/shopping-2\\\/\",\"name\":\"Einkaufen - Centro Vacanze De Angelis\",\"isPartOf\":{\"@id\":\"https:\\\/\\\/villaggiocentrovacanzedeangelis.com\\\/#website\"},\"datePublished\":\"2020-11-19T15:08:58+00:00\",\"dateModified\":\"2023-12-22T07:42:18+00:00\",\"breadcrumb\":{\"@id\":\"https:\\\/\\\/villaggiocentrovacanzedeangelis.com\\\/shopping-2\\\/#breadcrumb\"},\"inLanguage\":\"de\",\"potentialAction\":[{\"@type\":\"ReadAction\",\"target\":[\"https:\\\/\\\/villaggiocentrovacanzedeangelis.com\\\/shopping-2\\\/\"]}]},{\"@type\":\"BreadcrumbList\",\"@id\":\"https:\\\/\\\/villaggiocentrovacanzedeangelis.com\\\/shopping-2\\\/#breadcrumb\",\"itemListElement\":[{\"@type\":\"ListItem\",\"position\":1,\"name\":\"Home\",\"item\":\"https:\\\/\\\/villaggiocentrovacanzedeangelis.com\\\/de\\\/\"},{\"@type\":\"ListItem\",\"position\":2,\"name\":\"Einkaufen\"}]},{\"@type\":\"WebSite\",\"@id\":\"https:\\\/\\\/villaggiocentrovacanzedeangelis.com\\\/#website\",\"url\":\"https:\\\/\\\/villaggiocentrovacanzedeangelis.com\\\/\",\"name\":\"Centro Vacanze De Angelis\",\"description\":\"Riviera del Conero\",\"publisher\":{\"@id\":\"https:\\\/\\\/villaggiocentrovacanzedeangelis.com\\\/#organization\"},\"potentialAction\":[{\"@type\":\"SearchAction\",\"target\":{\"@type\":\"EntryPoint\",\"urlTemplate\":\"https:\\\/\\\/villaggiocentrovacanzedeangelis.com\\\/?s={search_term_string}\"},\"query-input\":{\"@type\":\"PropertyValueSpecification\",\"valueRequired\":true,\"valueName\":\"search_term_string\"}}],\"inLanguage\":\"de\"},{\"@type\":\"Organization\",\"@id\":\"https:\\\/\\\/villaggiocentrovacanzedeangelis.com\\\/#organization\",\"name\":\"Centro Vacanze De Angelis\",\"url\":\"https:\\\/\\\/villaggiocentrovacanzedeangelis.com\\\/\",\"logo\":{\"@type\":\"ImageObject\",\"inLanguage\":\"de\",\"@id\":\"https:\\\/\\\/villaggiocentrovacanzedeangelis.com\\\/#\\\/schema\\\/logo\\\/image\\\/\",\"url\":\"https:\\\/\\\/villaggiocentrovacanzedeangelis.com\\\/wp-content\\\/uploads\\\/2020\\\/10\\\/cropped-Logo-HDV-100-png-copy.png\",\"contentUrl\":\"https:\\\/\\\/villaggiocentrovacanzedeangelis.com\\\/wp-content\\\/uploads\\\/2020\\\/10\\\/cropped-Logo-HDV-100-png-copy.png\",\"width\":512,\"height\":512,\"caption\":\"Centro Vacanze De Angelis\"},\"image\":{\"@id\":\"https:\\\/\\\/villaggiocentrovacanzedeangelis.com\\\/#\\\/schema\\\/logo\\\/image\\\/\"},\"sameAs\":[\"https:\\\/\\\/www.facebook.com\\\/centrovacanzedeangelis.com\",\"https:\\\/\\\/x.com\\\/deangelisresort\",\"https:\\\/\\\/instagram.com\\\/deangelisresort\"]}]}<\/script>\n<!-- \/ Yoast SEO Premium plugin. -->","yoast_head_json":{"title":"Einkaufen - Centro Vacanze De Angelis","robots":{"index":"index","follow":"follow","max-snippet":"max-snippet:-1","max-image-preview":"max-image-preview:large","max-video-preview":"max-video-preview:-1"},"canonical":"https:\/\/villaggiocentrovacanzedeangelis.com\/shopping-2\/","og_locale":"de_DE","og_type":"article","og_title":"Einkaufen","og_description":"[vc_row][vc_column][vc_custom_heading text=&#8220;Willkommen in der Welt der Eleganz und des Stils unseres De Angelis Stores und Twivillage-E-Commerce, wo jedes Kleidungsst\u00fcck ein [&hellip;]","og_url":"https:\/\/villaggiocentrovacanzedeangelis.com\/shopping-2\/","og_site_name":"Centro Vacanze De Angelis","article_publisher":"https:\/\/www.facebook.com\/centrovacanzedeangelis.com","article_modified_time":"2023-12-22T07:42:18+00:00","twitter_card":"summary_large_image","twitter_site":"@deangelisresort","twitter_misc":{"Gesch\u00e4tzte Lesezeit":"3\u00a0Minuten"},"schema":{"@context":"https:\/\/schema.org","@graph":[{"@type":"WebPage","@id":"https:\/\/villaggiocentrovacanzedeangelis.com\/shopping-2\/","url":"https:\/\/villaggiocentrovacanzedeangelis.com\/shopping-2\/","name":"Einkaufen - Centro Vacanze De Angelis","isPartOf":{"@id":"https:\/\/villaggiocentrovacanzedeangelis.com\/#website"},"datePublished":"2020-11-19T15:08:58+00:00","dateModified":"2023-12-22T07:42:18+00:00","breadcrumb":{"@id":"https:\/\/villaggiocentrovacanzedeangelis.com\/shopping-2\/#breadcrumb"},"inLanguage":"de","potentialAction":[{"@type":"ReadAction","target":["https:\/\/villaggiocentrovacanzedeangelis.com\/shopping-2\/"]}]},{"@type":"BreadcrumbList","@id":"https:\/\/villaggiocentrovacanzedeangelis.com\/shopping-2\/#breadcrumb","itemListElement":[{"@type":"ListItem","position":1,"name":"Home","item":"https:\/\/villaggiocentrovacanzedeangelis.com\/de\/"},{"@type":"ListItem","position":2,"name":"Einkaufen"}]},{"@type":"WebSite","@id":"https:\/\/villaggiocentrovacanzedeangelis.com\/#website","url":"https:\/\/villaggiocentrovacanzedeangelis.com\/","name":"Centro Vacanze De Angelis","description":"Riviera del Conero","publisher":{"@id":"https:\/\/villaggiocentrovacanzedeangelis.com\/#organization"},"potentialAction":[{"@type":"SearchAction","target":{"@type":"EntryPoint","urlTemplate":"https:\/\/villaggiocentrovacanzedeangelis.com\/?s={search_term_string}"},"query-input":{"@type":"PropertyValueSpecification","valueRequired":true,"valueName":"search_term_string"}}],"inLanguage":"de"},{"@type":"Organization","@id":"https:\/\/villaggiocentrovacanzedeangelis.com\/#organization","name":"Centro Vacanze De Angelis","url":"https:\/\/villaggiocentrovacanzedeangelis.com\/","logo":{"@type":"ImageObject","inLanguage":"de","@id":"https:\/\/villaggiocentrovacanzedeangelis.com\/#\/schema\/logo\/image\/","url":"https:\/\/villaggiocentrovacanzedeangelis.com\/wp-content\/uploads\/2020\/10\/cropped-Logo-HDV-100-png-copy.png","contentUrl":"https:\/\/villaggiocentrovacanzedeangelis.com\/wp-content\/uploads\/2020\/10\/cropped-Logo-HDV-100-png-copy.png","width":512,"height":512,"caption":"Centro Vacanze De Angelis"},"image":{"@id":"https:\/\/villaggiocentrovacanzedeangelis.com\/#\/schema\/logo\/image\/"},"sameAs":["https:\/\/www.facebook.com\/centrovacanzedeangelis.com","https:\/\/x.com\/deangelisresort","https:\/\/instagram.com\/deangelisresort"]}]}},"_links":{"self":[{"href":"https:\/\/villaggiocentrovacanzedeangelis.com\/de\/wp-json\/wp\/v2\/pages\/6104","targetHints":{"allow":["GET"]}}],"collection":[{"href":"https:\/\/villaggiocentrovacanzedeangelis.com\/de\/wp-json\/wp\/v2\/pages"}],"about":[{"href":"https:\/\/villaggiocentrovacanzedeangelis.com\/de\/wp-json\/wp\/v2\/types\/page"}],"author":[{"embeddable":true,"href":"https:\/\/villaggiocentrovacanzedeangelis.com\/de\/wp-json\/wp\/v2\/users\/1"}],"replies":[{"embeddable":true,"href":"https:\/\/villaggiocentrovacanzedeangelis.com\/de\/wp-json\/wp\/v2\/comments?post=6104"}],"version-history":[{"count":5,"href":"https:\/\/villaggiocentrovacanzedeangelis.com\/de\/wp-json\/wp\/v2\/pages\/6104\/revisions"}],"predecessor-version":[{"id":10002,"href":"https:\/\/villaggiocentrovacanzedeangelis.com\/de\/wp-json\/wp\/v2\/pages\/6104\/revisions\/10002"}],"wp:attachment":[{"href":"https:\/\/villaggiocentrovacanzedeangelis.com\/de\/wp-json\/wp\/v2\/media?parent=6104"}],"curies":[{"name":"wp","href":"https:\/\/api.w.org\/{rel}","templated":true}]}}