{"id":6098,"date":"2020-10-09T15:03:19","date_gmt":"2020-10-09T15:03:19","guid":{"rendered":"https:\/\/villaggiocentrovacanzedeangelis.com\/le-marche\/"},"modified":"2023-12-22T07:38:52","modified_gmt":"2023-12-22T07:38:52","slug":"marche","status":"publish","type":"page","link":"https:\/\/villaggiocentrovacanzedeangelis.com\/de\/marche\/","title":{"rendered":"Marche"},"content":{"rendered":"<div class=\"wpb-content-wrapper\">[vc_row][vc_column width=&#8220;1\/2&#8243;][vc_column_text]Die Riviera del Conero, ein Juwel an der Adriak\u00fcste der Region Marken, ist ein Paradies, das darauf wartet, entdeckt zu werden. Stellen Sie sich eine K\u00fcste vor, an der das intensive Blau der Adria mit dem \u00fcppigen Gr\u00fcn des Monte Conero verschmilzt und eine Landschaft von seltener Sch\u00f6nheit entsteht, die die Sinne weckt und zum Entdecken einl\u00e4dt.\r\n<h3>Atemberaubende Landschaften<\/h3>\r\nDie Conero Riviera bietet eine Reihe von Panoramablicken, die Ihnen den Atem rauben. Seine Kalksteinfelsen fallen direkt ins Meer und bilden versteckte Buchten und wei\u00dfe Kiesstr\u00e4nde wie den von Due Sorelle, die nur \u00fcber das Meer erreichbar sind und ein nahezu unber\u00fchrtes und wildes Erlebnis bieten.\r\n\r\n[\/vc_column_text][\/vc_column][vc_column width=&#8220;1\/2&#8243;][vc_single_image image=&#8220;7419&#8243; img_size=&#8220;full&#8220;][\/vc_column][\/vc_row][vc_row][vc_column width=&#8220;1\/2&#8243;][vc_single_image image=&#8220;4208&#8243; img_size=&#8220;full&#8220;][\/vc_column][vc_column width=&#8220;1\/2&#8243;][vc_column_text]\r\n<h3>Natur und Abenteuer<\/h3>\r\nF\u00fcr Natur- und Wanderliebhaber bietet der Conero-Regionalpark ein Wegenetz, das sich durch \u00fcppige W\u00e4lder schl\u00e4ngelt und zu atemberaubenden Panoramablicken f\u00fchrt. Der Weg, der zum Gipfel des Berges f\u00fchrt, bietet eine 360-Grad-Aussicht, die vom kristallklaren Meer bis zu den sanften H\u00fcgeln des Hinterlandes reicht.[\/vc_column_text][\/vc_column][\/vc_row][vc_row][vc_column width=&#8220;1\/2&#8243;][vc_column_text]\r\n<h3>Bezaubernde D\u00f6rfer<\/h3>\r\nSirolo und Numana, zwei Juwelen an der K\u00fcste, sind charakteristische D\u00f6rfer voller Geschichte. Ein Spaziergang durch die gepflasterten Gassen, umgeben von pastellfarbenen H\u00e4usern und alten Kirchen, ist wie eine Zeitreise in die Vergangenheit. Abends erwachen diese D\u00f6rfer zum Leben mit Restaurants, die k\u00f6stliche Gerichte mit frischem Fisch und ausgezeichneten lokalen Weinen anbieten.[\/vc_column_text][\/vc_column][vc_column width=&#8220;1\/2&#8243;][vc_single_image image=&#8220;4408&#8243; img_size=&#8220;full&#8220;][\/vc_column][\/vc_row][vc_row][vc_column width=&#8220;1\/2&#8243;][vc_single_image image=&#8220;4407&#8243; img_size=&#8220;full&#8220;][\/vc_column][vc_column width=&#8220;1\/2&#8243;][vc_column_text]\r\n<h3>Traumstr\u00e4nde<\/h3>\r\nDie Str\u00e4nde der Riviera del Conero sind f\u00fcr ihre einzigartige Sch\u00f6nheit bekannt. Vom ber\u00fchmten Strand San Michele mit seiner lebhaften und weltlichen Atmosph\u00e4re bis hin zur Ruhe am Strand Sassi Neri gibt es f\u00fcr jeden Geschmack einen Strand. Die Wasserqualit\u00e4t und die nat\u00fcrliche Umgebung machen diese Str\u00e4nde ideal zum Schwimmen, Schnorcheln oder einfach zum Entspannen in der Sonne.\r\n\r\n<!-- \/wp:post-content -->[\/vc_column_text][\/vc_column][\/vc_row][vc_row][vc_column width=&#8220;1\/2&#8243;][vc_column_text]\r\n<h3>Erbe und Kultur<\/h3>\r\nDie Riviera besteht nicht nur aus Natur und Meer. Es bietet auch einen Einblick in Geschichte und Kunst. Besuchen Sie Loreto mit seiner pr\u00e4chtigen Basilica della Santa Casa, einem der wichtigsten Marienwallfahrtsorte, oder reisen Sie nach Ancona, um dessen reiches historisches und kulturelles Erbe zu erkunden.[\/vc_column_text][\/vc_column][vc_column width=&#8220;1\/2&#8243;][vc_single_image image=&#8220;4406&#8243; img_size=&#8220;full&#8220;][\/vc_column][\/vc_row][vc_row][vc_column width=&#8220;1\/2&#8243;][vc_single_image image=&#8220;4405&#8243; img_size=&#8220;full&#8220;][\/vc_column][vc_column width=&#8220;1\/2&#8243;][vc_column_text]\r\n<h3>Lokale Gastronomie<\/h3>\r\nEssen und Wein sind eine weitere St\u00e4rke. Meeresfr\u00fcchte sind der unbestrittene Protagonist der lokalen Speisekarten, aber auch lokale Spezialit\u00e4ten wie Fossa-K\u00e4se und Tr\u00fcffel spielen eine wichtige Rolle. Alles begleitet von lokalen Weinen wie Verdicchio und Rosso Conero.\r\n\r\nZusammenfassend l\u00e4sst sich sagen, dass die Riviera des Conero ein Reiseziel ist, das alle Sinne befriedigt: von der visuellen Sch\u00f6nheit ihrer Landschaften bis zum exquisiten Geschmack ihrer K\u00fcche, vom Duft des Meeres und der mediterranen Macchia bis zum entspannenden Rauschen ihrer Wellen. Ein Ort, an dem jeder Besuch zu einer unvergesslichen Erinnerung wird.[\/vc_column_text][\/vc_column][\/vc_row]<!-- \/wp:freeform --><\/div>","protected":false},"excerpt":{"rendered":"<p>[vc_row][vc_column width=&#8220;1\/2&#8243;][vc_column_text]Die Riviera del Conero, ein Juwel an der Adriak\u00fcste der Region Marken, ist ein Paradies, das darauf wartet, entdeckt [&hellip;]<\/p>\n","protected":false},"author":1,"featured_media":0,"parent":0,"menu_order":0,"comment_status":"closed","ping_status":"closed","template":"","meta":{"footnotes":""},"class_list":["post-6098","page","type-page","status-publish","hentry"],"yoast_head":"<!-- This site is optimized with the Yoast SEO Premium plugin v27.3 (Yoast SEO v27.3) - https:\/\/yoast.com\/product\/yoast-seo-premium-wordpress\/ -->\n<title>Marche - Centro Vacanze De Angelis<\/title>\n<meta name=\"robots\" content=\"index, follow, max-snippet:-1, max-image-preview:large, max-video-preview:-1\" \/>\n<link rel=\"canonical\" href=\"https:\/\/villaggiocentrovacanzedeangelis.com\/le-marche\/\" \/>\n<meta property=\"og:locale\" content=\"de_DE\" \/>\n<meta property=\"og:type\" content=\"article\" \/>\n<meta property=\"og:title\" content=\"Marche\" \/>\n<meta property=\"og:description\" content=\"[vc_row][vc_column width=&#8220;1\/2&#8243;][vc_column_text]Die Riviera del Conero, ein Juwel an der Adriak\u00fcste der Region Marken, ist ein Paradies, das darauf wartet, entdeckt [&hellip;]\" \/>\n<meta property=\"og:url\" content=\"https:\/\/villaggiocentrovacanzedeangelis.com\/le-marche\/\" \/>\n<meta property=\"og:site_name\" content=\"Centro Vacanze De Angelis\" \/>\n<meta property=\"article:publisher\" content=\"https:\/\/www.facebook.com\/centrovacanzedeangelis.com\" \/>\n<meta property=\"article:modified_time\" content=\"2023-12-22T07:38:52+00:00\" \/>\n<meta name=\"twitter:card\" content=\"summary_large_image\" \/>\n<meta name=\"twitter:site\" content=\"@deangelisresort\" \/>\n<meta name=\"twitter:label1\" content=\"Gesch\u00e4tzte Lesezeit\" \/>\n\t<meta name=\"twitter:data1\" content=\"3\u00a0Minuten\" \/>\n<script type=\"application\/ld+json\" class=\"yoast-schema-graph\">{\"@context\":\"https:\\\/\\\/schema.org\",\"@graph\":[{\"@type\":\"WebPage\",\"@id\":\"https:\\\/\\\/villaggiocentrovacanzedeangelis.com\\\/le-marche\\\/\",\"url\":\"https:\\\/\\\/villaggiocentrovacanzedeangelis.com\\\/le-marche\\\/\",\"name\":\"Marche - Centro Vacanze De Angelis\",\"isPartOf\":{\"@id\":\"https:\\\/\\\/villaggiocentrovacanzedeangelis.com\\\/#website\"},\"datePublished\":\"2020-10-09T15:03:19+00:00\",\"dateModified\":\"2023-12-22T07:38:52+00:00\",\"breadcrumb\":{\"@id\":\"https:\\\/\\\/villaggiocentrovacanzedeangelis.com\\\/le-marche\\\/#breadcrumb\"},\"inLanguage\":\"de\",\"potentialAction\":[{\"@type\":\"ReadAction\",\"target\":[\"https:\\\/\\\/villaggiocentrovacanzedeangelis.com\\\/le-marche\\\/\"]}]},{\"@type\":\"BreadcrumbList\",\"@id\":\"https:\\\/\\\/villaggiocentrovacanzedeangelis.com\\\/le-marche\\\/#breadcrumb\",\"itemListElement\":[{\"@type\":\"ListItem\",\"position\":1,\"name\":\"Home\",\"item\":\"https:\\\/\\\/villaggiocentrovacanzedeangelis.com\\\/de\\\/\"},{\"@type\":\"ListItem\",\"position\":2,\"name\":\"Marche\"}]},{\"@type\":\"WebSite\",\"@id\":\"https:\\\/\\\/villaggiocentrovacanzedeangelis.com\\\/#website\",\"url\":\"https:\\\/\\\/villaggiocentrovacanzedeangelis.com\\\/\",\"name\":\"Centro Vacanze De Angelis\",\"description\":\"Riviera del Conero\",\"publisher\":{\"@id\":\"https:\\\/\\\/villaggiocentrovacanzedeangelis.com\\\/#organization\"},\"potentialAction\":[{\"@type\":\"SearchAction\",\"target\":{\"@type\":\"EntryPoint\",\"urlTemplate\":\"https:\\\/\\\/villaggiocentrovacanzedeangelis.com\\\/?s={search_term_string}\"},\"query-input\":{\"@type\":\"PropertyValueSpecification\",\"valueRequired\":true,\"valueName\":\"search_term_string\"}}],\"inLanguage\":\"de\"},{\"@type\":\"Organization\",\"@id\":\"https:\\\/\\\/villaggiocentrovacanzedeangelis.com\\\/#organization\",\"name\":\"Centro Vacanze De Angelis\",\"url\":\"https:\\\/\\\/villaggiocentrovacanzedeangelis.com\\\/\",\"logo\":{\"@type\":\"ImageObject\",\"inLanguage\":\"de\",\"@id\":\"https:\\\/\\\/villaggiocentrovacanzedeangelis.com\\\/#\\\/schema\\\/logo\\\/image\\\/\",\"url\":\"https:\\\/\\\/villaggiocentrovacanzedeangelis.com\\\/wp-content\\\/uploads\\\/2020\\\/10\\\/cropped-Logo-HDV-100-png-copy.png\",\"contentUrl\":\"https:\\\/\\\/villaggiocentrovacanzedeangelis.com\\\/wp-content\\\/uploads\\\/2020\\\/10\\\/cropped-Logo-HDV-100-png-copy.png\",\"width\":512,\"height\":512,\"caption\":\"Centro Vacanze De Angelis\"},\"image\":{\"@id\":\"https:\\\/\\\/villaggiocentrovacanzedeangelis.com\\\/#\\\/schema\\\/logo\\\/image\\\/\"},\"sameAs\":[\"https:\\\/\\\/www.facebook.com\\\/centrovacanzedeangelis.com\",\"https:\\\/\\\/x.com\\\/deangelisresort\",\"https:\\\/\\\/instagram.com\\\/deangelisresort\"]}]}<\/script>\n<!-- \/ Yoast SEO Premium plugin. -->","yoast_head_json":{"title":"Marche - Centro Vacanze De Angelis","robots":{"index":"index","follow":"follow","max-snippet":"max-snippet:-1","max-image-preview":"max-image-preview:large","max-video-preview":"max-video-preview:-1"},"canonical":"https:\/\/villaggiocentrovacanzedeangelis.com\/le-marche\/","og_locale":"de_DE","og_type":"article","og_title":"Marche","og_description":"[vc_row][vc_column width=&#8220;1\/2&#8243;][vc_column_text]Die Riviera del Conero, ein Juwel an der Adriak\u00fcste der Region Marken, ist ein Paradies, das darauf wartet, entdeckt [&hellip;]","og_url":"https:\/\/villaggiocentrovacanzedeangelis.com\/le-marche\/","og_site_name":"Centro Vacanze De Angelis","article_publisher":"https:\/\/www.facebook.com\/centrovacanzedeangelis.com","article_modified_time":"2023-12-22T07:38:52+00:00","twitter_card":"summary_large_image","twitter_site":"@deangelisresort","twitter_misc":{"Gesch\u00e4tzte Lesezeit":"3\u00a0Minuten"},"schema":{"@context":"https:\/\/schema.org","@graph":[{"@type":"WebPage","@id":"https:\/\/villaggiocentrovacanzedeangelis.com\/le-marche\/","url":"https:\/\/villaggiocentrovacanzedeangelis.com\/le-marche\/","name":"Marche - Centro Vacanze De Angelis","isPartOf":{"@id":"https:\/\/villaggiocentrovacanzedeangelis.com\/#website"},"datePublished":"2020-10-09T15:03:19+00:00","dateModified":"2023-12-22T07:38:52+00:00","breadcrumb":{"@id":"https:\/\/villaggiocentrovacanzedeangelis.com\/le-marche\/#breadcrumb"},"inLanguage":"de","potentialAction":[{"@type":"ReadAction","target":["https:\/\/villaggiocentrovacanzedeangelis.com\/le-marche\/"]}]},{"@type":"BreadcrumbList","@id":"https:\/\/villaggiocentrovacanzedeangelis.com\/le-marche\/#breadcrumb","itemListElement":[{"@type":"ListItem","position":1,"name":"Home","item":"https:\/\/villaggiocentrovacanzedeangelis.com\/de\/"},{"@type":"ListItem","position":2,"name":"Marche"}]},{"@type":"WebSite","@id":"https:\/\/villaggiocentrovacanzedeangelis.com\/#website","url":"https:\/\/villaggiocentrovacanzedeangelis.com\/","name":"Centro Vacanze De Angelis","description":"Riviera del Conero","publisher":{"@id":"https:\/\/villaggiocentrovacanzedeangelis.com\/#organization"},"potentialAction":[{"@type":"SearchAction","target":{"@type":"EntryPoint","urlTemplate":"https:\/\/villaggiocentrovacanzedeangelis.com\/?s={search_term_string}"},"query-input":{"@type":"PropertyValueSpecification","valueRequired":true,"valueName":"search_term_string"}}],"inLanguage":"de"},{"@type":"Organization","@id":"https:\/\/villaggiocentrovacanzedeangelis.com\/#organization","name":"Centro Vacanze De Angelis","url":"https:\/\/villaggiocentrovacanzedeangelis.com\/","logo":{"@type":"ImageObject","inLanguage":"de","@id":"https:\/\/villaggiocentrovacanzedeangelis.com\/#\/schema\/logo\/image\/","url":"https:\/\/villaggiocentrovacanzedeangelis.com\/wp-content\/uploads\/2020\/10\/cropped-Logo-HDV-100-png-copy.png","contentUrl":"https:\/\/villaggiocentrovacanzedeangelis.com\/wp-content\/uploads\/2020\/10\/cropped-Logo-HDV-100-png-copy.png","width":512,"height":512,"caption":"Centro Vacanze De Angelis"},"image":{"@id":"https:\/\/villaggiocentrovacanzedeangelis.com\/#\/schema\/logo\/image\/"},"sameAs":["https:\/\/www.facebook.com\/centrovacanzedeangelis.com","https:\/\/x.com\/deangelisresort","https:\/\/instagram.com\/deangelisresort"]}]}},"_links":{"self":[{"href":"https:\/\/villaggiocentrovacanzedeangelis.com\/de\/wp-json\/wp\/v2\/pages\/6098","targetHints":{"allow":["GET"]}}],"collection":[{"href":"https:\/\/villaggiocentrovacanzedeangelis.com\/de\/wp-json\/wp\/v2\/pages"}],"about":[{"href":"https:\/\/villaggiocentrovacanzedeangelis.com\/de\/wp-json\/wp\/v2\/types\/page"}],"author":[{"embeddable":true,"href":"https:\/\/villaggiocentrovacanzedeangelis.com\/de\/wp-json\/wp\/v2\/users\/1"}],"replies":[{"embeddable":true,"href":"https:\/\/villaggiocentrovacanzedeangelis.com\/de\/wp-json\/wp\/v2\/comments?post=6098"}],"version-history":[{"count":6,"href":"https:\/\/villaggiocentrovacanzedeangelis.com\/de\/wp-json\/wp\/v2\/pages\/6098\/revisions"}],"predecessor-version":[{"id":9999,"href":"https:\/\/villaggiocentrovacanzedeangelis.com\/de\/wp-json\/wp\/v2\/pages\/6098\/revisions\/9999"}],"wp:attachment":[{"href":"https:\/\/villaggiocentrovacanzedeangelis.com\/de\/wp-json\/wp\/v2\/media?parent=6098"}],"curies":[{"name":"wp","href":"https:\/\/api.w.org\/{rel}","templated":true}]}}