{"id":6091,"date":"2020-10-14T13:55:10","date_gmt":"2020-10-14T13:55:10","guid":{"rendered":"https:\/\/villaggiocentrovacanzedeangelis.com\/cappellina\/"},"modified":"2023-12-22T08:36:53","modified_gmt":"2023-12-22T08:36:53","slug":"kirche","status":"publish","type":"page","link":"https:\/\/villaggiocentrovacanzedeangelis.com\/de\/kirche\/","title":{"rendered":"Kapelle"},"content":{"rendered":"<div class=\"wpb-content-wrapper\">[vc_row][vc_column][vc_column_text]Wie ein Schatz inmitten der \u00fcppigen Vegetation des De Angelis Resorts versteckt sich eine kleine und bezaubernde Kapelle, ein Ort des Friedens und der Spiritualit\u00e4t, der darauf wartet, entdeckt zu werden. Diese kleine, geweihte und von himmlischer Ruhe erf\u00fcllte Kapelle ist nicht nur ein Geb\u00e4ude, sondern ein Zufluchtsort f\u00fcr die Seele, in dem Glaube und Sch\u00f6nheit in perfekter Harmonie aufeinander treffen.<\/p>\n<h3>Eine spirituelle Zuflucht inmitten der Natur<\/h3>\n<p>Die Kapelle mit ihrer schlichten, aber eleganten Architektur steht diskret, fast so, als wolle sie mit der umgebenden Natur verschmelzen. Ihre geschichtstr\u00e4chtigen Steinmauern vermischen sich mit dem Gr\u00fcn der G\u00e4rten und bilden einen atemberaubenden visuellen Kontrast. Das Bauwerk strahlt trotz seiner bescheidenen Gr\u00f6\u00dfe eine Aura der Feierlichkeit und Anmut aus, die zum Nachdenken und Meditieren einl\u00e4dt.<\/p>\n<h3>Ein Interieur, das verzaubert und inspiriert<\/h3>\n<p>Beim Betreten werden Sie von einer Atmosph\u00e4re heiterer Heiligkeit umgeben sein. Das Licht dringt zart durch die kleinen Fenster, spiegelt sich auf den Oberfl\u00e4chen und erzeugt ein Spiel aus Licht und Schatten, das auf den alten Steinen zu tanzen scheint. Die einfache, aber raffinierte Einrichtung tr\u00e4gt dazu bei, eine Umgebung zu schaffen, in der die Zeit stillzustehen scheint und Raum f\u00fcr Kontemplation und Gebet bleibt.<\/p>\n<h3>Eine Gemeinschaft des Glaubens und des Teilens<\/h3>\n<p>Jeden Sonntag erwacht die Kapelle mit der Feier der Heiligen Messe zum Leben und wird zum Treffpunkt f\u00fcr Resortg\u00e4ste und die \u00f6rtliche Gemeinde. In diesen Momenten sind die W\u00e4nde voller Stimmen und Lieder, Gebete und Gemeinschaft und vereinen Menschen unterschiedlicher Herkunft in einem einzigen Geist der Hingabe und des Teilens.<\/p>\n<h3>Ein Ort des Friedens f\u00fcr alle<\/h3>\n<p>Ob Sie ein treuer Praktizierender sind oder einfach nur einen Moment der Ruhe suchen, die Kapelle unseres Resorts ist ein einladender Ort, der allen offen steht. Hier finden Sie einen Moment der Stille abseits der t\u00e4glichen Hektik, eine Gelegenheit zum Nachdenken, Meditieren oder einfach nur die Sch\u00f6nheit und Ruhe dieses heiligen Ortes zu bewundern.<\/p>\n<p>Unsere Kapelle ist mehr als ein Ort der Andacht; Es ist ein spiritueller Zufluchtsort, in dem sich Natur, Architektur und Glaube in einem ewigen Tanz vermischen und jedem Besucher ein einzigartiges und unvergessliches Erlebnis bieten, eine kleine innere Reise in das schlagende Herz unseres Resorts.[\/vc_column_text][\/vc_column][\/vc_row][vc_row][vc_column width=&#8220;1\/3&#8243;][vc_single_image image=&#8220;8010&#8243; img_size=&#8220;full&#8220;][\/vc_column][vc_column width=&#8220;1\/3&#8243;][vc_single_image image=&#8220;8014&#8243; img_size=&#8220;full&#8220;][\/vc_column][vc_column width=&#8220;1\/3&#8243;][vc_single_image image=&#8220;8006&#8243; img_size=&#8220;full&#8220;][\/vc_column][\/vc_row][vc_row][vc_column][vc_column_text]Die Dorfkapelle wurde Anfang der 2000er Jahre als Andenken an die Wallfahrtskirche des Heiligen Hauses von Loreto erbaut, die zu den wichtigsten Marienwallfahrtsorten der Welt z\u00e4hlt. Viele Pilger besuchen jedes Jahr das Heiligtum, um der Jungfrau zu huldigen und im Heiligen Haus zu beten.<\/p>\n<p>Die Kapelle feiert im Sommer jeden Sonntag um 19.20 Uhr die Heilige Messe.[\/vc_column_text][\/vc_column][\/vc_row]\n<\/div>","protected":false},"excerpt":{"rendered":"<p>[vc_row][vc_column][vc_column_text]Wie ein Schatz inmitten der \u00fcppigen Vegetation des De Angelis Resorts versteckt sich eine kleine und bezaubernde Kapelle, ein Ort [&hellip;]<\/p>\n","protected":false},"author":1,"featured_media":0,"parent":0,"menu_order":0,"comment_status":"closed","ping_status":"closed","template":"","meta":{"footnotes":""},"class_list":["post-6091","page","type-page","status-publish","hentry"],"yoast_head":"<!-- This site is optimized with the Yoast SEO Premium plugin v27.3 (Yoast SEO v27.3) - https:\/\/yoast.com\/product\/yoast-seo-premium-wordpress\/ -->\n<title>Kapelle - Centro Vacanze De Angelis<\/title>\n<meta name=\"robots\" content=\"index, follow, max-snippet:-1, max-image-preview:large, max-video-preview:-1\" \/>\n<link rel=\"canonical\" href=\"https:\/\/villaggiocentrovacanzedeangelis.com\/cappellina\/\" \/>\n<meta property=\"og:locale\" content=\"de_DE\" \/>\n<meta property=\"og:type\" content=\"article\" \/>\n<meta property=\"og:title\" content=\"Kapelle\" \/>\n<meta property=\"og:description\" content=\"[vc_row][vc_column][vc_column_text]Wie ein Schatz inmitten der \u00fcppigen Vegetation des De Angelis Resorts versteckt sich eine kleine und bezaubernde Kapelle, ein Ort [&hellip;]\" \/>\n<meta property=\"og:url\" content=\"https:\/\/villaggiocentrovacanzedeangelis.com\/cappellina\/\" \/>\n<meta property=\"og:site_name\" content=\"Centro Vacanze De Angelis\" \/>\n<meta property=\"article:publisher\" content=\"https:\/\/www.facebook.com\/centrovacanzedeangelis.com\" \/>\n<meta property=\"article:modified_time\" content=\"2023-12-22T08:36:53+00:00\" \/>\n<meta name=\"twitter:card\" content=\"summary_large_image\" \/>\n<meta name=\"twitter:site\" content=\"@deangelisresort\" \/>\n<meta name=\"twitter:label1\" content=\"Gesch\u00e4tzte Lesezeit\" \/>\n\t<meta name=\"twitter:data1\" content=\"3\u00a0Minuten\" \/>\n<script type=\"application\/ld+json\" class=\"yoast-schema-graph\">{\"@context\":\"https:\\\/\\\/schema.org\",\"@graph\":[{\"@type\":\"WebPage\",\"@id\":\"https:\\\/\\\/villaggiocentrovacanzedeangelis.com\\\/cappellina\\\/\",\"url\":\"https:\\\/\\\/villaggiocentrovacanzedeangelis.com\\\/cappellina\\\/\",\"name\":\"Kapelle - Centro Vacanze De Angelis\",\"isPartOf\":{\"@id\":\"https:\\\/\\\/villaggiocentrovacanzedeangelis.com\\\/#website\"},\"datePublished\":\"2020-10-14T13:55:10+00:00\",\"dateModified\":\"2023-12-22T08:36:53+00:00\",\"breadcrumb\":{\"@id\":\"https:\\\/\\\/villaggiocentrovacanzedeangelis.com\\\/cappellina\\\/#breadcrumb\"},\"inLanguage\":\"de\",\"potentialAction\":[{\"@type\":\"ReadAction\",\"target\":[\"https:\\\/\\\/villaggiocentrovacanzedeangelis.com\\\/cappellina\\\/\"]}]},{\"@type\":\"BreadcrumbList\",\"@id\":\"https:\\\/\\\/villaggiocentrovacanzedeangelis.com\\\/cappellina\\\/#breadcrumb\",\"itemListElement\":[{\"@type\":\"ListItem\",\"position\":1,\"name\":\"Home\",\"item\":\"https:\\\/\\\/villaggiocentrovacanzedeangelis.com\\\/de\\\/\"},{\"@type\":\"ListItem\",\"position\":2,\"name\":\"Kapelle\"}]},{\"@type\":\"WebSite\",\"@id\":\"https:\\\/\\\/villaggiocentrovacanzedeangelis.com\\\/#website\",\"url\":\"https:\\\/\\\/villaggiocentrovacanzedeangelis.com\\\/\",\"name\":\"Centro Vacanze De Angelis\",\"description\":\"Riviera del Conero\",\"publisher\":{\"@id\":\"https:\\\/\\\/villaggiocentrovacanzedeangelis.com\\\/#organization\"},\"potentialAction\":[{\"@type\":\"SearchAction\",\"target\":{\"@type\":\"EntryPoint\",\"urlTemplate\":\"https:\\\/\\\/villaggiocentrovacanzedeangelis.com\\\/?s={search_term_string}\"},\"query-input\":{\"@type\":\"PropertyValueSpecification\",\"valueRequired\":true,\"valueName\":\"search_term_string\"}}],\"inLanguage\":\"de\"},{\"@type\":\"Organization\",\"@id\":\"https:\\\/\\\/villaggiocentrovacanzedeangelis.com\\\/#organization\",\"name\":\"Centro Vacanze De Angelis\",\"url\":\"https:\\\/\\\/villaggiocentrovacanzedeangelis.com\\\/\",\"logo\":{\"@type\":\"ImageObject\",\"inLanguage\":\"de\",\"@id\":\"https:\\\/\\\/villaggiocentrovacanzedeangelis.com\\\/#\\\/schema\\\/logo\\\/image\\\/\",\"url\":\"https:\\\/\\\/villaggiocentrovacanzedeangelis.com\\\/wp-content\\\/uploads\\\/2020\\\/10\\\/cropped-Logo-HDV-100-png-copy.png\",\"contentUrl\":\"https:\\\/\\\/villaggiocentrovacanzedeangelis.com\\\/wp-content\\\/uploads\\\/2020\\\/10\\\/cropped-Logo-HDV-100-png-copy.png\",\"width\":512,\"height\":512,\"caption\":\"Centro Vacanze De Angelis\"},\"image\":{\"@id\":\"https:\\\/\\\/villaggiocentrovacanzedeangelis.com\\\/#\\\/schema\\\/logo\\\/image\\\/\"},\"sameAs\":[\"https:\\\/\\\/www.facebook.com\\\/centrovacanzedeangelis.com\",\"https:\\\/\\\/x.com\\\/deangelisresort\",\"https:\\\/\\\/instagram.com\\\/deangelisresort\"]}]}<\/script>\n<!-- \/ Yoast SEO Premium plugin. -->","yoast_head_json":{"title":"Kapelle - Centro Vacanze De Angelis","robots":{"index":"index","follow":"follow","max-snippet":"max-snippet:-1","max-image-preview":"max-image-preview:large","max-video-preview":"max-video-preview:-1"},"canonical":"https:\/\/villaggiocentrovacanzedeangelis.com\/cappellina\/","og_locale":"de_DE","og_type":"article","og_title":"Kapelle","og_description":"[vc_row][vc_column][vc_column_text]Wie ein Schatz inmitten der \u00fcppigen Vegetation des De Angelis Resorts versteckt sich eine kleine und bezaubernde Kapelle, ein Ort [&hellip;]","og_url":"https:\/\/villaggiocentrovacanzedeangelis.com\/cappellina\/","og_site_name":"Centro Vacanze De Angelis","article_publisher":"https:\/\/www.facebook.com\/centrovacanzedeangelis.com","article_modified_time":"2023-12-22T08:36:53+00:00","twitter_card":"summary_large_image","twitter_site":"@deangelisresort","twitter_misc":{"Gesch\u00e4tzte Lesezeit":"3\u00a0Minuten"},"schema":{"@context":"https:\/\/schema.org","@graph":[{"@type":"WebPage","@id":"https:\/\/villaggiocentrovacanzedeangelis.com\/cappellina\/","url":"https:\/\/villaggiocentrovacanzedeangelis.com\/cappellina\/","name":"Kapelle - Centro Vacanze De Angelis","isPartOf":{"@id":"https:\/\/villaggiocentrovacanzedeangelis.com\/#website"},"datePublished":"2020-10-14T13:55:10+00:00","dateModified":"2023-12-22T08:36:53+00:00","breadcrumb":{"@id":"https:\/\/villaggiocentrovacanzedeangelis.com\/cappellina\/#breadcrumb"},"inLanguage":"de","potentialAction":[{"@type":"ReadAction","target":["https:\/\/villaggiocentrovacanzedeangelis.com\/cappellina\/"]}]},{"@type":"BreadcrumbList","@id":"https:\/\/villaggiocentrovacanzedeangelis.com\/cappellina\/#breadcrumb","itemListElement":[{"@type":"ListItem","position":1,"name":"Home","item":"https:\/\/villaggiocentrovacanzedeangelis.com\/de\/"},{"@type":"ListItem","position":2,"name":"Kapelle"}]},{"@type":"WebSite","@id":"https:\/\/villaggiocentrovacanzedeangelis.com\/#website","url":"https:\/\/villaggiocentrovacanzedeangelis.com\/","name":"Centro Vacanze De Angelis","description":"Riviera del Conero","publisher":{"@id":"https:\/\/villaggiocentrovacanzedeangelis.com\/#organization"},"potentialAction":[{"@type":"SearchAction","target":{"@type":"EntryPoint","urlTemplate":"https:\/\/villaggiocentrovacanzedeangelis.com\/?s={search_term_string}"},"query-input":{"@type":"PropertyValueSpecification","valueRequired":true,"valueName":"search_term_string"}}],"inLanguage":"de"},{"@type":"Organization","@id":"https:\/\/villaggiocentrovacanzedeangelis.com\/#organization","name":"Centro Vacanze De Angelis","url":"https:\/\/villaggiocentrovacanzedeangelis.com\/","logo":{"@type":"ImageObject","inLanguage":"de","@id":"https:\/\/villaggiocentrovacanzedeangelis.com\/#\/schema\/logo\/image\/","url":"https:\/\/villaggiocentrovacanzedeangelis.com\/wp-content\/uploads\/2020\/10\/cropped-Logo-HDV-100-png-copy.png","contentUrl":"https:\/\/villaggiocentrovacanzedeangelis.com\/wp-content\/uploads\/2020\/10\/cropped-Logo-HDV-100-png-copy.png","width":512,"height":512,"caption":"Centro Vacanze De Angelis"},"image":{"@id":"https:\/\/villaggiocentrovacanzedeangelis.com\/#\/schema\/logo\/image\/"},"sameAs":["https:\/\/www.facebook.com\/centrovacanzedeangelis.com","https:\/\/x.com\/deangelisresort","https:\/\/instagram.com\/deangelisresort"]}]}},"_links":{"self":[{"href":"https:\/\/villaggiocentrovacanzedeangelis.com\/de\/wp-json\/wp\/v2\/pages\/6091","targetHints":{"allow":["GET"]}}],"collection":[{"href":"https:\/\/villaggiocentrovacanzedeangelis.com\/de\/wp-json\/wp\/v2\/pages"}],"about":[{"href":"https:\/\/villaggiocentrovacanzedeangelis.com\/de\/wp-json\/wp\/v2\/types\/page"}],"author":[{"embeddable":true,"href":"https:\/\/villaggiocentrovacanzedeangelis.com\/de\/wp-json\/wp\/v2\/users\/1"}],"replies":[{"embeddable":true,"href":"https:\/\/villaggiocentrovacanzedeangelis.com\/de\/wp-json\/wp\/v2\/comments?post=6091"}],"version-history":[{"count":4,"href":"https:\/\/villaggiocentrovacanzedeangelis.com\/de\/wp-json\/wp\/v2\/pages\/6091\/revisions"}],"predecessor-version":[{"id":10004,"href":"https:\/\/villaggiocentrovacanzedeangelis.com\/de\/wp-json\/wp\/v2\/pages\/6091\/revisions\/10004"}],"wp:attachment":[{"href":"https:\/\/villaggiocentrovacanzedeangelis.com\/de\/wp-json\/wp\/v2\/media?parent=6091"}],"curies":[{"name":"wp","href":"https:\/\/api.w.org\/{rel}","templated":true}]}}