{"id":6081,"date":"2020-10-09T15:07:47","date_gmt":"2020-10-09T15:07:47","guid":{"rendered":"https:\/\/villaggiocentrovacanzedeangelis.com\/oasi\/"},"modified":"2023-12-22T08:33:33","modified_gmt":"2023-12-22T08:33:33","slug":"oase","status":"publish","type":"page","link":"https:\/\/villaggiocentrovacanzedeangelis.com\/de\/oase\/","title":{"rendered":"Oase"},"content":{"rendered":"<div class=\"wpb-content-wrapper\">[vc_row][vc_column][vc_custom_heading text=&#8220;Ein Botanischer Garten zum Entdecken&#8220;][\/vc_column][\/vc_row][vc_row][vc_column width=&#8220;1\/2&#8243;][vc_column_text]Das De Angelis Resort ist nicht nur ein familienfreundliches Ferienresort, sondern verf\u00fcgt auch \u00fcber einen botanischen Garten mit \u00fcber 40 verschiedenen Pflanzenarten und mehreren Kilometern Hecken.<\/p>\n<p>Im Herzen der eindrucksvollen Riviera del Conero gibt es einen Winkel purer Magie: unser Botanischer Garten, ein bezaubernder R\u00fcckzugsort, in dem sich Natur und Sch\u00f6nheit in reiner Harmonie treffen.<\/p>\n<p>Unser Garten ist nicht einfach nur eine Gr\u00fcnfl\u00e4che, sondern eine Sinnesreise zwischen \u00fcber 40 Pflanzenarten, von denen jede eine einzigartige Geschichte erz\u00e4hlt und ein lebendiges Mosaik aus Farben, D\u00fcften und Formen darstellt.<\/p>\n<h3>Eine Reise zwischen Farben und D\u00fcften<\/h3>\n<p>Sobald Sie die Oase betreten, tauchen Sie in eine Explosion von Farben ein. Vom zarten Rosa der Oleander bis zum leuchtenden Gelb der Ginster erstrahlt jede Ecke des Gartens vor Leben. Die Pflanzen folgen einander in einem Farbenrausch und bilden einen nat\u00fcrlichen Regenbogen, der im Laufe der Jahreszeiten sein Aussehen und seine Farbe ver\u00e4ndert.<\/p>\n<h3>Eine Symphonie der Parf\u00fcme<\/h3>\n<p>Lassen Sie sich von den berauschenden D\u00fcften leiten, die in der Luft liegen. Hier vermischt sich der s\u00fc\u00dfe Duft von Jasmin mit dem intensiven Duft von Rosen, w\u00e4hrend sich die w\u00fcrzige Note von Rosmarin mit dem zarten Duft der Blumen vermischen. Jeder Atemzug ist eine Einladung, die Augen zu schlie\u00dfen und in eine Welt unvergesslicher Geruchsempfindungen einzutauchen.<\/p>\n<h3>Ein Eden der Artenvielfalt<\/h3>\n<p>Die Vielfalt der Pflanzen in unserem Botanischen Garten ist erstaunlich: Von klassischen mediterranen Arten bis hin zu seltenen exotischen Exemplaren gibt es vieles zu entdecken. Sukkulenten, die neben eleganten Palmen der Sonne trotzen, Blattfarne, die schattige und geheimnisvolle Ecken verbergen, bl\u00fchende Str\u00e4ucher, die bunte Schmetterlinge und Singv\u00f6gel anlocken. Jeder Schritt ist eine Begegnung mit einem neuen Naturwunder.<\/p>\n<h3>Ein Ort des Friedens und der Besinnung<\/h3>\n<p>\u00dcber seine \u00e4sthetische Sch\u00f6nheit hinaus ist unser Garten ein Zufluchtsort des Friedens und der Ruhe. Ein Spaziergang auf seinen Wegen ist eine Einladung, langsamer zu werden und sich wieder mit der Natur und sich selbst zu verbinden. Egal, ob Sie auf einer versteckten Bank in tiefer Besinnung versinken oder einfach nur die Stille genie\u00dfen, die nur vom Zwitschern der V\u00f6gel unterbrochen wird, dieser Garten ist ein Zufluchtsort f\u00fcr die Seele.<\/p>\n<p>Unser Botanischer Garten ist mehr als eine Attraktion; Es ist eine Feier des Lebens, eine Ode an die Vielfalt und Sch\u00f6nheit der Natur. Ein Besuch hier ist nicht nur ein Spaziergang, sondern ein immersives Erlebnis, das im Herzen die Erinnerung an einen Ort hinterl\u00e4sst, an dem jedes Blatt, jedes Bl\u00fctenblatt, jeder Baum seine eigene magische Geschichte zu erz\u00e4hlen hat.[\/vc_column_text][\/vc_column][vc_column width=&#8220;1\/2&#8243;][vc_column_text]Die Vegetation des Botanischen Gartens im De Angelis Resort umfasst die folgenden Arten:<\/p>\n<p>1 Palme, 2 Oleander, 3 Bergahorn, 4 Jasmin, 5 Liguster, 6 Evonymus, 7 Hoher Evonymus, 8 Evonymus Bogen, 9 Ficus Benjamin, 10 Rose, 11 Lorbeer, 12 Rotahorn, 13 Linde, 14 Lavendel, 15 Steineiche, 16 Oliven, 17 Hibiskus, 18 Cycas-Palme, 19 Pfirsich, 20 Granatapfel, 21 Bignonia, 22 Kiefer, 23 Polygala Myrtifoglia, 24 Buchsbaum, 25 Bambus, 26 Esche, 27 Feige, 28 Magnolie, 29 Ailanthus, 30 Feigenkaktus, 31 Mimosaceae , 32 Judasbaum, 33 Prunus Pissardi, 34 Robinia Pseudoacacia, 35 Callistemon, 36 Catalpa, 37 Pfirsich, 38 Silberpappel, 39 Ginko Biloba, 40 Ulme.[\/vc_column_text][vc_single_image image=&#8220;3616&#8243; img_size=&#8220;full&#8220;][\/vc_column][\/vc_row][vc_row][vc_column][vc_media_grid grid_id=&#8220;vc_gid:1703233644794-25b609cbb4f6789d2f62332ce972645e-10&#8243; include=&#8220;7000,7004,7008&#8243;][\/vc_column][\/vc_row]\n<\/div>","protected":false},"excerpt":{"rendered":"<p>[vc_row][vc_column][vc_custom_heading text=&#8220;Ein Botanischer Garten zum Entdecken&#8220;][\/vc_column][\/vc_row][vc_row][vc_column width=&#8220;1\/2&#8243;][vc_column_text]Das De Angelis Resort ist nicht nur ein familienfreundliches Ferienresort, sondern verf\u00fcgt auch \u00fcber [&hellip;]<\/p>\n","protected":false},"author":1,"featured_media":0,"parent":0,"menu_order":0,"comment_status":"closed","ping_status":"closed","template":"","meta":{"footnotes":""},"class_list":["post-6081","page","type-page","status-publish","hentry"],"yoast_head":"<!-- This site is optimized with the Yoast SEO Premium plugin v27.3 (Yoast SEO v27.3) - https:\/\/yoast.com\/product\/yoast-seo-premium-wordpress\/ -->\n<title>Oase - Centro Vacanze De Angelis<\/title>\n<meta name=\"robots\" content=\"index, follow, max-snippet:-1, max-image-preview:large, max-video-preview:-1\" \/>\n<link rel=\"canonical\" href=\"https:\/\/villaggiocentrovacanzedeangelis.com\/oasi\/\" \/>\n<meta property=\"og:locale\" content=\"de_DE\" \/>\n<meta property=\"og:type\" content=\"article\" \/>\n<meta property=\"og:title\" content=\"Oase\" \/>\n<meta property=\"og:description\" content=\"[vc_row][vc_column][vc_custom_heading text=&#8220;Ein Botanischer Garten zum Entdecken&#8220;][\/vc_column][\/vc_row][vc_row][vc_column width=&#8220;1\/2&#8243;][vc_column_text]Das De Angelis Resort ist nicht nur ein familienfreundliches Ferienresort, sondern verf\u00fcgt auch \u00fcber [&hellip;]\" \/>\n<meta property=\"og:url\" content=\"https:\/\/villaggiocentrovacanzedeangelis.com\/oasi\/\" \/>\n<meta property=\"og:site_name\" content=\"Centro Vacanze De Angelis\" \/>\n<meta property=\"article:publisher\" content=\"https:\/\/www.facebook.com\/centrovacanzedeangelis.com\" \/>\n<meta property=\"article:modified_time\" content=\"2023-12-22T08:33:33+00:00\" \/>\n<meta name=\"twitter:card\" content=\"summary_large_image\" \/>\n<meta name=\"twitter:site\" content=\"@deangelisresort\" \/>\n<meta name=\"twitter:label1\" content=\"Gesch\u00e4tzte Lesezeit\" \/>\n\t<meta name=\"twitter:data1\" content=\"3\u00a0Minuten\" \/>\n<script type=\"application\/ld+json\" class=\"yoast-schema-graph\">{\"@context\":\"https:\\\/\\\/schema.org\",\"@graph\":[{\"@type\":\"WebPage\",\"@id\":\"https:\\\/\\\/villaggiocentrovacanzedeangelis.com\\\/oasi\\\/\",\"url\":\"https:\\\/\\\/villaggiocentrovacanzedeangelis.com\\\/oasi\\\/\",\"name\":\"Oase - Centro Vacanze De Angelis\",\"isPartOf\":{\"@id\":\"https:\\\/\\\/villaggiocentrovacanzedeangelis.com\\\/#website\"},\"datePublished\":\"2020-10-09T15:07:47+00:00\",\"dateModified\":\"2023-12-22T08:33:33+00:00\",\"breadcrumb\":{\"@id\":\"https:\\\/\\\/villaggiocentrovacanzedeangelis.com\\\/oasi\\\/#breadcrumb\"},\"inLanguage\":\"de\",\"potentialAction\":[{\"@type\":\"ReadAction\",\"target\":[\"https:\\\/\\\/villaggiocentrovacanzedeangelis.com\\\/oasi\\\/\"]}]},{\"@type\":\"BreadcrumbList\",\"@id\":\"https:\\\/\\\/villaggiocentrovacanzedeangelis.com\\\/oasi\\\/#breadcrumb\",\"itemListElement\":[{\"@type\":\"ListItem\",\"position\":1,\"name\":\"Home\",\"item\":\"https:\\\/\\\/villaggiocentrovacanzedeangelis.com\\\/de\\\/\"},{\"@type\":\"ListItem\",\"position\":2,\"name\":\"Oase\"}]},{\"@type\":\"WebSite\",\"@id\":\"https:\\\/\\\/villaggiocentrovacanzedeangelis.com\\\/#website\",\"url\":\"https:\\\/\\\/villaggiocentrovacanzedeangelis.com\\\/\",\"name\":\"Centro Vacanze De Angelis\",\"description\":\"Riviera del Conero\",\"publisher\":{\"@id\":\"https:\\\/\\\/villaggiocentrovacanzedeangelis.com\\\/#organization\"},\"potentialAction\":[{\"@type\":\"SearchAction\",\"target\":{\"@type\":\"EntryPoint\",\"urlTemplate\":\"https:\\\/\\\/villaggiocentrovacanzedeangelis.com\\\/?s={search_term_string}\"},\"query-input\":{\"@type\":\"PropertyValueSpecification\",\"valueRequired\":true,\"valueName\":\"search_term_string\"}}],\"inLanguage\":\"de\"},{\"@type\":\"Organization\",\"@id\":\"https:\\\/\\\/villaggiocentrovacanzedeangelis.com\\\/#organization\",\"name\":\"Centro Vacanze De Angelis\",\"url\":\"https:\\\/\\\/villaggiocentrovacanzedeangelis.com\\\/\",\"logo\":{\"@type\":\"ImageObject\",\"inLanguage\":\"de\",\"@id\":\"https:\\\/\\\/villaggiocentrovacanzedeangelis.com\\\/#\\\/schema\\\/logo\\\/image\\\/\",\"url\":\"https:\\\/\\\/villaggiocentrovacanzedeangelis.com\\\/wp-content\\\/uploads\\\/2020\\\/10\\\/cropped-Logo-HDV-100-png-copy.png\",\"contentUrl\":\"https:\\\/\\\/villaggiocentrovacanzedeangelis.com\\\/wp-content\\\/uploads\\\/2020\\\/10\\\/cropped-Logo-HDV-100-png-copy.png\",\"width\":512,\"height\":512,\"caption\":\"Centro Vacanze De Angelis\"},\"image\":{\"@id\":\"https:\\\/\\\/villaggiocentrovacanzedeangelis.com\\\/#\\\/schema\\\/logo\\\/image\\\/\"},\"sameAs\":[\"https:\\\/\\\/www.facebook.com\\\/centrovacanzedeangelis.com\",\"https:\\\/\\\/x.com\\\/deangelisresort\",\"https:\\\/\\\/instagram.com\\\/deangelisresort\"]}]}<\/script>\n<!-- \/ Yoast SEO Premium plugin. -->","yoast_head_json":{"title":"Oase - Centro Vacanze De Angelis","robots":{"index":"index","follow":"follow","max-snippet":"max-snippet:-1","max-image-preview":"max-image-preview:large","max-video-preview":"max-video-preview:-1"},"canonical":"https:\/\/villaggiocentrovacanzedeangelis.com\/oasi\/","og_locale":"de_DE","og_type":"article","og_title":"Oase","og_description":"[vc_row][vc_column][vc_custom_heading text=&#8220;Ein Botanischer Garten zum Entdecken&#8220;][\/vc_column][\/vc_row][vc_row][vc_column width=&#8220;1\/2&#8243;][vc_column_text]Das De Angelis Resort ist nicht nur ein familienfreundliches Ferienresort, sondern verf\u00fcgt auch \u00fcber [&hellip;]","og_url":"https:\/\/villaggiocentrovacanzedeangelis.com\/oasi\/","og_site_name":"Centro Vacanze De Angelis","article_publisher":"https:\/\/www.facebook.com\/centrovacanzedeangelis.com","article_modified_time":"2023-12-22T08:33:33+00:00","twitter_card":"summary_large_image","twitter_site":"@deangelisresort","twitter_misc":{"Gesch\u00e4tzte Lesezeit":"3\u00a0Minuten"},"schema":{"@context":"https:\/\/schema.org","@graph":[{"@type":"WebPage","@id":"https:\/\/villaggiocentrovacanzedeangelis.com\/oasi\/","url":"https:\/\/villaggiocentrovacanzedeangelis.com\/oasi\/","name":"Oase - Centro Vacanze De Angelis","isPartOf":{"@id":"https:\/\/villaggiocentrovacanzedeangelis.com\/#website"},"datePublished":"2020-10-09T15:07:47+00:00","dateModified":"2023-12-22T08:33:33+00:00","breadcrumb":{"@id":"https:\/\/villaggiocentrovacanzedeangelis.com\/oasi\/#breadcrumb"},"inLanguage":"de","potentialAction":[{"@type":"ReadAction","target":["https:\/\/villaggiocentrovacanzedeangelis.com\/oasi\/"]}]},{"@type":"BreadcrumbList","@id":"https:\/\/villaggiocentrovacanzedeangelis.com\/oasi\/#breadcrumb","itemListElement":[{"@type":"ListItem","position":1,"name":"Home","item":"https:\/\/villaggiocentrovacanzedeangelis.com\/de\/"},{"@type":"ListItem","position":2,"name":"Oase"}]},{"@type":"WebSite","@id":"https:\/\/villaggiocentrovacanzedeangelis.com\/#website","url":"https:\/\/villaggiocentrovacanzedeangelis.com\/","name":"Centro Vacanze De Angelis","description":"Riviera del Conero","publisher":{"@id":"https:\/\/villaggiocentrovacanzedeangelis.com\/#organization"},"potentialAction":[{"@type":"SearchAction","target":{"@type":"EntryPoint","urlTemplate":"https:\/\/villaggiocentrovacanzedeangelis.com\/?s={search_term_string}"},"query-input":{"@type":"PropertyValueSpecification","valueRequired":true,"valueName":"search_term_string"}}],"inLanguage":"de"},{"@type":"Organization","@id":"https:\/\/villaggiocentrovacanzedeangelis.com\/#organization","name":"Centro Vacanze De Angelis","url":"https:\/\/villaggiocentrovacanzedeangelis.com\/","logo":{"@type":"ImageObject","inLanguage":"de","@id":"https:\/\/villaggiocentrovacanzedeangelis.com\/#\/schema\/logo\/image\/","url":"https:\/\/villaggiocentrovacanzedeangelis.com\/wp-content\/uploads\/2020\/10\/cropped-Logo-HDV-100-png-copy.png","contentUrl":"https:\/\/villaggiocentrovacanzedeangelis.com\/wp-content\/uploads\/2020\/10\/cropped-Logo-HDV-100-png-copy.png","width":512,"height":512,"caption":"Centro Vacanze De Angelis"},"image":{"@id":"https:\/\/villaggiocentrovacanzedeangelis.com\/#\/schema\/logo\/image\/"},"sameAs":["https:\/\/www.facebook.com\/centrovacanzedeangelis.com","https:\/\/x.com\/deangelisresort","https:\/\/instagram.com\/deangelisresort"]}]}},"_links":{"self":[{"href":"https:\/\/villaggiocentrovacanzedeangelis.com\/de\/wp-json\/wp\/v2\/pages\/6081","targetHints":{"allow":["GET"]}}],"collection":[{"href":"https:\/\/villaggiocentrovacanzedeangelis.com\/de\/wp-json\/wp\/v2\/pages"}],"about":[{"href":"https:\/\/villaggiocentrovacanzedeangelis.com\/de\/wp-json\/wp\/v2\/types\/page"}],"author":[{"embeddable":true,"href":"https:\/\/villaggiocentrovacanzedeangelis.com\/de\/wp-json\/wp\/v2\/users\/1"}],"replies":[{"embeddable":true,"href":"https:\/\/villaggiocentrovacanzedeangelis.com\/de\/wp-json\/wp\/v2\/comments?post=6081"}],"version-history":[{"count":5,"href":"https:\/\/villaggiocentrovacanzedeangelis.com\/de\/wp-json\/wp\/v2\/pages\/6081\/revisions"}],"predecessor-version":[{"id":10003,"href":"https:\/\/villaggiocentrovacanzedeangelis.com\/de\/wp-json\/wp\/v2\/pages\/6081\/revisions\/10003"}],"wp:attachment":[{"href":"https:\/\/villaggiocentrovacanzedeangelis.com\/de\/wp-json\/wp\/v2\/media?parent=6081"}],"curies":[{"name":"wp","href":"https:\/\/api.w.org\/{rel}","templated":true}]}}