{"id":11924,"date":"2022-05-10T19:23:45","date_gmt":"2022-05-10T19:23:45","guid":{"rendered":"https:\/\/villaggiocentrovacanzedeangelis.com\/mappa-spiaggia\/"},"modified":"2025-01-11T09:47:45","modified_gmt":"2025-01-11T09:47:45","slug":"strandkarte","status":"publish","type":"page","link":"https:\/\/villaggiocentrovacanzedeangelis.com\/de\/strandkarte\/","title":{"rendered":"Strandkarte"},"content":{"rendered":"<div class=\"wpb-content-wrapper\">[vc_row][vc_column][vc_raw_html css=&#8220;&#8220;]JTVCbWFwcGxpYyUyMGlkJTNEJTIyMTE5MTQlMjIlMjBoJTNEJTIyYXV0byUyMiU1RA==[\/vc_raw_html][\/vc_column][\/vc_row][vc_row][vc_column][vc_column_text css=&#8220;&#8220;]Strandkarte<\/p>\n<p>Strandkarte \u2013 Ihr Ausgangspunkt f\u00fcr einen unvergesslichen Urlaub<br \/>\nWillkommen im Abschnitt mit der Strandkarte des Villaggio Centro Vacanze De Angelis, einem wahren Paradies am Meer, das maximalen Komfort und Entspannung f\u00fcr die ganze Familie bietet. Dank der Karte k\u00f6nnen Sie alle interessanten Punkte, die den Dorfstrand so einzigartig machen, leicht finden: mit Sonnenschirmen und Liegen ausgestattete Bereiche, Spielbereiche f\u00fcr die Kleinen, Erfrischungsbereiche, Toiletten und Duschen, die immer verf\u00fcgbar sind.<\/p>\n<p>Im Ferienzentrum De Angelis finden Sie auch den exklusiven Beach Club, wo Sie zwischen Meer, Spa\u00df und sportlichen Aktivit\u00e4ten Momente purer Entspannung genie\u00dfen k\u00f6nnen. Egal, ob Sie in der Sonne entspannen oder neue Abenteuer erleben m\u00f6chten, das Dorf bietet alles, was Sie brauchen, um Ihren Aufenthalt zu einem unvergesslichen Erlebnis zu machen.<\/p>\n<p>Damit Sie sich schnell und unbeschwert bewegen und jeden Augenblick dieses unvergesslichen Urlaubs genie\u00dfen k\u00f6nnen, wird der Strandplan st\u00e4ndig aktualisiert. Erkunden Sie m\u00fchelos jeden Winkel des Centro Vacanze Beach Club und erleben Sie alles, was das Villaggio Centro Vacanze De Angelis zu bieten hat: Komfort, Spa\u00df und Entspannung erwarten Sie nur einen Steinwurf vom Meer entfernt. Viel Spa\u00df beim Surfen![\/vc_column_text][\/vc_column][\/vc_row]\n<\/div>","protected":false},"excerpt":{"rendered":"<p>[vc_row][vc_column][vc_raw_html css=&#8220;&#8220;]JTVCbWFwcGxpYyUyMGlkJTNEJTIyMTE5MTQlMjIlMjBoJTNEJTIyYXV0byUyMiU1RA==[\/vc_raw_html][\/vc_column][\/vc_row][vc_row][vc_column][vc_column_text css=&#8220;&#8220;]Strandkarte Strandkarte \u2013 Ihr Ausgangspunkt f\u00fcr einen unvergesslichen Urlaub Willkommen im Abschnitt mit der Strandkarte des Villaggio Centro [&hellip;]<\/p>\n","protected":false},"author":1,"featured_media":0,"parent":0,"menu_order":0,"comment_status":"closed","ping_status":"closed","template":"","meta":{"footnotes":""},"class_list":["post-11924","page","type-page","status-publish","hentry"],"yoast_head":"<!-- This site is optimized with the Yoast SEO Premium plugin v27.3 (Yoast SEO v27.3) - https:\/\/yoast.com\/product\/yoast-seo-premium-wordpress\/ -->\n<title>Strandkarte - Centro Vacanze De Angelis<\/title>\n<meta name=\"robots\" content=\"index, follow, max-snippet:-1, max-image-preview:large, max-video-preview:-1\" \/>\n<link rel=\"canonical\" href=\"https:\/\/villaggiocentrovacanzedeangelis.com\/de\/strandkarte\/\" \/>\n<meta property=\"og:locale\" content=\"de_DE\" \/>\n<meta property=\"og:type\" content=\"article\" \/>\n<meta property=\"og:title\" content=\"Strandkarte\" \/>\n<meta property=\"og:description\" content=\"[vc_row][vc_column][vc_raw_html css=&#8220;&#8220;]JTVCbWFwcGxpYyUyMGlkJTNEJTIyMTE5MTQlMjIlMjBoJTNEJTIyYXV0byUyMiU1RA==[\/vc_raw_html][\/vc_column][\/vc_row][vc_row][vc_column][vc_column_text css=&#8220;&#8220;]Strandkarte Strandkarte \u2013 Ihr Ausgangspunkt f\u00fcr einen unvergesslichen Urlaub Willkommen im Abschnitt mit der Strandkarte des Villaggio Centro [&hellip;]\" \/>\n<meta property=\"og:url\" content=\"https:\/\/villaggiocentrovacanzedeangelis.com\/de\/strandkarte\/\" \/>\n<meta property=\"og:site_name\" content=\"Centro Vacanze De Angelis\" \/>\n<meta property=\"article:publisher\" content=\"https:\/\/www.facebook.com\/centrovacanzedeangelis.com\" \/>\n<meta property=\"article:modified_time\" content=\"2025-01-11T09:47:45+00:00\" \/>\n<meta name=\"twitter:card\" content=\"summary_large_image\" \/>\n<meta name=\"twitter:site\" content=\"@deangelisresort\" \/>\n<meta name=\"twitter:label1\" content=\"Gesch\u00e4tzte Lesezeit\" \/>\n\t<meta name=\"twitter:data1\" content=\"1\u00a0Minute\" \/>\n<script type=\"application\/ld+json\" class=\"yoast-schema-graph\">{\"@context\":\"https:\\\/\\\/schema.org\",\"@graph\":[{\"@type\":\"WebPage\",\"@id\":\"https:\\\/\\\/villaggiocentrovacanzedeangelis.com\\\/de\\\/strandkarte\\\/\",\"url\":\"https:\\\/\\\/villaggiocentrovacanzedeangelis.com\\\/de\\\/strandkarte\\\/\",\"name\":\"Strandkarte - Centro Vacanze De Angelis\",\"isPartOf\":{\"@id\":\"https:\\\/\\\/villaggiocentrovacanzedeangelis.com\\\/#website\"},\"datePublished\":\"2022-05-10T19:23:45+00:00\",\"dateModified\":\"2025-01-11T09:47:45+00:00\",\"breadcrumb\":{\"@id\":\"https:\\\/\\\/villaggiocentrovacanzedeangelis.com\\\/de\\\/strandkarte\\\/#breadcrumb\"},\"inLanguage\":\"de\",\"potentialAction\":[{\"@type\":\"ReadAction\",\"target\":[\"https:\\\/\\\/villaggiocentrovacanzedeangelis.com\\\/de\\\/strandkarte\\\/\"]}]},{\"@type\":\"BreadcrumbList\",\"@id\":\"https:\\\/\\\/villaggiocentrovacanzedeangelis.com\\\/de\\\/strandkarte\\\/#breadcrumb\",\"itemListElement\":[{\"@type\":\"ListItem\",\"position\":1,\"name\":\"Home\",\"item\":\"https:\\\/\\\/villaggiocentrovacanzedeangelis.com\\\/de\\\/\"},{\"@type\":\"ListItem\",\"position\":2,\"name\":\"Strandkarte\"}]},{\"@type\":\"WebSite\",\"@id\":\"https:\\\/\\\/villaggiocentrovacanzedeangelis.com\\\/#website\",\"url\":\"https:\\\/\\\/villaggiocentrovacanzedeangelis.com\\\/\",\"name\":\"Centro Vacanze De Angelis\",\"description\":\"Riviera del Conero\",\"publisher\":{\"@id\":\"https:\\\/\\\/villaggiocentrovacanzedeangelis.com\\\/#organization\"},\"potentialAction\":[{\"@type\":\"SearchAction\",\"target\":{\"@type\":\"EntryPoint\",\"urlTemplate\":\"https:\\\/\\\/villaggiocentrovacanzedeangelis.com\\\/?s={search_term_string}\"},\"query-input\":{\"@type\":\"PropertyValueSpecification\",\"valueRequired\":true,\"valueName\":\"search_term_string\"}}],\"inLanguage\":\"de\"},{\"@type\":\"Organization\",\"@id\":\"https:\\\/\\\/villaggiocentrovacanzedeangelis.com\\\/#organization\",\"name\":\"Centro Vacanze De Angelis\",\"url\":\"https:\\\/\\\/villaggiocentrovacanzedeangelis.com\\\/\",\"logo\":{\"@type\":\"ImageObject\",\"inLanguage\":\"de\",\"@id\":\"https:\\\/\\\/villaggiocentrovacanzedeangelis.com\\\/#\\\/schema\\\/logo\\\/image\\\/\",\"url\":\"https:\\\/\\\/villaggiocentrovacanzedeangelis.com\\\/wp-content\\\/uploads\\\/2020\\\/10\\\/cropped-Logo-HDV-100-png-copy.png\",\"contentUrl\":\"https:\\\/\\\/villaggiocentrovacanzedeangelis.com\\\/wp-content\\\/uploads\\\/2020\\\/10\\\/cropped-Logo-HDV-100-png-copy.png\",\"width\":512,\"height\":512,\"caption\":\"Centro Vacanze De Angelis\"},\"image\":{\"@id\":\"https:\\\/\\\/villaggiocentrovacanzedeangelis.com\\\/#\\\/schema\\\/logo\\\/image\\\/\"},\"sameAs\":[\"https:\\\/\\\/www.facebook.com\\\/centrovacanzedeangelis.com\",\"https:\\\/\\\/x.com\\\/deangelisresort\",\"https:\\\/\\\/instagram.com\\\/deangelisresort\"]}]}<\/script>\n<!-- \/ Yoast SEO Premium plugin. -->","yoast_head_json":{"title":"Strandkarte - Centro Vacanze De Angelis","robots":{"index":"index","follow":"follow","max-snippet":"max-snippet:-1","max-image-preview":"max-image-preview:large","max-video-preview":"max-video-preview:-1"},"canonical":"https:\/\/villaggiocentrovacanzedeangelis.com\/de\/strandkarte\/","og_locale":"de_DE","og_type":"article","og_title":"Strandkarte","og_description":"[vc_row][vc_column][vc_raw_html css=&#8220;&#8220;]JTVCbWFwcGxpYyUyMGlkJTNEJTIyMTE5MTQlMjIlMjBoJTNEJTIyYXV0byUyMiU1RA==[\/vc_raw_html][\/vc_column][\/vc_row][vc_row][vc_column][vc_column_text css=&#8220;&#8220;]Strandkarte Strandkarte \u2013 Ihr Ausgangspunkt f\u00fcr einen unvergesslichen Urlaub Willkommen im Abschnitt mit der Strandkarte des Villaggio Centro [&hellip;]","og_url":"https:\/\/villaggiocentrovacanzedeangelis.com\/de\/strandkarte\/","og_site_name":"Centro Vacanze De Angelis","article_publisher":"https:\/\/www.facebook.com\/centrovacanzedeangelis.com","article_modified_time":"2025-01-11T09:47:45+00:00","twitter_card":"summary_large_image","twitter_site":"@deangelisresort","twitter_misc":{"Gesch\u00e4tzte Lesezeit":"1\u00a0Minute"},"schema":{"@context":"https:\/\/schema.org","@graph":[{"@type":"WebPage","@id":"https:\/\/villaggiocentrovacanzedeangelis.com\/de\/strandkarte\/","url":"https:\/\/villaggiocentrovacanzedeangelis.com\/de\/strandkarte\/","name":"Strandkarte - Centro Vacanze De Angelis","isPartOf":{"@id":"https:\/\/villaggiocentrovacanzedeangelis.com\/#website"},"datePublished":"2022-05-10T19:23:45+00:00","dateModified":"2025-01-11T09:47:45+00:00","breadcrumb":{"@id":"https:\/\/villaggiocentrovacanzedeangelis.com\/de\/strandkarte\/#breadcrumb"},"inLanguage":"de","potentialAction":[{"@type":"ReadAction","target":["https:\/\/villaggiocentrovacanzedeangelis.com\/de\/strandkarte\/"]}]},{"@type":"BreadcrumbList","@id":"https:\/\/villaggiocentrovacanzedeangelis.com\/de\/strandkarte\/#breadcrumb","itemListElement":[{"@type":"ListItem","position":1,"name":"Home","item":"https:\/\/villaggiocentrovacanzedeangelis.com\/de\/"},{"@type":"ListItem","position":2,"name":"Strandkarte"}]},{"@type":"WebSite","@id":"https:\/\/villaggiocentrovacanzedeangelis.com\/#website","url":"https:\/\/villaggiocentrovacanzedeangelis.com\/","name":"Centro Vacanze De Angelis","description":"Riviera del Conero","publisher":{"@id":"https:\/\/villaggiocentrovacanzedeangelis.com\/#organization"},"potentialAction":[{"@type":"SearchAction","target":{"@type":"EntryPoint","urlTemplate":"https:\/\/villaggiocentrovacanzedeangelis.com\/?s={search_term_string}"},"query-input":{"@type":"PropertyValueSpecification","valueRequired":true,"valueName":"search_term_string"}}],"inLanguage":"de"},{"@type":"Organization","@id":"https:\/\/villaggiocentrovacanzedeangelis.com\/#organization","name":"Centro Vacanze De Angelis","url":"https:\/\/villaggiocentrovacanzedeangelis.com\/","logo":{"@type":"ImageObject","inLanguage":"de","@id":"https:\/\/villaggiocentrovacanzedeangelis.com\/#\/schema\/logo\/image\/","url":"https:\/\/villaggiocentrovacanzedeangelis.com\/wp-content\/uploads\/2020\/10\/cropped-Logo-HDV-100-png-copy.png","contentUrl":"https:\/\/villaggiocentrovacanzedeangelis.com\/wp-content\/uploads\/2020\/10\/cropped-Logo-HDV-100-png-copy.png","width":512,"height":512,"caption":"Centro Vacanze De Angelis"},"image":{"@id":"https:\/\/villaggiocentrovacanzedeangelis.com\/#\/schema\/logo\/image\/"},"sameAs":["https:\/\/www.facebook.com\/centrovacanzedeangelis.com","https:\/\/x.com\/deangelisresort","https:\/\/instagram.com\/deangelisresort"]}]}},"_links":{"self":[{"href":"https:\/\/villaggiocentrovacanzedeangelis.com\/de\/wp-json\/wp\/v2\/pages\/11924","targetHints":{"allow":["GET"]}}],"collection":[{"href":"https:\/\/villaggiocentrovacanzedeangelis.com\/de\/wp-json\/wp\/v2\/pages"}],"about":[{"href":"https:\/\/villaggiocentrovacanzedeangelis.com\/de\/wp-json\/wp\/v2\/types\/page"}],"author":[{"embeddable":true,"href":"https:\/\/villaggiocentrovacanzedeangelis.com\/de\/wp-json\/wp\/v2\/users\/1"}],"replies":[{"embeddable":true,"href":"https:\/\/villaggiocentrovacanzedeangelis.com\/de\/wp-json\/wp\/v2\/comments?post=11924"}],"version-history":[{"count":2,"href":"https:\/\/villaggiocentrovacanzedeangelis.com\/de\/wp-json\/wp\/v2\/pages\/11924\/revisions"}],"predecessor-version":[{"id":11934,"href":"https:\/\/villaggiocentrovacanzedeangelis.com\/de\/wp-json\/wp\/v2\/pages\/11924\/revisions\/11934"}],"wp:attachment":[{"href":"https:\/\/villaggiocentrovacanzedeangelis.com\/de\/wp-json\/wp\/v2\/media?parent=11924"}],"curies":[{"name":"wp","href":"https:\/\/api.w.org\/{rel}","templated":true}]}}