{"id":10247,"date":"2024-01-04T15:44:40","date_gmt":"2024-01-04T15:44:40","guid":{"rendered":"https:\/\/villaggiocentrovacanzedeangelis.com\/newsletter\/"},"modified":"2024-01-04T16:18:01","modified_gmt":"2024-01-04T16:18:01","slug":"newsletter","status":"publish","type":"page","link":"https:\/\/villaggiocentrovacanzedeangelis.com\/de\/newsletter\/","title":{"rendered":"Newsletter"},"content":{"rendered":"<div class=\"wpb-content-wrapper\">[vc_row][vc_column][vc_custom_heading text=&#8220;Bleiben Sie mit dem Mondo De Angelis Resort in Verbindung!&#8220; google_fonts=&#8220;font_family:Fondamento%3Aregular%2Citalic|font_style:400%20regular%3A400%3Anormal&#8220;][\/vc_column][\/vc_row][vc_row][vc_column][vc_column_text]Melden Sie sich f\u00fcr unseren exklusiven Newsletter an und tauchen Sie ein in die bezaubernde Welt des De Angelis Resort! Erhalten Sie regelm\u00e4\u00dfige Updates und lassen Sie sich f\u00fcr Ihren n\u00e4chsten Traumurlaub inspirieren. Sie erhalten eine Vorschau auf unsere Sonderangebote, unumg\u00e4nglichen Werbeaktionen und exklusiven Pakete, die speziell f\u00fcr Sie zusammengestellt wurden.<\/p>\n<p>Warum anmelden?<\/p>\n<p>Exklusive Angebote: Nur Newsletter-Abonnenten haben Zugriff auf Rabatte und Sonderangebote f\u00fcr garantierte Einsparungen im Urlaub.<br \/>\nVeranstaltungen und Unterhaltung: Bleiben Sie \u00fcber unsere Unterhaltungsprogramme, Sonderveranstaltungen und einzigartigen Aktivit\u00e4ten auf dem Laufenden, die jeden Aufenthalt im De Angelis Resort unvergesslich machen.<br \/>\nNeuigkeiten und Updates: Erfahren Sie als Erster die neuesten Nachrichten, von verbesserten Dienstleistungen bis hin zu neuen Attraktionen, die Ihr Erlebnis in unserem Resort bereichern werden.<\/p>\n<p>Lassen Sie sich von der Sch\u00f6nheit und Exzellenz des De Angelis Resorts verzaubern, wo jeder Aufenthalt zu einem unvergesslichen Abenteuer wird. Ihr n\u00e4chster Traumurlaub ist nur einen Klick entfernt![\/vc_column_text][\/vc_column][\/vc_row][vc_row][vc_column][vc_column_text]<div class=\"frm_forms  with_frm_style frm_style_stile-di-formidable\" id=\"frm_form_18_container\" >\n<form enctype=\"multipart\/form-data\" method=\"post\" class=\"frm-show-form  frm_pro_form \" id=\"form_contact-form44b7d37d815\" >\n<div class=\"frm_form_fields \">\n<fieldset>\n<legend class=\"frm_screen_reader\">NewsLetterDe<\/legend>\r\n\r\n<div class=\"frm_fields_container\">\n<input type=\"hidden\" name=\"frm_action\" value=\"create\" \/>\n<input type=\"hidden\" name=\"form_id\" value=\"18\" \/>\n<input type=\"hidden\" name=\"frm_hide_fields_18\" id=\"frm_hide_fields_18\" value=\"\" \/>\n<input type=\"hidden\" name=\"form_key\" value=\"contact-form44b7d37d815\" \/>\n<input type=\"hidden\" name=\"item_meta[0]\" value=\"\" \/>\n<input type=\"hidden\" id=\"frm_submit_entry_18\" name=\"frm_submit_entry_18\" value=\"b8c33484ee\" \/><input type=\"hidden\" name=\"_wp_http_referer\" value=\"\/de\/wp-json\/wp\/v2\/pages\/10247\" \/><div id=\"frm_field_374_container\" class=\"frm_form_field form-field  frm_required_field form-group frm_top_container frm6 frm_first\">\r\n    <label for=\"field_qh4icy8441d04c9c5\" id=\"field_qh4icy8441d04c9c5_label\" class=\"frm_primary_label col-form-label form-label\">Vorname\r\n        <span class=\"frm_required\">*<\/span>\r\n    <\/label>\r\n    <input  type=\"text\" id=\"field_qh4icy8441d04c9c5\" name=\"item_meta[374]\" value=\"\"  data-reqmsg=\"Questo campo non pu\u00f2 essere vuoto.\" aria-required=\"true\" data-invmsg=\"Name non \u00e8 valido\" class=\"form-control\" aria-invalid=\"false\"   aria-describedby=\"frm_desc_field_qh4icy8441d04c9c5\" \/>\r\n    <div class=\"frm_description form-text\" id=\"frm_desc_field_qh4icy8441d04c9c5\">First<\/div>\r\n    \r\n<\/div>\n<div id=\"frm_field_375_container\" class=\"frm_form_field form-field  frm_required_field form-group frm_hidden_container frm6\">\r\n    <label for=\"field_ocfup17607579ef35\" id=\"field_ocfup17607579ef35_label\" class=\"frm_primary_label col-form-label form-label\">Nachname\r\n        <span class=\"frm_required\">*<\/span>\r\n    <\/label>\r\n    <input  type=\"text\" id=\"field_ocfup17607579ef35\" name=\"item_meta[375]\" value=\"\"  data-reqmsg=\"Questo campo non pu\u00f2 essere vuoto.\" aria-required=\"true\" data-invmsg=\"Last non \u00e8 valido\" class=\"form-control\" aria-invalid=\"false\"   aria-describedby=\"frm_desc_field_ocfup17607579ef35\" \/>\r\n    <div class=\"frm_description form-text\" id=\"frm_desc_field_ocfup17607579ef35\">Last<\/div>\r\n    \r\n<\/div>\n<div id=\"frm_field_376_container\" class=\"frm_form_field form-field  frm_required_field form-group frm_top_container frm6 frm_first\">\r\n    <label for=\"field_uqm9u3d91491d2e5\" id=\"field_uqm9u3d91491d2e5_label\" class=\"frm_primary_label col-form-label form-label\">Telefon\r\n        <span class=\"frm_required\">*<\/span>\r\n    <\/label>\r\n    <input type=\"tel\" id=\"field_uqm9u3d91491d2e5\" name=\"item_meta[376]\" value=\"\"  placeholder=\"Telefono\" data-reqmsg=\"Questo campo non pu\u00f2 essere vuoto.\" aria-required=\"true\" data-invmsg=\"Phone non \u00e8 valido\" class=\"form-control\" aria-invalid=\"false\" pattern=\"((\\+\\d{1,3}(-|.| )?\\(?\\d\\)?(-| |.)?\\d{1,5})|(\\(?\\d{2,6}\\)?))(-|.| )?(\\d{3,4})(-|.| )?(\\d{4})(( x| ext)\\d{1,5}){0,1}$\"  \/>\r\n    \r\n    \r\n<\/div>\n<div id=\"frm_field_377_container\" class=\"frm_form_field form-field  frm_required_field form-group frm_top_container frm6\">\r\n    <label for=\"field_29yf4d55b1bc023c5\" id=\"field_29yf4d55b1bc023c5_label\" class=\"frm_primary_label col-form-label form-label\">Email\r\n        <span class=\"frm_required\">*<\/span>\r\n    <\/label>\r\n    <input type=\"email\" id=\"field_29yf4d55b1bc023c5\" name=\"item_meta[377]\" value=\"\"  data-reqmsg=\"Questo campo non pu\u00f2 essere vuoto.\" aria-required=\"true\" data-invmsg=\"Please enter a valid email address\" class=\"form-control\" aria-invalid=\"false\"  \/>\r\n    \r\n    \r\n<\/div>\n<div id=\"frm_field_378_container\" class=\"frm_form_field form-field  form-group frm_top_container\">\r\n    <label for=\"field_mhodvdd44e2dcff5\" id=\"field_mhodvdd44e2dcff5_label\" class=\"frm_primary_label col-form-label form-label\">Note\r\n        <span class=\"frm_required\"><\/span>\r\n    <\/label>\r\n    <input  type=\"text\" id=\"field_mhodvdd44e2dcff5\" name=\"item_meta[378]\" value=\"\"  data-invmsg=\"Testo non \u00e8 valido\" class=\"form-control\" aria-invalid=\"false\"   \/>\r\n    \r\n    \r\n<\/div>\n<div id=\"frm_field_379_container\" class=\"frm_form_field form-field  frm_required_field form-group frm_top_container vertical_radio\">\r\n    <div  id=\"field_hfbsh4ee92b592f5_label\" class=\"frm_primary_label col-form-label form-label\">Mit dem Absenden der Anfrage erkl\u00e4re ich, dass ich die Datenschutzerkl\u00e4rung gelesen habe und mit der Datenverarbeitung zur Erbringung der angeforderten Dienstleistung (Kontaktanfrage) einverstanden bin. Nachfolgend sind optionale Einwilligungen aufgef\u00fchrt:\r\n        <span class=\"frm_required\">*<\/span>\r\n    <\/div>\r\n    <div class=\"frm_opt_container\" aria-labelledby=\"field_hfbsh4ee92b592f5_label\" role=\"group\">\t\t<div class=\"frm_checkbox checkbox\" id=\"frm_checkbox_379-0\">\t\t\t<label  for=\"field_hfbsh4ee92b592f5-0\">\n\t\t\t<input type=\"checkbox\" name=\"item_meta[379][]\" id=\"field_hfbsh4ee92b592f5-0\" value=\"Ich stimme der Verarbeitung der aus der Datenschutzerkl\u00e4rung resultierenden Daten zum Zwecke der Zusendung von Werbematerial zu\"  data-reqmsg=\"Questo campo non pu\u00f2 essere vuoto.\" data-invmsg=\"Mit dem Absenden der Anfrage erkl\u00e4re ich, dass ich die Datenschutzerkl\u00e4rung gelesen habe und mit der Datenverarbeitung zur Erbringung der angeforderten Dienstleistung (Kontaktanfrage) einverstanden bin. Nachfolgend sind optionale Einwilligungen aufgef\u00fchrt: ist ung\u00fcltig\"   aria-required=\"true\"  \/> Ich stimme der Verarbeitung der aus der Datenschutzerkl\u00e4rung resultierenden Daten zum Zwecke der Zusendung von Werbematerial zu<\/label><\/div>\n\t\t<div class=\"frm_checkbox checkbox\" id=\"frm_checkbox_379-1\">\t\t\t<label  for=\"field_hfbsh4ee92b592f5-1\">\n\t\t\t<input type=\"checkbox\" name=\"item_meta[379][]\" id=\"field_hfbsh4ee92b592f5-1\" value=\"Ich stimme der Verarbeitung der aus der Datenschutzinformation resultierenden Daten zum Zwecke der Teilnahme an Marktforschungen oder Umfragen zu:\"  data-reqmsg=\"Questo campo non pu\u00f2 essere vuoto.\" data-invmsg=\"Mit dem Absenden der Anfrage erkl\u00e4re ich, dass ich die Datenschutzerkl\u00e4rung gelesen habe und mit der Datenverarbeitung zur Erbringung der angeforderten Dienstleistung (Kontaktanfrage) einverstanden bin. Nachfolgend sind optionale Einwilligungen aufgef\u00fchrt: ist ung\u00fcltig\"   \/> Ich stimme der Verarbeitung der aus der Datenschutzinformation resultierenden Daten zum Zwecke der Teilnahme an Marktforschungen oder Umfragen zu:<\/label><\/div>\n\t\t<div class=\"frm_checkbox checkbox\" id=\"frm_checkbox_379-2\">\t\t\t<label  for=\"field_hfbsh4ee92b592f5-2\">\n\t\t\t<input type=\"checkbox\" name=\"item_meta[379][]\" id=\"field_hfbsh4ee92b592f5-2\" value=\"Ich bin mit der Verarbeitung der aus der Datenschutzinformation resultierenden Daten zum Zwecke der Kommunikation mit Dritten einverstanden:\"  data-reqmsg=\"Questo campo non pu\u00f2 essere vuoto.\" data-invmsg=\"Mit dem Absenden der Anfrage erkl\u00e4re ich, dass ich die Datenschutzerkl\u00e4rung gelesen habe und mit der Datenverarbeitung zur Erbringung der angeforderten Dienstleistung (Kontaktanfrage) einverstanden bin. Nachfolgend sind optionale Einwilligungen aufgef\u00fchrt: ist ung\u00fcltig\"   \/> Ich bin mit der Verarbeitung der aus der Datenschutzinformation resultierenden Daten zum Zwecke der Kommunikation mit Dritten einverstanden:<\/label><\/div>\n<\/div>\r\n    \r\n    \r\n<\/div>\n\t<input type=\"hidden\" name=\"item_key\" value=\"\" \/>\n\t\t\t<div id=\"frm_field_427_container\">\n\t\t\t<label for=\"field_xzmxk\" >\n\t\t\t\tFalls Du menschlich bist, lasse dieses Feld leer.\t\t\t<\/label>\n\t\t\t<input  id=\"field_xzmxk\" type=\"text\" class=\"frm_form_field form-field frm_verify\" name=\"item_meta[427]\" value=\"\"  \/>\n\t\t<\/div>\n\t\t<input name=\"frm_state\" type=\"hidden\" value=\"l3\/fNYe2DmvM2LnCLgjzBAhEv1GcXo+vAgzdD8wnnZMnwX0ii6lTG+bGguxMLbJL\" \/><div class=\"form-group frm_submit\">\r\n\r\n<button class=\"frm_button_submit btn btn-secondary frm_final_submit\" type=\"submit\"   formnovalidate=\"formnovalidate\">Invia<\/button>\r\n\r\n<\/div><\/div>\n<\/fieldset>\n<\/div>\n\n<p style=\"display: none !important;\" class=\"akismet-fields-container\" data-prefix=\"ak_\"><label>&#916;<textarea name=\"ak_hp_textarea\" cols=\"45\" rows=\"8\" maxlength=\"100\"><\/textarea><\/label><input type=\"hidden\" id=\"ak_js_1\" name=\"ak_js\" value=\"108\"\/><script>document.getElementById( \"ak_js_1\" ).setAttribute( \"value\", ( new Date() ).getTime() );<\/script><\/p><\/form>\n<\/div>\n[\/vc_column_text][\/vc_column][\/vc_row]\n<\/div>","protected":false},"excerpt":{"rendered":"<p>[vc_row][vc_column][vc_custom_heading text=&#8220;Bleiben Sie mit dem Mondo De Angelis Resort in Verbindung!&#8220; google_fonts=&#8220;font_family:Fondamento%3Aregular%2Citalic|font_style:400%20regular%3A400%3Anormal&#8220;][\/vc_column][\/vc_row][vc_row][vc_column][vc_column_text]Melden Sie sich f\u00fcr unseren exklusiven Newsletter an und [&hellip;]<\/p>\n","protected":false},"author":1,"featured_media":0,"parent":0,"menu_order":0,"comment_status":"closed","ping_status":"closed","template":"","meta":{"footnotes":""},"class_list":["post-10247","page","type-page","status-publish","hentry"],"yoast_head":"<!-- This site is optimized with the Yoast SEO Premium plugin v27.3 (Yoast SEO v27.3) - https:\/\/yoast.com\/product\/yoast-seo-premium-wordpress\/ -->\n<title>Newsletter - Centro Vacanze De Angelis<\/title>\n<meta name=\"robots\" content=\"index, follow, max-snippet:-1, max-image-preview:large, max-video-preview:-1\" \/>\n<link rel=\"canonical\" href=\"https:\/\/villaggiocentrovacanzedeangelis.com\/de\/newsletter\/\" \/>\n<meta property=\"og:locale\" content=\"de_DE\" \/>\n<meta property=\"og:type\" content=\"article\" \/>\n<meta property=\"og:title\" content=\"Newsletter\" \/>\n<meta property=\"og:description\" content=\"[vc_row][vc_column][vc_custom_heading text=&#8220;Bleiben Sie mit dem Mondo De Angelis Resort in Verbindung!&#8220; google_fonts=&#8220;font_family:Fondamento%3Aregular%2Citalic|font_style:400%20regular%3A400%3Anormal&#8220;][\/vc_column][\/vc_row][vc_row][vc_column][vc_column_text]Melden Sie sich f\u00fcr unseren exklusiven Newsletter an und [&hellip;]\" \/>\n<meta property=\"og:url\" content=\"https:\/\/villaggiocentrovacanzedeangelis.com\/de\/newsletter\/\" \/>\n<meta property=\"og:site_name\" content=\"Centro Vacanze De Angelis\" \/>\n<meta property=\"article:publisher\" content=\"https:\/\/www.facebook.com\/centrovacanzedeangelis.com\" \/>\n<meta property=\"article:modified_time\" content=\"2024-01-04T16:18:01+00:00\" \/>\n<meta name=\"twitter:card\" content=\"summary_large_image\" \/>\n<meta name=\"twitter:site\" content=\"@deangelisresort\" \/>\n<meta name=\"twitter:label1\" content=\"Gesch\u00e4tzte Lesezeit\" \/>\n\t<meta name=\"twitter:data1\" content=\"1\u00a0Minute\" \/>\n<script type=\"application\/ld+json\" class=\"yoast-schema-graph\">{\"@context\":\"https:\\\/\\\/schema.org\",\"@graph\":[{\"@type\":\"WebPage\",\"@id\":\"https:\\\/\\\/villaggiocentrovacanzedeangelis.com\\\/de\\\/newsletter\\\/\",\"url\":\"https:\\\/\\\/villaggiocentrovacanzedeangelis.com\\\/de\\\/newsletter\\\/\",\"name\":\"Newsletter - Centro Vacanze De Angelis\",\"isPartOf\":{\"@id\":\"https:\\\/\\\/villaggiocentrovacanzedeangelis.com\\\/#website\"},\"datePublished\":\"2024-01-04T15:44:40+00:00\",\"dateModified\":\"2024-01-04T16:18:01+00:00\",\"breadcrumb\":{\"@id\":\"https:\\\/\\\/villaggiocentrovacanzedeangelis.com\\\/de\\\/newsletter\\\/#breadcrumb\"},\"inLanguage\":\"de\",\"potentialAction\":[{\"@type\":\"ReadAction\",\"target\":[\"https:\\\/\\\/villaggiocentrovacanzedeangelis.com\\\/de\\\/newsletter\\\/\"]}]},{\"@type\":\"BreadcrumbList\",\"@id\":\"https:\\\/\\\/villaggiocentrovacanzedeangelis.com\\\/de\\\/newsletter\\\/#breadcrumb\",\"itemListElement\":[{\"@type\":\"ListItem\",\"position\":1,\"name\":\"Home\",\"item\":\"https:\\\/\\\/villaggiocentrovacanzedeangelis.com\\\/de\\\/\"},{\"@type\":\"ListItem\",\"position\":2,\"name\":\"Newsletter\"}]},{\"@type\":\"WebSite\",\"@id\":\"https:\\\/\\\/villaggiocentrovacanzedeangelis.com\\\/#website\",\"url\":\"https:\\\/\\\/villaggiocentrovacanzedeangelis.com\\\/\",\"name\":\"Centro Vacanze De Angelis\",\"description\":\"Riviera del Conero\",\"publisher\":{\"@id\":\"https:\\\/\\\/villaggiocentrovacanzedeangelis.com\\\/#organization\"},\"potentialAction\":[{\"@type\":\"SearchAction\",\"target\":{\"@type\":\"EntryPoint\",\"urlTemplate\":\"https:\\\/\\\/villaggiocentrovacanzedeangelis.com\\\/?s={search_term_string}\"},\"query-input\":{\"@type\":\"PropertyValueSpecification\",\"valueRequired\":true,\"valueName\":\"search_term_string\"}}],\"inLanguage\":\"de\"},{\"@type\":\"Organization\",\"@id\":\"https:\\\/\\\/villaggiocentrovacanzedeangelis.com\\\/#organization\",\"name\":\"Centro Vacanze De Angelis\",\"url\":\"https:\\\/\\\/villaggiocentrovacanzedeangelis.com\\\/\",\"logo\":{\"@type\":\"ImageObject\",\"inLanguage\":\"de\",\"@id\":\"https:\\\/\\\/villaggiocentrovacanzedeangelis.com\\\/#\\\/schema\\\/logo\\\/image\\\/\",\"url\":\"https:\\\/\\\/villaggiocentrovacanzedeangelis.com\\\/wp-content\\\/uploads\\\/2020\\\/10\\\/cropped-Logo-HDV-100-png-copy.png\",\"contentUrl\":\"https:\\\/\\\/villaggiocentrovacanzedeangelis.com\\\/wp-content\\\/uploads\\\/2020\\\/10\\\/cropped-Logo-HDV-100-png-copy.png\",\"width\":512,\"height\":512,\"caption\":\"Centro Vacanze De Angelis\"},\"image\":{\"@id\":\"https:\\\/\\\/villaggiocentrovacanzedeangelis.com\\\/#\\\/schema\\\/logo\\\/image\\\/\"},\"sameAs\":[\"https:\\\/\\\/www.facebook.com\\\/centrovacanzedeangelis.com\",\"https:\\\/\\\/x.com\\\/deangelisresort\",\"https:\\\/\\\/instagram.com\\\/deangelisresort\"]}]}<\/script>\n<!-- \/ Yoast SEO Premium plugin. -->","yoast_head_json":{"title":"Newsletter - Centro Vacanze De Angelis","robots":{"index":"index","follow":"follow","max-snippet":"max-snippet:-1","max-image-preview":"max-image-preview:large","max-video-preview":"max-video-preview:-1"},"canonical":"https:\/\/villaggiocentrovacanzedeangelis.com\/de\/newsletter\/","og_locale":"de_DE","og_type":"article","og_title":"Newsletter","og_description":"[vc_row][vc_column][vc_custom_heading text=&#8220;Bleiben Sie mit dem Mondo De Angelis Resort in Verbindung!&#8220; google_fonts=&#8220;font_family:Fondamento%3Aregular%2Citalic|font_style:400%20regular%3A400%3Anormal&#8220;][\/vc_column][\/vc_row][vc_row][vc_column][vc_column_text]Melden Sie sich f\u00fcr unseren exklusiven Newsletter an und [&hellip;]","og_url":"https:\/\/villaggiocentrovacanzedeangelis.com\/de\/newsletter\/","og_site_name":"Centro Vacanze De Angelis","article_publisher":"https:\/\/www.facebook.com\/centrovacanzedeangelis.com","article_modified_time":"2024-01-04T16:18:01+00:00","twitter_card":"summary_large_image","twitter_site":"@deangelisresort","twitter_misc":{"Gesch\u00e4tzte Lesezeit":"1\u00a0Minute"},"schema":{"@context":"https:\/\/schema.org","@graph":[{"@type":"WebPage","@id":"https:\/\/villaggiocentrovacanzedeangelis.com\/de\/newsletter\/","url":"https:\/\/villaggiocentrovacanzedeangelis.com\/de\/newsletter\/","name":"Newsletter - Centro Vacanze De Angelis","isPartOf":{"@id":"https:\/\/villaggiocentrovacanzedeangelis.com\/#website"},"datePublished":"2024-01-04T15:44:40+00:00","dateModified":"2024-01-04T16:18:01+00:00","breadcrumb":{"@id":"https:\/\/villaggiocentrovacanzedeangelis.com\/de\/newsletter\/#breadcrumb"},"inLanguage":"de","potentialAction":[{"@type":"ReadAction","target":["https:\/\/villaggiocentrovacanzedeangelis.com\/de\/newsletter\/"]}]},{"@type":"BreadcrumbList","@id":"https:\/\/villaggiocentrovacanzedeangelis.com\/de\/newsletter\/#breadcrumb","itemListElement":[{"@type":"ListItem","position":1,"name":"Home","item":"https:\/\/villaggiocentrovacanzedeangelis.com\/de\/"},{"@type":"ListItem","position":2,"name":"Newsletter"}]},{"@type":"WebSite","@id":"https:\/\/villaggiocentrovacanzedeangelis.com\/#website","url":"https:\/\/villaggiocentrovacanzedeangelis.com\/","name":"Centro Vacanze De Angelis","description":"Riviera del Conero","publisher":{"@id":"https:\/\/villaggiocentrovacanzedeangelis.com\/#organization"},"potentialAction":[{"@type":"SearchAction","target":{"@type":"EntryPoint","urlTemplate":"https:\/\/villaggiocentrovacanzedeangelis.com\/?s={search_term_string}"},"query-input":{"@type":"PropertyValueSpecification","valueRequired":true,"valueName":"search_term_string"}}],"inLanguage":"de"},{"@type":"Organization","@id":"https:\/\/villaggiocentrovacanzedeangelis.com\/#organization","name":"Centro Vacanze De Angelis","url":"https:\/\/villaggiocentrovacanzedeangelis.com\/","logo":{"@type":"ImageObject","inLanguage":"de","@id":"https:\/\/villaggiocentrovacanzedeangelis.com\/#\/schema\/logo\/image\/","url":"https:\/\/villaggiocentrovacanzedeangelis.com\/wp-content\/uploads\/2020\/10\/cropped-Logo-HDV-100-png-copy.png","contentUrl":"https:\/\/villaggiocentrovacanzedeangelis.com\/wp-content\/uploads\/2020\/10\/cropped-Logo-HDV-100-png-copy.png","width":512,"height":512,"caption":"Centro Vacanze De Angelis"},"image":{"@id":"https:\/\/villaggiocentrovacanzedeangelis.com\/#\/schema\/logo\/image\/"},"sameAs":["https:\/\/www.facebook.com\/centrovacanzedeangelis.com","https:\/\/x.com\/deangelisresort","https:\/\/instagram.com\/deangelisresort"]}]}},"_links":{"self":[{"href":"https:\/\/villaggiocentrovacanzedeangelis.com\/de\/wp-json\/wp\/v2\/pages\/10247","targetHints":{"allow":["GET"]}}],"collection":[{"href":"https:\/\/villaggiocentrovacanzedeangelis.com\/de\/wp-json\/wp\/v2\/pages"}],"about":[{"href":"https:\/\/villaggiocentrovacanzedeangelis.com\/de\/wp-json\/wp\/v2\/types\/page"}],"author":[{"embeddable":true,"href":"https:\/\/villaggiocentrovacanzedeangelis.com\/de\/wp-json\/wp\/v2\/users\/1"}],"replies":[{"embeddable":true,"href":"https:\/\/villaggiocentrovacanzedeangelis.com\/de\/wp-json\/wp\/v2\/comments?post=10247"}],"version-history":[{"count":5,"href":"https:\/\/villaggiocentrovacanzedeangelis.com\/de\/wp-json\/wp\/v2\/pages\/10247\/revisions"}],"predecessor-version":[{"id":10273,"href":"https:\/\/villaggiocentrovacanzedeangelis.com\/de\/wp-json\/wp\/v2\/pages\/10247\/revisions\/10273"}],"wp:attachment":[{"href":"https:\/\/villaggiocentrovacanzedeangelis.com\/de\/wp-json\/wp\/v2\/media?parent=10247"}],"curies":[{"name":"wp","href":"https:\/\/api.w.org\/{rel}","templated":true}]}}