{"id":10214,"date":"2023-04-02T18:08:21","date_gmt":"2023-04-02T18:08:21","guid":{"rendered":"https:\/\/villaggiocentrovacanzedeangelis.com\/cerimonie\/"},"modified":"2023-12-30T08:41:00","modified_gmt":"2023-12-30T08:41:00","slug":"zeremonien","status":"publish","type":"page","link":"https:\/\/villaggiocentrovacanzedeangelis.com\/de\/zeremonien\/","title":{"rendered":"Zeremonien"},"content":{"rendered":"<div class=\"wpb-content-wrapper\">[vc_row][vc_column][vc_custom_heading text=&#8220;De Angelis Resort: Der perfekte Ort f\u00fcr unvergessliche Zeremonien&#8220; google_fonts=&#8220;font_family:Italianno%3Aregular|font_style:400%20regular%3A400%3Anormal&#8220;][\/vc_column][\/vc_row][vc_row][vc_column][vc_column_text]Mitten in einer atemberaubenden Landschaft gelegen, ist das De Angelis Resort der ideale Ort f\u00fcr die Ausrichtung von Zeremonien aller Art. Mit einer einzigartigen Kombination aus Eleganz, Vielseitigkeit und nat\u00fcrlicher Sch\u00f6nheit ist unser Resort der perfekte Ort, um Erinnerungen zu schaffen, die ein Leben lang anhalten.<\/p>\n<p>Gro\u00dfe Zimmer und vielseitige R\u00e4ume: Unsere gro\u00dfen Zimmer repr\u00e4sentieren die ideale Mischung aus Luxus und Funktionalit\u00e4t. Jeder Raum ist modular aufgebaut, sodass eine vollst\u00e4ndige Anpassung an die spezifischen Bed\u00fcrfnisse jeder Veranstaltung m\u00f6glich ist. Ob es sich um eine opulente Hochzeit, einen intimen Empfang oder eine gro\u00dfe Feier handelt, unsere R\u00e4ume verwandeln sich, um die Vision und den Stil unserer G\u00e4ste widerzuspiegeln.<\/p>\n<p>Bezaubernde G\u00e4rten und stimmungsvolle Pools: Unsere G\u00e4rten mit Liebe zum kleinsten Detail bieten eine atemberaubende nat\u00fcrliche Kulisse f\u00fcr jede Zeremonie. Wege, die sich vorbei an farbenfrohen Blumen und tanzenden Springbrunnen schl\u00e4ngeln, f\u00fchren zu glitzernden Pools und schaffen eine traumhafte Atmosph\u00e4re f\u00fcr Veranstaltungen im Freien unter dem Sternenhimmel.<\/p>\n<p>Modulare Tagungsr\u00e4ume: F\u00fcr Firmenveranstaltungen und Konferenzen bieten unsere Tagungsr\u00e4ume maximale Flexibilit\u00e4t. Ausgestattet mit modernster Technologie k\u00f6nnen diese R\u00e4ume f\u00fcr Tagungen jeder Gr\u00f6\u00dfe angepasst werden, sodass jede Veranstaltung nicht nur elegant, sondern auch funktional ist.<\/p>\n<p>Romantische Kapelle: Unsere kleine Kapelle, ein architektonisches Juwel, ist der ideale Ort, um \u201eJa\u201c zu sagen. Mit seiner intimen und heiligen Atmosph\u00e4re bietet es eine ruhige und romantische Umgebung, perfekt f\u00fcr religi\u00f6se Zeremonien oder Erneuerungen des Gel\u00fcbdes.<\/p>\n<p>Exklusiver Beach Club: F\u00fcr Strandliebhaber ist unser Beach Club ein tropisches Paradies. Mit seinem atemberaubenden Blick auf das Meer und den goldenen Sand ist es der ideale Ort, um besondere Momente bei Sonnenuntergang zu feiern, mit dem Rauschen der Wellen als Soundtrack.<\/p>\n<p>Im De Angelis Resort wird jedes Detail mit Leidenschaft gepflegt, um sicherzustellen, dass Ihre Zeremonie nicht nur ein Ereignis, sondern ein transformierendes Erlebnis ist. Wir laden Sie ein, den Zauber unseres Resorts zu entdecken und einen Moment zu erleben, der alle Erwartungen \u00fcbertreffen wird.[\/vc_column_text][\/vc_column][\/vc_row]\n<\/div>","protected":false},"excerpt":{"rendered":"<p>[vc_row][vc_column][vc_custom_heading text=&#8220;De Angelis Resort: Der perfekte Ort f\u00fcr unvergessliche Zeremonien&#8220; google_fonts=&#8220;font_family:Italianno%3Aregular|font_style:400%20regular%3A400%3Anormal&#8220;][\/vc_column][\/vc_row][vc_row][vc_column][vc_column_text]Mitten in einer atemberaubenden Landschaft gelegen, ist das De Angelis [&hellip;]<\/p>\n","protected":false},"author":1,"featured_media":0,"parent":0,"menu_order":0,"comment_status":"closed","ping_status":"closed","template":"","meta":{"footnotes":""},"class_list":["post-10214","page","type-page","status-publish","hentry"],"yoast_head":"<!-- This site is optimized with the Yoast SEO Premium plugin v27.4 (Yoast SEO v27.4) - https:\/\/yoast.com\/product\/yoast-seo-premium-wordpress\/ -->\n<title>Zeremonien - Centro Vacanze De Angelis<\/title>\n<meta name=\"robots\" content=\"index, follow, max-snippet:-1, max-image-preview:large, max-video-preview:-1\" \/>\n<link rel=\"canonical\" href=\"https:\/\/villaggiocentrovacanzedeangelis.com\/de\/zeremonien\/\" \/>\n<meta property=\"og:locale\" content=\"de_DE\" \/>\n<meta property=\"og:type\" content=\"article\" \/>\n<meta property=\"og:title\" content=\"Zeremonien\" \/>\n<meta property=\"og:description\" content=\"[vc_row][vc_column][vc_custom_heading text=&#8220;De Angelis Resort: Der perfekte Ort f\u00fcr unvergessliche Zeremonien&#8220; google_fonts=&#8220;font_family:Italianno%3Aregular|font_style:400%20regular%3A400%3Anormal&#8220;][\/vc_column][\/vc_row][vc_row][vc_column][vc_column_text]Mitten in einer atemberaubenden Landschaft gelegen, ist das De Angelis [&hellip;]\" \/>\n<meta property=\"og:url\" content=\"https:\/\/villaggiocentrovacanzedeangelis.com\/de\/zeremonien\/\" \/>\n<meta property=\"og:site_name\" content=\"Centro Vacanze De Angelis\" \/>\n<meta property=\"article:publisher\" content=\"https:\/\/www.facebook.com\/centrovacanzedeangelis.com\" \/>\n<meta property=\"article:modified_time\" content=\"2023-12-30T08:41:00+00:00\" \/>\n<meta name=\"twitter:card\" content=\"summary_large_image\" \/>\n<meta name=\"twitter:site\" content=\"@deangelisresort\" \/>\n<meta name=\"twitter:label1\" content=\"Gesch\u00e4tzte Lesezeit\" \/>\n\t<meta name=\"twitter:data1\" content=\"2\u00a0Minuten\" \/>\n<script type=\"application\/ld+json\" class=\"yoast-schema-graph\">{\"@context\":\"https:\\\/\\\/schema.org\",\"@graph\":[{\"@type\":\"WebPage\",\"@id\":\"https:\\\/\\\/villaggiocentrovacanzedeangelis.com\\\/de\\\/zeremonien\\\/\",\"url\":\"https:\\\/\\\/villaggiocentrovacanzedeangelis.com\\\/de\\\/zeremonien\\\/\",\"name\":\"Zeremonien - Centro Vacanze De Angelis\",\"isPartOf\":{\"@id\":\"https:\\\/\\\/villaggiocentrovacanzedeangelis.com\\\/#website\"},\"datePublished\":\"2023-04-02T18:08:21+00:00\",\"dateModified\":\"2023-12-30T08:41:00+00:00\",\"breadcrumb\":{\"@id\":\"https:\\\/\\\/villaggiocentrovacanzedeangelis.com\\\/de\\\/zeremonien\\\/#breadcrumb\"},\"inLanguage\":\"de\",\"potentialAction\":[{\"@type\":\"ReadAction\",\"target\":[\"https:\\\/\\\/villaggiocentrovacanzedeangelis.com\\\/de\\\/zeremonien\\\/\"]}]},{\"@type\":\"BreadcrumbList\",\"@id\":\"https:\\\/\\\/villaggiocentrovacanzedeangelis.com\\\/de\\\/zeremonien\\\/#breadcrumb\",\"itemListElement\":[{\"@type\":\"ListItem\",\"position\":1,\"name\":\"Home\",\"item\":\"https:\\\/\\\/villaggiocentrovacanzedeangelis.com\\\/de\\\/\"},{\"@type\":\"ListItem\",\"position\":2,\"name\":\"Zeremonien\"}]},{\"@type\":\"WebSite\",\"@id\":\"https:\\\/\\\/villaggiocentrovacanzedeangelis.com\\\/#website\",\"url\":\"https:\\\/\\\/villaggiocentrovacanzedeangelis.com\\\/\",\"name\":\"Centro Vacanze De Angelis\",\"description\":\"Riviera del Conero\",\"publisher\":{\"@id\":\"https:\\\/\\\/villaggiocentrovacanzedeangelis.com\\\/#organization\"},\"potentialAction\":[{\"@type\":\"SearchAction\",\"target\":{\"@type\":\"EntryPoint\",\"urlTemplate\":\"https:\\\/\\\/villaggiocentrovacanzedeangelis.com\\\/?s={search_term_string}\"},\"query-input\":{\"@type\":\"PropertyValueSpecification\",\"valueRequired\":true,\"valueName\":\"search_term_string\"}}],\"inLanguage\":\"de\"},{\"@type\":\"Organization\",\"@id\":\"https:\\\/\\\/villaggiocentrovacanzedeangelis.com\\\/#organization\",\"name\":\"Centro Vacanze De Angelis\",\"url\":\"https:\\\/\\\/villaggiocentrovacanzedeangelis.com\\\/\",\"logo\":{\"@type\":\"ImageObject\",\"inLanguage\":\"de\",\"@id\":\"https:\\\/\\\/villaggiocentrovacanzedeangelis.com\\\/#\\\/schema\\\/logo\\\/image\\\/\",\"url\":\"https:\\\/\\\/villaggiocentrovacanzedeangelis.com\\\/wp-content\\\/uploads\\\/2020\\\/10\\\/cropped-Logo-HDV-100-png-copy.png\",\"contentUrl\":\"https:\\\/\\\/villaggiocentrovacanzedeangelis.com\\\/wp-content\\\/uploads\\\/2020\\\/10\\\/cropped-Logo-HDV-100-png-copy.png\",\"width\":512,\"height\":512,\"caption\":\"Centro Vacanze De Angelis\"},\"image\":{\"@id\":\"https:\\\/\\\/villaggiocentrovacanzedeangelis.com\\\/#\\\/schema\\\/logo\\\/image\\\/\"},\"sameAs\":[\"https:\\\/\\\/www.facebook.com\\\/centrovacanzedeangelis.com\",\"https:\\\/\\\/x.com\\\/deangelisresort\",\"https:\\\/\\\/instagram.com\\\/deangelisresort\"]}]}<\/script>\n<!-- \/ Yoast SEO Premium plugin. -->","yoast_head_json":{"title":"Zeremonien - Centro Vacanze De Angelis","robots":{"index":"index","follow":"follow","max-snippet":"max-snippet:-1","max-image-preview":"max-image-preview:large","max-video-preview":"max-video-preview:-1"},"canonical":"https:\/\/villaggiocentrovacanzedeangelis.com\/de\/zeremonien\/","og_locale":"de_DE","og_type":"article","og_title":"Zeremonien","og_description":"[vc_row][vc_column][vc_custom_heading text=&#8220;De Angelis Resort: Der perfekte Ort f\u00fcr unvergessliche Zeremonien&#8220; google_fonts=&#8220;font_family:Italianno%3Aregular|font_style:400%20regular%3A400%3Anormal&#8220;][\/vc_column][\/vc_row][vc_row][vc_column][vc_column_text]Mitten in einer atemberaubenden Landschaft gelegen, ist das De Angelis [&hellip;]","og_url":"https:\/\/villaggiocentrovacanzedeangelis.com\/de\/zeremonien\/","og_site_name":"Centro Vacanze De Angelis","article_publisher":"https:\/\/www.facebook.com\/centrovacanzedeangelis.com","article_modified_time":"2023-12-30T08:41:00+00:00","twitter_card":"summary_large_image","twitter_site":"@deangelisresort","twitter_misc":{"Gesch\u00e4tzte Lesezeit":"2\u00a0Minuten"},"schema":{"@context":"https:\/\/schema.org","@graph":[{"@type":"WebPage","@id":"https:\/\/villaggiocentrovacanzedeangelis.com\/de\/zeremonien\/","url":"https:\/\/villaggiocentrovacanzedeangelis.com\/de\/zeremonien\/","name":"Zeremonien - Centro Vacanze De Angelis","isPartOf":{"@id":"https:\/\/villaggiocentrovacanzedeangelis.com\/#website"},"datePublished":"2023-04-02T18:08:21+00:00","dateModified":"2023-12-30T08:41:00+00:00","breadcrumb":{"@id":"https:\/\/villaggiocentrovacanzedeangelis.com\/de\/zeremonien\/#breadcrumb"},"inLanguage":"de","potentialAction":[{"@type":"ReadAction","target":["https:\/\/villaggiocentrovacanzedeangelis.com\/de\/zeremonien\/"]}]},{"@type":"BreadcrumbList","@id":"https:\/\/villaggiocentrovacanzedeangelis.com\/de\/zeremonien\/#breadcrumb","itemListElement":[{"@type":"ListItem","position":1,"name":"Home","item":"https:\/\/villaggiocentrovacanzedeangelis.com\/de\/"},{"@type":"ListItem","position":2,"name":"Zeremonien"}]},{"@type":"WebSite","@id":"https:\/\/villaggiocentrovacanzedeangelis.com\/#website","url":"https:\/\/villaggiocentrovacanzedeangelis.com\/","name":"Centro Vacanze De Angelis","description":"Riviera del Conero","publisher":{"@id":"https:\/\/villaggiocentrovacanzedeangelis.com\/#organization"},"potentialAction":[{"@type":"SearchAction","target":{"@type":"EntryPoint","urlTemplate":"https:\/\/villaggiocentrovacanzedeangelis.com\/?s={search_term_string}"},"query-input":{"@type":"PropertyValueSpecification","valueRequired":true,"valueName":"search_term_string"}}],"inLanguage":"de"},{"@type":"Organization","@id":"https:\/\/villaggiocentrovacanzedeangelis.com\/#organization","name":"Centro Vacanze De Angelis","url":"https:\/\/villaggiocentrovacanzedeangelis.com\/","logo":{"@type":"ImageObject","inLanguage":"de","@id":"https:\/\/villaggiocentrovacanzedeangelis.com\/#\/schema\/logo\/image\/","url":"https:\/\/villaggiocentrovacanzedeangelis.com\/wp-content\/uploads\/2020\/10\/cropped-Logo-HDV-100-png-copy.png","contentUrl":"https:\/\/villaggiocentrovacanzedeangelis.com\/wp-content\/uploads\/2020\/10\/cropped-Logo-HDV-100-png-copy.png","width":512,"height":512,"caption":"Centro Vacanze De Angelis"},"image":{"@id":"https:\/\/villaggiocentrovacanzedeangelis.com\/#\/schema\/logo\/image\/"},"sameAs":["https:\/\/www.facebook.com\/centrovacanzedeangelis.com","https:\/\/x.com\/deangelisresort","https:\/\/instagram.com\/deangelisresort"]}]}},"_links":{"self":[{"href":"https:\/\/villaggiocentrovacanzedeangelis.com\/de\/wp-json\/wp\/v2\/pages\/10214","targetHints":{"allow":["GET"]}}],"collection":[{"href":"https:\/\/villaggiocentrovacanzedeangelis.com\/de\/wp-json\/wp\/v2\/pages"}],"about":[{"href":"https:\/\/villaggiocentrovacanzedeangelis.com\/de\/wp-json\/wp\/v2\/types\/page"}],"author":[{"embeddable":true,"href":"https:\/\/villaggiocentrovacanzedeangelis.com\/de\/wp-json\/wp\/v2\/users\/1"}],"replies":[{"embeddable":true,"href":"https:\/\/villaggiocentrovacanzedeangelis.com\/de\/wp-json\/wp\/v2\/comments?post=10214"}],"version-history":[{"count":1,"href":"https:\/\/villaggiocentrovacanzedeangelis.com\/de\/wp-json\/wp\/v2\/pages\/10214\/revisions"}],"predecessor-version":[{"id":10216,"href":"https:\/\/villaggiocentrovacanzedeangelis.com\/de\/wp-json\/wp\/v2\/pages\/10214\/revisions\/10216"}],"wp:attachment":[{"href":"https:\/\/villaggiocentrovacanzedeangelis.com\/de\/wp-json\/wp\/v2\/media?parent=10214"}],"curies":[{"name":"wp","href":"https:\/\/api.w.org\/{rel}","templated":true}]}}